{"id":3456,"date":"2021-06-10T10:48:31","date_gmt":"2021-06-10T08:48:31","guid":{"rendered":"https:\/\/fvcomponentes.com\/producto\/base-portafusibles-cilindricos-de-10x38mm-32a-df-electric-485150\/"},"modified":"2025-10-02T11:56:26","modified_gmt":"2025-10-02T09:56:26","slug":"10x38mm-32a-zylindrischer-sicherungshalter-df-electric-485150","status":"publish","type":"product","link":"https:\/\/fvcomponentes.com\/de\/producto\/base-portafusibles-cilindricos-de-10x38mm-32a-df-electric-485150\/","title":{"rendered":"Zylindrischer Sicherungshalter Sockel 10x38mm. Spezial-Photovoltaik 32A - DF Electric - 485150"},"content":{"rendered":"<h2>Zylindrischer Sicherungshalter Sockel 10x38mm. Spezial-Photovoltaik 32A - DF Electric - 485150<\/h2>\n<p>Die zylindrische Sicherungshalter Basis 10x38mm. Spezial-Photovoltaik 32A - DF Electric - 485150 kann in allen Arten von Gleichstrom-Photovoltaikanlagen verwendet werden. Da es DIN-Schienen-kompatibel ist, ist es einfach, auf jedem Schaltschrank zu montieren.<\/p>\n<p>Dieser Sicherungshalter hat eine kompakte Struktur und einen Etikettenhalter zur einfachen Identifizierung des Stromkreises. Au\u00dferdem wurde er mit optimierten Bel\u00fcftungszonen f\u00fcr eine bessere W\u00e4rmeableitung konzipiert und besteht aus Hochleistungspolymer mit einer Schmelztemperatur von \u00fcber 300\u00b0C, um eine gr\u00f6\u00dfere Sicherheitsmarge gegen eine \u00dcberhitzung der Patrone zu bieten.<\/p>\n<p>2-Positionen-Befestigung auf DIN-Schiene. Die PMX-Basis erm\u00f6glicht die Manipulation der DIN-Schienenbefestigung mit demselben Werkzeug, das f\u00fcr die Klemmung verwendet wird, unabh\u00e4ngig davon, ob es sich um eine geschlitzte Spitze oder PZ2 handelt.<br \/>\nDer PMX-Sockel besteht aus halogenfreien Kunststoffen und ist f\u00fcr zuk\u00fcnftige Halogenbeschr\u00e4nkungen vorbereitet.<\/p>\n<p>Gepr\u00fcft nach IEC (CB).<\/p>\n<p>Zur Verwendung mit Sicherungen:<\/p>\n<ul>\n<li><a href=\"https:\/\/fvcomponentes.com\/de\/produkt\/zylindrische-sicherung-10x38mm-12a\/\" target=\"_blank\" rel=\"noopener\">Zylindrische Sicherung 10x38mm. 12A 1000Vdc Crady Spezial-Photovoltaik - 01 18005<\/a><\/li>\n<li><a href=\"https:\/\/fvcomponentes.com\/de\/produkt\/zylindrische-sicherung-10x38mm-12a-13\/\" target=\"_blank\" rel=\"noopener\">Zylindrische Sicherung 10x38mm. 16A 1000Vdc df Elektrische Spezial-Photovoltaik - 491630<\/a><\/li>\n<li><a href=\"https:\/\/fvcomponentes.com\/de\/produkt\/zylindrische-sicherung-10x38mm-32a-gegeben\/\" target=\"_blank\" rel=\"noopener\">Zylindrische Sicherung 10x38mm. 32A. Gabe - 30F32GL<\/a><\/li>\n<\/ul>\n<h2>10x38mm zylindrischer Sicherungshalter Sockel technisches Datenblatt. Spezial-Photovoltaik 32A - DF Electric - 485150<\/h2>\n<p><a href=\"https:\/\/fvcomponentes.com\/wp-content\/uploads\/2025\/09\/DF-ELECTRICS_Catalogo-fusibles-y-portafusibles_ES.pdf\" target=\"_blank\" rel=\"noopener\">Siehe Datenblatt 10x38mm zylindrischer Sicherungshalter Sockel. Spezial-Photovoltaik 32A - DF Electric - 485150<\/a><\/p>","protected":false},"excerpt":{"rendered":"<ul>\n<li><strong>Maximale Intensit\u00e4t:<\/strong> 32A<\/li>\n<li><strong>Maximale Spannung: <\/strong>1000V DC<\/li>\n<li><strong>F\u00fcr Sicherungen: <\/strong>Zylindrisch 10\u00d738 mm<\/li>\n<li><strong>Scherkraft:<\/strong> 30kA<\/li>\n<li><strong>Schutzgrad:<\/strong>\u00a0IP20.<\/li>\n<\/ul>","protected":false},"featured_media":3457,"comment_status":"open","ping_status":"closed","template":"","meta":{"site-sidebar-layout":"default","site-content-layout":"","ast-site-content-layout":"default","site-content-style":"default","site-sidebar-style":"default","ast-global-header-display":"","ast-banner-title-visibility":"","ast-main-header-display":"","ast-hfb-above-header-display":"","ast-hfb-below-header-display":"","ast-hfb-mobile-header-display":"","site-post-title":"","ast-breadcrumbs-content":"","ast-featured-img":"","footer-sml-layout":"","ast-disable-related-posts":"","theme-transparent-header-meta":"default","adv-header-id-meta":"","stick-header-meta":"","header-above-stick-meta":"","header-main-stick-meta":"","header-below-stick-meta":"","astra-migrate-meta-layouts":"set","ast-page-background-enabled":"default","ast-page-background-meta":{"desktop":{"background-color":"var(--ast-global-color-4)","background-image":"","background-repeat":"repeat","background-position":"center center","background-size":"auto","background-attachment":"scroll","background-type":"","background-media":"","overlay-type":"","overlay-color":"","overlay-opacity":"","overlay-gradient":""},"tablet":{"background-color":"","background-image":"","background-repeat":"repeat","background-position":"center center","background-size":"auto","background-attachment":"scroll","background-type":"","background-media":"","overlay-type":"","overlay-color":"","overlay-opacity":"","overlay-gradient":""},"mobile":{"background-color":"","background-image":"","background-repeat":"repeat","background-position":"center center","background-size":"auto","background-attachment":"scroll","background-type":"","background-media":"","overlay-type":"","overlay-color":"","overlay-opacity":"","overlay-gradient":""}},"ast-content-background-meta":{"desktop":{"background-color":"var(--ast-global-color-5)","background-image":"","background-repeat":"repeat","background-position":"center center","background-size":"auto","background-attachment":"scroll","background-type":"","background-media":"","overlay-type":"","overlay-color":"","overlay-opacity":"","overlay-gradient":""},"tablet":{"background-color":"var(--ast-global-color-5)","background-image":"","background-repeat":"repeat","background-position":"center center","background-size":"auto","background-attachment":"scroll","background-type":"","background-media":"","overlay-type":"","overlay-color":"","overlay-opacity":"","overlay-gradient":""},"mobile":{"background-color":"var(--ast-global-color-5)","background-image":"","background-repeat":"repeat","background-position":"center center","background-size":"auto","background-attachment":"scroll","background-type":"","background-media":"","overlay-type":"","overlay-color":"","overlay-opacity":"","overlay-gradient":""}}},"pwb-brand":[],"product_brand":[],"product_cat":[410,988],"product_tag":[],"class_list":{"0":"post-3456","1":"product","2":"type-product","3":"status-publish","4":"has-post-thumbnail","6":"product_cat-material-electrico","7":"product_cat-portafusibles","8":"desktop-align-left","9":"tablet-align-left","10":"mobile-align-left","11":"ast-product-gallery-layout-horizontal-slider","12":"ast-product-gallery-with-no-image","13":"ast-product-tabs-layout-horizontal","15":"first","16":"instock","17":"taxable","18":"shipping-taxable","19":"purchasable","20":"product-type-simple"},"wcpa_form_fields":null,"brands":[],"_links":{"self":[{"href":"https:\/\/fvcomponentes.com\/de\/wp-json\/wp\/v2\/product\/3456","targetHints":{"allow":["GET"]}}],"collection":[{"href":"https:\/\/fvcomponentes.com\/de\/wp-json\/wp\/v2\/product"}],"about":[{"href":"https:\/\/fvcomponentes.com\/de\/wp-json\/wp\/v2\/types\/product"}],"replies":[{"embeddable":true,"href":"https:\/\/fvcomponentes.com\/de\/wp-json\/wp\/v2\/comments?post=3456"}],"wp:featuredmedia":[{"embeddable":true,"href":"https:\/\/fvcomponentes.com\/de\/wp-json\/wp\/v2\/media\/3457"}],"wp:attachment":[{"href":"https:\/\/fvcomponentes.com\/de\/wp-json\/wp\/v2\/media?parent=3456"}],"wp:term":[{"taxonomy":"pwb-brand","embeddable":true,"href":"https:\/\/fvcomponentes.com\/de\/wp-json\/wp\/v2\/pwb-brand?post=3456"},{"taxonomy":"product_brand","embeddable":true,"href":"https:\/\/fvcomponentes.com\/de\/wp-json\/wp\/v2\/product_brand?post=3456"},{"taxonomy":"product_cat","embeddable":true,"href":"https:\/\/fvcomponentes.com\/de\/wp-json\/wp\/v2\/product_cat?post=3456"},{"taxonomy":"product_tag","embeddable":true,"href":"https:\/\/fvcomponentes.com\/de\/wp-json\/wp\/v2\/product_tag?post=3456"}],"curies":[{"name":"wp","href":"https:\/\/api.w.org\/{rel}","templated":true}]}}