{"id":34154,"date":"2025-11-27T13:12:23","date_gmt":"2025-11-27T12:12:23","guid":{"rendered":"https:\/\/fvcomponentes.com\/?post_type=product&#038;p=34154"},"modified":"2025-11-27T15:48:52","modified_gmt":"2025-11-27T14:48:52","slug":"stationare-batterie-tab-24-v-12x-opzs-200-2-v-200-ah","status":"publish","type":"product","link":"https:\/\/fvcomponentes.com\/de\/producto\/bateria-estacionaria-tab-24v-12x-opzs-200-2v-200ah\/","title":{"rendered":"Station\u00e4re Batterie TAB 24V \u2013 12x OPzS 200 2V\/200Ah"},"content":{"rendered":"<p>Das station\u00e4re Batteriepaket TAB 24V \u2013 12x OPzS 200 2V\/200 bildet eine station\u00e4re Batteriebank mit 24 V und 215 Ah in C10 durch 12 OPzS-Zellen mit 2 V in Reihe, mit gefluteter R\u00f6hrenzelle f\u00fcr Tiefentladung. Dies ist die Standardkonfiguration in der netzunabh\u00e4ngigen Photovoltaik, wenn maximale Lebensdauer und niedrige Kosten pro kWh bei akzeptabler Grundwartung angestrebt werden.<\/p>\n<h2 data-start=\"673\" data-end=\"699\">Was beinhaltet das Paket?<\/h2>\n<p>Das station\u00e4re Batteriepaket TAB 24V \u2013 12x OPzS 200 2V\/200Ah enth\u00e4lt alles, was Sie f\u00fcr die einfache und sichere Installation der Batteriebank ben\u00f6tigen, sowie die f\u00fcr die regelm\u00e4\u00dfige Wartung erforderlichen Elemente.<\/p>\n<ul>\n<li data-start=\"3962\" data-end=\"4011\"><strong data-start=\"3962\" data-end=\"3994\">12\u00d7 Gl\u00e4ser TAB OPzS 4OPzS200TB<\/strong> (jeweils 2 V).<\/li>\n<li data-start=\"4014\" data-end=\"4068\"><strong data-start=\"4014\" data-end=\"4066\">Satz von Verbindungsst\u00fccken und Ausgangsklemmen.<\/strong><\/li>\n<li data-start=\"4071\" data-end=\"4129\"><strong data-start=\"4071\" data-end=\"4127\">Dichtemessger\u00e4t zur Kontrolle der Elektrolytdichte.<\/strong><\/li>\n<li data-start=\"4132\" data-end=\"4311\"><strong data-start=\"4132\" data-end=\"4186\">Keramikkappen und grundlegende Sicherheitselemente<\/strong> f\u00fcr Bel\u00fcftung und Wartung.<\/li>\n<\/ul>\n<h2 data-start=\"850\" data-end=\"901\">Vorteile von TAB OPzS-Batterien<\/h2>\n<ul>\n<li data-start=\"904\" data-end=\"1048\"><strong>OPzS-Rohrplatte, geflutet:<\/strong> Entwickelt f\u00fcr langsame und tiefe Entladungen. Wesentlich widerstandsf\u00e4higer gegen Zyklen als Monoblock-Konstruktionen.<\/li>\n<li data-start=\"1051\" data-end=\"1192\"><strong>Lange Lebensdauer: <\/strong>Bei sachgem\u00e4\u00dfer Handhabung (angemessene Entladung + richtige Ladung) haben diese Batterien eine Lebensdauer von vielen Jahren.<\/li>\n<li data-start=\"1195\" data-end=\"1305\"><strong>Kontrollierbare Wartung:<\/strong> Sichtbarer Elektrolytstand, damit bei Bedarf Wasser nachgef\u00fcllt werden kann.<\/li>\n<li><strong data-start=\"4669\" data-end=\"4703\">Durch Ausgleich erstattungsf\u00e4hig:<\/strong> k\u00f6nnen nach leichter Sulfatierung aufgrund punktueller Fehlbedienungen ihre Kapazit\u00e4t wiedererlangen.<\/li>\n<li data-start=\"1195\" data-end=\"1305\"><strong data-start=\"4783\" data-end=\"4815\">Besserer Nutzwert pro kWh als Gel\/AGM<\/strong> in mittleren und gro\u00dfen Banken.<\/li>\n<\/ul>\n<p data-start=\"1473\" data-end=\"1626\">Diese Batterien wurden entwickelt, um h\u00f6chste Zuverl\u00e4ssigkeit zu geringen Kosten zu bieten.<\/p>\n<h2 data-start=\"1633\" data-end=\"1659\">Typische Anwendungen der station\u00e4ren Batterie TAB 24V \u2013 12x OPzS 200 2V\/200Ah<\/h2>\n<ul>\n<li data-start=\"1662\" data-end=\"1698\">Gew\u00f6hnlich genutzte freistehende Wohnh\u00e4user<\/li>\n<li data-start=\"1701\" data-end=\"1734\">Hybridsysteme mit Generator<\/li>\n<li data-start=\"1737\" data-end=\"1792\">Landh\u00e4user\/Fincas mit langem Nachtverbrauch<\/li>\n<li data-start=\"1795\" data-end=\"1858\">Telekommunikation, Signalanlagen, USV im station\u00e4ren Betrieb<\/li>\n<li data-start=\"1861\" data-end=\"1899\">Erweiterungen bestehender OPzS-B\u00e4nke<\/li>\n<\/ul>\n<h2 data-start=\"1906\" data-end=\"1941\">Technische Merkmale des 24-V-Pakets<\/h2>\n<ul>\n<li><strong data-start=\"1942\" data-end=\"1962\">Nennspannung:<\/strong> 24 V (12 x 2 V)<\/li>\n<li><strong style=\"font-size: 16px;\">Nennkapazit\u00e4t:<\/strong>\n<ul>\n<li>C5: 157 Ah<\/li>\n<li><span style=\"font-size: 16px;\">C10: 215 Ah<br \/>\n<\/span><\/li>\n<li><span style=\"font-size: 16px;\">C100: 301 Ah<\/span><\/li>\n<\/ul>\n<\/li>\n<li><strong>Ladezeit bis zum 92%: <\/strong>bis zu 6 Stunden bei Anlaufstrom 1,5*I10, 2,23 V\/Zelle, 50 % C10 entladen<\/li>\n<li><strong data-start=\"5447\" data-end=\"5465\">Gesch\u00e4tzte Lebensdauer:<\/strong> bis <strong data-start=\"5472\" data-end=\"5486\">15\u201320 Jahre<\/strong> unter geeigneten Bedingungen (moderate Temperatur, angemessene DoD und korrekte Belastung).<\/li>\n<li><strong>Verwendungszyklen:<\/strong> 1.000 \u2013 1.500 Zyklen (gem\u00e4\u00df Testnorm des Herstellers und Entladungstiefe).<\/li>\n<li><strong>Betriebstemperaturbereich:<\/strong> \u201320 \u00b0C bis +55 \u00b0C<\/li>\n<li><strong>B\u00fcrgschaft:<\/strong> 2 Jahre<\/li>\n<li><strong>Abmessungen pro Becher:<\/strong>\u00a0 103 \u00d7 206 \u00d7 420 mm (L\u00e4nge \u00d7 Breite \u00d7 H\u00f6he)<\/li>\n<li><strong data-start=\"2143\" data-end=\"2158\">Gesamtgewicht:<\/strong> ~210 kg<\/li>\n<\/ul>\n<h3 data-start=\"2143\" data-end=\"2172\">Ladeempfehlungen f\u00fcr station\u00e4re 24-V-OPzS-Batterien<\/h3>\n<p>Die Lebensdauer von OPzS-Batterien h\u00e4ngt von der Entladetiefe ab. Bei einer Entladetiefe von 60% betr\u00e4gt die gesch\u00e4tzte Lebensdauer dieser Batterien 1500 Zyklen.<\/p>\n<ul>\n<li><strong>Empfohlene Ladespannungen (pro Zelle):<\/strong>\n<ul>\n<li><strong style=\"font-size: 16px;\">Flotation \/ Wartung:<\/strong><span style=\"font-size: 16px;\"> \u2248 2,23 \u2013 2,25 V\/Zelle (dies gilt f\u00fcr die Erhaltungsladung zwischen 10\u201330 \u00b0C, mit Temperaturkorrektur). <strong>26,8\u201327,0 V<\/strong>\u00a0das Paket<\/span><\/li>\n<li><strong style=\"font-size: 16px;\">Impulsladung \/ Schnellladung:<\/strong><span style=\"font-size: 16px;\"> \u2248 2,35 \u2013 2,40 V\/Zelle (zeitlich begrenzt; normalerweise 3\u20135 Stunden nach Erreichen dieser Spannung). <strong>28,2\u201328,8 V<\/strong><\/span>\u00a0das Paket<\/li>\n<\/ul>\n<\/li>\n<li><strong>Tiefe der Entladung:<\/strong> Normalerweise bis zu 80 %. Entladungen von mehr als 80 % DOD oder Entladungen \u00fcber die Endentladungsspannungen hinaus sollten vermieden werden.<\/li>\n<\/ul>\n<h3 data-start=\"6414\" data-end=\"6441\">Installation und Sicherheit<\/h3>\n<ul>\n<li data-start=\"6444\" data-end=\"6515\"><strong>Obligatorische Bel\u00fcftung<\/strong> im Innenraum\/auf der Werkbank (Gasemissionen).<\/li>\n<li data-start=\"6518\" data-end=\"6577\"><strong>Regelm\u00e4\u00dfige Kontrolle<\/strong> Elektrolytstand und -dichte.<\/li>\n<li data-start=\"6580\" data-end=\"6645\"><strong>Handhabung mit PSA<\/strong> (Handschuhe, Schutzbrille) wegen S\u00e4uregehalt.<\/li>\n<\/ul>\n<p>Der Anschluss dieser Batterien muss wie folgt erfolgen <strong data-start=\"210\" data-end=\"230\" data-is-only-node=\"\">immer in Serie<\/strong> um die Gesamtspannung des Systems zu erreichen, wie im folgenden Beispiel:<\/p>\n<p><img fetchpriority=\"high\" decoding=\"async\" class=\"size-full wp-image-34170\" src=\"https:\/\/fvcomponentes.com\/wp-content\/uploads\/2025\/11\/Serie-24V-OPzS.png\" alt=\"24-V-OPzS-Serie\" width=\"1521\" height=\"252\" title=\"\"><\/p>\n<h2>Technisches Datenblatt der station\u00e4ren Batterie TAB 24V \u2013 12x OPzS 200 2V\/200Ah<\/h2>\n<p><a href=\"https:\/\/fvcomponentes.com\/wp-content\/uploads\/2025\/11\/TAB_OPzS_Ficha_Tecnica.pdf\" target=\"_blank\" rel=\"noopener\">Technisches Datenblatt der station\u00e4ren Batterie TAB 24V \u2013 12x OPzS 200 2V\/200Ah <\/a><\/p>","protected":false},"excerpt":{"rendered":"<p><span style=\"color: #ff0000;\"><strong>INDIKATIVES IMAGE<\/strong><\/span><\/p>\n<p><strong>Nennspannung:<\/strong> 24 V<br \/>\n<strong>Nennkapazit\u00e4t:<br \/>\n<\/strong>C5: 232 Ah<br \/>\n<span style=\"font-size: 16px;\">C10: 268 Ah<br \/>\n<\/span><span style=\"font-size: 16px;\">C100: 376 A<br \/>\n<\/span><strong style=\"font-size: 16px;\">M10-Klemmen:<\/strong><span style=\"font-size: 16px;\"> 2 pro Glas<br \/>\n<\/span><span style=\"font-size: 16px;\"><strong>Verwendungszyklen:<\/strong> 1.000 \u2013 1.500 Zyklen (je nach Testnorm und Entladungstiefe).<br \/>\n<\/span><strong style=\"font-size: 16px;\">Gesch\u00e4tzte Lebensdauer:<\/strong><span style=\"font-size: 16px;\"> bis zu 15\u201320 Jahre (abh\u00e4ngig von Temperatur und Nutzungsbedingungen).<br \/>\n<\/span><strong>B\u00fcrgschaft:<\/strong> 2 Jahre<\/p>","protected":false},"featured_media":34162,"comment_status":"closed","ping_status":"closed","template":"","meta":{"site-sidebar-layout":"default","site-content-layout":"","ast-site-content-layout":"default","site-content-style":"default","site-sidebar-style":"default","ast-global-header-display":"","ast-banner-title-visibility":"","ast-main-header-display":"","ast-hfb-above-header-display":"","ast-hfb-below-header-display":"","ast-hfb-mobile-header-display":"","site-post-title":"","ast-breadcrumbs-content":"","ast-featured-img":"","footer-sml-layout":"","ast-disable-related-posts":"","theme-transparent-header-meta":"default","adv-header-id-meta":"","stick-header-meta":"","header-above-stick-meta":"","header-main-stick-meta":"","header-below-stick-meta":"","astra-migrate-meta-layouts":"set","ast-page-background-enabled":"default","ast-page-background-meta":{"desktop":{"background-color":"var(--ast-global-color-4)","background-image":"","background-repeat":"repeat","background-position":"center center","background-size":"auto","background-attachment":"scroll","background-type":"","background-media":"","overlay-type":"","overlay-color":"","overlay-opacity":"","overlay-gradient":""},"tablet":{"background-color":"","background-image":"","background-repeat":"repeat","background-position":"center center","background-size":"auto","background-attachment":"scroll","background-type":"","background-media":"","overlay-type":"","overlay-color":"","overlay-opacity":"","overlay-gradient":""},"mobile":{"background-color":"","background-image":"","background-repeat":"repeat","background-position":"center center","background-size":"auto","background-attachment":"scroll","background-type":"","background-media":"","overlay-type":"","overlay-color":"","overlay-opacity":"","overlay-gradient":""}},"ast-content-background-meta":{"desktop":{"background-color":"var(--ast-global-color-5)","background-image":"","background-repeat":"repeat","background-position":"center center","background-size":"auto","background-attachment":"scroll","background-type":"","background-media":"","overlay-type":"","overlay-color":"","overlay-opacity":"","overlay-gradient":""},"tablet":{"background-color":"var(--ast-global-color-5)","background-image":"","background-repeat":"repeat","background-position":"center center","background-size":"auto","background-attachment":"scroll","background-type":"","background-media":"","overlay-type":"","overlay-color":"","overlay-opacity":"","overlay-gradient":""},"mobile":{"background-color":"var(--ast-global-color-5)","background-image":"","background-repeat":"repeat","background-position":"center center","background-size":"auto","background-attachment":"scroll","background-type":"","background-media":"","overlay-type":"","overlay-color":"","overlay-opacity":"","overlay-gradient":""}}},"pwb-brand":[1013],"product_brand":[],"product_cat":[340,1012],"product_tag":[],"class_list":{"0":"post-34154","1":"product","2":"type-product","3":"status-publish","4":"has-post-thumbnail","6":"pwb-brand-baterias-tab","7":"product_cat-baterias","8":"product_cat-baterias-opzs","9":"product_shipping_class-baterias","10":"desktop-align-left","11":"tablet-align-left","12":"mobile-align-left","13":"ast-product-gallery-layout-horizontal-slider","14":"ast-product-gallery-with-no-image","15":"ast-product-tabs-layout-horizontal","17":"first","18":"instock","19":"taxable","20":"shipping-taxable","21":"purchasable","22":"product-type-yith_bundle"},"wcpa_form_fields":null,"brands":[{"id":1013,"name":"TAB-Batterien","slug":"batterien-tab"}],"_links":{"self":[{"href":"https:\/\/fvcomponentes.com\/de\/wp-json\/wp\/v2\/product\/34154","targetHints":{"allow":["GET"]}}],"collection":[{"href":"https:\/\/fvcomponentes.com\/de\/wp-json\/wp\/v2\/product"}],"about":[{"href":"https:\/\/fvcomponentes.com\/de\/wp-json\/wp\/v2\/types\/product"}],"replies":[{"embeddable":true,"href":"https:\/\/fvcomponentes.com\/de\/wp-json\/wp\/v2\/comments?post=34154"}],"wp:featuredmedia":[{"embeddable":true,"href":"https:\/\/fvcomponentes.com\/de\/wp-json\/wp\/v2\/media\/34162"}],"wp:attachment":[{"href":"https:\/\/fvcomponentes.com\/de\/wp-json\/wp\/v2\/media?parent=34154"}],"wp:term":[{"taxonomy":"pwb-brand","embeddable":true,"href":"https:\/\/fvcomponentes.com\/de\/wp-json\/wp\/v2\/pwb-brand?post=34154"},{"taxonomy":"product_brand","embeddable":true,"href":"https:\/\/fvcomponentes.com\/de\/wp-json\/wp\/v2\/product_brand?post=34154"},{"taxonomy":"product_cat","embeddable":true,"href":"https:\/\/fvcomponentes.com\/de\/wp-json\/wp\/v2\/product_cat?post=34154"},{"taxonomy":"product_tag","embeddable":true,"href":"https:\/\/fvcomponentes.com\/de\/wp-json\/wp\/v2\/product_tag?post=34154"}],"curies":[{"name":"wp","href":"https:\/\/api.w.org\/{rel}","templated":true}]}}