{"id":33992,"date":"2026-01-05T09:42:10","date_gmt":"2026-01-05T08:42:10","guid":{"rendered":"https:\/\/fvcomponentes.com\/?post_type=product&#038;p=33992"},"modified":"2026-03-30T12:15:36","modified_gmt":"2026-03-30T10:15:36","slug":"wechselrichter-huawei-sun2000-5k-lb0-hybrid-einphasig-01077156","status":"publish","type":"product","link":"https:\/\/fvcomponentes.com\/de\/producto\/inversor-huawei-sun2000-5k-lb0-hibrido-monofasico-01077156\/","title":{"rendered":"Huawei SUN2000 5K LB0 hybrider einphasiger Wechselrichter - 01077156"},"content":{"rendered":"<h2>Wechselrichter Huawei SUN2000-5K-LB0 Einphasig-Hybrid \u2013 01077156<\/h2>\n<p data-start=\"1040\" data-end=\"1460\">Der Huawei SUN2000-5K-LB0 ist ein einphasiger 5-kW-Hybrid-Wechselrichter, der f\u00fcr Photovoltaikanlagen in Privathaushalten zum Eigenverbrauch entwickelt wurde. Er verf\u00fcgt \u00fcber doppelte MPPT, integrierte WLAN-Konnektivit\u00e4t, AFCI-Schutz gegen Lichtb\u00f6gen, Schutzart IP66 und ist vollst\u00e4ndig kompatibel mit der Batterie Huawei LUNA2000. Damit bietet er eine L\u00f6sung, die f\u00fcr Photovoltaikanlagen mit Speicherung geeignet ist.<\/p>\n<p data-start=\"1462\" data-end=\"1637\">Es ist ideal f\u00fcr Haushalte mit durchschnittlichem Verbrauch, die ihre Stromrechnung senken, die Sonnenenergie besser nutzen und sich die Option offenhalten m\u00f6chten, sp\u00e4ter eine Batterie zu installieren.<\/p>\n<h2>Eigenschaften des Wechselrichters Huawei SUN2000-5K-LB0 Einphasiger Hybrid<\/h2>\n<h3>Kompaktes und leichtes Design<\/h3>\n<p>Es handelt sich um einen kompakten und einfach zu installierenden Wechselrichter, ideal f\u00fcr Wohnungen mit begrenztem Platzangebot.<br \/>\nDank seiner Schutzart IP66 ist es staub- und wasserfest und kann daher problemlos im Au\u00dfenbereich installiert werden.<br \/>\nDar\u00fcber hinaus verf\u00fcgt es \u00fcber eine nat\u00fcrliche Konvektionsk\u00fchlung, sodass es ger\u00e4uschlos und ohne L\u00fcfter arbeitet.<\/p>\n<h3>Schutz und Sicherheit<\/h3>\n<p>Der Huawei SUN2000-5K-LB0 verf\u00fcgt \u00fcber verschiedene Sicherheitsma\u00dfnahmen zum Schutz Ihrer Anlage:<\/p>\n<ul>\n<li>Erkennt Lichtb\u00f6gen, um die Brandgefahr zu verringern (AFCI).<\/li>\n<li>Sch\u00fctzt vor Spannungsspitzen sowohl in Panels als auch im Netz (SPD Typ II).<\/li>\n<li>Verhindert, dass das System bei einem Stromausfall weiterhin Strom ins Netz einspeist (Anti-Isolation).<\/li>\n<li>F\u00fcgt zus\u00e4tzliche Kontrollen wie Leckageerkennung, Isolierung, vertauschte Polarit\u00e4t und Fehlermeldungen hinzu.<\/li>\n<\/ul>\n<h3>Konnektivit\u00e4t und intelligente \u00dcberwachung<\/h3>\n<p>Mit integriertem WLAN, um den Wechselrichter mit Ihrem Netzwerk zu verbinden und die Anlage \u00fcber FusionSolar vom Handy aus zu steuern (Produktion, Verbrauch und Benachrichtigungen).<br \/>\nEs verf\u00fcgt au\u00dferdem \u00fcber einen RS-485-Anschluss und unterst\u00fctzt Zubeh\u00f6r (4G oder Ethernet), um die Verbindung bei Bedarf zu verbessern.<br \/>\nDar\u00fcber hinaus verf\u00fcgt es \u00fcber LED-Leuchten, die den Status des Ger\u00e4ts auf einfache Weise anzeigen.<\/p>\n<h3>Kompatibilit\u00e4t<\/h3>\n<p>Dieser Wechselrichter ist mit den Huawei LUNA2000-Batterien kompatibel und ideal f\u00fcr alle, die jetzt Batterien hinzuf\u00fcgen m\u00f6chten, um ihre Energieunabh\u00e4ngigkeit zu verbessern und Solar\u00fcbersch\u00fcsse optimal zu nutzen.<\/p>\n<p>Dar\u00fcber hinaus ist es auch mit den Optimierern von Huawei (z. B. den Modellen SUN2000-450W-P2 und 600W-P) kompatibel, wodurch die Produktion in Konfigurationen mit Verschattungen oder unterschiedlichen Modulausrichtungen maximiert werden kann.<\/p>\n<h2>Vorteile des Wechselrichters Huawei SUN2000-5K-LB0 Einphasiger Hybrid<\/h2>\n<h3>H\u00f6here Produktion und hohe Effizienz<\/h3>\n<p>Dank seiner hohen Effizienz (bis zu 96,6 %) nutzt es die Energie der Solarmodule sehr gut aus. Dar\u00fcber hinaus eignet es sich besser f\u00fcr Situationen, in denen Sie Teilverschattungen oder Module mit unterschiedlichen Ausrichtungen haben, sodass Ihre Anlage einen h\u00f6heren Ertrag erzielt.<\/p>\n<h3>Bereit zum Einlegen von Batterien<\/h3>\n<p>Es handelt sich um einen Hybrid-Wechselrichter, was bedeutet, dass Sie zun\u00e4chst nur mit Solarmodulen beginnen und sp\u00e4ter eine Batterie hinzuf\u00fcgen k\u00f6nnen, ohne den Wechselrichter austauschen zu m\u00fcssen.<\/p>\n<h3>Mehr Sicherheit<\/h3>\n<p>Enth\u00e4lt fortschrittliche Schutzvorrichtungen, die die Sicherheit der Anlage verbessern, wie z. B. Lichtbogenerkennung (AFCI), \u00dcberspannungsschutz und \u00dcberwachung auf m\u00f6gliche Leckagen oder Fehler.<\/p>\n<h3>Widerstandsf\u00e4hig und f\u00fcr den Au\u00dfenbereich geeignet<\/h3>\n<p>Es verf\u00fcgt \u00fcber die Schutzart IP66, wodurch es staub- und wasserdicht ist. Es kann sowohl im Innen- als auch im Au\u00dfenbereich zuverl\u00e4ssig installiert werden und funktioniert in einem breiten Temperaturbereich.<\/p>\n<h3>Einfache Installation und geringer Wartungsaufwand<\/h3>\n<p>Sein geringes Gewicht und die l\u00fcfterlose K\u00fchlung erleichtern die Montage und reduzieren den Wartungsaufwand. Dar\u00fcber hinaus kann er an der Wand oder auf einem St\u00e4nder montiert werden, wodurch er sich leicht in jede Art von Anlage integrieren l\u00e4sst.<\/p>\n<h3>\u00dcberwachung von \u00fcberall aus<\/h3>\n<p>Dieser Wechselrichter von Huawei verf\u00fcgt \u00fcber integriertes WLAN und funktioniert mit der FusionSolar-App, mit der Sie in Echtzeit die Produktion, den Verbrauch und den Zustand der Batterie (sofern vorhanden) einsehen und das System einfach und intuitiv verwalten k\u00f6nnen.<\/p>\n<h3>Ausfallsicherheit bei Stromausf\u00e4llen (mit Batterie + Backup-System)<\/h3>\n<p>Es kann wichtige Ger\u00e4te w\u00e4hrend eines Stromausfalls mit Strom versorgen, wenn es zusammen mit einer Huawei LUNA2000-Batterie und dem kompatiblen Backup-System installiert und entsprechend konfiguriert wird.<\/p>\n<h2>Technische Daten<\/h2>\n<ul>\n<li>Leistung: 5.000 W<\/li>\n<li>AC: 5.500 W<\/li>\n<li>DC: 7.500 W<\/li>\n<li>Ausgangsspannung: 230 V<\/li>\n<li>Frequenz 50 Hz \/ 60 Hz.<\/li>\n<li>Wirkungsgrad: 97,1 %<\/li>\n<li>Phasen: 1-phasig (einphasig)<\/li>\n<li>Anzahl der MPPT: 2<\/li>\n<li>Display: Nein<\/li>\n<li>DC-Anschluss: Amphenol H4<\/li>\n<li>Betriebstemperaturbereich: von -25 \u00b0C bis +60 \u00b0C<\/li>\n<li>Kompatible Batterien: LUNA2000-5\/10\/15-S0 und LUNA2000-7\/14\/21-S1<\/li>\n<li>Kompatible Optimierer: SUN2000-450W-P2 und SUN2000-600W-P<\/li>\n<li>Abmessungen: 42,5 x 36,5 x 13,0 cm<\/li>\n<li>Gewicht: 15,0 kg<\/li>\n<li>Produktgarantie: 10 Jahre. Verl\u00e4ngerung um 15 und 20 Jahre.<\/li>\n<\/ul>\n<h2>Technisches Datenblatt und Handbuch des Wechselrichters Huawei SUN2000-5K-LB0 Einphasig-Hybrid \u2013 01077156<\/h2>\n<p><a href=\"https:\/\/fvcomponentes.com\/wp-content\/uploads\/2025\/11\/Huawei_TDS_SUN2000_3K-6K_LB0_ES.pdf\" target=\"_blank\" rel=\"noopener\">Technisches Datenblatt des Wechselrichters Huawei SUN2000-5K-LB0 Einphasig-Hybrid<\/a><\/p>\n<p><a href=\"https:\/\/fvcomponentes.com\/wp-content\/uploads\/2025\/11\/Manual-del-usuario-de-la-serie-SUN2000-3K-6K-LB0.pdf\" target=\"_blank\" rel=\"noopener\">Investorenhandbuch Huawei SUN2000-5K-LB0 Einphasiger Hybrid<\/a><\/p>","protected":false},"excerpt":{"rendered":"<div><strong><span style=\"color: #ff0000\">Verf\u00fcgbar ab 16. M\u00e4rz!<\/span><\/strong><\/div>\n<div class=\"baywa-details-fields\"><span class=\"baywa-details-label\"><strong>Macht:<\/strong> 5.0<\/span><span class=\"baywa-details-values\">00 W<\/span><\/div>\n<div class=\"baywa-details-fields\"><strong><span class=\"baywa-details-label\">Maximale Leistung der Solarmodule: <\/span><\/strong><span class=\"baywa-details-values\">7.500 W<\/span><\/div>\n<div class=\"baywa-details-fields\"><strong><span class=\"baywa-details-label\">Effizienz:<\/span><\/strong><span class=\"baywa-details-values\"><strong>\u00a0<\/strong>97,1%\u00a0<\/span><\/div>\n<div><strong>Kompatible Batterien:<\/strong> Huawei LUNA2000-5\/10\/15-S0 und Huawei LUNA2000-7\/14\/21-S1<\/div>","protected":false},"featured_media":33989,"comment_status":"closed","ping_status":"closed","template":"","meta":{"site-sidebar-layout":"default","site-content-layout":"","ast-site-content-layout":"default","site-content-style":"default","site-sidebar-style":"default","ast-global-header-display":"","ast-banner-title-visibility":"","ast-main-header-display":"","ast-hfb-above-header-display":"","ast-hfb-below-header-display":"","ast-hfb-mobile-header-display":"","site-post-title":"","ast-breadcrumbs-content":"","ast-featured-img":"","footer-sml-layout":"","ast-disable-related-posts":"","theme-transparent-header-meta":"default","adv-header-id-meta":"","stick-header-meta":"","header-above-stick-meta":"","header-main-stick-meta":"","header-below-stick-meta":"","astra-migrate-meta-layouts":"set","ast-page-background-enabled":"default","ast-page-background-meta":{"desktop":{"background-color":"var(--ast-global-color-4)","background-image":"","background-repeat":"repeat","background-position":"center center","background-size":"auto","background-attachment":"scroll","background-type":"","background-media":"","overlay-type":"","overlay-color":"","overlay-opacity":"","overlay-gradient":""},"tablet":{"background-color":"","background-image":"","background-repeat":"repeat","background-position":"center center","background-size":"auto","background-attachment":"scroll","background-type":"","background-media":"","overlay-type":"","overlay-color":"","overlay-opacity":"","overlay-gradient":""},"mobile":{"background-color":"","background-image":"","background-repeat":"repeat","background-position":"center center","background-size":"auto","background-attachment":"scroll","background-type":"","background-media":"","overlay-type":"","overlay-color":"","overlay-opacity":"","overlay-gradient":""}},"ast-content-background-meta":{"desktop":{"background-color":"var(--ast-global-color-5)","background-image":"","background-repeat":"repeat","background-position":"center center","background-size":"auto","background-attachment":"scroll","background-type":"","background-media":"","overlay-type":"","overlay-color":"","overlay-opacity":"","overlay-gradient":""},"tablet":{"background-color":"var(--ast-global-color-5)","background-image":"","background-repeat":"repeat","background-position":"center center","background-size":"auto","background-attachment":"scroll","background-type":"","background-media":"","overlay-type":"","overlay-color":"","overlay-opacity":"","overlay-gradient":""},"mobile":{"background-color":"var(--ast-global-color-5)","background-image":"","background-repeat":"repeat","background-position":"center center","background-size":"auto","background-attachment":"scroll","background-type":"","background-media":"","overlay-type":"","overlay-color":"","overlay-opacity":"","overlay-gradient":""}}},"pwb-brand":[381],"product_brand":[],"product_cat":[333,359,924],"product_tag":[],"class_list":{"0":"post-33992","1":"product","2":"type-product","3":"status-publish","4":"has-post-thumbnail","6":"pwb-brand-huawei","7":"product_cat-inversores","8":"product_cat-inversores-autoconsumo-hibridos","9":"product_cat-inversores-autoconsumo-hibridos-monofasicos","10":"desktop-align-left","11":"tablet-align-left","12":"mobile-align-left","13":"ast-product-gallery-layout-horizontal-slider","14":"ast-product-gallery-with-no-image","15":"ast-product-tabs-layout-horizontal","17":"first","18":"instock","19":"taxable","20":"shipping-taxable","21":"purchasable","22":"product-type-simple"},"wcpa_form_fields":null,"brands":[{"id":381,"name":"Huawei-Wechselrichter","slug":"huawei"}],"_links":{"self":[{"href":"https:\/\/fvcomponentes.com\/de\/wp-json\/wp\/v2\/product\/33992","targetHints":{"allow":["GET"]}}],"collection":[{"href":"https:\/\/fvcomponentes.com\/de\/wp-json\/wp\/v2\/product"}],"about":[{"href":"https:\/\/fvcomponentes.com\/de\/wp-json\/wp\/v2\/types\/product"}],"replies":[{"embeddable":true,"href":"https:\/\/fvcomponentes.com\/de\/wp-json\/wp\/v2\/comments?post=33992"}],"wp:featuredmedia":[{"embeddable":true,"href":"https:\/\/fvcomponentes.com\/de\/wp-json\/wp\/v2\/media\/33989"}],"wp:attachment":[{"href":"https:\/\/fvcomponentes.com\/de\/wp-json\/wp\/v2\/media?parent=33992"}],"wp:term":[{"taxonomy":"pwb-brand","embeddable":true,"href":"https:\/\/fvcomponentes.com\/de\/wp-json\/wp\/v2\/pwb-brand?post=33992"},{"taxonomy":"product_brand","embeddable":true,"href":"https:\/\/fvcomponentes.com\/de\/wp-json\/wp\/v2\/product_brand?post=33992"},{"taxonomy":"product_cat","embeddable":true,"href":"https:\/\/fvcomponentes.com\/de\/wp-json\/wp\/v2\/product_cat?post=33992"},{"taxonomy":"product_tag","embeddable":true,"href":"https:\/\/fvcomponentes.com\/de\/wp-json\/wp\/v2\/product_tag?post=33992"}],"curies":[{"name":"wp","href":"https:\/\/api.w.org\/{rel}","templated":true}]}}