{"id":33963,"date":"2025-11-24T14:41:38","date_gmt":"2025-11-24T13:41:38","guid":{"rendered":"https:\/\/fvcomponentes.com\/?post_type=product&#038;p=33963"},"modified":"2026-03-30T12:16:57","modified_gmt":"2026-03-30T10:16:57","slug":"fronius-smart-meter-ts-65a-3-4204110345","status":"publish","type":"product","link":"https:\/\/fvcomponentes.com\/de\/producto\/fronius-smart-meter-ts-65a-3-4204110345\/","title":{"rendered":"Fronius Smart Meter TS 65A-3 - 42,0411,0345"},"content":{"rendered":"<p data-start=\"81\" data-end=\"491\">Der Fronius Smart Meter TS 65A-3 ist ein dreiphasiger Bidirektionalz\u00e4hler mit Direktmessung, der f\u00fcr die pr\u00e4zise Messung der verbrauchten, erzeugten und ins Netz eingespeisten Energie entwickelt wurde. Er ist die wichtige Erg\u00e4nzung, um jede Fronius-Anlage in ein wirklich intelligentes System zu verwandeln: Er erm\u00f6glicht die Optimierung des Eigenverbrauchs, die \u00dcberwachung von Lasten und die dynamische Leistungsbegrenzung in Echtzeit \u00fcber Modbus RTU (RS485).<\/p>\n<h2 data-start=\"498\" data-end=\"522\">Eigenschaften des Fronius Smart Meter TS 65A-3 \u2013 42,0411,0345<\/h2>\n<ul>\n<li data-start=\"525\" data-end=\"635\"><strong data-start=\"525\" data-end=\"566\">Bidirektionale Messung in Echtzeit<\/strong>: Kontrollieren Sie den Import und Export von Energie mit absoluter Transparenz.<\/li>\n<li data-start=\"638\" data-end=\"728\"><strong data-start=\"638\" data-end=\"664\">Optimierter Eigenverbrauch<\/strong>: Der Wechselrichter passt die Produktion\/Batterie entsprechend dem tats\u00e4chlichen Verbrauch an.<\/li>\n<li data-start=\"731\" data-end=\"829\"><strong data-start=\"731\" data-end=\"756\">Dynamische Null-Einleitung<\/strong>: Schnellere und pr\u00e4zisere Regelung als S0-Systeme dank Modbus RTU.<\/li>\n<li data-start=\"832\" data-end=\"935\"><strong data-start=\"832\" data-end=\"862\">Detaillierte Lastkurven<\/strong>: ideal zum Erkennen von Verbrauchsspitzen und zum Dimensionieren von Batterien oder Lasten.<\/li>\n<li data-start=\"938\" data-end=\"1021\"><strong data-start=\"938\" data-end=\"976\">Anzeige in Fronius Solar.web<\/strong>: Vollst\u00e4ndige \u00dcberwachung \u00fcber die Solar.web-App von Fronius.<\/li>\n<\/ul>\n<p><img fetchpriority=\"high\" decoding=\"async\" class=\"wp-image-33964\" src=\"https:\/\/fvcomponentes.com\/wp-content\/uploads\/2025\/11\/Captura-de-pantalla-2025-11-24-144214.png\" alt=\"Smart Meter-Schema\" width=\"800\" height=\"418\" title=\"\"><\/p>\n<h3 data-start=\"1265\" data-end=\"1294\">Technische Daten<\/h3>\n<p data-start=\"1295\" data-end=\"1309\"><strong data-start=\"1295\" data-end=\"1309\">Elektrizit\u00e4tsunternehmen<\/strong><\/p>\n<ul>\n<li data-start=\"1312\" data-end=\"1334\">System: <strong data-start=\"1321\" data-end=\"1334\">Dreiphasig<\/strong><\/li>\n<li data-start=\"1337\" data-end=\"1367\">Nennspannung: <strong data-start=\"1354\" data-end=\"1367\">208\u2013400 V<\/strong><\/li>\n<li data-start=\"1370\" data-end=\"1402\">Nennfrequenz: <strong data-start=\"1390\" data-end=\"1402\">50\u201360 Hz<\/strong><\/li>\n<li data-start=\"1405\" data-end=\"1445\">Netzwerkfrequenzbereich: <strong data-start=\"1433\" data-end=\"1445\">45\u201365 Hz<\/strong><\/li>\n<li data-start=\"1448\" data-end=\"1478\">Maximaler Strom: <strong data-start=\"1466\" data-end=\"1478\">3 \u00d7 65 A<\/strong><\/li>\n<li data-start=\"1481\" data-end=\"1506\">Eigenverbrauch: <strong data-start=\"1497\" data-end=\"1506\">\u2264 1 W<\/strong><\/li>\n<li data-start=\"1509\" data-end=\"1540\">Startintensit\u00e4t: <strong data-start=\"1531\" data-end=\"1540\">20 mA<\/strong><\/li>\n<\/ul>\n<p data-start=\"1594\" data-end=\"1607\"><strong data-start=\"1594\" data-end=\"1607\">Genauigkeit<\/strong><\/p>\n<ul>\n<li data-start=\"1610\" data-end=\"1674\">Wirkleistung: <strong data-start=\"1626\" data-end=\"1674\">Klasse 1 (EN 62053-21) \/ Klasse B (EN 50470-3)<\/strong><\/li>\n<li data-start=\"1677\" data-end=\"1720\">Blindleistung: <strong data-start=\"1695\" data-end=\"1720\">Klasse 2 (EN 62053-23)<\/strong><\/li>\n<\/ul>\n<p data-start=\"1722\" data-end=\"1734\"><strong data-start=\"1722\" data-end=\"1734\">Verkabelung<\/strong><\/p>\n<ul>\n<li data-start=\"1737\" data-end=\"1779\">Abschnitt Stromkabel: <strong data-start=\"1765\" data-end=\"1779\">1 \u2013 16 mm\u00b2<\/strong><\/li>\n<li data-start=\"1782\" data-end=\"1831\">Neutraler Bereich \/ Kommunikation: <strong data-start=\"1813\" data-end=\"1831\">0,05 \u2013 1,5 mm\u00b2<\/strong><\/li>\n<\/ul>\n<p data-start=\"1833\" data-end=\"1849\"><strong data-start=\"1833\" data-end=\"1849\">Kommunikation<\/strong><\/p>\n<ul data-start=\"1850\" data-end=\"1884\">\n<li data-start=\"1850\" data-end=\"1884\">\n<p data-start=\"1852\" data-end=\"1884\">Schnittstelle: <strong data-start=\"1862\" data-end=\"1884\">Modbus RTU (RS485)<\/strong><\/p>\n<\/li>\n<\/ul>\n<p data-start=\"1886\" data-end=\"1913\"><strong data-start=\"1886\" data-end=\"1913\">Mechanisch und umweltbedingt<\/strong><\/p>\n<ul>\n<li data-start=\"1916\" data-end=\"1949\">Montage: <strong data-start=\"1925\" data-end=\"1949\">Innenraum, DIN-Schiene<\/strong><\/li>\n<li data-start=\"1952\" data-end=\"1984\">Geh\u00e4use: <strong data-start=\"1961\" data-end=\"1984\">3 Module DIN 43880<\/strong><\/li>\n<li data-start=\"1987\" data-end=\"2042\">Schutzgrad: <strong data-start=\"2008\" data-end=\"2042\">IP51 Frontseite \/ IP20 Anschl\u00fcsse<\/strong><\/li>\n<li data-start=\"2045\" data-end=\"2092\">Betriebstemperatur: <strong data-start=\"2076\" data-end=\"2092\">\u221225 bis +65 \u00b0C<\/strong><\/li>\n<li data-start=\"2095\" data-end=\"2148\">Abmessungen (H \u00d7 B \u00d7 T): <strong data-start=\"2123\" data-end=\"2148\">91,5 \u00d7 53,8 \u00d7 63,0 mm<\/strong><\/li>\n<\/ul>\n<h3>Technisches Datenblatt des Fronius Smart Meter TS 65A-3 \u2013 42,0411,0345<\/h3>\n<p><a href=\"https:\/\/fvcomponentes.com\/wp-content\/uploads\/2025\/11\/Fronius_TDS_Smart_Meter_TS_ES.pdf\" target=\"_blank\" rel=\"noopener\">Technisches Datenblatt des Fronius Smart Meter TS 65A-3 \u2013 42,0411,0345<\/a><\/p>","protected":false},"excerpt":{"rendered":"<p><strong>Smart Meter TS 65A-3,<\/strong>\u00a0f\u00fcr die Erfassung des Energieverbrauchs<br \/>\n<strong>Anspannung:<\/strong> Dreiphasig<br \/>\n<strong>Art der Messung<\/strong>: Direkt<\/p>","protected":false},"featured_media":33971,"comment_status":"open","ping_status":"closed","template":"","meta":{"site-sidebar-layout":"default","site-content-layout":"default","ast-site-content-layout":"default","site-content-style":"default","site-sidebar-style":"default","ast-global-header-display":"","ast-banner-title-visibility":"","ast-main-header-display":"","ast-hfb-above-header-display":"","ast-hfb-below-header-display":"","ast-hfb-mobile-header-display":"","site-post-title":"","ast-breadcrumbs-content":"","ast-featured-img":"","footer-sml-layout":"","ast-disable-related-posts":"","theme-transparent-header-meta":"default","adv-header-id-meta":"","stick-header-meta":"","header-above-stick-meta":"","header-main-stick-meta":"","header-below-stick-meta":"","astra-migrate-meta-layouts":"set","ast-page-background-enabled":"default","ast-page-background-meta":{"desktop":{"background-color":"var(--ast-global-color-4)","background-image":"","background-repeat":"repeat","background-position":"center center","background-size":"auto","background-attachment":"scroll","background-type":"","background-media":"","overlay-type":"","overlay-color":"","overlay-opacity":"","overlay-gradient":""},"tablet":{"background-color":"","background-image":"","background-repeat":"repeat","background-position":"center center","background-size":"auto","background-attachment":"scroll","background-type":"","background-media":"","overlay-type":"","overlay-color":"","overlay-opacity":"","overlay-gradient":""},"mobile":{"background-color":"","background-image":"","background-repeat":"repeat","background-position":"center center","background-size":"auto","background-attachment":"scroll","background-type":"","background-media":"","overlay-type":"","overlay-color":"","overlay-opacity":"","overlay-gradient":""}},"ast-content-background-meta":{"desktop":{"background-color":"var(--ast-global-color-5)","background-image":"","background-repeat":"repeat","background-position":"center center","background-size":"auto","background-attachment":"scroll","background-type":"","background-media":"","overlay-type":"","overlay-color":"","overlay-opacity":"","overlay-gradient":""},"tablet":{"background-color":"var(--ast-global-color-5)","background-image":"","background-repeat":"repeat","background-position":"center center","background-size":"auto","background-attachment":"scroll","background-type":"","background-media":"","overlay-type":"","overlay-color":"","overlay-opacity":"","overlay-gradient":""},"mobile":{"background-color":"var(--ast-global-color-5)","background-image":"","background-repeat":"repeat","background-position":"center center","background-size":"auto","background-attachment":"scroll","background-type":"","background-media":"","overlay-type":"","overlay-color":"","overlay-opacity":"","overlay-gradient":""}}},"pwb-brand":[344],"product_brand":[],"product_cat":[349,333],"product_tag":[],"class_list":{"0":"post-33963","1":"product","2":"type-product","3":"status-publish","4":"has-post-thumbnail","6":"pwb-brand-fronius","7":"product_cat-meters","8":"product_cat-inversores","9":"desktop-align-left","10":"tablet-align-left","11":"mobile-align-left","12":"ast-product-gallery-layout-horizontal-slider","13":"ast-product-gallery-with-no-image","14":"ast-product-tabs-layout-horizontal","16":"first","17":"instock","18":"taxable","19":"shipping-taxable","20":"purchasable","21":"product-type-simple"},"wcpa_form_fields":null,"brands":[{"id":344,"name":"Fronius-Wechselrichter","slug":"fronius"}],"_links":{"self":[{"href":"https:\/\/fvcomponentes.com\/de\/wp-json\/wp\/v2\/product\/33963","targetHints":{"allow":["GET"]}}],"collection":[{"href":"https:\/\/fvcomponentes.com\/de\/wp-json\/wp\/v2\/product"}],"about":[{"href":"https:\/\/fvcomponentes.com\/de\/wp-json\/wp\/v2\/types\/product"}],"replies":[{"embeddable":true,"href":"https:\/\/fvcomponentes.com\/de\/wp-json\/wp\/v2\/comments?post=33963"}],"wp:featuredmedia":[{"embeddable":true,"href":"https:\/\/fvcomponentes.com\/de\/wp-json\/wp\/v2\/media\/33971"}],"wp:attachment":[{"href":"https:\/\/fvcomponentes.com\/de\/wp-json\/wp\/v2\/media?parent=33963"}],"wp:term":[{"taxonomy":"pwb-brand","embeddable":true,"href":"https:\/\/fvcomponentes.com\/de\/wp-json\/wp\/v2\/pwb-brand?post=33963"},{"taxonomy":"product_brand","embeddable":true,"href":"https:\/\/fvcomponentes.com\/de\/wp-json\/wp\/v2\/product_brand?post=33963"},{"taxonomy":"product_cat","embeddable":true,"href":"https:\/\/fvcomponentes.com\/de\/wp-json\/wp\/v2\/product_cat?post=33963"},{"taxonomy":"product_tag","embeddable":true,"href":"https:\/\/fvcomponentes.com\/de\/wp-json\/wp\/v2\/product_tag?post=33963"}],"curies":[{"name":"wp","href":"https:\/\/api.w.org\/{rel}","templated":true}]}}