{"id":33945,"date":"2025-11-24T14:12:14","date_gmt":"2025-11-24T13:12:14","guid":{"rendered":"https:\/\/fvcomponentes.com\/?post_type=product&#038;p=33945"},"modified":"2026-03-30T12:16:02","modified_gmt":"2026-03-30T10:16:02","slug":"wechselrichter-fronius-verto-30-0-plus-hybrid-dreiphasig-4210458","status":"publish","type":"product","link":"https:\/\/fvcomponentes.com\/de\/producto\/inversor-fronius-verto-30-0-plus-hibrido-trifasico-4210458\/","title":{"rendered":"Wechselrichter Fronius Verto 30.0 Plus Hybrid Dreiphasig \u2013 4.210.458"},"content":{"rendered":"<p data-start=\"283\" data-end=\"780\">Der Fronius Verto 30.0 Plus ist ein dreiphasiger Hybrid-Wechselrichter mit 29,9 kW f\u00fcr gewerbliche und industrielle Photovoltaikanlagen, serienm\u00e4\u00dfig vorbereitet f\u00fcr Hochspannungsbatterien (HV) und mit dreiphasiger Backup-Option. Seine Multi-MPPT-Architektur mit hohem Strom und dem breiten Betriebsspannungsbereich macht ihn zu einer Top-L\u00f6sung f\u00fcr komplexe Dachkonstruktionen und zuk\u00fcnftige Erweiterungen, wodurch der Eigenverbrauch und die Energieunabh\u00e4ngigkeit maximiert werden.<\/p>\n<h2 data-start=\"678\" data-end=\"718\">Die wichtigsten Vorteile des Hybrid-Wechselrichters Fronius Verto Plus<\/h2>\n<h3 data-start=\"720\" data-end=\"757\">Dreiphasige Vollsicherung<\/h3>\n<p data-start=\"483\" data-end=\"981\">In Kombination mit einer Batterieanlage kann der Fronius Verto Plus eine vollst\u00e4ndige dreiphasige Notstromversorgung f\u00fcr das gesamte Geb\u00e4ude bieten, nicht nur f\u00fcr einzelne kritische Verbraucher. Er ist f\u00fcr den Betrieb anspruchsvoller Verbraucher wie W\u00e4rmepumpen, K\u00fchlger\u00e4te, L\u00fcftungsanlagen oder Industriemaschinen ausgelegt und gew\u00e4hrleistet die Stromversorgung auch bei Netzausf\u00e4llen. In Umgebungen, in denen ein Ausfall keine Option ist, sorgt er f\u00fcr eine stabile und zuverl\u00e4ssige Stromversorgung.<\/p>\n<p data-start=\"983\" data-end=\"1272\">Wichtig: Um die Funktion \u201eFull Backup\u201c zu aktivieren, sind zus\u00e4tzliche externe Netzwerk-Switching-Komponenten (Switching-Box\/Switching-Elemente) erforderlich. Weitere Informationen, Montagepl\u00e4ne und Kompatibilit\u00e4ten finden Sie im Installationshandbuch.<\/p>\n<h3 data-start=\"1241\" data-end=\"1280\">Maximale Flexibilit\u00e4t beim PV-Design<\/h3>\n<p data-start=\"1281\" data-end=\"1335\">Der Verto Plus bietet dank folgender Eigenschaften absolute Flexibilit\u00e4t:<\/p>\n<ul>\n<li data-start=\"1338\" data-end=\"1485\">Drei unabh\u00e4ngige MPP-Tracker mit hoher Intensit\u00e4t, ideal f\u00fcr mehrere Ausrichtungen, unterschiedliche Neigungen oder unausgeglichene Strings.<\/li>\n<li data-start=\"1488\" data-end=\"1740\">Gro\u00dfer Spannungsbereich, der die Dimensionierung bei komplexen Industried\u00e4chern erleichtert.<br data-start=\"1582\" data-end=\"1585\" \/>Dar\u00fcber hinaus integriert es den Algorithmus Dynamic Peak Manager, der die Produktion auch bei teilweiser Verschattung optimiert, ohne auf externe Optimierer angewiesen zu sein.<\/li>\n<\/ul>\n<h3 data-start=\"1742\" data-end=\"1788\">Maximale Sicherheit (elektrisch und datentechnisch)<\/h3>\n<p data-start=\"1789\" data-end=\"1824\">In der Grundausstattung sind enthalten:<\/p>\n<ul>\n<li data-start=\"1827\" data-end=\"1881\">Integrierter \u00dcberspannungsschutz (SPD)<\/li>\n<li data-start=\"1884\" data-end=\"1978\">Lichtbogenfehlerstromschutzschalter \u2013 Fronius Arc Guard, aktive Erkennung von Lichtb\u00f6gen.<\/li>\n<\/ul>\n<p data-start=\"1980\" data-end=\"2281\">Das bedeutet h\u00f6chste Sicherheitsstandards ohne zus\u00e4tzliche Komponenten.<br data-start=\"2057\" data-end=\"2060\" \/>Auf digitaler Ebene sch\u00fctzt Fronius die \u00dcberwachung und die Daten mit einem zertifizierten Cybersicherheitssystem und Servern\/Cloud in Europa, was f\u00fcr Industriekunden, die keine Probleme mit der Compliance haben wollen, von Bedeutung ist.<\/p>\n<h2 data-start=\"2125\" data-end=\"2166\">Technische Daten des Wechselrichters Verto 30.0 Plus<\/h2>\n<ul>\n<li data-start=\"2169\" data-end=\"2203\"><strong data-start=\"2169\" data-end=\"2193\">Nennleistung AC:<\/strong> 29,9 kW<\/li>\n<li data-start=\"2206\" data-end=\"2232\"><strong data-start=\"2206\" data-end=\"2214\">Netzwerk:<\/strong> Dreiphasig 400 V<\/li>\n<li data-start=\"2235\" data-end=\"2254\"><strong data-start=\"2235\" data-end=\"2250\">Anzahl der MPPT:<\/strong> 3<\/li>\n<li data-start=\"2257\" data-end=\"2339\"><strong data-start=\"2257\" data-end=\"2279\">Eing\u00e4nge \u00fcber MPPT:<\/strong> 2 (bis zu 6 Strings)<\/li>\n<li data-start=\"2342\" data-end=\"2426\"><strong data-start=\"2342\" data-end=\"2381\">Maximal nutzbarer Strom pro MPPT:<\/strong> 28 A<\/li>\n<li data-start=\"2429\" data-end=\"2509\"><strong data-start=\"2429\" data-end=\"2453\">Gleichspannungsbereich:<\/strong> 150 \u2013 1.000 V<\/li>\n<li data-start=\"2512\" data-end=\"2591\"><strong data-start=\"2512\" data-end=\"2537\">Verwendbarer MPP-Bereich:<\/strong> 150 \u2013 870 V<\/li>\n<li data-start=\"2594\" data-end=\"2679\"><strong data-start=\"2594\" data-end=\"2625\">MPP-Bereich bei voller Leistung:<\/strong> 240 \u2013 870 V<\/li>\n<li data-start=\"2682\" data-end=\"2816\"><strong data-start=\"2682\" data-end=\"2716\">Maximal nutzbare PV-Leistung:<\/strong> bis zu 30 kWp (DC) mit typischer industrieller \u00dcberdimensionierung<\/li>\n<li data-start=\"2819\" data-end=\"2918\"><strong data-start=\"2819\" data-end=\"2843\">Schutzgrad:<\/strong> IP66 (Au\u00dfeninstallation)<\/li>\n<li data-start=\"2819\" data-end=\"2918\"><strong>Abmessungen: <\/strong>86,5 x 57,4 x 27,9 cm<\/li>\n<li data-start=\"2819\" data-end=\"2918\"><strong>Gewicht:<\/strong> 43,0 kg<\/li>\n<\/ul>\n<h2 data-start=\"2925\" data-end=\"2953\">Empfohlene Anwendungen<\/h2>\n<p data-start=\"2954\" data-end=\"3002\">Dreiphasiger Hybrid-Wechselrichter mit 30 kW, ideal f\u00fcr:<\/p>\n<ul>\n<li data-start=\"3005\" data-end=\"3071\">Industriegeb\u00e4ude und KMU mit hohem Tages-\/Nachtbedarf.<\/li>\n<li data-start=\"3074\" data-end=\"3141\">Landwirtschaft und Pumpen, wo die dreiphasige Sicherung Ausf\u00e4lle verhindert.<\/li>\n<li data-start=\"3144\" data-end=\"3212\">Wohnblocks und gemeinschaftlicher Eigenverbrauch mit HV-Batterien.<\/li>\n<li data-start=\"3215\" data-end=\"3358\">Projekte, die Eigenverbrauch + Speicherung + Backup ohne Neugestaltung des Systems in zwei Jahren anstreben.<\/li>\n<\/ul>\n<h2 data-start=\"3420\" data-end=\"3826\">Technisches Datenblatt des Fronius Verto 30.0 Plus Hybrid-Wechselrichters Dreiphasig \u2013 4.210.458<\/h2>\n<p><a href=\"https:\/\/fvcomponentes.com\/wp-content\/uploads\/2025\/11\/Fronius_TDS_VERTO_15.0-33.3_Plus_EN.pdf\" target=\"_blank\" rel=\"noopener\">Technisches Datenblatt des Fronius Verto 30.0 Plus Hybrid-Wechselrichters Dreiphasig \u2013 4.210.458<\/a><\/p>\n<h3>Installationshandbuch f\u00fcr den Fronius Verto 30.0 Plus Hybrid-Wechselrichter Dreiphasig \u2013 4.210.458<\/h3>\n<p><a href=\"https:\/\/fvcomponentes.com\/wp-content\/uploads\/2025\/11\/Fronius_Quick_Start_Guide_VERTO_Plus_15.0-33.3_EN.pdf\" target=\"_blank\" rel=\"noopener\">Installationshandbuch f\u00fcr den Fronius Verto 30.0 Plus Hybrid-Wechselrichter Dreiphasig \u2013 4.210.458<\/a><\/p>","protected":false},"excerpt":{"rendered":"<p><span style=\"color: #ff0000\"><strong>N\u00e4chste Verf\u00fcgbarkeit am 8. April!<\/strong><\/span><\/p>\n<ul>\n<li data-start=\"2169\" data-end=\"2203\"><strong data-start=\"2169\" data-end=\"2193\">Nennleistung AC:<\/strong> 29,9 kW<\/li>\n<li data-start=\"2206\" data-end=\"2232\"><strong data-start=\"2206\" data-end=\"2214\">Phase:<\/strong> Dreiphasig<\/li>\n<li data-start=\"2235\" data-end=\"2254\"><strong data-start=\"2235\" data-end=\"2250\">Anzahl der MPPT:<\/strong> 3<\/li>\n<li data-start=\"2257\" data-end=\"2339\"><b>Effizienz: 97,96%<\/b><\/li>\n<li data-start=\"2512\" data-end=\"2591\">\n<div class=\"baywa-details-fields\"><span class=\"baywa-details-label\"><strong>Kompatible Batterien:<\/strong><\/span><span class=\"baywa-details-values\"> Fronius Reserva, BYD Battery-Box Premium HVM+ und HVS+<\/span><\/div>\n<\/li>\n<li data-start=\"2819\" data-end=\"2918\"><strong data-start=\"2819\" data-end=\"2843\">Schutzgrad:<\/strong> IP66 (Au\u00dfeninstallation)<\/li>\n<\/ul>","protected":false},"featured_media":33949,"comment_status":"closed","ping_status":"closed","template":"","meta":{"site-sidebar-layout":"default","site-content-layout":"","ast-site-content-layout":"default","site-content-style":"default","site-sidebar-style":"default","ast-global-header-display":"","ast-banner-title-visibility":"","ast-main-header-display":"","ast-hfb-above-header-display":"","ast-hfb-below-header-display":"","ast-hfb-mobile-header-display":"","site-post-title":"","ast-breadcrumbs-content":"","ast-featured-img":"","footer-sml-layout":"","ast-disable-related-posts":"","theme-transparent-header-meta":"default","adv-header-id-meta":"","stick-header-meta":"","header-above-stick-meta":"","header-main-stick-meta":"","header-below-stick-meta":"","astra-migrate-meta-layouts":"set","ast-page-background-enabled":"default","ast-page-background-meta":{"desktop":{"background-color":"var(--ast-global-color-4)","background-image":"","background-repeat":"repeat","background-position":"center center","background-size":"auto","background-attachment":"scroll","background-type":"","background-media":"","overlay-type":"","overlay-color":"","overlay-opacity":"","overlay-gradient":""},"tablet":{"background-color":"","background-image":"","background-repeat":"repeat","background-position":"center center","background-size":"auto","background-attachment":"scroll","background-type":"","background-media":"","overlay-type":"","overlay-color":"","overlay-opacity":"","overlay-gradient":""},"mobile":{"background-color":"","background-image":"","background-repeat":"repeat","background-position":"center center","background-size":"auto","background-attachment":"scroll","background-type":"","background-media":"","overlay-type":"","overlay-color":"","overlay-opacity":"","overlay-gradient":""}},"ast-content-background-meta":{"desktop":{"background-color":"var(--ast-global-color-5)","background-image":"","background-repeat":"repeat","background-position":"center center","background-size":"auto","background-attachment":"scroll","background-type":"","background-media":"","overlay-type":"","overlay-color":"","overlay-opacity":"","overlay-gradient":""},"tablet":{"background-color":"var(--ast-global-color-5)","background-image":"","background-repeat":"repeat","background-position":"center center","background-size":"auto","background-attachment":"scroll","background-type":"","background-media":"","overlay-type":"","overlay-color":"","overlay-opacity":"","overlay-gradient":""},"mobile":{"background-color":"var(--ast-global-color-5)","background-image":"","background-repeat":"repeat","background-position":"center center","background-size":"auto","background-attachment":"scroll","background-type":"","background-media":"","overlay-type":"","overlay-color":"","overlay-opacity":"","overlay-gradient":""}}},"pwb-brand":[344],"product_brand":[],"product_cat":[333,923],"product_tag":[],"class_list":{"0":"post-33945","1":"product","2":"type-product","3":"status-publish","4":"has-post-thumbnail","6":"pwb-brand-fronius","7":"product_cat-inversores","8":"product_cat-inversores-autoconsumo-hibridos-trifasicos","9":"desktop-align-left","10":"tablet-align-left","11":"mobile-align-left","12":"ast-product-gallery-layout-horizontal-slider","13":"ast-product-tabs-layout-horizontal","15":"first","16":"instock","17":"taxable","18":"shipping-taxable","19":"purchasable","20":"product-type-simple"},"wcpa_form_fields":null,"brands":[{"id":344,"name":"Fronius-Wechselrichter","slug":"fronius"}],"_links":{"self":[{"href":"https:\/\/fvcomponentes.com\/de\/wp-json\/wp\/v2\/product\/33945","targetHints":{"allow":["GET"]}}],"collection":[{"href":"https:\/\/fvcomponentes.com\/de\/wp-json\/wp\/v2\/product"}],"about":[{"href":"https:\/\/fvcomponentes.com\/de\/wp-json\/wp\/v2\/types\/product"}],"replies":[{"embeddable":true,"href":"https:\/\/fvcomponentes.com\/de\/wp-json\/wp\/v2\/comments?post=33945"}],"wp:featuredmedia":[{"embeddable":true,"href":"https:\/\/fvcomponentes.com\/de\/wp-json\/wp\/v2\/media\/33949"}],"wp:attachment":[{"href":"https:\/\/fvcomponentes.com\/de\/wp-json\/wp\/v2\/media?parent=33945"}],"wp:term":[{"taxonomy":"pwb-brand","embeddable":true,"href":"https:\/\/fvcomponentes.com\/de\/wp-json\/wp\/v2\/pwb-brand?post=33945"},{"taxonomy":"product_brand","embeddable":true,"href":"https:\/\/fvcomponentes.com\/de\/wp-json\/wp\/v2\/product_brand?post=33945"},{"taxonomy":"product_cat","embeddable":true,"href":"https:\/\/fvcomponentes.com\/de\/wp-json\/wp\/v2\/product_cat?post=33945"},{"taxonomy":"product_tag","embeddable":true,"href":"https:\/\/fvcomponentes.com\/de\/wp-json\/wp\/v2\/product_tag?post=33945"}],"curies":[{"name":"wp","href":"https:\/\/api.w.org\/{rel}","templated":true}]}}