{"id":3393,"date":"2021-05-27T09:03:07","date_gmt":"2021-05-27T07:03:07","guid":{"rendered":"https:\/\/fvcomponentes.com\/producto\/armario-rack-baterias-pylontech-15u-ic-wcb15-66-baa\/"},"modified":"2025-09-16T07:29:09","modified_gmt":"2025-09-16T05:29:09","slug":"pylontech-batterie-rack-schrank-15u-ic-wcb15-66-baa","status":"publish","type":"product","link":"https:\/\/fvcomponentes.com\/de\/producto\/armario-rack-baterias-pylontech-15u-ic-wcb15-66-baa\/","title":{"rendered":"Pylontech 15U Batterie-Rack-Schrank - IC-WCB15-66-BAA"},"content":{"rendered":"<h2>Pylontech 15U Batterie-Rack-Schrank - IC-WCB15-66-BAA<\/h2>\n<p>Rack-Schrank f\u00fcr die Lagerung von Lithium-Batterien in 15U-Photovoltaikanlagen. Eine perfekte L\u00f6sung f\u00fcr die Lagerung jeglicher Art von Lithiumbatterien oder anderer elektronischer Komponenten f\u00fcr Telekommunikations-, Sicherheits- oder Datenspeichersysteme. Diese Schr\u00e4nke bieten nicht nur Sicherheit und Ordnung, sondern auch einen schnellen und einfachen Zugang zu den gelagerten Komponenten.<\/p>\n<h3>Vielseitige Speicherl\u00f6sung<\/h3>\n<p>Neben der Lagerung von Modulen, die mit der Rackschrankstruktur kompatibel sind, wie z. B. Lithiumbatterien <a href=\"https:\/\/fvcomponentes.com\/de\/produktkategorie\/batterien\/48-v-lithium-batterien\/\" target=\"_blank\" rel=\"noopener\">Pylontech<\/a> oder Turbo Energy, erm\u00f6glicht die Unterbringung anderer, nicht kompatibler Komponenten, wie z.B. Recorder oder Speichereinheiten, durch Regale. Um die Aufbewahrungsm\u00f6glichkeiten weiter zu erh\u00f6hen und an die jeweiligen Bed\u00fcrfnisse anzupassen, ist eine breite Palette von Zubeh\u00f6r erh\u00e4ltlich.<\/p>\n<p>Er hat zwei Kabelkan\u00e4le, einen in der Decke und einen im Boden, und der Rahmen hat eine Tragf\u00e4higkeit von bis zu 60 kg.<\/p>\n<h3>Robustes und funktionelles Design<\/h3>\n<p>Das MicroConnect-Batterierack-Geh\u00e4use wurde mit Blick auf Funktionalit\u00e4t und Langlebigkeit entwickelt und aus 1,5 mm dickem, kaltgewalztem Stahlblech gefertigt. Das Glas der Frontt\u00fcr besteht aus 5 mm starkem, geh\u00e4rtetem Rauchglas, und die vorderen und hinteren, 48,26 cm langen und mit U-Ma\u00dfen gravierten Profile sind 2 mm stark. Die Seitent\u00fcren haben eine St\u00e4rke von 1,2 mm. Die Oberfl\u00e4che des Schranks ist entfettet, gebeizt und phosphatiert und die Beschichtung ist einbrennlackiert.<\/p>\n<p>Die gesamte Baugruppe ist sehr vielseitig, da die Seitenw\u00e4nde sehr leicht abnehmbar sind und die vordere und hintere T\u00fcr \u00fcber Schl\u00fcsselschl\u00f6sser verf\u00fcgen. Dar\u00fcber hinaus verf\u00fcgt die R\u00fcckt\u00fcr \u00fcber ein Schlitzsystem zur passiven Bel\u00fcftung des Schrankes.<\/p>\n<h2>Datenblatt Pylontech 15U Battery Rack IC-WCB15-66-BAA anzeigen<\/h2>\n<p><a href=\"https:\/\/fvcomponentes.com\/wp-content\/uploads\/2021\/05\/armario-mural-de-19-de-15u-y-600mm-de-fondo.pdf\" target=\"_blank\" rel=\"noopener\">Technisches Datenblatt Pylontech 15U Batterie-Rackschrank - IC-WCB15-66-BAA<\/a><\/p>","protected":false},"excerpt":{"rendered":"<ul>\n<li><strong>Kompatibel mit Lithium-Batterien<\/strong>Pylontech, Turbo Energy, Dyness, usw.<\/li>\n<li><strong>Kompatibel mit ETSI und internationalen 19\u2033-Normen.<\/strong><\/li>\n<li><strong>1,5 mm laminierte Platte<\/strong><\/li>\n<li><strong>Externe Messungen:<\/strong> 22HU H\u00f6he: 769 mm, Breite: 600 mm, Tiefe: 600 mm<\/li>\n<li><strong>Entspricht den Vorschriften:<\/strong> ANSI\/EIARS-310-D, DIN41491, TEIL1, IEC297-2, DIN41494, TEIL7, GB\/T3047.2-92<\/li>\n<\/ul>\n<p>&nbsp;<\/p>","protected":false},"featured_media":3391,"comment_status":"open","ping_status":"closed","template":"","meta":{"site-sidebar-layout":"default","site-content-layout":"default","ast-site-content-layout":"default","site-content-style":"default","site-sidebar-style":"default","ast-global-header-display":"","ast-banner-title-visibility":"","ast-main-header-display":"","ast-hfb-above-header-display":"","ast-hfb-below-header-display":"","ast-hfb-mobile-header-display":"","site-post-title":"","ast-breadcrumbs-content":"","ast-featured-img":"","footer-sml-layout":"","ast-disable-related-posts":"","theme-transparent-header-meta":"default","adv-header-id-meta":"","stick-header-meta":"","header-above-stick-meta":"","header-main-stick-meta":"","header-below-stick-meta":"","astra-migrate-meta-layouts":"set","ast-page-background-enabled":"default","ast-page-background-meta":{"desktop":{"background-color":"var(--ast-global-color-4)","background-image":"","background-repeat":"repeat","background-position":"center center","background-size":"auto","background-attachment":"scroll","background-type":"","background-media":"","overlay-type":"","overlay-color":"","overlay-opacity":"","overlay-gradient":""},"tablet":{"background-color":"","background-image":"","background-repeat":"repeat","background-position":"center center","background-size":"auto","background-attachment":"scroll","background-type":"","background-media":"","overlay-type":"","overlay-color":"","overlay-opacity":"","overlay-gradient":""},"mobile":{"background-color":"","background-image":"","background-repeat":"repeat","background-position":"center center","background-size":"auto","background-attachment":"scroll","background-type":"","background-media":"","overlay-type":"","overlay-color":"","overlay-opacity":"","overlay-gradient":""}},"ast-content-background-meta":{"desktop":{"background-color":"var(--ast-global-color-5)","background-image":"","background-repeat":"repeat","background-position":"center center","background-size":"auto","background-attachment":"scroll","background-type":"","background-media":"","overlay-type":"","overlay-color":"","overlay-opacity":"","overlay-gradient":""},"tablet":{"background-color":"var(--ast-global-color-5)","background-image":"","background-repeat":"repeat","background-position":"center center","background-size":"auto","background-attachment":"scroll","background-type":"","background-media":"","overlay-type":"","overlay-color":"","overlay-opacity":"","overlay-gradient":""},"mobile":{"background-color":"var(--ast-global-color-5)","background-image":"","background-repeat":"repeat","background-position":"center center","background-size":"auto","background-attachment":"scroll","background-type":"","background-media":"","overlay-type":"","overlay-color":"","overlay-opacity":"","overlay-gradient":""}}},"pwb-brand":[339],"product_brand":[],"product_cat":[414,340],"product_tag":[],"class_list":{"0":"post-3393","1":"product","2":"type-product","3":"status-publish","4":"has-post-thumbnail","6":"pwb-brand-pylontech","7":"product_cat-armarios-rack-para-baterias","8":"product_cat-baterias","9":"desktop-align-left","10":"tablet-align-left","11":"mobile-align-left","12":"ast-product-gallery-layout-horizontal-slider","13":"ast-product-gallery-with-no-image","14":"ast-product-tabs-layout-horizontal","16":"first","17":"instock","18":"taxable","19":"shipping-taxable","20":"purchasable","21":"product-type-simple"},"wcpa_form_fields":null,"brands":[{"id":339,"name":"Pylontech-Batterien","slug":"pylontech"}],"_links":{"self":[{"href":"https:\/\/fvcomponentes.com\/de\/wp-json\/wp\/v2\/product\/3393","targetHints":{"allow":["GET"]}}],"collection":[{"href":"https:\/\/fvcomponentes.com\/de\/wp-json\/wp\/v2\/product"}],"about":[{"href":"https:\/\/fvcomponentes.com\/de\/wp-json\/wp\/v2\/types\/product"}],"replies":[{"embeddable":true,"href":"https:\/\/fvcomponentes.com\/de\/wp-json\/wp\/v2\/comments?post=3393"}],"wp:featuredmedia":[{"embeddable":true,"href":"https:\/\/fvcomponentes.com\/de\/wp-json\/wp\/v2\/media\/3391"}],"wp:attachment":[{"href":"https:\/\/fvcomponentes.com\/de\/wp-json\/wp\/v2\/media?parent=3393"}],"wp:term":[{"taxonomy":"pwb-brand","embeddable":true,"href":"https:\/\/fvcomponentes.com\/de\/wp-json\/wp\/v2\/pwb-brand?post=3393"},{"taxonomy":"product_brand","embeddable":true,"href":"https:\/\/fvcomponentes.com\/de\/wp-json\/wp\/v2\/product_brand?post=3393"},{"taxonomy":"product_cat","embeddable":true,"href":"https:\/\/fvcomponentes.com\/de\/wp-json\/wp\/v2\/product_cat?post=3393"},{"taxonomy":"product_tag","embeddable":true,"href":"https:\/\/fvcomponentes.com\/de\/wp-json\/wp\/v2\/product_tag?post=3393"}],"curies":[{"name":"wp","href":"https:\/\/api.w.org\/{rel}","templated":true}]}}