{"id":3392,"date":"2021-05-27T09:03:04","date_gmt":"2021-05-27T07:03:04","guid":{"rendered":"https:\/\/fvcomponentes.com\/producto\/armario-rack-baterias-pylontech-22u-ncb22-68-cab-blanco\/"},"modified":"2025-09-16T07:34:23","modified_gmt":"2025-09-16T05:34:23","slug":"pylontech-batterie-rack-schrank-22u-ncb22-68-cab-weis","status":"publish","type":"product","link":"https:\/\/fvcomponentes.com\/de\/producto\/armario-rack-baterias-pylontech-22u-ncb22-68-cab-blanco\/","title":{"rendered":"Pylontech 22U Batterie-Rack-Schrank - NCB22-68-CAB - Wei\u00df"},"content":{"rendered":"<h2>Pylontech 22U Batterie-Rack-Schrank - NCB22-68-CAB - Wei\u00df<\/h2>\n<p>Rack-Schrank f\u00fcr die Lagerung von Lithium-Batterien in 22U-Photovoltaikanlagen in wei\u00df. Eine perfekte L\u00f6sung f\u00fcr die Lagerung jeglicher Art von Lithium-Batterien oder anderer elektronischer Komponenten f\u00fcr Telekommunikations-, Sicherheits- oder Datenspeichersysteme. Diese Schr\u00e4nke bieten nicht nur Sicherheit und Ordnung, sondern auch einen schnellen und einfachen Zugang zu den gelagerten Komponenten.<\/p>\n<h3>Vielseitige Speicherl\u00f6sung<\/h3>\n<p>Neben der Lagerung von Modulen, die mit der Rackschrankstruktur kompatibel sind, wie z. B. Lithiumbatterien <a href=\"https:\/\/fvcomponentes.com\/de\/produktkategorie\/batterien\/48-v-lithium-batterien\/\" target=\"_blank\" rel=\"noopener\">Pylontech<\/a> oder Turbo Energy, erm\u00f6glicht die Unterbringung anderer, nicht kompatibler Komponenten, wie z.B. Recorder oder Speichereinheiten, durch Regale. Um die Aufbewahrungsm\u00f6glichkeiten weiter zu erh\u00f6hen und an die jeweiligen Bed\u00fcrfnisse anzupassen, ist eine breite Palette von Zubeh\u00f6r erh\u00e4ltlich.<\/p>\n<p>Er hat zwei Kabelkan\u00e4le, einen in der Decke und einen im Boden, und der Rahmen hat eine Tragf\u00e4higkeit von bis zu 70 kg.<\/p>\n<h3>Robustes und funktionelles Design<\/h3>\n<p>Das MicroConnect-Batterierack-Geh\u00e4use wurde mit Blick auf Funktionalit\u00e4t und Langlebigkeit entwickelt und aus 1,5 mm dickem, kaltgewalztem Stahlblech gefertigt. Das Glas der Frontt\u00fcr besteht aus 5 mm starkem, geh\u00e4rtetem Rauchglas, und die vorderen und hinteren, 48,26 cm langen und mit U-Ma\u00dfen gravierten Profile sind 2 mm stark. Die Seitent\u00fcren haben eine St\u00e4rke von 1,2 mm. Die Oberfl\u00e4che des Schranks ist entfettet, gebeizt und phosphatiert und die Beschichtung ist einbrennlackiert.<\/p>\n<p>Die gesamte Baugruppe ist sehr vielseitig, da die Seitenw\u00e4nde sehr leicht abnehmbar sind und die vordere und hintere T\u00fcr \u00fcber Schl\u00fcsselschl\u00f6sser verf\u00fcgen. Dar\u00fcber hinaus verf\u00fcgt die R\u00fcckt\u00fcr \u00fcber ein Schlitzsystem zur passiven Bel\u00fcftung des Schrankes.<\/p>\n<p>Enth\u00e4lt einen Satz von 4 montierten Rollen, zwei mit Bremsen und zwei ohne Bremsen, und vier h\u00f6henverstellbare Beine.<\/p>\n<h2><\/h2>\n<p>&nbsp;<\/p>","protected":false},"excerpt":{"rendered":"<ul>\n<li><strong>Kompatibel mit Lithium-Batterien<\/strong>Pylontech, Turbo Energy, Dyness, usw.<\/li>\n<li><strong>Kompatibel mit ETSI und internationalen 19\u2033-Normen.<\/strong><\/li>\n<li><strong>1,5 mm laminierte Platte<\/strong><\/li>\n<li><strong>Externe Messungen:<\/strong> 22HU H\u00f6he: 1166 mm, Breite: 600 mm, Tiefe: 800 mm<\/li>\n<li><strong>Entspricht den Vorschriften:<\/strong> ANSI\/EIARS-310-D, DIN41491, TEIL1, IEC297-2, DIN41494, TEIL7, GB\/T3047.2-92<\/li>\n<li><strong>Inklusive Netz und verstellbaren Beinen<\/strong><\/li>\n<li><strong>Farbe:<\/strong> Wei\u00df<\/li>\n<\/ul>\n<p>&nbsp;<\/p>","protected":false},"featured_media":3387,"comment_status":"open","ping_status":"closed","template":"","meta":{"site-sidebar-layout":"default","site-content-layout":"default","ast-site-content-layout":"default","site-content-style":"default","site-sidebar-style":"default","ast-global-header-display":"","ast-banner-title-visibility":"","ast-main-header-display":"","ast-hfb-above-header-display":"","ast-hfb-below-header-display":"","ast-hfb-mobile-header-display":"","site-post-title":"","ast-breadcrumbs-content":"","ast-featured-img":"","footer-sml-layout":"","ast-disable-related-posts":"","theme-transparent-header-meta":"default","adv-header-id-meta":"","stick-header-meta":"","header-above-stick-meta":"","header-main-stick-meta":"","header-below-stick-meta":"","astra-migrate-meta-layouts":"set","ast-page-background-enabled":"default","ast-page-background-meta":{"desktop":{"background-color":"var(--ast-global-color-4)","background-image":"","background-repeat":"repeat","background-position":"center center","background-size":"auto","background-attachment":"scroll","background-type":"","background-media":"","overlay-type":"","overlay-color":"","overlay-opacity":"","overlay-gradient":""},"tablet":{"background-color":"","background-image":"","background-repeat":"repeat","background-position":"center center","background-size":"auto","background-attachment":"scroll","background-type":"","background-media":"","overlay-type":"","overlay-color":"","overlay-opacity":"","overlay-gradient":""},"mobile":{"background-color":"","background-image":"","background-repeat":"repeat","background-position":"center center","background-size":"auto","background-attachment":"scroll","background-type":"","background-media":"","overlay-type":"","overlay-color":"","overlay-opacity":"","overlay-gradient":""}},"ast-content-background-meta":{"desktop":{"background-color":"var(--ast-global-color-5)","background-image":"","background-repeat":"repeat","background-position":"center center","background-size":"auto","background-attachment":"scroll","background-type":"","background-media":"","overlay-type":"","overlay-color":"","overlay-opacity":"","overlay-gradient":""},"tablet":{"background-color":"var(--ast-global-color-5)","background-image":"","background-repeat":"repeat","background-position":"center center","background-size":"auto","background-attachment":"scroll","background-type":"","background-media":"","overlay-type":"","overlay-color":"","overlay-opacity":"","overlay-gradient":""},"mobile":{"background-color":"var(--ast-global-color-5)","background-image":"","background-repeat":"repeat","background-position":"center center","background-size":"auto","background-attachment":"scroll","background-type":"","background-media":"","overlay-type":"","overlay-color":"","overlay-opacity":"","overlay-gradient":""}}},"pwb-brand":[339],"product_brand":[],"product_cat":[414,340],"product_tag":[],"class_list":{"0":"post-3392","1":"product","2":"type-product","3":"status-publish","4":"has-post-thumbnail","6":"pwb-brand-pylontech","7":"product_cat-armarios-rack-para-baterias","8":"product_cat-baterias","9":"desktop-align-left","10":"tablet-align-left","11":"mobile-align-left","12":"ast-product-gallery-layout-horizontal-slider","13":"ast-product-tabs-layout-horizontal","15":"first","16":"instock","17":"taxable","18":"shipping-taxable","19":"purchasable","20":"product-type-simple"},"wcpa_form_fields":null,"brands":[{"id":339,"name":"Pylontech-Batterien","slug":"pylontech"}],"_links":{"self":[{"href":"https:\/\/fvcomponentes.com\/de\/wp-json\/wp\/v2\/product\/3392","targetHints":{"allow":["GET"]}}],"collection":[{"href":"https:\/\/fvcomponentes.com\/de\/wp-json\/wp\/v2\/product"}],"about":[{"href":"https:\/\/fvcomponentes.com\/de\/wp-json\/wp\/v2\/types\/product"}],"replies":[{"embeddable":true,"href":"https:\/\/fvcomponentes.com\/de\/wp-json\/wp\/v2\/comments?post=3392"}],"wp:featuredmedia":[{"embeddable":true,"href":"https:\/\/fvcomponentes.com\/de\/wp-json\/wp\/v2\/media\/3387"}],"wp:attachment":[{"href":"https:\/\/fvcomponentes.com\/de\/wp-json\/wp\/v2\/media?parent=3392"}],"wp:term":[{"taxonomy":"pwb-brand","embeddable":true,"href":"https:\/\/fvcomponentes.com\/de\/wp-json\/wp\/v2\/pwb-brand?post=3392"},{"taxonomy":"product_brand","embeddable":true,"href":"https:\/\/fvcomponentes.com\/de\/wp-json\/wp\/v2\/product_brand?post=3392"},{"taxonomy":"product_cat","embeddable":true,"href":"https:\/\/fvcomponentes.com\/de\/wp-json\/wp\/v2\/product_cat?post=3392"},{"taxonomy":"product_tag","embeddable":true,"href":"https:\/\/fvcomponentes.com\/de\/wp-json\/wp\/v2\/product_tag?post=3392"}],"curies":[{"name":"wp","href":"https:\/\/api.w.org\/{rel}","templated":true}]}}