{"id":3366,"date":"2021-05-26T08:00:13","date_gmt":"2021-05-26T06:00:13","guid":{"rendered":"https:\/\/fvcomponentes.com\/producto\/kit-estructura-aluminio-3-paneles-vertical-inclinacion-ajustable-suelo-sunfer-14-1v3\/"},"modified":"2026-02-19T12:29:43","modified_gmt":"2026-02-19T11:29:43","slug":"sunfer-14-1v3-aluminium-struktur-bausatz-3-vertikale-paneele-einstellbare-neigung-boden","status":"publish","type":"product","link":"https:\/\/fvcomponentes.com\/de\/producto\/kit-estructura-aluminio-3-paneles-vertical-inclinacion-ajustable-suelo-sunfer-14-1v3\/","title":{"rendered":"Bausatz aus Aluminium f\u00fcr 3 vertikale Platten. Einstellbare Neigung. Oberirdisch. Sonnenschirm 14.1V3"},"content":{"rendered":"<h2>Bausatz aus Aluminium f\u00fcr 3 vertikale Paneele - Einstellbare Neigung - Oberirdisch. Sonnenschirm 14.1V3<\/h2>\n<p>Der Sunfer 14.1V3 Aluminium-Strukturbausatz f\u00fcr 3 Paneele in vertikaler, einstellbarer Neigung f\u00fcr Flachd\u00e4cher besteht aus hochfestem Aluminium EN AW 6005A T6 und wurde speziell f\u00fcr die Anbringung auf Flachd\u00e4chern oder anderen Arten von Betonunterkonstruktionen entwickelt. Es handelt sich um einen vormontierten Tr\u00e4ger f\u00fcr die vertikale Positionierung der Platten. Dank seines Teleskopprofilsystems kann er in einem Winkel von 30\u00ba bis 50\u00ba montiert werden. Er nimmt Module mit einer maximalen Gr\u00f6\u00dfe von 2279 x 1150 mm und einer Dicke zwischen 30 und 45 mm auf und deckt eine breite Palette von Modellen und Herstellern ab, wie z. B. die Paneele von <a href=\"https:\/\/fvcomponentes.com\/de\/produkt\/kit-8x-panel-solar-ja-solar-405wp-mc4-evo2\/\" target=\"_blank\" rel=\"noopener\">Trina<\/a> die Sie auf unserer Website finden k\u00f6nnen.<\/p>\n<p>Diese Sunfer-Struktur ist so konstruiert, dass sie Winden von bis zu 150 km\/h standh\u00e4lt, was auf der Beaufort-Skala einem Hurrikan entspricht, der Fahrzeuge umwerfen kann. Damit ist sichergestellt, dass sie auf den meisten D\u00e4chern installiert werden kann, ohne dass die Gefahr besteht, dass sie bei normaler Windst\u00e4rke besch\u00e4digt wird. Um die Widerstandsf\u00e4higkeit gegen\u00fcber der maximalen Auslegungsgeschwindigkeit zu gew\u00e4hrleisten, m\u00fcssen geeignete Verankerungen verwendet und der vom Hersteller f\u00fcr die jeweilige Situation angegebene Ballast eingesetzt werden.<\/p>\n<p>Inklusive Schrauben aus rostfreiem Stahl A2-70 f\u00fcr die Montage. Schrauben f\u00fcr die Oberfl\u00e4chenverankerung sind nicht enthalten.<\/p>\n<h2>Bausatz aus Aluminium f\u00fcr 3 vertikale Paneele - Einstellbare Neigung - Oberirdisch. Sonnenschirm 14.1V3<\/h2>\n<p><a href=\"https:\/\/fvcomponentes.com\/wp-content\/uploads\/2024\/09\/Ficha-tecnica-Sunfer-14.1V3.pdf\" target=\"_blank\" rel=\"noopener\">Bausatz aus Aluminium f\u00fcr 3 vertikale Paneele - Einstellbare Neigung - Oberirdisch. Sonnenschirm 14.1V3<\/a><\/p>","protected":false},"excerpt":{"rendered":"<ul>\n<li><strong>Hergestellt aus Aluminium EN AW 6005A T6<\/strong><\/li>\n<li><strong>Einstellbare Neigung zwischen 30\u00ba und 50\u00ba.<\/strong><\/li>\n<li><strong>Anordnung der Module: Vertikal<\/strong><\/li>\n<li><strong>F\u00fcr flache Betonbel\u00e4ge<\/strong><\/li>\n<li><strong>Abmessungen: 239,0 x 20,0 x 22,0 cm<\/strong><\/li>\n<li><strong>Gewicht: 20,4 kg<\/strong><\/li>\n<\/ul>","protected":false},"featured_media":3367,"comment_status":"open","ping_status":"closed","template":"","meta":{"site-sidebar-layout":"default","site-content-layout":"default","ast-site-content-layout":"default","site-content-style":"default","site-sidebar-style":"default","ast-global-header-display":"","ast-banner-title-visibility":"","ast-main-header-display":"","ast-hfb-above-header-display":"","ast-hfb-below-header-display":"","ast-hfb-mobile-header-display":"","site-post-title":"","ast-breadcrumbs-content":"","ast-featured-img":"","footer-sml-layout":"","ast-disable-related-posts":"","theme-transparent-header-meta":"default","adv-header-id-meta":"","stick-header-meta":"","header-above-stick-meta":"","header-main-stick-meta":"","header-below-stick-meta":"","astra-migrate-meta-layouts":"set","ast-page-background-enabled":"default","ast-page-background-meta":{"desktop":{"background-color":"var(--ast-global-color-4)","background-image":"","background-repeat":"repeat","background-position":"center center","background-size":"auto","background-attachment":"scroll","background-type":"","background-media":"","overlay-type":"","overlay-color":"","overlay-opacity":"","overlay-gradient":""},"tablet":{"background-color":"","background-image":"","background-repeat":"repeat","background-position":"center center","background-size":"auto","background-attachment":"scroll","background-type":"","background-media":"","overlay-type":"","overlay-color":"","overlay-opacity":"","overlay-gradient":""},"mobile":{"background-color":"","background-image":"","background-repeat":"repeat","background-position":"center center","background-size":"auto","background-attachment":"scroll","background-type":"","background-media":"","overlay-type":"","overlay-color":"","overlay-opacity":"","overlay-gradient":""}},"ast-content-background-meta":{"desktop":{"background-color":"var(--ast-global-color-5)","background-image":"","background-repeat":"repeat","background-position":"center center","background-size":"auto","background-attachment":"scroll","background-type":"","background-media":"","overlay-type":"","overlay-color":"","overlay-opacity":"","overlay-gradient":""},"tablet":{"background-color":"var(--ast-global-color-5)","background-image":"","background-repeat":"repeat","background-position":"center center","background-size":"auto","background-attachment":"scroll","background-type":"","background-media":"","overlay-type":"","overlay-color":"","overlay-opacity":"","overlay-gradient":""},"mobile":{"background-color":"var(--ast-global-color-5)","background-image":"","background-repeat":"repeat","background-position":"center center","background-size":"auto","background-attachment":"scroll","background-type":"","background-media":"","overlay-type":"","overlay-color":"","overlay-opacity":"","overlay-gradient":""}}},"pwb-brand":[],"product_brand":[],"product_cat":[398,406],"product_tag":[],"class_list":{"0":"post-3366","1":"product","2":"type-product","3":"status-publish","4":"has-post-thumbnail","6":"product_cat-estructuras-placas-solares","7":"product_cat-estructuras-suelo","8":"desktop-align-left","9":"tablet-align-left","10":"mobile-align-left","11":"ast-product-gallery-layout-horizontal-slider","12":"ast-product-tabs-layout-horizontal","14":"first","15":"outofstock","16":"taxable","17":"shipping-taxable","18":"purchasable","19":"product-type-simple"},"wcpa_form_fields":null,"brands":[],"_links":{"self":[{"href":"https:\/\/fvcomponentes.com\/de\/wp-json\/wp\/v2\/product\/3366","targetHints":{"allow":["GET"]}}],"collection":[{"href":"https:\/\/fvcomponentes.com\/de\/wp-json\/wp\/v2\/product"}],"about":[{"href":"https:\/\/fvcomponentes.com\/de\/wp-json\/wp\/v2\/types\/product"}],"replies":[{"embeddable":true,"href":"https:\/\/fvcomponentes.com\/de\/wp-json\/wp\/v2\/comments?post=3366"}],"wp:featuredmedia":[{"embeddable":true,"href":"https:\/\/fvcomponentes.com\/de\/wp-json\/wp\/v2\/media\/3367"}],"wp:attachment":[{"href":"https:\/\/fvcomponentes.com\/de\/wp-json\/wp\/v2\/media?parent=3366"}],"wp:term":[{"taxonomy":"pwb-brand","embeddable":true,"href":"https:\/\/fvcomponentes.com\/de\/wp-json\/wp\/v2\/pwb-brand?post=3366"},{"taxonomy":"product_brand","embeddable":true,"href":"https:\/\/fvcomponentes.com\/de\/wp-json\/wp\/v2\/product_brand?post=3366"},{"taxonomy":"product_cat","embeddable":true,"href":"https:\/\/fvcomponentes.com\/de\/wp-json\/wp\/v2\/product_cat?post=3366"},{"taxonomy":"product_tag","embeddable":true,"href":"https:\/\/fvcomponentes.com\/de\/wp-json\/wp\/v2\/product_tag?post=3366"}],"curies":[{"name":"wp","href":"https:\/\/api.w.org\/{rel}","templated":true}]}}