{"id":3356,"date":"2021-05-20T11:17:18","date_gmt":"2021-05-20T09:17:18","guid":{"rendered":"https:\/\/fvcomponentes.com\/producto\/proteccion-combinada-sobretensiones-toscano-10002548\/"},"modified":"2026-01-07T10:34:54","modified_gmt":"2026-01-07T09:34:54","slug":"toscano-combi2-p32-t15-kombinierter-uberspannungsschutz-10002548","status":"publish","type":"product","link":"https:\/\/fvcomponentes.com\/de\/producto\/proteccion-combinada-contra-sobretensiones-toscano-combi2-p32-t15-10002548\/","title":{"rendered":"Toscano COMBI2 P32 T15 kombinierter \u00dcberspannungsschutz 10002548"},"content":{"rendered":"<h2>Toscano COMBI2 P32 T15 kombinierter \u00dcberspannungsschutz 10002548<\/h2>\n<p>Der kombinierte \u00dcberspannungsschutz Toscano COMBI2 P32 T15 10002548 sch\u00fctzt vor <strong>permanente \u00dcberspannungen<\/strong>\u00a0die durch die Erh\u00f6hung der Netzspannung verursacht werden, und von\u00a0<strong>transiente \u00dcberspannungen<\/strong>\u00a0durch Blitzschlag oder Netzumschaltung, in Anlagen\u00a0<strong>einphasig<\/strong>.<\/p>\n<div>Der Toscano COMBI2 P32 T15 vereint in einem Bauteil den allgemeinen Sicherungsautomaten (IGA), eine Ausl\u00f6sespule und den Vigivolt V2T und bietet somit Schutzfunktionen gegen transiente und permanente \u00dcberspannungen, was ihn zu einem besonders n\u00fctzlichen Element in Haushalten macht.<\/div>\n<h2>Was sind permanente \u00dcberspannungen?<\/h2>\n<p>Dauerhafte \u00dcberspannungen sind Spannungserh\u00f6hungen \u00fcber dem Nennwert, die auf einen Neutralleiterbruch in einem elektrischen Netz zur\u00fcckzuf\u00fchren sein k\u00f6nnen. Sie f\u00fchren zu einer \u00dcberhitzung elektrischer Ger\u00e4te, was deren Lebensdauer verk\u00fcrzt oder zu ihrer Zerst\u00f6rung f\u00fchrt. Schutzvorrichtungen gegen permanente und transiente \u00dcberspannungen werden neben dem Leistungsschalter (IGA) der Hauptschalttafel installiert, so dass dieser im Falle einer \u00dcberspannung ausl\u00f6st.<\/p>\n<h2>Was sind transiente \u00dcberspannungen?<\/h2>\n<p>Transiente \u00dcberspannungen sind Spannungsspitzen, die Kilovolt-Werte erreichen und in der Regel durch einen Blitzeinschlag oder durch Netzumschaltungen verursacht werden und schwere Sch\u00e4den an elektrischen und elektronischen Ger\u00e4ten verursachen. \u00dcberspannungsschutzger\u00e4te leiten den hohen Strom zur Erde ab, wenn die \u00dcberspannung einen bestimmten Wert erreicht. Toscano bietet eine komplette L\u00f6sung mit Ableitern an, die zum Aufbau eines korrekten Kaskadenschutzes von der Quelle der \u00dcberspannung bis zu den Empf\u00e4ngern erforderlich sind.<\/p>\n<table width=\"100%\">\n<tbody>\n<tr>\n<th scope=\"row\"><strong>SPEZIFIKATIONEN<\/strong><\/th>\n<th><strong>Werte<\/strong><\/th>\n<\/tr>\n<tr>\n<td><strong>Allgemein<\/strong><\/td>\n<td><\/td>\n<\/tr>\n<tr>\n<td>Betriebsspannung<\/td>\n<td>240 VAC<\/td>\n<\/tr>\n<tr>\n<td>Frequenz<\/td>\n<td>50-60 Hz<\/td>\n<\/tr>\n<tr>\n<td>Maximaler Anschlussquerschnitt<\/td>\n<td>25 mm\u00b2 (1,5 in\u00b2)<\/td>\n<\/tr>\n<tr>\n<td>Abmessungen (B x H x T) mm<\/td>\n<td>72 x 90 x 71<\/td>\n<\/tr>\n<tr>\n<td>Umweltpolitische Spielr\u00e4ume<\/td>\n<td>-20\u00ba...+70\u00ba C \/ 80% H.R.<\/td>\n<\/tr>\n<tr>\n<td>Schutz<\/td>\n<td>IP20<\/td>\n<\/tr>\n<tr>\n<td>Montage<\/td>\n<td>Schiene DIN35<\/td>\n<\/tr>\n<tr>\n<td>Anzahl der DIN-Module<\/td>\n<td>4<\/td>\n<\/tr>\n<tr>\n<td>Produktnormen<\/td>\n<td>UNE-EN 50550 \/ UNE-EN 61643-11 \/ UNE-EN 60898<\/td>\n<\/tr>\n<tr>\n<td><strong>Dauerhaft<\/strong><\/td>\n<td><\/td>\n<\/tr>\n<tr>\n<td>Ausl\u00f6sespannung<\/td>\n<td>265 VAC \u00b12%<\/td>\n<\/tr>\n<tr>\n<td>Antwort<\/td>\n<td>nach Standard<\/td>\n<\/tr>\n<tr>\n<td><strong>Vor\u00fcbergehend<\/strong><\/td>\n<td><\/td>\n<\/tr>\n<tr>\n<td>Maximale Intensit\u00e4t Imax<\/td>\n<td>15 kA<\/td>\n<\/tr>\n<tr>\n<td>Nennstrom In<\/td>\n<td>8 kA<\/td>\n<\/tr>\n<tr>\n<td>Schutzniveau Aufw\u00e4rts<\/td>\n<td>\u22641,5 kV<\/td>\n<\/tr>\n<tr>\n<td>Klasse<\/td>\n<td>II<\/td>\n<\/tr>\n<tr>\n<td><strong>IGA<\/strong><\/td>\n<td><\/td>\n<\/tr>\n<tr>\n<td>Nennstrom<\/td>\n<td>32A<\/td>\n<\/tr>\n<tr>\n<td>Kurve<\/td>\n<td>C<\/td>\n<\/tr>\n<tr>\n<td>Schneidleistung<\/td>\n<td>10 kA<\/td>\n<\/tr>\n<\/tbody>\n<\/table>\n<h2>Siehe Toscano COMBI2 P32 T15 Kombinierter \u00dcberspannungsschutz Datenblatt 10002548<\/h2>\n<p><a href=\"https:\/\/fvcomponentes.com\/wp-content\/uploads\/2024\/09\/Ficha-tecnica-Toscano-COMBI2-P32.pdf\" target=\"_blank\" rel=\"noopener\">Toscano COMBI2 P32 T15 Kombinierter \u00dcberspannungsschutz Datenblatt 10002548<\/a><\/p>","protected":false},"excerpt":{"rendered":"<p>Betriebsspannung: 240 VAC<br \/>\nSchutzart des Geh\u00e4uses: IP20<br \/>\nSchutz: TYP II<br \/>\n<strong>Dauerhafte Schutzwerte:<\/strong><br \/>\nAusl\u00f6sespannung: 265 VAC \u00b12%<br \/>\n<strong>\u00dcbergangsschutzwerte:<\/strong><br \/>\nMaximaler Imax-Strom: 15 kA<br \/>\nNennstrom In: 8 kA<\/p>\n<p>&nbsp;<\/p>","protected":false},"featured_media":3355,"comment_status":"open","ping_status":"closed","template":"","meta":{"site-sidebar-layout":"default","site-content-layout":"","ast-site-content-layout":"default","site-content-style":"default","site-sidebar-style":"default","ast-global-header-display":"","ast-banner-title-visibility":"","ast-main-header-display":"","ast-hfb-above-header-display":"","ast-hfb-below-header-display":"","ast-hfb-mobile-header-display":"","site-post-title":"","ast-breadcrumbs-content":"","ast-featured-img":"","footer-sml-layout":"","ast-disable-related-posts":"","theme-transparent-header-meta":"default","adv-header-id-meta":"","stick-header-meta":"","header-above-stick-meta":"","header-main-stick-meta":"","header-below-stick-meta":"","astra-migrate-meta-layouts":"set","ast-page-background-enabled":"default","ast-page-background-meta":{"desktop":{"background-color":"var(--ast-global-color-4)","background-image":"","background-repeat":"repeat","background-position":"center center","background-size":"auto","background-attachment":"scroll","background-type":"","background-media":"","overlay-type":"","overlay-color":"","overlay-opacity":"","overlay-gradient":""},"tablet":{"background-color":"","background-image":"","background-repeat":"repeat","background-position":"center center","background-size":"auto","background-attachment":"scroll","background-type":"","background-media":"","overlay-type":"","overlay-color":"","overlay-opacity":"","overlay-gradient":""},"mobile":{"background-color":"","background-image":"","background-repeat":"repeat","background-position":"center center","background-size":"auto","background-attachment":"scroll","background-type":"","background-media":"","overlay-type":"","overlay-color":"","overlay-opacity":"","overlay-gradient":""}},"ast-content-background-meta":{"desktop":{"background-color":"var(--ast-global-color-5)","background-image":"","background-repeat":"repeat","background-position":"center center","background-size":"auto","background-attachment":"scroll","background-type":"","background-media":"","overlay-type":"","overlay-color":"","overlay-opacity":"","overlay-gradient":""},"tablet":{"background-color":"var(--ast-global-color-5)","background-image":"","background-repeat":"repeat","background-position":"center center","background-size":"auto","background-attachment":"scroll","background-type":"","background-media":"","overlay-type":"","overlay-color":"","overlay-opacity":"","overlay-gradient":""},"mobile":{"background-color":"var(--ast-global-color-5)","background-image":"","background-repeat":"repeat","background-position":"center center","background-size":"auto","background-attachment":"scroll","background-type":"","background-media":"","overlay-type":"","overlay-color":"","overlay-opacity":"","overlay-gradient":""}}},"pwb-brand":[891],"product_brand":[],"product_cat":[410,1017],"product_tag":[],"class_list":{"0":"post-3356","1":"product","2":"type-product","3":"status-publish","4":"has-post-thumbnail","6":"pwb-brand-toscano","7":"product_cat-material-electrico","8":"product_cat-protecciones-contra-sobretensiones","9":"desktop-align-left","10":"tablet-align-left","11":"mobile-align-left","12":"ast-product-gallery-layout-horizontal-slider","13":"ast-product-gallery-with-no-image","14":"ast-product-tabs-layout-horizontal","16":"first","17":"instock","18":"taxable","19":"shipping-taxable","20":"purchasable","21":"product-type-simple"},"wcpa_form_fields":null,"brands":[{"id":891,"name":"Toscano","slug":"toskanisch"}],"_links":{"self":[{"href":"https:\/\/fvcomponentes.com\/de\/wp-json\/wp\/v2\/product\/3356","targetHints":{"allow":["GET"]}}],"collection":[{"href":"https:\/\/fvcomponentes.com\/de\/wp-json\/wp\/v2\/product"}],"about":[{"href":"https:\/\/fvcomponentes.com\/de\/wp-json\/wp\/v2\/types\/product"}],"replies":[{"embeddable":true,"href":"https:\/\/fvcomponentes.com\/de\/wp-json\/wp\/v2\/comments?post=3356"}],"wp:featuredmedia":[{"embeddable":true,"href":"https:\/\/fvcomponentes.com\/de\/wp-json\/wp\/v2\/media\/3355"}],"wp:attachment":[{"href":"https:\/\/fvcomponentes.com\/de\/wp-json\/wp\/v2\/media?parent=3356"}],"wp:term":[{"taxonomy":"pwb-brand","embeddable":true,"href":"https:\/\/fvcomponentes.com\/de\/wp-json\/wp\/v2\/pwb-brand?post=3356"},{"taxonomy":"product_brand","embeddable":true,"href":"https:\/\/fvcomponentes.com\/de\/wp-json\/wp\/v2\/product_brand?post=3356"},{"taxonomy":"product_cat","embeddable":true,"href":"https:\/\/fvcomponentes.com\/de\/wp-json\/wp\/v2\/product_cat?post=3356"},{"taxonomy":"product_tag","embeddable":true,"href":"https:\/\/fvcomponentes.com\/de\/wp-json\/wp\/v2\/product_tag?post=3356"}],"curies":[{"name":"wp","href":"https:\/\/api.w.org\/{rel}","templated":true}]}}