{"id":3351,"date":"2021-05-26T07:34:17","date_gmt":"2021-05-26T05:34:17","guid":{"rendered":"https:\/\/fvcomponentes.com\/producto\/kit-estructura-aluminio-4-paneles-vertical-30o-suelo-sunfer-09v4_30\/"},"modified":"2026-02-19T11:17:45","modified_gmt":"2026-02-19T10:17:45","slug":"aluminium-struktur-kit-4-vertikale-panele-30o-boden-sunfer-09v4_30","status":"publish","type":"product","link":"https:\/\/fvcomponentes.com\/de\/producto\/kit-estructura-aluminio-4-paneles-vertical-30o-suelo-sunfer-09v4_30\/","title":{"rendered":"Bausatz aus Aluminium f\u00fcr 4 vertikale Platten. 30\u00ba. Oberirdisch. Sonnenschirm 09V4_30"},"content":{"rendered":"<h2>Bausatz aus Aluminium f\u00fcr 4 vertikale Platten - 30\u00ba \u00fcber dem Boden. Sonnenschirm 09V4_30<\/h2>\n<p>Der Aluminium-Strukturbausatz f\u00fcr 4 vertikale Paneele - 30\u00ba \u00fcber dem Boden. Sunfer 09V4_30 besteht aus hochfestem Aluminium EN AW 6005A T6, das speziell f\u00fcr die Installation auf Flachd\u00e4chern oder anderen Arten von Betonunterkonstruktionen entwickelt wurde.<\/p>\n<p>Es handelt sich um eine vormontierte Halterung mit einer Standardneigung, die auf 15\u00b0 oder 30\u00b0 eingestellt werden kann, um die Platten vertikal zu positionieren.<\/p>\n<p>Es unterst\u00fctzt Module bis zu einer maximalen Gr\u00f6\u00dfe von 2279 x 1150 mm und einer Dicke zwischen 30 und 45 mm. Es wird von einer breiten Palette von Modellen und Herstellern abgedeckt, wie z. B. Paneele von <a href=\"https:\/\/fvcomponentes.com\/de\/produktkategorie\/sonnenkollektoren\/sonnenkollektoren-12-v\/\" target=\"_blank\" rel=\"noopener\">Victron<\/a> die Sie auf unserer Website finden k\u00f6nnen.<\/p>\n<p>Diese Sunfer-Struktur ist so konstruiert, dass sie Winden von bis zu 150 km\/h standh\u00e4lt, was auf der Beaufort-Skala einer Orkanst\u00e4rke entspricht, die Fahrzeuge umwerfen kann.<\/p>\n<p>Damit ist sichergestellt, dass es auf den meisten D\u00e4chern installiert werden kann, ohne dass die Gefahr besteht, dass es bei normaler Windeinwirkung besch\u00e4digt wird.<\/p>\n<p>Um die Widerstandsf\u00e4higkeit gegen\u00fcber der bauartbedingten H\u00f6chstgeschwindigkeit zu gew\u00e4hrleisten, sind geeignete Verankerungen zu verwenden, und es ist der vom Hersteller f\u00fcr die jeweilige Situation angegebene Ballast zu verwenden.<\/p>\n<p>Inklusive Schrauben aus rostfreiem Stahl A2-70 f\u00fcr die Montage. Schrauben f\u00fcr die Oberfl\u00e4chenverankerung sind nicht enthalten.<\/p>\n<h3>Technisches Datenblatt des Bausatzes der Aluminiumstruktur f\u00fcr 4 vertikale Paneele - 30\u00ba \u00fcber dem Boden. Sonnenschirm 09V4_30<\/h3>\n<p><a href=\"https:\/\/fvcomponentes.com\/wp-content\/uploads\/2024\/09\/Ficha-tecnica-Sunfer-09V4_30.pdf\" target=\"_blank\" rel=\"noopener\">Siehe technisches Datenblatt des Bausatzes der Aluminiumstruktur f\u00fcr 4 vertikale Platten - 30\u00ba \u00fcber dem Boden. Sunfer 09V4_30<\/a><\/p>","protected":false},"excerpt":{"rendered":"<ul>\n<li><strong>Hergestellt aus Aluminium EN AW 6005A T6<\/strong><\/li>\n<li><strong>15\u00ba oder 30\u00ba Neigung<\/strong><\/li>\n<li><strong>Anordnung der Module: Vertikal<\/strong><\/li>\n<li><strong>F\u00fcr Flachd\u00e4cher<\/strong><\/li>\n<li><strong>Abmessungen: 195,0 x 20,0 x 22,0 cm<\/strong><\/li>\n<li><strong>Gewicht: 18,1 kg<\/strong><\/li>\n<\/ul>","protected":false},"featured_media":3352,"comment_status":"open","ping_status":"closed","template":"","meta":{"site-sidebar-layout":"default","site-content-layout":"default","ast-site-content-layout":"default","site-content-style":"default","site-sidebar-style":"default","ast-global-header-display":"","ast-banner-title-visibility":"","ast-main-header-display":"","ast-hfb-above-header-display":"","ast-hfb-below-header-display":"","ast-hfb-mobile-header-display":"","site-post-title":"","ast-breadcrumbs-content":"","ast-featured-img":"","footer-sml-layout":"","ast-disable-related-posts":"","theme-transparent-header-meta":"default","adv-header-id-meta":"","stick-header-meta":"","header-above-stick-meta":"","header-main-stick-meta":"","header-below-stick-meta":"","astra-migrate-meta-layouts":"set","ast-page-background-enabled":"default","ast-page-background-meta":{"desktop":{"background-color":"var(--ast-global-color-4)","background-image":"","background-repeat":"repeat","background-position":"center center","background-size":"auto","background-attachment":"scroll","background-type":"","background-media":"","overlay-type":"","overlay-color":"","overlay-opacity":"","overlay-gradient":""},"tablet":{"background-color":"","background-image":"","background-repeat":"repeat","background-position":"center center","background-size":"auto","background-attachment":"scroll","background-type":"","background-media":"","overlay-type":"","overlay-color":"","overlay-opacity":"","overlay-gradient":""},"mobile":{"background-color":"","background-image":"","background-repeat":"repeat","background-position":"center center","background-size":"auto","background-attachment":"scroll","background-type":"","background-media":"","overlay-type":"","overlay-color":"","overlay-opacity":"","overlay-gradient":""}},"ast-content-background-meta":{"desktop":{"background-color":"var(--ast-global-color-5)","background-image":"","background-repeat":"repeat","background-position":"center center","background-size":"auto","background-attachment":"scroll","background-type":"","background-media":"","overlay-type":"","overlay-color":"","overlay-opacity":"","overlay-gradient":""},"tablet":{"background-color":"var(--ast-global-color-5)","background-image":"","background-repeat":"repeat","background-position":"center center","background-size":"auto","background-attachment":"scroll","background-type":"","background-media":"","overlay-type":"","overlay-color":"","overlay-opacity":"","overlay-gradient":""},"mobile":{"background-color":"var(--ast-global-color-5)","background-image":"","background-repeat":"repeat","background-position":"center center","background-size":"auto","background-attachment":"scroll","background-type":"","background-media":"","overlay-type":"","overlay-color":"","overlay-opacity":"","overlay-gradient":""}}},"pwb-brand":[],"product_brand":[],"product_cat":[398,406],"product_tag":[],"class_list":{"0":"post-3351","1":"product","2":"type-product","3":"status-publish","4":"has-post-thumbnail","6":"product_cat-estructuras-placas-solares","7":"product_cat-estructuras-suelo","8":"desktop-align-left","9":"tablet-align-left","10":"mobile-align-left","11":"ast-product-gallery-layout-horizontal-slider","12":"ast-product-tabs-layout-horizontal","14":"first","15":"outofstock","16":"taxable","17":"shipping-taxable","18":"purchasable","19":"product-type-simple"},"wcpa_form_fields":null,"brands":[],"_links":{"self":[{"href":"https:\/\/fvcomponentes.com\/de\/wp-json\/wp\/v2\/product\/3351","targetHints":{"allow":["GET"]}}],"collection":[{"href":"https:\/\/fvcomponentes.com\/de\/wp-json\/wp\/v2\/product"}],"about":[{"href":"https:\/\/fvcomponentes.com\/de\/wp-json\/wp\/v2\/types\/product"}],"replies":[{"embeddable":true,"href":"https:\/\/fvcomponentes.com\/de\/wp-json\/wp\/v2\/comments?post=3351"}],"wp:featuredmedia":[{"embeddable":true,"href":"https:\/\/fvcomponentes.com\/de\/wp-json\/wp\/v2\/media\/3352"}],"wp:attachment":[{"href":"https:\/\/fvcomponentes.com\/de\/wp-json\/wp\/v2\/media?parent=3351"}],"wp:term":[{"taxonomy":"pwb-brand","embeddable":true,"href":"https:\/\/fvcomponentes.com\/de\/wp-json\/wp\/v2\/pwb-brand?post=3351"},{"taxonomy":"product_brand","embeddable":true,"href":"https:\/\/fvcomponentes.com\/de\/wp-json\/wp\/v2\/product_brand?post=3351"},{"taxonomy":"product_cat","embeddable":true,"href":"https:\/\/fvcomponentes.com\/de\/wp-json\/wp\/v2\/product_cat?post=3351"},{"taxonomy":"product_tag","embeddable":true,"href":"https:\/\/fvcomponentes.com\/de\/wp-json\/wp\/v2\/product_tag?post=3351"}],"curies":[{"name":"wp","href":"https:\/\/api.w.org\/{rel}","templated":true}]}}