{"id":3344,"date":"2021-04-22T08:11:53","date_gmt":"2021-04-22T06:11:53","guid":{"rendered":"https:\/\/fvcomponentes.com\/producto\/adaptador-victron-ve-bus-smart-dongle\/"},"modified":"2026-04-08T21:30:49","modified_gmt":"2026-04-08T19:30:49","slug":"victron-ve-bus-smart-dongle-adapter","status":"publish","type":"product","link":"https:\/\/fvcomponentes.com\/de\/producto\/adaptador-victron-ve-bus-smart-dongle\/","title":{"rendered":"Victron VE.Bus Smart Dongle Adapter - ASS030537010"},"content":{"rendered":"<h2>Victron VE.Bus Smart Dongle Adapter<\/h2>\n<div class=\"oSioSc\">\n<div id=\"tw-target\">\n<div id=\"tw-target-text-container\" class=\"gsrt tw-ta-container tw-nfl\">\n<p id=\"tw-target-text\" class=\"tw-data-text tw-ta tw-text-small\" dir=\"ltr\"><span lang=\"es\">Der Victron VE.Bus Smart Dongle ist eine Bluetooth Smart-f\u00e4hige VE.Bus-Schnittstelle mit Temperatur- und Batteriespannungssensor. Dieses Ger\u00e4t \u00fcbertr\u00e4gt Systeminformationen \u00fcber die kostenlose App direkt auf Ihr Smartphone. <a href=\"https:\/\/www.victronenergy.com.es\/panel-systems-remote-monitoring\/victronconnect\" target=\"_blank\" rel=\"noopener\">VictronConnect.<\/a><\/span><\/p>\n<\/div>\n<\/div>\n<\/div>\n<h2>Eigenschaften<\/h2>\n<p>Es handelt sich um ein Bluetooth-Zubeh\u00f6r f\u00fcr die Wechselrichter-\/Ladeger\u00e4te-Serie: Multis, MultiPlus, MultiPlus-II, MultiGrid, MultiGrid-II, Quattros und die Phoenix-Wechselrichter-Serie mit VE.Bus-Anschluss.<\/p>\n<p>Nach der Installation k\u00f6nnen Sie mit der VictronConnect App die Leistung \u00fcberwachen und das System bedienen: Sie k\u00f6nnen die Eingangsstromgrenze \u00e4ndern und zwischen den Modi Aus, Ein und Nur-Ladeger\u00e4t umschalten.<\/p>\n<p>Zweitens kann es als Spannungs- und Temperaturmessger\u00e4t f\u00fcr den Wechselrichter\/das Ladeger\u00e4t fungieren. Dies funktioniert mit allen Modellen, ist aber besonders n\u00fctzlich in Kombination mit dem MultiPlus-II, da dieser keine eingebauten Klemmen f\u00fcr die Verdrahtung der Spannungs- und Temperaturf\u00fchler hat.<\/p>\n<p>F\u00fcr die \u00dcberwachung ist das Ger\u00e4t eine hervorragende Alternative in Caravans, kleineren Yachten und Wohnmobilen, f\u00fcr die Color Control GX oder Venus GX zu weit entfernt sind.<\/p>\n<p>Smart Dongle funktioniert mit anderen Produkten <a href=\"https:\/\/fvcomponentes.com\/de\/marke\/victron\/\" target=\"_blank\" rel=\"noopener\">Victron<\/a> mit VE.Direct-Anschl\u00fcssen.<\/p>\n<p>Es ist unter anderem mit Phoenix-Wechselrichtern, MPPT-Ladereglern und BMV-Monitoren kompatibel.<\/p>\n<h2>Datenblatt Victron VE.Bus Smart Dongle Adapter - ASS030537010<\/h2>\n<p><a href=\"https:\/\/fvcomponentes.com\/wp-content\/uploads\/2025\/09\/temperature_sensors.pdf\" target=\"_blank\" rel=\"noopener\">Victron VE.Bus Smart Dongle Adapter Datenblatt anzeigen - ASS030537010<\/a><\/p>","protected":false},"excerpt":{"rendered":"<p>VE Bus-Schnittstelle mit Bluetooth Smart aktiviert. Der VE. Bus Smart Dongle vereint zwei Ger\u00e4te in einem. Zum einen die Bluetooth- und VE. Bus-Verbindung und andererseits erkennt er die Spannung und Temperatur des Wechselrichters\/Ladeger\u00e4ts.<\/p>\n<p>Enth\u00e4lt:<\/p>\n<ol>\n<li class=\"level1\">\n<div class=\"li\">VE.Bus Smart Dongle<\/div>\n<\/li>\n<li class=\"level1\">\n<div class=\"li\">Rotes (+) Batterieanschlusskabel mit 10-mm-Durchf\u00fchrung und Inline-Sicherung.<\/div>\n<\/li>\n<li class=\"level1\">\n<div class=\"li\">Batterieanschlusskabel schwarz (-) mit 10 mm T\u00fclle<\/div>\n<\/li>\n<li class=\"level1\">\n<div class=\"li\">Anschlussblock mit Schraubklemmen.<\/div>\n<\/li>\n<\/ol>","protected":false},"featured_media":3346,"comment_status":"open","ping_status":"closed","template":"","meta":{"site-sidebar-layout":"default","site-content-layout":"default","ast-site-content-layout":"default","site-content-style":"default","site-sidebar-style":"default","ast-global-header-display":"","ast-banner-title-visibility":"","ast-main-header-display":"","ast-hfb-above-header-display":"","ast-hfb-below-header-display":"","ast-hfb-mobile-header-display":"","site-post-title":"","ast-breadcrumbs-content":"","ast-featured-img":"","footer-sml-layout":"","ast-disable-related-posts":"","theme-transparent-header-meta":"default","adv-header-id-meta":"","stick-header-meta":"","header-above-stick-meta":"","header-main-stick-meta":"","header-below-stick-meta":"","astra-migrate-meta-layouts":"set","ast-page-background-enabled":"default","ast-page-background-meta":{"desktop":{"background-color":"var(--ast-global-color-4)","background-image":"","background-repeat":"repeat","background-position":"center center","background-size":"auto","background-attachment":"scroll","background-type":"","background-media":"","overlay-type":"","overlay-color":"","overlay-opacity":"","overlay-gradient":""},"tablet":{"background-color":"","background-image":"","background-repeat":"repeat","background-position":"center center","background-size":"auto","background-attachment":"scroll","background-type":"","background-media":"","overlay-type":"","overlay-color":"","overlay-opacity":"","overlay-gradient":""},"mobile":{"background-color":"","background-image":"","background-repeat":"repeat","background-position":"center center","background-size":"auto","background-attachment":"scroll","background-type":"","background-media":"","overlay-type":"","overlay-color":"","overlay-opacity":"","overlay-gradient":""}},"ast-content-background-meta":{"desktop":{"background-color":"var(--ast-global-color-5)","background-image":"","background-repeat":"repeat","background-position":"center center","background-size":"auto","background-attachment":"scroll","background-type":"","background-media":"","overlay-type":"","overlay-color":"","overlay-opacity":"","overlay-gradient":""},"tablet":{"background-color":"var(--ast-global-color-5)","background-image":"","background-repeat":"repeat","background-position":"center center","background-size":"auto","background-attachment":"scroll","background-type":"","background-media":"","overlay-type":"","overlay-color":"","overlay-opacity":"","overlay-gradient":""},"mobile":{"background-color":"var(--ast-global-color-5)","background-image":"","background-repeat":"repeat","background-position":"center center","background-size":"auto","background-attachment":"scroll","background-type":"","background-media":"","overlay-type":"","overlay-color":"","overlay-opacity":"","overlay-gradient":""}}},"pwb-brand":[332],"product_brand":[],"product_cat":[351,878,333,410],"product_tag":[],"class_list":{"0":"post-3344","1":"product","2":"type-product","3":"status-publish","4":"has-post-thumbnail","6":"pwb-brand-victron","7":"product_cat-accesorios","8":"product_cat-cables-victron","9":"product_cat-inversores","10":"product_cat-material-electrico","11":"desktop-align-left","12":"tablet-align-left","13":"mobile-align-left","14":"ast-product-gallery-layout-horizontal-slider","15":"ast-product-tabs-layout-horizontal","17":"first","18":"instock","19":"taxable","20":"shipping-taxable","21":"purchasable","22":"product-type-simple"},"wcpa_form_fields":null,"brands":[{"id":332,"name":"Victron Energie","slug":"victron"}],"_links":{"self":[{"href":"https:\/\/fvcomponentes.com\/de\/wp-json\/wp\/v2\/product\/3344","targetHints":{"allow":["GET"]}}],"collection":[{"href":"https:\/\/fvcomponentes.com\/de\/wp-json\/wp\/v2\/product"}],"about":[{"href":"https:\/\/fvcomponentes.com\/de\/wp-json\/wp\/v2\/types\/product"}],"replies":[{"embeddable":true,"href":"https:\/\/fvcomponentes.com\/de\/wp-json\/wp\/v2\/comments?post=3344"}],"wp:featuredmedia":[{"embeddable":true,"href":"https:\/\/fvcomponentes.com\/de\/wp-json\/wp\/v2\/media\/3346"}],"wp:attachment":[{"href":"https:\/\/fvcomponentes.com\/de\/wp-json\/wp\/v2\/media?parent=3344"}],"wp:term":[{"taxonomy":"pwb-brand","embeddable":true,"href":"https:\/\/fvcomponentes.com\/de\/wp-json\/wp\/v2\/pwb-brand?post=3344"},{"taxonomy":"product_brand","embeddable":true,"href":"https:\/\/fvcomponentes.com\/de\/wp-json\/wp\/v2\/product_brand?post=3344"},{"taxonomy":"product_cat","embeddable":true,"href":"https:\/\/fvcomponentes.com\/de\/wp-json\/wp\/v2\/product_cat?post=3344"},{"taxonomy":"product_tag","embeddable":true,"href":"https:\/\/fvcomponentes.com\/de\/wp-json\/wp\/v2\/product_tag?post=3344"}],"curies":[{"name":"wp","href":"https:\/\/api.w.org\/{rel}","templated":true}]}}