{"id":3332,"date":"2021-04-21T11:42:41","date_gmt":"2021-04-21T09:42:41","guid":{"rendered":"https:\/\/fvcomponentes.com\/producto\/victron-smartshunt-1000a-50mv\/"},"modified":"2026-04-09T19:21:33","modified_gmt":"2026-04-09T17:21:33","slug":"victron-smartshunt-1000a-50mv","status":"publish","type":"product","link":"https:\/\/fvcomponentes.com\/de\/producto\/victron-smartshunt-1000a-50mv\/","title":{"rendered":"Victron SmartShunt 1000A\/50mV - SHU050210050"},"content":{"rendered":"<div style=\"position:relative;padding-bottom:56.25%;height:0;margin-bottom:24px;\">\n  <iframe \n    src=\"https:\/\/www.youtube-nocookie.com\/embed\/6EXFWD8E_d4?rel=0&#038;modestbranding=1\"\n    style=\"position:absolute;top:0;left:0;width:100%;height:100%;border:0;\"\n    loading=\"lazy\"\n    allowfullscreen><br \/>\n  <\/iframe>\n<\/div>\n<p><script type=\"application\/ld+json\">{\n    \"@context\": \"https:\\\/\\\/schema.org\",\n    \"@type\": \"VideoObject\",\n    \"name\": \"CONFIGURACI\\u00d3N de tu VICTRON SMARTSHUNT 500A como un PRO\",\n    \"description\": \"Aprende a configurar de forma eficiente un Victron SmartShunt 500A utilizando la app Victron Connect en iOS y Android para monitorizar tu bater\\u00eda con precisi\\u00f3n y sacar el m\\u00e1ximo rendimiento a tu sistema.\",\n    \"thumbnailUrl\": \"https:\\\/\\\/i.ytimg.com\\\/vi\\\/6EXFWD8E_d4\\\/maxresdefault.jpg\",\n    \"uploadDate\": \"2026-04-09T00:00:00+02:00\",\n    \"contentUrl\": \"https:\\\/\\\/www.youtube.com\\\/watch?v=6EXFWD8E_d4\",\n    \"embedUrl\": \"https:\\\/\\\/www.youtube-nocookie.com\\\/embed\\\/6EXFWD8E_d4\",\n    \"publisher\": {\n        \"@type\": \"Organization\",\n        \"name\": \"FV Componentes\"\n    }\n}<\/script><\/p>\n<h2>Victron SmartShunt 1000A\/50mV<\/h2>\n<div class=\"hidden-xs\">\n<div class=\"productDetail__content-subheader\">\n<h2 class=\"productDetail__content-subheader-icon\">Der intelligente Batterie-Shunt<\/h2>\n<\/div>\n<\/div>\n<div class=\"productDetail__content-desc\">\n<p>Der Victron SmartShunt 1000A\/50mv ist ein All-in-One-Batteriemonitor, allerdings ohne Display. Er nutzt das Display Ihres Telefons f\u00fcr alle Einstellungen und das Ablesen der Parameter. Der SmartShunt verbindet sich \u00fcber Bluetooth mit der VictronConnect App auf Ihrem Telefon (oder Tablet), so dass Sie bequem alle \u00fcberwachten Batterieparameter ablesen k\u00f6nnen, wie z. B. den Ladezustand, die verbleibende Autonomie, historische Daten und vieles mehr.<\/p>\n<p>Er kann auch mit einem GX-Ger\u00e4t angeschlossen und ausgelesen werden. Der Anschluss an den SmartShunt erfolgt mit einem VE.Direct-Kabel, wie z.B. dem <a href=\"https:\/\/fvcomponentes.com\/de\/produkt\/victron-ve-direkt-kabel-3m\/\" target=\"_blank\" rel=\"noopener\">Victron VE.Direct 3m Kabel - ASS030530230.<\/a><\/p>\n<p><span class=\"a-list-item\">Parameter wie Ladestatus, verbleibende Zeit, Kursinformationen und vieles mehr k\u00f6nnen \u00fcberwacht werden. Der SmartShunt ist die perfekte Alternative f\u00fcr Systeme, bei denen weniger Verkabelung erw\u00fcnscht ist und bei denen eine permanente Anzeige pro Monitor, wie der BMV-Batteriemonitor, nicht die gew\u00fcnschte Option ist.<\/span><\/p>\n<p>Der SmartShunt verf\u00fcgt \u00fcber Bluetooth, einen VE.Direct-Port und einen Anschluss, der zur Steuerung einer zweiten Batterie, zur Verfolgung des Mittelpunkts oder zum Anschluss eines Temperatursensors verwendet werden kann.<\/p>\n<h2>SmartShunt 1000A\/50mV Merkmale<\/h2>\n<p><strong>Versorgungsspannung<\/strong> 6,5 - 70V DC<br \/>\n<strong>Stromverbrauch<\/strong> &lt; 1mA<br \/>\n<strong>Eingangsspannungsbereich, Hilfsbatterie<\/strong> 6,5 - 70V DC<br \/>\n<strong>Batteriekapazit\u00e4t (Ah)<\/strong> 1 - 9999Ah<br \/>\n<strong>Arbeitstemperaturbereich<\/strong> -40 +50\u00b0C (-40 - 120\u00b0F)<br \/>\n<strong>Temperatur-Messbereich<\/strong> -20 +50\u00b0C<br \/>\n<strong>Kommunikationsanschluss<\/strong> VE.Direct Ja<\/p>\n<h2>Aufl\u00f6sung und Genauigkeit<\/h2>\n<p><strong style=\"font-size: 16px;\">Aktuell<\/strong><span style=\"font-size: 16px;\"> \u00b1 0.01A<\/span><\/p>\n<\/div>\n<div class=\"productDetail__content-desc\">\n<p><strong>Spannung<\/strong> \u00b1 0.01V<br \/>\n<strong>Amperestunden<\/strong> \u00b1 0,1 Ah<br \/>\n<strong>Zustand der Ladung<\/strong> (0 - 100%) \u00b1 0,1%<br \/>\n<strong>Verbleibende Reichweite<\/strong> \u00b1 1 min<br \/>\n<strong>Temperatur<\/strong> (mit optional angeschlossenem Temperatursensor) \u00b1 1\u00b0C\/\u00b0F (0 - 50\u00b0C oder 30 - 120\u00b0F)<br \/>\n<strong>Genauigkeit der Strommessung<\/strong> \u00b1 0,4%<br \/>\n<strong>Entsch\u00e4digung<\/strong> Weniger als 20 \/ 40 \/ 80 mA<br \/>\n<strong>Genauigkeit der Spannungsmessung<\/strong> \u00b1 0,3%<\/p>\n<p><strong>Enth\u00e4lt zwei abgesicherte Kabel f\u00fcr den \"+\"-Anschluss und den Anschluss an eine Starterbatterie oder an den Mittelpunkt.<\/strong><\/p>\n<\/div>\n<h2>Datenblatt Victron SmartShunt 1000A\/50mV - SHU050210050<\/h2>\n<div class=\"productDetail__content-desc\">\n<p><a href=\"https:\/\/fvcomponentes.com\/wp-content\/uploads\/2021\/04\/Datasheet-SmartShunt-ES.pdf\" target=\"_blank\" rel=\"noopener\">Victron SmartShunt 1000A\/50mV Datenblatt anzeigen - SHU050210050<\/a><\/p>\n<\/div>","protected":false},"excerpt":{"rendered":"<p>SmartShunt 1000A\/50mv: All-in-One-Batterie\u00fcberwachungsger\u00e4t, das alle Einstellungen und Parameterwerte auf dem Handy-Bildschirm anzeigt. Verbindet sich \u00fcber Bluetooth mit der VictronConnect App, sodass Sie bequem den Ladezustand der Batterie, die verbleibende Autonomie, historische Daten usw. ablesen k\u00f6nnen.<\/p>","protected":false},"featured_media":3333,"comment_status":"open","ping_status":"closed","template":"","meta":{"site-sidebar-layout":"default","site-content-layout":"default","ast-site-content-layout":"default","site-content-style":"default","site-sidebar-style":"default","ast-global-header-display":"","ast-banner-title-visibility":"","ast-main-header-display":"","ast-hfb-above-header-display":"","ast-hfb-below-header-display":"","ast-hfb-mobile-header-display":"","site-post-title":"","ast-breadcrumbs-content":"","ast-featured-img":"","footer-sml-layout":"","ast-disable-related-posts":"","theme-transparent-header-meta":"default","adv-header-id-meta":"","stick-header-meta":"","header-above-stick-meta":"","header-main-stick-meta":"","header-below-stick-meta":"","astra-migrate-meta-layouts":"set","ast-page-background-enabled":"default","ast-page-background-meta":{"desktop":{"background-color":"var(--ast-global-color-4)","background-image":"","background-repeat":"repeat","background-position":"center center","background-size":"auto","background-attachment":"scroll","background-type":"","background-media":"","overlay-type":"","overlay-color":"","overlay-opacity":"","overlay-gradient":""},"tablet":{"background-color":"","background-image":"","background-repeat":"repeat","background-position":"center center","background-size":"auto","background-attachment":"scroll","background-type":"","background-media":"","overlay-type":"","overlay-color":"","overlay-opacity":"","overlay-gradient":""},"mobile":{"background-color":"","background-image":"","background-repeat":"repeat","background-position":"center center","background-size":"auto","background-attachment":"scroll","background-type":"","background-media":"","overlay-type":"","overlay-color":"","overlay-opacity":"","overlay-gradient":""}},"ast-content-background-meta":{"desktop":{"background-color":"var(--ast-global-color-5)","background-image":"","background-repeat":"repeat","background-position":"center center","background-size":"auto","background-attachment":"scroll","background-type":"","background-media":"","overlay-type":"","overlay-color":"","overlay-opacity":"","overlay-gradient":""},"tablet":{"background-color":"var(--ast-global-color-5)","background-image":"","background-repeat":"repeat","background-position":"center center","background-size":"auto","background-attachment":"scroll","background-type":"","background-media":"","overlay-type":"","overlay-color":"","overlay-opacity":"","overlay-gradient":""},"mobile":{"background-color":"var(--ast-global-color-5)","background-image":"","background-repeat":"repeat","background-position":"center center","background-size":"auto","background-attachment":"scroll","background-type":"","background-media":"","overlay-type":"","overlay-color":"","overlay-opacity":"","overlay-gradient":""}}},"pwb-brand":[332],"product_brand":[],"product_cat":[391,340,933],"product_tag":[],"class_list":{"0":"post-3332","1":"product","2":"type-product","3":"status-publish","4":"has-post-thumbnail","6":"pwb-brand-victron","7":"product_cat-accesorios-para-baterias","8":"product_cat-baterias","9":"product_cat-monitores-de-baterias","10":"desktop-align-left","11":"tablet-align-left","12":"mobile-align-left","13":"ast-product-gallery-layout-horizontal-slider","14":"ast-product-tabs-layout-horizontal","16":"first","17":"instock","18":"taxable","19":"shipping-taxable","20":"purchasable","21":"product-type-simple"},"wcpa_form_fields":null,"brands":[{"id":332,"name":"Victron Energie","slug":"victron"}],"_links":{"self":[{"href":"https:\/\/fvcomponentes.com\/de\/wp-json\/wp\/v2\/product\/3332","targetHints":{"allow":["GET"]}}],"collection":[{"href":"https:\/\/fvcomponentes.com\/de\/wp-json\/wp\/v2\/product"}],"about":[{"href":"https:\/\/fvcomponentes.com\/de\/wp-json\/wp\/v2\/types\/product"}],"replies":[{"embeddable":true,"href":"https:\/\/fvcomponentes.com\/de\/wp-json\/wp\/v2\/comments?post=3332"}],"wp:featuredmedia":[{"embeddable":true,"href":"https:\/\/fvcomponentes.com\/de\/wp-json\/wp\/v2\/media\/3333"}],"wp:attachment":[{"href":"https:\/\/fvcomponentes.com\/de\/wp-json\/wp\/v2\/media?parent=3332"}],"wp:term":[{"taxonomy":"pwb-brand","embeddable":true,"href":"https:\/\/fvcomponentes.com\/de\/wp-json\/wp\/v2\/pwb-brand?post=3332"},{"taxonomy":"product_brand","embeddable":true,"href":"https:\/\/fvcomponentes.com\/de\/wp-json\/wp\/v2\/product_brand?post=3332"},{"taxonomy":"product_cat","embeddable":true,"href":"https:\/\/fvcomponentes.com\/de\/wp-json\/wp\/v2\/product_cat?post=3332"},{"taxonomy":"product_tag","embeddable":true,"href":"https:\/\/fvcomponentes.com\/de\/wp-json\/wp\/v2\/product_tag?post=3332"}],"curies":[{"name":"wp","href":"https:\/\/api.w.org\/{rel}","templated":true}]}}