{"id":3323,"date":"2021-03-30T14:23:43","date_gmt":"2021-03-30T12:23:43","guid":{"rendered":"https:\/\/fvcomponentes.com\/producto\/panel-solar-victron-bluesolar-90w-12v-monocristalino-series-4a\/"},"modified":"2026-01-15T10:05:47","modified_gmt":"2026-01-15T09:05:47","slug":"victron-bluesolar-solarmodul-90w-12v-monokristallin-4a-serie","status":"publish","type":"product","link":"https:\/\/fvcomponentes.com\/de\/producto\/panel-solar-victron-bluesolar-90w-12v-monocristalino-series-4a\/","title":{"rendered":"Solarmodul Victron BlueSolar 90W-12V monokristallin 4a Serie - SPM040901200"},"content":{"rendered":"<h2>Monokristalline Paneele<\/h2>\n<p dir=\"ltr\">Die monokristallinen Siliziumzellen des BlueSolar 90W-12V Solarmoduls werden aus Ingots (zylindrischen Siliziumbl\u00f6cken) hergestellt. Alle vier Seiten des Zylinders werden geschnitten, wodurch viel Silizium verschwendet wird und Platten mit abgerundeten Kanten entstehen. Dadurch haben die Kristalle einen hohen Reinheitsgrad, was die Ausbeute jeder Zelle erh\u00f6ht. Die Platten aus diesem Material haben in der Regel eine dunklere, meist schwarze Farbe.<\/p>\n<p style=\"font-weight: 400\"><span style=\"font-style: inherit;font-weight: inherit\"><strong>Monokristalline Solarmodule,<\/strong> Da sie effizienter sind, k\u00f6nnen sie auf kleinerem Raum wesentlich mehr Energie erzeugen. Aus diesem Grund sind sie eine gute Wahl, wenn man eine kleine Fl\u00e4che f\u00fcr die Installation der Paneele hat. Durch die Erzeugung von mehr Energie pro kleinerer Fl\u00e4che k\u00f6nnen gr\u00f6\u00dfere Einsparungen erzielt werden als mit polykristallinen Paneelen.\u00a0<\/span><\/p>\n<h2>Eigenschaften des BlueSolar Monokristallinen Solarmoduls 4a Serie 90W-12V<\/h2>\n<p>- Der niedrige Spannungs-Temperatur-Koeffizient verbessert den Betrieb bei hohen Temperaturen.<br \/>\n- Au\u00dfergew\u00f6hnliche Leistung bei schwachem Licht und hohe Lichtempfindlichkeit \u00fcber das gesamte Sonnenspektrum.<br \/>\n- Leistungsstarke Bypass-Dioden minimieren den durch Abschattung verursachten Leistungsabfall.<br \/>\n- Das fortschrittliche EVA (Ethylenvinylacetat)-Verkapselungssystem mit dreilagigen R\u00fcckseitenfolien erf\u00fcllt die h\u00f6chsten Anforderungen f\u00fcr den Hochspannungsbetrieb.<br \/>\n- Ein stabiler verzinkter Aluminiumrahmen erm\u00f6glicht die Montage der Module auf dem Dach mit verschiedenen Standard-Montagesystemen.<br \/>\n- Hochwertiges, geh\u00e4rtetes Glas mit hoher Durchl\u00e4ssigkeit sorgt f\u00fcr verbesserte Z\u00e4higkeit und Sto\u00dffestigkeit.<br \/>\n- Die versiegelte, wasserdichte und multifunktionale Anschlussdose bietet ein hohes Ma\u00df an Sicherheit.<br \/>\n- Vorverdrahtet mit PV-ST01 Schnellanschl\u00fcssen.<\/p>\n<h2>Garantien<\/h2>\n<p><a href=\"https:\/\/www.victronenergy.com.es\/\" target=\"_blank\" rel=\"noopener\">Victron<\/a> bietet die besten Garantien auf alle seine Produkte. F\u00fcr BlueSolar-Solarmodule erstreckt sich diese Garantie auf eine begrenzte Dauer von 25 Jahren auf die Energieversorgung und Leistung. Au\u00dferdem garantiert BlueSolar die Qualit\u00e4t der Materialien und die Professionalit\u00e4t der Installateure mit einer 5-Jahres-Garantie auf Material und Verarbeitung.<br \/>\n<strong>Bei ICIDE sind wir offizieller technischer Dienst von Victron.<\/strong><\/p>\n<h2>Datenblatt Victron BlueSolar Solarmodul 90W-12V monokristallin 4a Serie - SPM040901200<\/h2>\n<p><a href=\"https:\/\/fvcomponentes.com\/wp-content\/uploads\/2021\/03\/Paneles-solares-monocristalinos.pdf\" target=\"_blank\" rel=\"noopener\">Siehe Datenblatt f\u00fcr BlueSolar Monokristallines Solarmodul 4a Serie 90W-12V - SPM040901200\u00a0<\/a><\/p>\n<h2>Handbuch Solarmodul Victron BlueSolar 90W-12V monokristallin 4a Serie - SPM040901200<\/h2>\n<p><a href=\"https:\/\/fvcomponentes.com\/wp-content\/uploads\/2025\/10\/Installation-Manual-BlueSolar-Panels-EN-NL-FR-DE-ES-SE.pdf\" target=\"_blank\" rel=\"noopener\">Victron BlueSolar 90W-12V Monokristallines Solarmodul der Serie 4a Handbuch anzeigen - SPM040901200<\/a><\/p>","protected":false},"excerpt":{"rendered":"<p>Paneles monocristalinos Las c\u00e9lulas de silicio monocristalino del Panel solar BlueSolar 90W-12V se fabrican a partir de Ingots (bloques de silicio cil\u00edndricos). Se cortan los cuatro lados del cilindro, con lo que se derrocha abundante silicio y se hacen l\u00e1minas con bordes redondeados. Por tanto, los cristales tienen una pureza elevada, lo que provoca que [&hellip;]<\/p>\n","protected":false},"featured_media":3320,"comment_status":"open","ping_status":"closed","template":"","meta":{"site-sidebar-layout":"default","site-content-layout":"default","ast-site-content-layout":"default","site-content-style":"default","site-sidebar-style":"default","ast-global-header-display":"","ast-banner-title-visibility":"","ast-main-header-display":"","ast-hfb-above-header-display":"","ast-hfb-below-header-display":"","ast-hfb-mobile-header-display":"","site-post-title":"","ast-breadcrumbs-content":"","ast-featured-img":"","footer-sml-layout":"","ast-disable-related-posts":"","theme-transparent-header-meta":"default","adv-header-id-meta":"","stick-header-meta":"","header-above-stick-meta":"","header-main-stick-meta":"","header-below-stick-meta":"","astra-migrate-meta-layouts":"set","ast-page-background-enabled":"default","ast-page-background-meta":{"desktop":{"background-color":"var(--ast-global-color-4)","background-image":"","background-repeat":"repeat","background-position":"center center","background-size":"auto","background-attachment":"scroll","background-type":"","background-media":"","overlay-type":"","overlay-color":"","overlay-opacity":"","overlay-gradient":""},"tablet":{"background-color":"","background-image":"","background-repeat":"repeat","background-position":"center center","background-size":"auto","background-attachment":"scroll","background-type":"","background-media":"","overlay-type":"","overlay-color":"","overlay-opacity":"","overlay-gradient":""},"mobile":{"background-color":"","background-image":"","background-repeat":"repeat","background-position":"center center","background-size":"auto","background-attachment":"scroll","background-type":"","background-media":"","overlay-type":"","overlay-color":"","overlay-opacity":"","overlay-gradient":""}},"ast-content-background-meta":{"desktop":{"background-color":"var(--ast-global-color-5)","background-image":"","background-repeat":"repeat","background-position":"center center","background-size":"auto","background-attachment":"scroll","background-type":"","background-media":"","overlay-type":"","overlay-color":"","overlay-opacity":"","overlay-gradient":""},"tablet":{"background-color":"var(--ast-global-color-5)","background-image":"","background-repeat":"repeat","background-position":"center center","background-size":"auto","background-attachment":"scroll","background-type":"","background-media":"","overlay-type":"","overlay-color":"","overlay-opacity":"","overlay-gradient":""},"mobile":{"background-color":"var(--ast-global-color-5)","background-image":"","background-repeat":"repeat","background-position":"center center","background-size":"auto","background-attachment":"scroll","background-type":"","background-media":"","overlay-type":"","overlay-color":"","overlay-opacity":"","overlay-gradient":""}}},"pwb-brand":[332],"product_brand":[],"product_cat":[395,396],"product_tag":[],"class_list":{"0":"post-3323","1":"product","2":"type-product","3":"status-publish","4":"has-post-thumbnail","6":"pwb-brand-victron","7":"product_cat-placas-solares","8":"product_cat-placas-solares-12-v","9":"product_shipping_class-paneles","10":"desktop-align-left","11":"tablet-align-left","12":"mobile-align-left","13":"ast-product-gallery-layout-horizontal-slider","14":"ast-product-gallery-with-no-image","15":"ast-product-tabs-layout-horizontal","17":"first","18":"instock","19":"taxable","20":"shipping-taxable","21":"purchasable","22":"product-type-simple"},"wcpa_form_fields":null,"brands":[{"id":332,"name":"Victron Energie","slug":"victron"}],"_links":{"self":[{"href":"https:\/\/fvcomponentes.com\/de\/wp-json\/wp\/v2\/product\/3323","targetHints":{"allow":["GET"]}}],"collection":[{"href":"https:\/\/fvcomponentes.com\/de\/wp-json\/wp\/v2\/product"}],"about":[{"href":"https:\/\/fvcomponentes.com\/de\/wp-json\/wp\/v2\/types\/product"}],"replies":[{"embeddable":true,"href":"https:\/\/fvcomponentes.com\/de\/wp-json\/wp\/v2\/comments?post=3323"}],"wp:featuredmedia":[{"embeddable":true,"href":"https:\/\/fvcomponentes.com\/de\/wp-json\/wp\/v2\/media\/3320"}],"wp:attachment":[{"href":"https:\/\/fvcomponentes.com\/de\/wp-json\/wp\/v2\/media?parent=3323"}],"wp:term":[{"taxonomy":"pwb-brand","embeddable":true,"href":"https:\/\/fvcomponentes.com\/de\/wp-json\/wp\/v2\/pwb-brand?post=3323"},{"taxonomy":"product_brand","embeddable":true,"href":"https:\/\/fvcomponentes.com\/de\/wp-json\/wp\/v2\/product_brand?post=3323"},{"taxonomy":"product_cat","embeddable":true,"href":"https:\/\/fvcomponentes.com\/de\/wp-json\/wp\/v2\/product_cat?post=3323"},{"taxonomy":"product_tag","embeddable":true,"href":"https:\/\/fvcomponentes.com\/de\/wp-json\/wp\/v2\/product_tag?post=3323"}],"curies":[{"name":"wp","href":"https:\/\/api.w.org\/{rel}","templated":true}]}}