{"id":33221,"date":"2025-11-24T09:05:23","date_gmt":"2025-11-24T08:05:23","guid":{"rendered":"https:\/\/fvcomponentes.com\/?post_type=product&#038;p=33221"},"modified":"2025-11-24T09:05:24","modified_gmt":"2025-11-24T08:05:24","slug":"batterie-tab-opzs-offenes-pb-rohrelement-2-v-600-ah-6-opzs-600","status":"publish","type":"product","link":"https:\/\/fvcomponentes.com\/de\/producto\/bateria-tab-opzs-elemento-tubular-de-pb-abierto-2v-600ah-6-opzs-600\/","title":{"rendered":"TAB OPzS-Batterie Offenes PB-Rohrelement 2 V\/600 Ah \u2013 6 OPzS 600"},"content":{"rendered":"<p data-start=\"2473\" data-end=\"2816\">Die <strong data-start=\"2476\" data-end=\"2497\">TAB OPzS 2V\/600 Ah<\/strong>Es handelt sich um eine bel\u00fcftete station\u00e4re Blei-S\u00e4ure-Batterie, hergestellt aus <strong data-start=\"2566\" data-end=\"2596\">positive Rohrplatten<\/strong> und fl\u00fcssigem Elektrolyt. Sie ist so konzipiert, dass sie <strong data-start=\"2647\" data-end=\"2727\">Hohe Zuverl\u00e4ssigkeit, lange Lebensdauer und hervorragende Leistung bei Tiefenzyklen<\/strong>, eine professionelle L\u00f6sung f\u00fcr Systeme, die eine stabile und dauerhafte Energieversorgung ben\u00f6tigen.<\/p>\n<p data-start=\"2818\" data-end=\"3009\">Besonders empfohlen f\u00fcr <strong data-start=\"2849\" data-end=\"2883\">isolierte Solaranlagen<\/strong>, Telekommunikation, USV-Anlagen, Notbeleuchtung, Umspannwerke, industrielle Steuerungen und kritische Anwendungen rund um die Uhr.<\/p>\n<h3 data-start=\"1220\" data-end=\"1296\"><strong data-start=\"1225\" data-end=\"1296\">Warum Sie sich f\u00fcr eine OPzS-TAB-Batterie f\u00fcr Solar- und Industrieanwendungen entscheiden sollten<\/strong><\/h3>\n<p data-start=\"1297\" data-end=\"1348\">Die OPzS-Technologie ist eine der am h\u00e4ufigsten verwendeten Technologien in:<\/p>\n<ul>\n<li data-start=\"1352\" data-end=\"1384\">Inselsolaranlagen<\/li>\n<li data-start=\"1387\" data-end=\"1407\">Telekommunikation<\/li>\n<li data-start=\"1410\" data-end=\"1424\">USV-Systeme<\/li>\n<li data-start=\"1427\" data-end=\"1454\">Notbeleuchtung<\/li>\n<li data-start=\"1457\" data-end=\"1493\">Umspannwerke und Leitstellen<\/li>\n<li data-start=\"1496\" data-end=\"1528\">Hilfs- und kritische Systeme<\/li>\n<\/ul>\n<p data-start=\"1530\" data-end=\"1624\">Das r\u00f6hrenf\u00f6rmige Design garantiert <strong data-start=\"1558\" data-end=\"1623\">Stabilit\u00e4t, Langlebigkeit und sehr wettbewerbsf\u00e4hige Kosten pro Zyklus<\/strong>.<\/p>\n<h2>Hauptvorteile der TAB OPzS-Batterie Offenes Pb-Rohrelement 2 V\/600 Ah \u2013 6 OPzS 600<\/h2>\n<h3>Lange Lebensdauer<\/h3>\n<p>Dank ihrer Rohrkonstruktion, hochwertigen Materialien und robusten Bauweise bieten diese Batterien eine l\u00e4ngere Lebensdauer als viele herk\u00f6mmliche Blei-S\u00e4ure-Batterien.<br \/>\nBei station\u00e4rem Einsatz und ordnungsgem\u00e4\u00dfer Wartung betr\u00e4gt die Lebensdauer bis zu 15\u201320 Jahre.<\/p>\n<h3 data-start=\"1887\" data-end=\"1944\"><strong data-start=\"1893\" data-end=\"1944\">Hervorragende Leistung bei tiefen Downloads<\/strong><\/h3>\n<p data-start=\"1945\" data-end=\"2065\">Da sie f\u00fcr station\u00e4re Anwendungen und Tiefentladungen ausgelegt sind, erm\u00f6glichen sie bei korrekter Verwendung (Entladungen bei 50 % oder weniger) dank ihres r\u00f6hrenf\u00f6rmigen Designs eine h\u00f6here Anzahl von Zyklen (1.000 \u2013 1.500).<\/p>\n<h3 data-start=\"2067\" data-end=\"2102\"><strong data-start=\"2073\" data-end=\"2102\">Geringer Wartungsaufwand<\/strong><\/h3>\n<p>Obwohl es sich um offene (bel\u00fcftete) Batterien handelt, bietet das Design eine Reihe von Vorteilen, die die Wartung erleichtern:<\/p>\n<ul>\n<li data-start=\"2105\" data-end=\"2141\">Geringe Selbstentladung (\u22482\u20133 % pro Monat).<\/li>\n<li data-start=\"2144\" data-end=\"2207\">Lange Nachf\u00fcllintervalle (ca. alle 2 Jahre bei 20 \u00b0C).<\/li>\n<li data-start=\"2210\" data-end=\"2261\">Transparenter Beh\u00e4lter, der die Inspektion erleichtert.<\/li>\n<\/ul>\n<h3>Gro\u00dfer Betriebstemperaturbereich<\/h3>\n<p>Dieser Akku bietet aufgrund seines Betriebstemperaturbereichs von \u201320 \u00b0C bis +55 \u00b0C auch in hei\u00dfen oder kalten Umgebungen eine stabile Leistung, wobei eine Temperatur zwischen 20 \u00b0C und 25 \u00b0C empfohlen wird.<\/p>\n<p>Dank ihrer hervorragenden Eigenschaften bei hohen und niedrigen Temperaturen und ihrer Best\u00e4ndigkeit gegen Langzeitentladungen funktioniert die OPzS-Reihe auch in anspruchsvollen Umgebungen zuverl\u00e4ssig.<\/p>\n<h3>Flexibilit\u00e4t f\u00fcr gro\u00dfe und kleine Anlagen<\/h3>\n<p>Bei Verwendung von 2-V-Zellen k\u00f6nnen diese je nach Anzahl der in Reihe\/parallel geschalteten Zellen auf verschiedene Spannungen (12 V, 24 V, 48 V) und Kapazit\u00e4ten konfiguriert werden, was in Solaranlagen, Telekommunikation, Energiespeicherung usw. sehr n\u00fctzlich ist.<\/p>\n<h3 data-start=\"1945\" data-end=\"2065\">Sehr wettbewerbsf\u00e4hige Kosten pro Zyklus<\/h3>\n<p data-start=\"1945\" data-end=\"2065\">Die OPzS-Reihe bietet eines der besten Kosten-Leistungs-Verh\u00e4ltnisse innerhalb der Blei-S\u00e4ure-Technologie und kombiniert eine Lebensdauer von bis zu 15\u201320 Jahren mit 1.000\u20131.500 tats\u00e4chlichen Zyklen bei 50 % DoD. Dies f\u00fchrt zu deutlich geringeren Gesamtbetriebskosten als bei AGM- oder GEL-Batterien in station\u00e4ren Anwendungen.<\/p>\n<h2>Betriebs- und elektrische Spezifikationen der TAB OPzS-Batterie Offenes Pb-Rohrelement 2 V\/600 Ah \u2013 6 OPzS 600<\/h2>\n<ul>\n<li><strong>Nennspannung pro Zelle:<\/strong> 2 V<\/li>\n<li><strong>Nennkapazit\u00e4t:<\/strong>\n<ul>\n<li>C5: 582 Ah<\/li>\n<li>C10: 685 Ah<\/li>\n<li>C100: 903 Ah<\/li>\n<\/ul>\n<\/li>\n<li><strong>Ladezeit bis zu 92 %: <\/strong>bis zu 6 Stunden bei Anlaufstrom 1,5*I10, 2,23 V\/Zelle, 50 % C10 entladen<\/li>\n<li><strong>Empfohlene Ladespannungen (pro Zelle):<br \/>\n<\/strong>\u2013 <strong style=\"font-size: 16px;\">Flotation \/ Wartung:<\/strong><span style=\"font-size: 16px;\"> \u2248 2,23 \u2013 2,25 V\/Zelle (dies gilt f\u00fcr die Erhaltungsladung zwischen 10\u201330 \u00b0C, mit Temperaturkorrektur).<br \/>\n<\/span>\u2013 <strong style=\"font-size: 16px;\">Impulsladung \/ Schnellladung:<\/strong><span style=\"font-size: 16px;\"> \u2248 2,35 \u2013 2,40 V\/Zelle (zeitlich begrenzt; normalerweise 3\u20135 Stunden nach Erreichen dieser Spannung).<\/span><\/li>\n<li><strong>Tiefe der Entladung:<\/strong> Normalerweise bis zu 80 %. Entladungen von mehr als 80 % DOD oder Entladungen \u00fcber die Endentladungsspannungen hinaus sollten vermieden werden.<\/li>\n<li><strong>M10-Klemmen:<\/strong> 2<\/li>\n<li><strong>Gesch\u00e4tzte Lebensdauer:<\/strong> bis zu 15\u201320 Jahre (abh\u00e4ngig von Temperatur und Nutzungsbedingungen).<\/li>\n<li><strong>Verwendungszyklen:<\/strong> 1.000 \u2013 1.500 Zyklen (je nach Pr\u00fcfnorm und Entladungstiefe).<\/li>\n<li><strong>Betriebstemperaturbereich:<\/strong> \u201320 \u00b0C bis +55 \u00b0C<\/li>\n<li><strong>B\u00fcrgschaft:<\/strong> 2 Jahre<\/li>\n<li><strong>Abmessungen:<\/strong> 145 \u00d7 206 \u00d7 711 mm (L\u00e4nge \u00d7 Breite \u00d7 H\u00f6he)<\/li>\n<li><strong>Gewicht:<\/strong> 46 kg<\/li>\n<\/ul>\n<p>&nbsp;<\/p>\n<p><img fetchpriority=\"high\" decoding=\"async\" class=\"size-full wp-image-32718 aligncenter\" src=\"https:\/\/fvcomponentes.com\/wp-content\/uploads\/2025\/11\/Captura-de-pantalla-2025-11-03-120408.jpg\" alt=\"\" width=\"617\" height=\"502\" title=\"\"><\/p>\n<h2><\/h2>\n<h2>Technisches Datenblatt Batterie TAB OPzS Offenes Pb-Rohrelement 2 V\/600 Ah \u2013 6 OPzS 600<\/h2>\n<p><a href=\"https:\/\/fvcomponentes.com\/wp-content\/uploads\/2025\/11\/TAB_OPzS_Ficha_Tecnica.pdf\" target=\"_blank\" rel=\"noopener\">Technisches Datenblatt der TAB OPzS-Batterie Offenes Pb-Rohrelement 2 V\/3600 Ah \u2013 6 OPzS 600<\/a><\/p>","protected":false},"excerpt":{"rendered":"<p><span style=\"color: #ff0000;\"><strong>INDIKATIVES IMAGE<\/strong><\/span><\/p>\n<p><strong>Nennspannung pro Zelle:<\/strong> 2 V<br \/>\n<strong>Nennkapazit\u00e4t:<br \/>\n<\/strong>C5: 582 Ah<br \/>\nC10: 685 Ah<br \/>\nC100: 903 Ah<strong><br \/>\nBetriebstemperaturbereich:<\/strong> \u201320 \u00b0C bis +55 \u00b0C<br \/>\n<strong style=\"font-size: 16px;\">Klemmen:<\/strong><span style=\"font-size: 16px;\"> 2<br \/>\n<strong>Verwendungszyklen:<\/strong> 1.000 \u2013 1.500 Zyklen (je nach Testnorm und Entladungstiefe).<br \/>\n<\/span><strong style=\"font-size: 16px;\">Gesch\u00e4tzte Lebensdauer:<\/strong><span style=\"font-size: 16px;\"> bis zu 15\u201320 Jahre (abh\u00e4ngig von Temperatur und Nutzungsbedingungen).<br \/>\n<\/span><strong>B\u00fcrgschaft:<\/strong> 2 Jahre<\/p>","protected":false},"featured_media":32850,"comment_status":"closed","ping_status":"closed","template":"","meta":{"site-sidebar-layout":"default","site-content-layout":"","ast-site-content-layout":"default","site-content-style":"default","site-sidebar-style":"default","ast-global-header-display":"","ast-banner-title-visibility":"","ast-main-header-display":"","ast-hfb-above-header-display":"","ast-hfb-below-header-display":"","ast-hfb-mobile-header-display":"","site-post-title":"","ast-breadcrumbs-content":"","ast-featured-img":"","footer-sml-layout":"","ast-disable-related-posts":"","theme-transparent-header-meta":"default","adv-header-id-meta":"","stick-header-meta":"","header-above-stick-meta":"","header-main-stick-meta":"","header-below-stick-meta":"","astra-migrate-meta-layouts":"set","ast-page-background-enabled":"default","ast-page-background-meta":{"desktop":{"background-color":"var(--ast-global-color-4)","background-image":"","background-repeat":"repeat","background-position":"center center","background-size":"auto","background-attachment":"scroll","background-type":"","background-media":"","overlay-type":"","overlay-color":"","overlay-opacity":"","overlay-gradient":""},"tablet":{"background-color":"","background-image":"","background-repeat":"repeat","background-position":"center center","background-size":"auto","background-attachment":"scroll","background-type":"","background-media":"","overlay-type":"","overlay-color":"","overlay-opacity":"","overlay-gradient":""},"mobile":{"background-color":"","background-image":"","background-repeat":"repeat","background-position":"center center","background-size":"auto","background-attachment":"scroll","background-type":"","background-media":"","overlay-type":"","overlay-color":"","overlay-opacity":"","overlay-gradient":""}},"ast-content-background-meta":{"desktop":{"background-color":"var(--ast-global-color-5)","background-image":"","background-repeat":"repeat","background-position":"center center","background-size":"auto","background-attachment":"scroll","background-type":"","background-media":"","overlay-type":"","overlay-color":"","overlay-opacity":"","overlay-gradient":""},"tablet":{"background-color":"var(--ast-global-color-5)","background-image":"","background-repeat":"repeat","background-position":"center center","background-size":"auto","background-attachment":"scroll","background-type":"","background-media":"","overlay-type":"","overlay-color":"","overlay-opacity":"","overlay-gradient":""},"mobile":{"background-color":"var(--ast-global-color-5)","background-image":"","background-repeat":"repeat","background-position":"center center","background-size":"auto","background-attachment":"scroll","background-type":"","background-media":"","overlay-type":"","overlay-color":"","overlay-opacity":"","overlay-gradient":""}}},"pwb-brand":[1013],"product_brand":[],"product_cat":[340,1012],"product_tag":[],"class_list":{"0":"post-33221","1":"product","2":"type-product","3":"status-publish","4":"has-post-thumbnail","6":"pwb-brand-baterias-tab","7":"product_cat-baterias","8":"product_cat-baterias-opzs","9":"product_shipping_class-baterias","10":"desktop-align-left","11":"tablet-align-left","12":"mobile-align-left","13":"ast-product-gallery-layout-horizontal-slider","14":"ast-product-tabs-layout-horizontal","16":"first","17":"instock","18":"taxable","19":"shipping-taxable","20":"purchasable","21":"product-type-simple"},"wcpa_form_fields":null,"brands":[{"id":1013,"name":"TAB-Batterien","slug":"batterien-tab"}],"_links":{"self":[{"href":"https:\/\/fvcomponentes.com\/de\/wp-json\/wp\/v2\/product\/33221","targetHints":{"allow":["GET"]}}],"collection":[{"href":"https:\/\/fvcomponentes.com\/de\/wp-json\/wp\/v2\/product"}],"about":[{"href":"https:\/\/fvcomponentes.com\/de\/wp-json\/wp\/v2\/types\/product"}],"replies":[{"embeddable":true,"href":"https:\/\/fvcomponentes.com\/de\/wp-json\/wp\/v2\/comments?post=33221"}],"wp:featuredmedia":[{"embeddable":true,"href":"https:\/\/fvcomponentes.com\/de\/wp-json\/wp\/v2\/media\/32850"}],"wp:attachment":[{"href":"https:\/\/fvcomponentes.com\/de\/wp-json\/wp\/v2\/media?parent=33221"}],"wp:term":[{"taxonomy":"pwb-brand","embeddable":true,"href":"https:\/\/fvcomponentes.com\/de\/wp-json\/wp\/v2\/pwb-brand?post=33221"},{"taxonomy":"product_brand","embeddable":true,"href":"https:\/\/fvcomponentes.com\/de\/wp-json\/wp\/v2\/product_brand?post=33221"},{"taxonomy":"product_cat","embeddable":true,"href":"https:\/\/fvcomponentes.com\/de\/wp-json\/wp\/v2\/product_cat?post=33221"},{"taxonomy":"product_tag","embeddable":true,"href":"https:\/\/fvcomponentes.com\/de\/wp-json\/wp\/v2\/product_tag?post=33221"}],"curies":[{"name":"wp","href":"https:\/\/api.w.org\/{rel}","templated":true}]}}