{"id":3301,"date":"2021-03-30T07:08:22","date_gmt":"2021-03-30T05:08:22","guid":{"rendered":"https:\/\/fvcomponentes.com\/producto\/monitorizacion-victron-gx-touch-50\/"},"modified":"2026-04-08T21:33:44","modified_gmt":"2026-04-08T19:33:44","slug":"victron-gx-beruhrungsbildschirm-50","status":"publish","type":"product","link":"https:\/\/fvcomponentes.com\/de\/producto\/pantalla-tactil-victron-gx-touch-50\/","title":{"rendered":"Touchscreen Victron GX Touch 50 - BPP900455050"},"content":{"rendered":"<h2>Touchscreen Victron GX Touch 50<\/h2>\n<p>Der F\u00fcnf-Zoll-Touchscreen, der zum Cerbo GX geh\u00f6rt, gibt Ihnen einen sofortigen \u00dcberblick \u00fcber das System und erm\u00f6glicht es Ihnen, Parameter im Handumdrehen anzupassen. Schlie\u00dfen Sie den Cerbo GX einfach mit einem Kabel an: Sein ultrad\u00fcnnes, wasserdichtes Design, die hervorragende Montagekonfiguration und die einfache Installation bieten Ihnen gro\u00dfe Flexibilit\u00e4t bei der Gestaltung eines \u00fcbersichtlichen Panels.<\/p>\n<p><a href=\"https:\/\/www.youtube.com\/watch?v=3wheKaU2_qw&amp;feature=youtu.be\" target=\"_blank\" rel=\"noopener\">Sie k\u00f6nnen sich das neue Video ansehen<\/a> die alles erkl\u00e4rt, was Sie \u00fcber die Installation der neuen Cerbo GX und GX Touch 50 Produkte wissen m\u00fcssen.<\/p>\n<h2 class=\"productDetails__block-title\"><span class=\"productDetails__block-title-content\">Einfache Montage des Victron GX Touch 50 Touchmonitors<\/span><\/h2>\n<div class=\"productDetails__block-description\">\n<p>Das GX Touch ist so optimiert, dass es die Anforderungen professioneller Installateure mehr als erf\u00fcllt. Das Display wird einfach auf eine Schalttafel geschraubt, so dass keine perfekten L\u00f6cher mehr geschnitten werden m\u00fcssen, und es wird mit einem einzigen Kabel angeschlossen, ohne dass eine Vielzahl von Kabeln zur Schalttafel verlegt werden muss.<\/p>\n<h2>Victron GX Touch 50 und Cerbo GX Touchscreen<\/h2>\n<p>Dieses Display ist das Pendant zum <a href=\"https:\/\/fvcomponentes.com\/de\/produkt\/victron-cerbo-gx-mk2-bpp900451100-victron-cerbo-mk2-monitor\/\" target=\"_blank\" rel=\"noopener\">Cerbo GX - BPP900451100<\/a>Das GX Touch 50, die v\u00f6llig neue Kommunikationszentrale, die eine nahtlose Steuerung des Systems jederzeit und von \u00fcberall aus erm\u00f6glicht und die Systemleistung maximiert. Durch einfache Verbindung \u00fcber das Victron Remote Management (VRM) Portal oder durch direkten Zugriff \u00fcber das GX Touch 50, ein Multifunktionsdisplay oder die VictronConnect App, dank seiner Bluetooth-F\u00e4higkeit. Es vereint das Beste an Konnektivit\u00e4t und definiert intelligente Energiel\u00f6sungen in jeder Hinsicht neu.<\/p>\n<\/div>\n<h2>Datenblatt Victron GX Touch 50 Touchscreen - BPP900455050<\/h2>\n<div class=\"productDetails__block-description\">\n<p><a href=\"https:\/\/fvcomponentes.com\/wp-content\/uploads\/2021\/03\/Datasheet-Cerbo-GX-GX-Touch-ES.pdf\" target=\"_blank\" rel=\"noopener\">Victron GX Touch 50 - BPP900455050 Datenblatt anzeigen<\/a><\/p>\n<\/div>","protected":false},"excerpt":{"rendered":"<p>Zubeh\u00f6r-Display f\u00fcr den Cerbo GX. F\u00fcnf-Zoll-Touchscreen, der einen sofortigen \u00dcberblick \u00fcber das System bietet und Anpassungen an der Konfiguration erm\u00f6glicht. Wasserdichtes Design. Konfiguration f\u00fcr die Montage von oben geeignet.<strong><br \/>\nMit mitgeliefertem Montagezubeh\u00f6r<\/strong><br \/>\n<strong>Bildschirmaufl\u00f6sung<\/strong> 800 x 480<\/p>","protected":false},"featured_media":3302,"comment_status":"open","ping_status":"closed","template":"","meta":{"site-sidebar-layout":"default","site-content-layout":"default","ast-site-content-layout":"default","site-content-style":"default","site-sidebar-style":"default","ast-global-header-display":"","ast-banner-title-visibility":"","ast-main-header-display":"","ast-hfb-above-header-display":"","ast-hfb-below-header-display":"","ast-hfb-mobile-header-display":"","site-post-title":"","ast-breadcrumbs-content":"","ast-featured-img":"","footer-sml-layout":"","ast-disable-related-posts":"","theme-transparent-header-meta":"default","adv-header-id-meta":"","stick-header-meta":"","header-above-stick-meta":"","header-main-stick-meta":"","header-below-stick-meta":"","astra-migrate-meta-layouts":"set","ast-page-background-enabled":"default","ast-page-background-meta":{"desktop":{"background-color":"var(--ast-global-color-4)","background-image":"","background-repeat":"repeat","background-position":"center center","background-size":"auto","background-attachment":"scroll","background-type":"","background-media":"","overlay-type":"","overlay-color":"","overlay-opacity":"","overlay-gradient":""},"tablet":{"background-color":"","background-image":"","background-repeat":"repeat","background-position":"center center","background-size":"auto","background-attachment":"scroll","background-type":"","background-media":"","overlay-type":"","overlay-color":"","overlay-opacity":"","overlay-gradient":""},"mobile":{"background-color":"","background-image":"","background-repeat":"repeat","background-position":"center center","background-size":"auto","background-attachment":"scroll","background-type":"","background-media":"","overlay-type":"","overlay-color":"","overlay-opacity":"","overlay-gradient":""}},"ast-content-background-meta":{"desktop":{"background-color":"var(--ast-global-color-5)","background-image":"","background-repeat":"repeat","background-position":"center center","background-size":"auto","background-attachment":"scroll","background-type":"","background-media":"","overlay-type":"","overlay-color":"","overlay-opacity":"","overlay-gradient":""},"tablet":{"background-color":"var(--ast-global-color-5)","background-image":"","background-repeat":"repeat","background-position":"center center","background-size":"auto","background-attachment":"scroll","background-type":"","background-media":"","overlay-type":"","overlay-color":"","overlay-opacity":"","overlay-gradient":""},"mobile":{"background-color":"var(--ast-global-color-5)","background-image":"","background-repeat":"repeat","background-position":"center center","background-size":"auto","background-attachment":"scroll","background-type":"","background-media":"","overlay-type":"","overlay-color":"","overlay-opacity":"","overlay-gradient":""}}},"pwb-brand":[332],"product_brand":[],"product_cat":[351,333,934],"product_tag":[],"class_list":{"0":"post-3301","1":"product","2":"type-product","3":"status-publish","4":"has-post-thumbnail","6":"pwb-brand-victron","7":"product_cat-accesorios","8":"product_cat-inversores","9":"product_cat-monitorizacion","10":"desktop-align-left","11":"tablet-align-left","12":"mobile-align-left","13":"ast-product-gallery-layout-horizontal-slider","14":"ast-product-tabs-layout-horizontal","16":"first","17":"instock","18":"taxable","19":"shipping-taxable","20":"purchasable","21":"product-type-simple"},"wcpa_form_fields":null,"brands":[{"id":332,"name":"Victron Energie","slug":"victron"}],"_links":{"self":[{"href":"https:\/\/fvcomponentes.com\/de\/wp-json\/wp\/v2\/product\/3301","targetHints":{"allow":["GET"]}}],"collection":[{"href":"https:\/\/fvcomponentes.com\/de\/wp-json\/wp\/v2\/product"}],"about":[{"href":"https:\/\/fvcomponentes.com\/de\/wp-json\/wp\/v2\/types\/product"}],"replies":[{"embeddable":true,"href":"https:\/\/fvcomponentes.com\/de\/wp-json\/wp\/v2\/comments?post=3301"}],"wp:featuredmedia":[{"embeddable":true,"href":"https:\/\/fvcomponentes.com\/de\/wp-json\/wp\/v2\/media\/3302"}],"wp:attachment":[{"href":"https:\/\/fvcomponentes.com\/de\/wp-json\/wp\/v2\/media?parent=3301"}],"wp:term":[{"taxonomy":"pwb-brand","embeddable":true,"href":"https:\/\/fvcomponentes.com\/de\/wp-json\/wp\/v2\/pwb-brand?post=3301"},{"taxonomy":"product_brand","embeddable":true,"href":"https:\/\/fvcomponentes.com\/de\/wp-json\/wp\/v2\/product_brand?post=3301"},{"taxonomy":"product_cat","embeddable":true,"href":"https:\/\/fvcomponentes.com\/de\/wp-json\/wp\/v2\/product_cat?post=3301"},{"taxonomy":"product_tag","embeddable":true,"href":"https:\/\/fvcomponentes.com\/de\/wp-json\/wp\/v2\/product_tag?post=3301"}],"curies":[{"name":"wp","href":"https:\/\/api.w.org\/{rel}","templated":true}]}}