{"id":32594,"date":"2025-11-03T08:53:09","date_gmt":"2025-11-03T07:53:09","guid":{"rendered":"https:\/\/fvcomponentes.com\/?post_type=product&#038;p=32594"},"modified":"2025-11-03T08:58:51","modified_gmt":"2025-11-03T07:58:51","slug":"lithium-batterie-hv-byd-batteriekasten-premium-hvm-22-1-kwh","status":"publish","type":"product","link":"https:\/\/fvcomponentes.com\/de\/producto\/bateria-de-litio-hv-byd-battery-box-premium-hvm-22-1-kwh\/","title":{"rendered":"HV BYD Battery-Box Premium HVM+ Lithium-Batterie 22,1 kWh"},"content":{"rendered":"<h2>HV BYD Battery-Box Premium HVM+ Lithium-Batterie 22,1 kWh<\/h2>\n<p>BYD, der weltweit f\u00fchrende Hersteller von Batterien und L\u00f6sungen f\u00fcr die Elektromobilit\u00e4t, aktualisiert erneut sein Angebot an Hochvoltbatterien mit der neuen Battery-Box Premium HVM+ Serie.<br \/>\nDiese direkte Weiterentwicklung der erfolgreichen HVM-Linie bietet eine h\u00f6here Kapazit\u00e4t pro Modul, mehr Leistung, einen besseren Wirkungsgrad und erweiterte Kompatibilit\u00e4t mit f\u00fchrenden Wechselrichtern auf dem Markt.<\/p>\n<p>Die HV BYD Battery-Box Premium HVM+ 22,1 kWh Lithiumbatterie ist Teil der neuen HVM+ Generation, die f\u00fcr robuste, modulare und leicht skalierbare Speicher in Eigenverbrauchs-, Hybrid- oder Notstromanlagen entwickelt wurde.<\/p>\n<p>Dank seiner stapelbaren Architektur und seines \u201cPlug &amp; Play\u201d-Designs erm\u00f6glicht er eine schnelle, sichere und erweiterbare Installation, die sich an den Energiebedarf von Haushalten und kleinen Industrieunternehmen anpassen l\u00e4sst.<\/p>\n<h2>Warum die BYD Battery-Box Premium HVM+ 22,1 kWh?<\/h2>\n<p>Batterie-Box Premium HVM+ 22,1 kWh besteht aus 1 St\u00fcck <a href=\"https:\/\/fvcomponentes.com\/de\/produkt\/bcubase-fur-lithium-batterie-hv-byd-batteriebox-premium-hvs-hvm-16541149-00\/\" target=\"_blank\" rel=\"noopener\">BCU+Basis f\u00fcr HV Lithium Batterie BYD Batterie Box Premium HVS+ \/ HVM+ - 16541149-00<\/a> y 8 <a href=\"https:\/\/fvcomponentes.com\/de\/produkt\/lithium-batteriemodul-hv-byd-premium-hvm-2-76-18487580-00\/\" target=\"_blank\" rel=\"noopener\">2,76 kWh HVM+ Module<\/a> mit einer nutzbaren Gesamtkapazit\u00e4t von 22,1 kWh.<\/p>\n<p>Jeder Turm kann durch zus\u00e4tzliche HVM+ Module erweitert werden, bis zu einem Maximum von 8 Modulen (22,1kWh) pro Turm.<\/p>\n<p>Diese Kombination stellt einen Hochspannungsturm dar, der dank des integrierten intelligenten BMS (Battery Management System) in der Lage ist, eine hohe Dauerleistung zu liefern und die Energie pr\u00e4zise zu verwalten.<\/p>\n<p>Das integrierte Batteriemanagementsystem (BMS) der BCU steuert den Energiefluss in Echtzeit: Es gleicht die Zellen aus, \u00fcberwacht Temperatur, Spannung und Ladezustand und sch\u00fctzt vor \u00dcberladung, \u00dcberentladung oder Kurzschl\u00fcssen. Dieser Ansatz erm\u00f6glicht eine zuverl\u00e4ssige, sichere Leistung und eine lange Lebensdauer.<\/p>\n<h2>Hauptfunktionen der BYD Battery-Box Premium HVM+ 22,1 kWh<\/h2>\n<h3>Intelligente Verwaltung und Kontrolle<\/h3>\n<p>Das BMS-System \u00fcberwacht kontinuierlich die Spannung, den Strom und die Temperatur jedes Moduls, optimiert die Lade- und Entladestrategien und gleicht die Zellen aus.<br \/>\nAuf diese Weise arbeitet die Batterie stabil und effizient, wodurch ihre Lebensdauer und die verf\u00fcgbare Energie maximiert werden.<\/p>\n<h3>Sicherheit und Schutz<\/h3>\n<p>Es verf\u00fcgt \u00fcber interne Schutzvorrichtungen gegen \u00dcberlast, Tiefentladung, Kurzschluss und \u00dcbertemperatur.<br \/>\nEs entspricht den wichtigsten internationalen Sicherheitsnormen: IEC 62619, UN 38.3, CE, VDE 2510-50, die die elektrische, mechanische und thermische Sicherheit garantieren.<\/p>\n<h3>Erweiterte Kommunikation<\/h3>\n<p>Es verf\u00fcgt \u00fcber CAN- und RS485-Schnittstellen, die eine nahtlose, bidirektionale Kommunikation mit f\u00fchrenden Wechselrichtern auf dem Markt erm\u00f6glichen.<br \/>\nDiese Kompatibilit\u00e4t erm\u00f6glicht eine intelligente Integration des Energieflusses zwischen der PV-Anlage, der Batterie und dem privaten oder industriellen Verbrauch.<\/p>\n<h3>Modularer und skalierbarer Aufbau<\/h3>\n<p>Die HVM+-Serie erm\u00f6glicht die vertikale Stapelung von 3 bis 8 Modulen auf einer BCU + Base, ohne interne Verkabelung, so dass das System in Zukunft leicht erweitert werden kann, ohne dass die Base Unit ausgetauscht werden muss. Das Modell mit 22,1 kWh besteht aus 8 HVM+-Modulen (je 2,76 kWh).<\/p>\n<p>HVM+-Module sind nicht mit fr\u00fcheren Standard-HVM-Versionen im selben Turm kompatibel, und T\u00fcrme verschiedener Versionen k\u00f6nnen nicht parallel geschaltet werden.<\/p>\n<h3>Effiziente und stabile Lagerung<\/h3>\n<p>Die Batterie verwendet die Lithium-Ferrophosphat-Technologie (LiFePO\u2084, LFP), eine kobaltfreie Chemie, die eine hohe thermische Stabilit\u00e4t, eine gute Langlebigkeit, eine geringe Degradation bei Lade-\/Entladezyklen, eine erh\u00f6hte strukturelle Sicherheit und eine verbesserte Leistung bei \u00dcberhitzung oder unerw\u00fcnschten Reaktionen bietet.<\/p>\n<h3>Schnelle und sichere Installation<\/h3>\n<p>Das Plug &amp; Play-Design erm\u00f6glicht eine einfache Inbetriebnahme, ohne dass eine interne Verkabelung zwischen den Modulen erforderlich ist.<br \/>\nDie Module werden senkrecht auf dem Sockel gestapelt, was die Installationszeiten verk\u00fcrzt und Fehler minimiert.<br \/>\nDank seiner modularen Architektur ist eine zuk\u00fcnftige Erweiterung sehr einfach.<\/p>\n<h3>Robuste und modulare Struktur<\/h3>\n<p>Die Battery-Box Premium HVM+ verf\u00fcgt \u00fcber ein verst\u00e4rktes Metallgeh\u00e4use, ein kompaktes, vertikales Design, das f\u00fcr die W\u00e4rmeableitung optimiert ist, und eine pr\u00e4zise mechanische Ausrichtung, die den Platz optimal nutzt und die Leistung auch in anspruchsvollen Umgebungen gew\u00e4hrleistet. Sie ist f\u00fcr den Bodeneinbau konzipiert und ist gegen Wasser und Staub gesch\u00fctzt (Schutzart IP55).<\/p>\n<h3>Kompatibilit\u00e4t zwischen BYD-Batteriesystemen<\/h3>\n<p data-start=\"5075\" data-end=\"5343\">Die Battery-Box Premium HVM+ 22,1 kWh geh\u00f6rt zur neuen Generation der HVM+ Batterien, die nur mit der HVM+ Serie und der neuen Generation BCU + Base unit 16541149-00 kompatibel ist.<\/p>\n<p>Battery-Box Premium HVM+: Stapelbar von 3 bis 8 Modulen (8,28 - 22,08 nutzbare kWh).<\/p>\n<p>HVM+-Module sind nicht mit fr\u00fcheren HVM-Standardversionen kompatibel, d. h. sie k\u00f6nnen nicht mit Modulen oder BCUs fr\u00fcherer Versionen kombiniert werden. Sie k\u00f6nnen nicht im selben Turm gemischt oder neue T\u00fcrme parallel zu T\u00fcrmen mit Modulen fr\u00fcherer Versionen aufgestellt werden.<\/p>\n<h3>Kompatibilit\u00e4t mit Wechselrichtern<\/h3>\n<p>BYD Battery-Box Premium HVM+ Lithium-Batterien sind mit einer Vielzahl von marktf\u00fchrenden Wechselrichtern wie Fronius, GoodWe, SMA, Kostal, Victron, Huawei oder Solis kompatibel.<br \/>\nDiese Kompatibilit\u00e4t gew\u00e4hrleistet eine einfache Integration in Eigenverbrauchssysteme mit Speicher, Hybridinstallationen oder Backup-Konfigurationen.<\/p>\n<p><a href=\"https:\/\/fvcomponentes.com\/wp-content\/uploads\/2025\/10\/Compatible-Inverter-List_HVBHVMHVS_MLL_V1.3.pdf\" target=\"_blank\" rel=\"noopener\"><strong>Aktualisierte Liste der Wechselrichter, die mit BYD Battery Box Premium HVS+ \/ HVM+ Batterien kompatibel sind Version V1.3, aktualisiert am 17\/10\/25<\/strong><\/a><\/p>\n<h3>HVM+ Batterien<\/h3>\n<p><img decoding=\"async\" src=\"https:\/\/fvcomponentes.com\/wp-content\/uploads\/2025\/10\/ByD-HVM-Caracteristicas.png\" alt=\"ByD HVM Merkmale\" title=\"\"><\/p>\n<h2>Vorteile der neuen Batterie BYD Battery-Box Premium HVM+ 22,1 kWh<\/h2>\n<h3>Einfacher Einbau<\/h3>\n<p>Das HMV+ ist ein vertikal stapelbares System ohne interne Verdrahtung zwischen den Modulen, was Installationsfehler und Montagezeiten reduziert.<br \/>\nDank dieses Systems kann die Kapazit\u00e4t durch einfaches Aufsetzen neuer Module auf den bestehenden Turm erweitert werden, so dass das System in Zukunft ohne Austausch der Basiskomponenten vergr\u00f6\u00dfert werden kann.<\/p>\n<h3>Minimale Wartung<\/h3>\n<p>Das l\u00fcfterlose Design ohne L\u00fcfter und bewegliche Teile sowie die passive K\u00fchlung und IP-Versiegelung reduzieren den Bedarf an vorbeugender Wartung und gew\u00e4hrleisten einen leisen Betrieb.<\/p>\n<h3>Nahtlose Integration mit modernen Wechselrichtern<\/h3>\n<p>Enth\u00e4lt aktualisierte Kommunikationsprofile f\u00fcr Fronius GEN24 Plus, GoodWe ET Plus+, SMA Sunny Boy Storage, Kostal Plenticore Plus, Victron Multiplus II und andere.<\/p>\n<h3>Modularer und erweiterbarer Einbau<\/h3>\n<p>Er erm\u00f6glicht eine Konfiguration von 7 Modulen (19,3 kWh) und kann bei Bedarf erweitert werden, ohne dass die Basiseinheit ver\u00e4ndert werden muss, indem einfach weitere Module auf den bestehenden Turm aufgesetzt werden.<\/p>\n<h2>Beispiel f\u00fcr eine BYD Battery Box Premium HVM+ Installation<\/h2>\n<p>Eine typische Batterie, die BYD Battery Box Premium HVM+ 22,1 kWh, enth\u00e4lt:<\/p>\n<p>1 \u00d7 BCU+Basis - 16541149-00<br \/>\n8 \u00d7 HVM+ Module, je 2,76 kWh<\/p>\n<p>Mit dieser Konfiguration erh\u00e4lt man eine Nutzkapazit\u00e4t von 22,1 kWh, genug, um den n\u00e4chtlichen Verbrauch vieler Haushalte oder B\u00fcros zu decken. Bei einem Anstieg der Nachfrage k\u00f6nnten die T\u00fcrme parallel geschaltet werden.<\/p>\n<h2>Empfohlener Einbau einer Hochspannungs-Lithium-Batterie<\/h2>\n<ul>\n<li><strong>Standort:<\/strong>\u00a0in geschlossenen R\u00e4umen auf einer stabilen Unterlage trocknen und vor Feuchtigkeit und Hitze sch\u00fctzen.<\/li>\n<li><strong>Montage:<\/strong>\u00a0Die BCU+Base wird zuerst installiert; die Module werden vertikal \u00fcbereinander gestapelt, mit Plug &amp; Play-Verbindung, ohne interne Kabel. Sie werden mit den integrierten Steckern zusammengerastet.<\/li>\n<li><strong>Verbindung:<\/strong>\u00a0Strom- und Kommunikationskabel werden direkt von der BCU \u00fcber CAN \/ RS485-Protokolle an den Wechselrichter angeschlossen, ohne zus\u00e4tzliche Verkabelung zwischen den Modulen.<\/li>\n<li><strong>Beauftragung:<\/strong>\u00a0Dies geschieht \u00fcber die Schnittstelle des kompatiblen Wechselrichters, der die Batterie automatisch erkennt und das System entsprechend den Parametern des BMS (Battery Management System) konfiguriert.<\/li>\n<li><strong>Kompatibilit\u00e4t:<\/strong>\u00a0Ausschlie\u00dflich mit BYD Premium HVS+ und BCU+Base Systemen der neuen Generation.<\/li>\n<\/ul>\n<h2>Was ist die Garantie f\u00fcr HV BYD Battery Box Premium HVS+ \/ HVM+ Lithium-Batterien?<\/h2>\n<p>BYD bietet eine 10-Jahres-Garantie, die sowohl die BCU als auch die Batteriemodule umfasst, vorausgesetzt, das System wurde gem\u00e4\u00df den offiziellen Spezifikationen und mit zugelassenen Wechselrichtern installiert.<\/p>\n<h2>Technische Daten der HV BYD Premium HVM+ 22,1 kWh HV-Lithium-Batterie<\/h2>\n<table>\n<thead>\n<tr>\n<th>Parameter<\/th>\n<th>Gesch\u00e4tzter \/ berechneter* Wert<\/th>\n<\/tr>\n<\/thead>\n<tbody>\n<tr>\n<td>Modell<\/td>\n<td>BYD Batterie-Box Premium HVM+ 13,8 kWh<\/td>\n<\/tr>\n<tr>\n<td>Nutzbare Kapazit\u00e4t<\/td>\n<td>22,08 kWh<\/td>\n<\/tr>\n<tr>\n<td>Konfiguration<\/td>\n<td>1 \u00d7 BCU + Basis + 8 HVM+ Module (je 2,76 kWh)<\/td>\n<\/tr>\n<tr>\n<td>Technologie<\/td>\n<td>LiFePO\u2084 (Lithium-Ferrophosphat)<\/td>\n<\/tr>\n<tr>\n<td>Nennspannung des Systems<\/td>\n<td>409.6 V<\/td>\n<\/tr>\n<tr>\n<td>Betriebsspannungsbereich<\/td>\n<td>320 - 460.8 V<\/td>\n<\/tr>\n<tr>\n<td>Nenn-\/Spitzenstrom<\/td>\n<td>50 A \/ 80 A (15 s)<\/td>\n<\/tr>\n<tr>\n<td>Effizienz der Hin- und R\u00fcckfahrt<\/td>\n<td>\u2265 96 %<\/td>\n<\/tr>\n<tr>\n<td>Erwartete Lebenszyklen<\/td>\n<td>&gt; 6.000 (80 % DOD)<\/td>\n<\/tr>\n<tr>\n<td>Abmessungen (B \u00d7 L \u00d7 T)<\/td>\n<td>2187\u00d7 610 \u00d7 282 mm<\/td>\n<\/tr>\n<tr>\n<td>Gesch\u00e4tztes Gesamtgewicht<\/td>\n<td>345,3 kg<\/td>\n<\/tr>\n<tr>\n<td>Schutz<\/td>\n<td>IP55<\/td>\n<\/tr>\n<tr>\n<td>Betriebstemperatur<\/td>\n<td>-10 \u00b0C bis +50 \u00b0C<\/td>\n<\/tr>\n<tr>\n<td>Kommunikation<\/td>\n<td>CAN \/ RS485<\/td>\n<\/tr>\n<tr>\n<td>Zertifizierungen<\/td>\n<td>IEC 62619, UN 38.3, VDE 2510-50, CE<\/td>\n<\/tr>\n<tr>\n<td>B\u00fcrgschaft<\/td>\n<td>10 Jahre (vorbehaltlich korrekter Verwendung und Installation gem\u00e4\u00df BYD)<\/td>\n<\/tr>\n<\/tbody>\n<\/table>\n<h2>Datenblatt HV-Lithium-Batterie BYD Battery-Box Premium HVM+ 22,1 kWh<\/h2>\n<p><a href=\"https:\/\/fvcomponentes.com\/wp-content\/uploads\/2025\/10\/BYD_Battery-Box_HVM_Datasheet_V1.0_EN.pdf\" target=\"_blank\" rel=\"noopener\">HV BYD Battery-Box Premium HVM+ 22,1 kWh Lithium-Batterie Technisches Datenblatt<\/a><\/p>\n<h2>Installationshandbuch HV Lithium Batterie BYD Battery-Box Premium HVM+ 22,1 kWh<\/h2>\n<p><a href=\"https:\/\/fvcomponentes.com\/wp-content\/uploads\/2025\/10\/BYD_Quick-Start-Guide_HVS_HVM_HVB_V1.3_EN.pdf\" target=\"_blank\" rel=\"noopener\">BYD Battery-Box Premium HV Battery-Box HVM+ 22,1 kWh Lithium-Batterie Installationsanleitung<\/a><\/p>","protected":false},"excerpt":{"rendered":"<p><strong><span style=\"color: #ff0000\">INDIKATIVES IMAGE<\/span><\/strong><\/p>\n<p><strong>SONDERPREIS B&amp;D f\u00fcr DIREKT-Sendungen.<\/strong><\/p>\n<p>Nutzbare Energie: 22,08 kWh<br \/>\nAnzahl der Module: 8<br \/>\nNennspannung: 409,6 V<br \/>\nBetriebsspannungsbereich: 320 - 460,8 V<br \/>\nMaximaler Ausgangsstrom: 50 A<br \/>\nAusgangsspitzenstrom: 80 A f\u00fcr 15 Sekunden<\/p>","protected":false},"featured_media":32668,"comment_status":"closed","ping_status":"closed","template":"","meta":{"site-sidebar-layout":"default","site-content-layout":"","ast-site-content-layout":"default","site-content-style":"default","site-sidebar-style":"default","ast-global-header-display":"","ast-banner-title-visibility":"","ast-main-header-display":"","ast-hfb-above-header-display":"","ast-hfb-below-header-display":"","ast-hfb-mobile-header-display":"","site-post-title":"","ast-breadcrumbs-content":"","ast-featured-img":"","footer-sml-layout":"","ast-disable-related-posts":"","theme-transparent-header-meta":"default","adv-header-id-meta":"","stick-header-meta":"","header-above-stick-meta":"","header-main-stick-meta":"","header-below-stick-meta":"","astra-migrate-meta-layouts":"set","ast-page-background-enabled":"default","ast-page-background-meta":{"desktop":{"background-color":"var(--ast-global-color-4)","background-image":"","background-repeat":"repeat","background-position":"center center","background-size":"auto","background-attachment":"scroll","background-type":"","background-media":"","overlay-type":"","overlay-color":"","overlay-opacity":"","overlay-gradient":""},"tablet":{"background-color":"","background-image":"","background-repeat":"repeat","background-position":"center center","background-size":"auto","background-attachment":"scroll","background-type":"","background-media":"","overlay-type":"","overlay-color":"","overlay-opacity":"","overlay-gradient":""},"mobile":{"background-color":"","background-image":"","background-repeat":"repeat","background-position":"center center","background-size":"auto","background-attachment":"scroll","background-type":"","background-media":"","overlay-type":"","overlay-color":"","overlay-opacity":"","overlay-gradient":""}},"ast-content-background-meta":{"desktop":{"background-color":"var(--ast-global-color-5)","background-image":"","background-repeat":"repeat","background-position":"center center","background-size":"auto","background-attachment":"scroll","background-type":"","background-media":"","overlay-type":"","overlay-color":"","overlay-opacity":"","overlay-gradient":""},"tablet":{"background-color":"var(--ast-global-color-5)","background-image":"","background-repeat":"repeat","background-position":"center center","background-size":"auto","background-attachment":"scroll","background-type":"","background-media":"","overlay-type":"","overlay-color":"","overlay-opacity":"","overlay-gradient":""},"mobile":{"background-color":"var(--ast-global-color-5)","background-image":"","background-repeat":"repeat","background-position":"center center","background-size":"auto","background-attachment":"scroll","background-type":"","background-media":"","overlay-type":"","overlay-color":"","overlay-opacity":"","overlay-gradient":""}}},"pwb-brand":[897],"product_brand":[],"product_cat":[340,379],"product_tag":[],"class_list":{"0":"post-32594","1":"product","2":"type-product","3":"status-publish","4":"has-post-thumbnail","6":"pwb-brand-byd","7":"product_cat-baterias","8":"product_cat-baterias-de-litio-de-alto-voltaje","9":"product_shipping_class-baterias","10":"desktop-align-left","11":"tablet-align-left","12":"mobile-align-left","13":"ast-product-gallery-layout-horizontal-slider","14":"ast-product-tabs-layout-horizontal","16":"first","17":"instock","18":"taxable","19":"shipping-taxable","20":"purchasable","21":"product-type-yith_bundle"},"wcpa_form_fields":null,"brands":[{"id":897,"name":"B&amp;D-Batterien","slug":"byd"}],"_links":{"self":[{"href":"https:\/\/fvcomponentes.com\/de\/wp-json\/wp\/v2\/product\/32594","targetHints":{"allow":["GET"]}}],"collection":[{"href":"https:\/\/fvcomponentes.com\/de\/wp-json\/wp\/v2\/product"}],"about":[{"href":"https:\/\/fvcomponentes.com\/de\/wp-json\/wp\/v2\/types\/product"}],"replies":[{"embeddable":true,"href":"https:\/\/fvcomponentes.com\/de\/wp-json\/wp\/v2\/comments?post=32594"}],"wp:featuredmedia":[{"embeddable":true,"href":"https:\/\/fvcomponentes.com\/de\/wp-json\/wp\/v2\/media\/32668"}],"wp:attachment":[{"href":"https:\/\/fvcomponentes.com\/de\/wp-json\/wp\/v2\/media?parent=32594"}],"wp:term":[{"taxonomy":"pwb-brand","embeddable":true,"href":"https:\/\/fvcomponentes.com\/de\/wp-json\/wp\/v2\/pwb-brand?post=32594"},{"taxonomy":"product_brand","embeddable":true,"href":"https:\/\/fvcomponentes.com\/de\/wp-json\/wp\/v2\/product_brand?post=32594"},{"taxonomy":"product_cat","embeddable":true,"href":"https:\/\/fvcomponentes.com\/de\/wp-json\/wp\/v2\/product_cat?post=32594"},{"taxonomy":"product_tag","embeddable":true,"href":"https:\/\/fvcomponentes.com\/de\/wp-json\/wp\/v2\/product_tag?post=32594"}],"curies":[{"name":"wp","href":"https:\/\/api.w.org\/{rel}","templated":true}]}}