{"id":3252,"date":"2021-03-24T11:06:14","date_gmt":"2021-03-24T10:06:14","guid":{"rendered":"https:\/\/fvcomponentes.com\/producto\/cable-victron-ve-direct-cable-03m\/"},"modified":"2026-04-04T11:12:08","modified_gmt":"2026-04-04T09:12:08","slug":"victron-ve-direktes-kabel-03m","status":"publish","type":"product","link":"https:\/\/fvcomponentes.com\/de\/producto\/cable-victron-ve-direct-cable-03m\/","title":{"rendered":"Victron VE.Direct Kabel 0,3m - ASS030530203"},"content":{"rendered":"<h2>Victron VE.Direct 0,3m Kabel<\/h2>\n<p>Mit diesem Victron VE.Direct Kabel 0,3m k\u00f6nnen Sie Ihre Victron Produkte \u00fcber die VE.Direct Ports miteinander verbinden und alle Daten, z.B. von Ihren Victron Produkten, \u00fcberwachen. <a href=\"https:\/\/fvcomponentes.com\/de\/produktkategorie\/laderegler\/mppt-regler\/\" target=\"_blank\" rel=\"noopener\">MPPT-Steuerungen<\/a> .<\/p>\n<p><span lang=\"es\">Der Energieverbrauch kann durch die M\u00f6glichkeit, das Licht bei Bedarf zu dimmen, erheblich gesenkt werden.<br \/>\nEin geringerer Verbrauch senkt die Gesamtkosten, und die Energieverf\u00fcgbarkeit erh\u00f6ht sich, selbst wenn die Batterie aufgrund geringer Sonneneinstrahlung nur halb aufgeladen ist.<\/span><\/p>\n<p>Andere Kabelgr\u00f6\u00dfen:<br \/>\n<a href=\"https:\/\/fvcomponentes.com\/de\/produkt\/victron-ve-direktes-kabel-09m\/\" target=\"_blank\" rel=\"noopener\">Victron Ve.Direct Kabel 0,9 m<\/a><br \/>\n<a href=\"https:\/\/fvcomponentes.com\/de\/produkt\/victron-ve-direkt-kabel-3m\/\" target=\"_blank\" rel=\"noopener\">Victron Ve.Direct Kabel 3 m<\/a><br \/>\n<a href=\"https:\/\/fvcomponentes.com\/de\/produkt\/victron-ve-direktes-kabel-5m\/\" target=\"_blank\" rel=\"noopener\">Victron Ve.Direct Kabel 5 m<\/a><br \/>\n<a href=\"https:\/\/fvcomponentes.com\/de\/produkt\/victron-ve-direkt-kabel-10m\/\" target=\"_blank\" rel=\"noopener\">Victron Ve.Direct 10 m Kabel<\/a><\/p>","protected":false},"excerpt":{"rendered":"<p><strong>Kabel Victron VE.Direct Kabel 0,3m<\/strong><\/p>\n<p>Erforderlich f\u00fcr die Kommunikation zwischen den verschiedenen Victron-Ger\u00e4ten<\/p>","protected":false},"featured_media":3133,"comment_status":"open","ping_status":"closed","template":"","meta":{"site-sidebar-layout":"default","site-content-layout":"default","ast-site-content-layout":"default","site-content-style":"default","site-sidebar-style":"default","ast-global-header-display":"","ast-banner-title-visibility":"","ast-main-header-display":"","ast-hfb-above-header-display":"","ast-hfb-below-header-display":"","ast-hfb-mobile-header-display":"","site-post-title":"","ast-breadcrumbs-content":"","ast-featured-img":"","footer-sml-layout":"","ast-disable-related-posts":"","theme-transparent-header-meta":"default","adv-header-id-meta":"","stick-header-meta":"","header-above-stick-meta":"","header-main-stick-meta":"","header-below-stick-meta":"","astra-migrate-meta-layouts":"set","ast-page-background-enabled":"default","ast-page-background-meta":{"desktop":{"background-color":"var(--ast-global-color-4)","background-image":"","background-repeat":"repeat","background-position":"center center","background-size":"auto","background-attachment":"scroll","background-type":"","background-media":"","overlay-type":"","overlay-color":"","overlay-opacity":"","overlay-gradient":""},"tablet":{"background-color":"","background-image":"","background-repeat":"repeat","background-position":"center center","background-size":"auto","background-attachment":"scroll","background-type":"","background-media":"","overlay-type":"","overlay-color":"","overlay-opacity":"","overlay-gradient":""},"mobile":{"background-color":"","background-image":"","background-repeat":"repeat","background-position":"center center","background-size":"auto","background-attachment":"scroll","background-type":"","background-media":"","overlay-type":"","overlay-color":"","overlay-opacity":"","overlay-gradient":""}},"ast-content-background-meta":{"desktop":{"background-color":"var(--ast-global-color-5)","background-image":"","background-repeat":"repeat","background-position":"center center","background-size":"auto","background-attachment":"scroll","background-type":"","background-media":"","overlay-type":"","overlay-color":"","overlay-opacity":"","overlay-gradient":""},"tablet":{"background-color":"var(--ast-global-color-5)","background-image":"","background-repeat":"repeat","background-position":"center center","background-size":"auto","background-attachment":"scroll","background-type":"","background-media":"","overlay-type":"","overlay-color":"","overlay-opacity":"","overlay-gradient":""},"mobile":{"background-color":"var(--ast-global-color-5)","background-image":"","background-repeat":"repeat","background-position":"center center","background-size":"auto","background-attachment":"scroll","background-type":"","background-media":"","overlay-type":"","overlay-color":"","overlay-opacity":"","overlay-gradient":""}}},"pwb-brand":[332],"product_brand":[],"product_cat":[351,878,333,410],"product_tag":[],"class_list":{"0":"post-3252","1":"product","2":"type-product","3":"status-publish","4":"has-post-thumbnail","6":"pwb-brand-victron","7":"product_cat-accesorios","8":"product_cat-cables-victron","9":"product_cat-inversores","10":"product_cat-material-electrico","11":"desktop-align-left","12":"tablet-align-left","13":"mobile-align-left","14":"ast-product-gallery-layout-horizontal-slider","15":"ast-product-gallery-with-no-image","16":"ast-product-tabs-layout-horizontal","18":"first","19":"instock","20":"taxable","21":"shipping-taxable","22":"purchasable","23":"product-type-simple"},"wcpa_form_fields":null,"brands":[{"id":332,"name":"Victron Energie","slug":"victron"}],"_links":{"self":[{"href":"https:\/\/fvcomponentes.com\/de\/wp-json\/wp\/v2\/product\/3252","targetHints":{"allow":["GET"]}}],"collection":[{"href":"https:\/\/fvcomponentes.com\/de\/wp-json\/wp\/v2\/product"}],"about":[{"href":"https:\/\/fvcomponentes.com\/de\/wp-json\/wp\/v2\/types\/product"}],"replies":[{"embeddable":true,"href":"https:\/\/fvcomponentes.com\/de\/wp-json\/wp\/v2\/comments?post=3252"}],"wp:featuredmedia":[{"embeddable":true,"href":"https:\/\/fvcomponentes.com\/de\/wp-json\/wp\/v2\/media\/3133"}],"wp:attachment":[{"href":"https:\/\/fvcomponentes.com\/de\/wp-json\/wp\/v2\/media?parent=3252"}],"wp:term":[{"taxonomy":"pwb-brand","embeddable":true,"href":"https:\/\/fvcomponentes.com\/de\/wp-json\/wp\/v2\/pwb-brand?post=3252"},{"taxonomy":"product_brand","embeddable":true,"href":"https:\/\/fvcomponentes.com\/de\/wp-json\/wp\/v2\/product_brand?post=3252"},{"taxonomy":"product_cat","embeddable":true,"href":"https:\/\/fvcomponentes.com\/de\/wp-json\/wp\/v2\/product_cat?post=3252"},{"taxonomy":"product_tag","embeddable":true,"href":"https:\/\/fvcomponentes.com\/de\/wp-json\/wp\/v2\/product_tag?post=3252"}],"curies":[{"name":"wp","href":"https:\/\/api.w.org\/{rel}","templated":true}]}}