{"id":32497,"date":"2025-11-20T14:47:05","date_gmt":"2025-11-20T13:47:05","guid":{"rendered":"https:\/\/fvcomponentes.com\/?post_type=product&#038;p=32497"},"modified":"2025-11-20T14:47:06","modified_gmt":"2025-11-20T13:47:06","slug":"lithium-batterie-hv-byd-battery-box-premium-hvs-12-8-kwh","status":"publish","type":"product","link":"https:\/\/fvcomponentes.com\/de\/producto\/bateria-de-litio-hv-byd-battery-box-premium-hvs-12-8kwh\/","title":{"rendered":"Lithium-Batterie HV BYD Battery-Box Premium HVS+ 12,8 kWh"},"content":{"rendered":"<h2>Lithium-Batterie HV BYD Battery-Box Premium HVS+ 12,8 kWh<\/h2>\n<p>BYD, weltweit f\u00fchrender Hersteller von Batterien und Energiespeicherl\u00f6sungen, pr\u00e4sentiert die neue Generation seiner Hochspannungsbatterien: die BYD Battery-Box Premium HVS+ 12,8 kWh aus der HVS+-Serie, eine direkte Weiterentwicklung der bekannten HVS-Serie.<\/p>\n<p>Diese neuen Ger\u00e4te vereinen eine h\u00f6here Energiekapazit\u00e4t, optimierte Leistung, verbessertes modulares Design und erweiterte Kompatibilit\u00e4t mit den wichtigsten Wechselrichtern auf dem Markt und best\u00e4tigen damit die Position von BYD als Referenz f\u00fcr Speichersysteme f\u00fcr den privaten und industriellen Eigenverbrauch.<\/p>\n<p>Dank ihres modularen, stapelbaren Designs (Plug &amp; Play) erm\u00f6glicht die Battery\u2011Box Premium HVS+ 12,8 kWh eine schnelle, sichere und skalierbare Installation und passt sich unterschiedlichen Verbrauchsbed\u00fcrfnissen an.<\/p>\n<h2>Warum ist die BYD Battery\u2011Box Premium HVS+ 12,8 kWh eine der besten Optionen auf dem Markt?<\/h2>\n<p>Die Lithium-Batterie HV BYD Battery-Box Premium HVS+ 12,8 kWh besteht aus 1 Einheit. <a href=\"https:\/\/fvcomponentes.com\/de\/produkt\/bcubase-fur-lithium-batterie-hv-byd-batteriebox-premium-hvs-hvm-16541149-00\/\" target=\"_blank\" rel=\"noopener\">BCU+Basis f\u00fcr HV Lithium Batterie BYD Batterie Box Premium HVS+ \/ HVM+ - 16541149-00<\/a> y 5 <a href=\"https:\/\/fvcomponentes.com\/de\/produkt\/lithium-batteriemodul-hv-byd-premium-hvs-2-56-18487497-00\/\" target=\"_blank\" rel=\"noopener\">2,56 kWh HVS+ Module<\/a> jeweils, wodurch eine Gesamtkapazit\u00e4t von 12,8 kWh erreicht wird.<\/p>\n<p>Diese Kombination stellt einen Hochspannungsturm dar, der dank des integrierten intelligenten BMS (Battery Management System) in der Lage ist, eine hohe Dauerleistung zu liefern und die Energie pr\u00e4zise zu verwalten.<\/p>\n<p>Das in die BCU integrierte BMS (Battery Management System) verwaltet die Energie in Echtzeit, gleicht die Zellen aus, \u00fcberwacht die Temperatur und sch\u00fctzt das System vor Zwischenf\u00e4llen. Das gesamte System ist darauf ausgelegt, Leistung, Zuverl\u00e4ssigkeit und maximale Sicherheit f\u00fcr mehr als 6.000 Ladezyklen zu bieten.<\/p>\n<h2>Hauptfunktionen der BYD Battery-Box Premium HVS+ 12,8 kWh<\/h2>\n<h3>Modularer und skalierbarer Aufbau<\/h3>\n<p>Die HVS+-Serie erm\u00f6glicht das Stapeln von 2 bis 5 Modulen auf einer einzigen BCU+Base, wodurch die Kapazit\u00e4t des Systems ohne Austausch wichtiger Komponenten erweitert werden kann.<br \/>\nBeim Modell mit 12,8 kWh ist die maximale Anzahl an Modulen (5 Module) bereits erreicht.<\/p>\n<h3>Intelligente Verwaltung und Kontrolle<\/h3>\n<p>Das BMS-System \u00fcberwacht kontinuierlich die Spannung, den Strom und die Temperatur jedes Moduls und gew\u00e4hrleistet so einen effizienten und stabilen Betrieb. Dar\u00fcber hinaus optimiert es die Nutzung der gespeicherten Energie und die Verteilung von Ladung und Entladung, um die Lebensdauer des Systems zu verl\u00e4ngern und die Gesamteffizienz der Anlage zu verbessern.<\/p>\n<h3>Effiziente und stabile Lagerung<\/h3>\n<p>Jedes HVS+-Modul nutzt Lithium-Eisenphosphat-Technologie (LiFePO\u2084 oder LFP), die f\u00fcr ihre hohe thermische Stabilit\u00e4t, ihre intrinsische Sicherheit, ihre lange Lebensdauer und ihr gutes Verhalten in anspruchsvollen Umgebungen bekannt ist.<\/p>\n<h3>Maximaler Schutz und Sicherheit<\/h3>\n<p>Die Batterie verf\u00fcgt \u00fcber fortschrittliche Schutzvorrichtungen gegen \u00dcberladung, \u00dcberentladung, Kurzschl\u00fcsse und extreme Temperaturen.<br \/>\nEntspricht den internationalen Zertifizierungen IEC 62619, UN 38.3 und CE und gew\u00e4hrleistet elektrische, mechanische und Transportsicherheit in jeder Art von Anlage.<br \/>\nDas verst\u00e4rkte und versiegelte Metallgeh\u00e4use sch\u00fctzt vor versehentlichen Besch\u00e4digungen und sorgt f\u00fcr eine sichere externe Leistung.<\/p>\n<h3>Erweiterte Kommunikation<\/h3>\n<p>Das System verf\u00fcgt \u00fcber integrierte CAN- und RS485-Schnittstellen, die eine bidirektionale Kommunikation mit kompatiblen Wechselrichtern erm\u00f6glichen. So kann die Batterie Informationen mit dem Wechselrichter austauschen, Backup-Modi, Lade-\/Entladesteuerung, Fern\u00fcberwachung usw. erm\u00f6glichen.<\/p>\n<h3>Schnelle und sichere Installation<\/h3>\n<p>Das modulare Plug-and-Play-Design macht interne Verkabelungen zwischen den Modulen \u00fcberfl\u00fcssig. Die Module werden vertikal auf der Basis (BCU+Base) gestapelt, wobei interne Steckverbinder sowohl die mechanische als auch die elektrische Verbindung sicherstellen. Dies reduziert die Montagezeit und minimiert menschliche Fehler.<\/p>\n<h3>Robuste und modulare Struktur<\/h3>\n<p>Das verst\u00e4rkte Metallgeh\u00e4use sorgt f\u00fcr Stabilit\u00e4t, Schutz vor versehentlichem Kontakt und mechanische Stabilit\u00e4t. Das modulare, vertikale Design erleichtert die W\u00e4rmeableitung und erm\u00f6glicht eine stabile Leistung auch in anspruchsvollen Umgebungen.<\/p>\n<h3>Kompatibilit\u00e4t zwischen BYD-Batteriesystemen<\/h3>\n<p>Die Battery\u2011Box Premium HVS+ 12,8 kWh geh\u00f6rt zur neuen Generation der Hochspannungsbatterien von BYD und ist ausschlie\u00dflich mit der HVS+ Serie und der neuen Generation der BCU+Base kompatibel.<\/p>\n<p>Battery-Box Premium HVS+: Stapelbar von 2 bis 5 Modulen (5,1 - 12,8 nutzbare kWh).<\/p>\n<p>HVS+-Module sind nicht abw\u00e4rtskompatibel (HVS), d. h. sie k\u00f6nnen nicht mit Modulen oder BCUs aus fr\u00fcheren Versionen kombiniert werden. Sie k\u00f6nnen nicht im selben Turm gemischt oder neue T\u00fcrme parallel zu Modult\u00fcrmen fr\u00fcherer Versionen eingesetzt werden.<\/p>\n<h3>Kompatibilit\u00e4t mit Wechselrichtern<\/h3>\n<p>BYD Battery-Box Premium HVS+ Lithium-Batterien sind mit einer Vielzahl von marktf\u00fchrenden Wechselrichtern wie Fronius, GoodWe, SMA, Kostal, Victron, Huawei oder Solis kompatibel.<br \/>\nDiese Kompatibilit\u00e4t gew\u00e4hrleistet eine einfache Integration in Eigenverbrauchssysteme mit Speicher, Hybridinstallationen oder Backup-Konfigurationen.<\/p>\n<p><a href=\"https:\/\/fvcomponentes.com\/wp-content\/uploads\/2025\/10\/Compatible-Inverter-List_HVBHVMHVS_MLL_V1.3.pdf\" target=\"_blank\" rel=\"noopener\"><strong>Aktualisierte Liste der Wechselrichter, die mit BYD Battery Box Premium HVS+ \/ HVM+ Batterien kompatibel sind Version V1.3, aktualisiert am 17\/10\/25<\/strong><\/a><\/p>\n<h3>HVS+ Batterien<\/h3>\n<p><img decoding=\"async\" src=\"https:\/\/fvcomponentes.com\/wp-content\/uploads\/2025\/10\/ByD-HVS-Caracteristicas.png\" alt=\"B&amp;H HVS Merkmale\" title=\"\"><\/p>\n<h2>Vorteile des neuen Designs der BYD Battery-Box Premium HVS+ 12,8 kWh<\/h2>\n<h3>Mehr Leistung und Flexibilit\u00e4t<\/h3>\n<p>Das Modell HVS+ 12,8 kWh bietet eine h\u00f6here Leistung und Energiedichte als die Vorg\u00e4ngerserien. Es eignet sich ideal f\u00fcr Photovoltaikanlagen in Wohngeb\u00e4uden, die eine n\u00e4chtliche Autonomie oder eine stabile Energieversorgung erfordern.<\/p>\n<h3>Nahtlose Integration mit modernen Wechselrichtern<\/h3>\n<p>Vollst\u00e4ndig kompatibel u.a. mit Fronius GEN24 Plus, GoodWe ET Plus+, SMA Sunny Boy Storage, Kostal Plenticore Plus und Victron Multiplus II.<\/p>\n<h3>Minimale Wartung<\/h3>\n<p>Keine L\u00fcfter oder beweglichen Teile. Passive K\u00fchlung und IP55-Abdichtung gew\u00e4hrleisten eine lange Lebensdauer ohne regelm\u00e4\u00dfige Wartung.<\/p>\n<h3>Robuste und sichere Konstruktion<\/h3>\n<p>Verst\u00e4rkte Metallstruktur mit vollst\u00e4ndiger Isolierung gegen zuf\u00e4llige Ber\u00fchrung.<br \/>\nGeeignet f\u00fcr die Innenaufstellung (Garagen, Technikr\u00e4ume, Dachb\u00f6den usw.).<\/p>\n<h2>Wie wird eine Batterie dimensioniert?<\/h2>\n<p>Der erste Schritt besteht darin, den Zweck zu definieren, f\u00fcr den Sie die Batterie ben\u00f6tigen. Wollen Sie tags\u00fcber Energie sparen und sie f\u00fcr die Nacht speichern? Ben\u00f6tigen Sie ein Backup-System f\u00fcr Notf\u00e4lle wie Stromausf\u00e4lle oder l\u00e4ngere Stromausf\u00e4lle? Wollen Sie Autonomie und gr\u00f6\u00dfere Unabh\u00e4ngigkeit von den Versorgungsunternehmen erlangen?<\/p>\n<p>Wenn Sie sich \u00fcber Ihr Ziel im Klaren sind, m\u00fcssen Sie nur noch den Verbrauch berechnen, den Sie in den Stunden der Batterienutzung haben w\u00fcrden. Diese Berechnung ist sehr einfach, wenn Sie Ihre Modulanlage erweitern, da Sie \u00fcber die App Ihres Wechselrichters, z. B. Fronius Solar.web, auf Ihre aktuellen Daten zugreifen k\u00f6nnen. Wenn Sie diese Daten nicht haben, k\u00f6nnen Sie sich jederzeit an Ihren Lieferanten wenden. In der Regel werden etwa 40% des Tagesverbrauchs ohne Sonneneinstrahlung erzeugt.<\/p>\n<p>Sie sollten auch die Leistung ber\u00fccksichtigen, die die Kombination aus Batterie und Wechselrichter erbringen kann, die Ihren Spitzenverbrauch decken sollte.<\/p>\n<p>Mit diesen Informationen k\u00f6nnen Sie nun die Batterie ausw\u00e4hlen, die Ihren Bed\u00fcrfnissen am besten entspricht.<\/p>\n<h2>Beispiel f\u00fcr die Installation einer BYD Battery-Box Premium HVS+ 12,8 kWh<\/h2>\n<p>Eine typische Installation umfasst:<\/p>\n<p>1 \u00d7 BCU+Basis - 16541149-00<br \/>\n5 \u00d7 HVS+-Module (jeweils 2,56 kWh)<\/p>\n<p>Mit dieser Konfiguration erh\u00e4lt man 12,8 kWh nutzbare Energie, was ausreicht, um den n\u00e4chtlichen Verbrauch eines gro\u00dfen Wohnhauses, kleiner Gesch\u00e4fte oder gemischter Einrichtungen mit hohem Energiebedarf zu decken.<\/p>\n<h2>Empfohlener Einbau einer Hochspannungs-Lithium-Batterie<\/h2>\n<ul>\n<li><strong>Standort:<\/strong>\u00a0in geschlossenen R\u00e4umen auf einer stabilen Unterlage trocknen und vor Feuchtigkeit und Hitze sch\u00fctzen.<\/li>\n<li><strong>Montage:<\/strong>\u00a0Die BCU+Base wird zuerst installiert; die Module werden vertikal \u00fcbereinander gestapelt, mit Plug &amp; Play-Verbindung, ohne interne Kabel. Sie werden mit den integrierten Steckern zusammengerastet.<\/li>\n<li><strong>Verbindung:<\/strong>\u00a0Strom- und Kommunikationskabel werden direkt von der BCU \u00fcber CAN \/ RS485-Protokolle an den Wechselrichter angeschlossen, ohne zus\u00e4tzliche Verkabelung zwischen den Modulen.<\/li>\n<li><strong>Beauftragung:<\/strong>\u00a0Dies geschieht \u00fcber die Schnittstelle des kompatiblen Wechselrichters, der die Batterie automatisch erkennt und das System entsprechend den Parametern des BMS (Battery Management System) konfiguriert.<\/li>\n<li><strong>Kompatibilit\u00e4t:<\/strong>\u00a0Ausschlie\u00dflich mit BYD Premium HVS+ und BCU+Base Systemen der neuen Generation.<\/li>\n<\/ul>\n<h2>Was ist die Garantie f\u00fcr die BYD Battery Box Premium HVS+ Lithium-Batterien?<\/h2>\n<p>BYD bietet eine 10-j\u00e4hrige Garantie f\u00fcr die gesamte Battery-Box Premium HVS+ Produktreihe, die sowohl die BCU-Einheit als auch die Batteriemodule abdeckt, sofern das System gem\u00e4\u00df den Herstellerangaben und mit zugelassenen Wechselrichtern installiert wurde.<\/p>\n<h2>Technische Daten der Lithium-Batterie HV BYD Battery-Box Premium HVS+ 12,8 kWh<\/h2>\n<table>\n<thead>\n<tr>\n<th>Parameter<\/th>\n<th>Wert<\/th>\n<\/tr>\n<\/thead>\n<tbody>\n<tr>\n<td>Modell<\/td>\n<td>BYD Battery\u2011Box Premium HVS+ 12,8 kWh<\/td>\n<\/tr>\n<tr>\n<td>Komponenten<\/td>\n<td>1 \u00d7 BCU+Basis + 5 \u00d7 HVS+-Module (jeweils 2,56 kWh)<\/td>\n<\/tr>\n<tr>\n<td>Nutzbare Kapazit\u00e4t<\/td>\n<td>12,8 kWh<\/td>\n<\/tr>\n<tr>\n<td>Technologie<\/td>\n<td>LiFePO\u2084 (Lithium-Ferrophosphat)<\/td>\n<\/tr>\n<tr>\n<td>Nennspannung<\/td>\n<td>512 V<\/td>\n<\/tr>\n<tr>\n<td>Betriebsspannungsbereich<\/td>\n<td>400 \u2013 576 V<\/td>\n<\/tr>\n<tr>\n<td>Nenn-Ausgangsstrom<\/td>\n<td>25\u202fA<\/td>\n<\/tr>\n<tr>\n<td>Spitzenstrom<\/td>\n<td>55 A , 15 s<\/td>\n<\/tr>\n<tr>\n<td>Abmessungen<\/td>\n<td>146,7 \u00d7 61 \u00d7 28,2 cm<\/td>\n<\/tr>\n<tr>\n<td>Ungef\u00e4hres Gewicht<\/td>\n<td>206,6 kg<\/td>\n<\/tr>\n<tr>\n<td>Schutz<\/td>\n<td>IP55<\/td>\n<\/tr>\n<tr>\n<td>Systemeffizienz<\/td>\n<td>\u2265\u202f96\u202f%<\/td>\n<\/tr>\n<tr>\n<td>Gesch\u00e4tzte Lebenszyklen<\/td>\n<td>&gt; 6.000 Zyklen (laut BYD-Dokument)<\/td>\n<\/tr>\n<tr>\n<td>Betriebstemperatur<\/td>\n<td>\u201310 \u00b0C bis +50 \u00b0C<\/td>\n<\/tr>\n<tr>\n<td>Kommunikation<\/td>\n<td>CAN \/ RS485<\/td>\n<\/tr>\n<tr>\n<td>Zertifizierungen<\/td>\n<td>IEC 62619, UN 38.3, CE, VDE 2510-50<\/td>\n<\/tr>\n<tr>\n<td>B\u00fcrgschaft<\/td>\n<td>10 Jahre (gem\u00e4\u00df den Bedingungen des Herstellers)<\/td>\n<\/tr>\n<\/tbody>\n<\/table>\n<h2>Technisches Datenblatt Lithium-Batterie HV BYD Battery-Box Premium HVS+ 12,8 kWh<\/h2>\n<p><a href=\"https:\/\/fvcomponentes.com\/wp-content\/uploads\/2025\/10\/Datasheet_HVS_EN_V1.0_250729.pdf\" target=\"_blank\" rel=\"noopener\">Technisches Datenblatt der Lithium-Batterie HV BYD Battery-Box Premium HVS+ 12,8 kWh<\/a><\/p>\n<h2>Installationshandbuch Lithium-Batterie HV BYD Battery-Box Premium HVS+ 12,8 kWh<\/h2>\n<p><a href=\"https:\/\/fvcomponentes.com\/wp-content\/uploads\/2025\/10\/BYD_Quick-Start-Guide_HVS_HVM_HVB_V1.3_EN.pdf\" target=\"_blank\" rel=\"noopener\">Installationshandbuch f\u00fcr die Lithiumbatterie HV BYD Battery-Box Premium HVS+ 12,8 kWh<\/a><\/p>","protected":false},"excerpt":{"rendered":"<p><span style=\"color: #ff0000;\"><strong>INDIKATIVES IMAGE<\/strong><\/span><\/p>\n<p><strong>SONDERPREIS B&amp;D f\u00fcr DIREKT-Sendungen.<\/strong><\/p>\n<p>Nutzbare Energie: 12,8 kWh<br \/>\nAnzahl der Module: 5<br \/>\nNennspannung: 512 V<br \/>\nBetriebsspannungsbereich: 400\u202f \u2013 576 V<br \/>\nMaximaler Ausgangsstrom: 25A<br \/>\nSpitzenausgangsstrom: 55 A f\u00fcr 15 Sekunden<\/p>","protected":false},"featured_media":32506,"comment_status":"closed","ping_status":"closed","template":"","meta":{"site-sidebar-layout":"default","site-content-layout":"","ast-site-content-layout":"default","site-content-style":"default","site-sidebar-style":"default","ast-global-header-display":"","ast-banner-title-visibility":"","ast-main-header-display":"","ast-hfb-above-header-display":"","ast-hfb-below-header-display":"","ast-hfb-mobile-header-display":"","site-post-title":"","ast-breadcrumbs-content":"","ast-featured-img":"","footer-sml-layout":"","ast-disable-related-posts":"","theme-transparent-header-meta":"default","adv-header-id-meta":"","stick-header-meta":"","header-above-stick-meta":"","header-main-stick-meta":"","header-below-stick-meta":"","astra-migrate-meta-layouts":"set","ast-page-background-enabled":"default","ast-page-background-meta":{"desktop":{"background-color":"var(--ast-global-color-4)","background-image":"","background-repeat":"repeat","background-position":"center center","background-size":"auto","background-attachment":"scroll","background-type":"","background-media":"","overlay-type":"","overlay-color":"","overlay-opacity":"","overlay-gradient":""},"tablet":{"background-color":"","background-image":"","background-repeat":"repeat","background-position":"center center","background-size":"auto","background-attachment":"scroll","background-type":"","background-media":"","overlay-type":"","overlay-color":"","overlay-opacity":"","overlay-gradient":""},"mobile":{"background-color":"","background-image":"","background-repeat":"repeat","background-position":"center center","background-size":"auto","background-attachment":"scroll","background-type":"","background-media":"","overlay-type":"","overlay-color":"","overlay-opacity":"","overlay-gradient":""}},"ast-content-background-meta":{"desktop":{"background-color":"var(--ast-global-color-5)","background-image":"","background-repeat":"repeat","background-position":"center center","background-size":"auto","background-attachment":"scroll","background-type":"","background-media":"","overlay-type":"","overlay-color":"","overlay-opacity":"","overlay-gradient":""},"tablet":{"background-color":"var(--ast-global-color-5)","background-image":"","background-repeat":"repeat","background-position":"center center","background-size":"auto","background-attachment":"scroll","background-type":"","background-media":"","overlay-type":"","overlay-color":"","overlay-opacity":"","overlay-gradient":""},"mobile":{"background-color":"var(--ast-global-color-5)","background-image":"","background-repeat":"repeat","background-position":"center center","background-size":"auto","background-attachment":"scroll","background-type":"","background-media":"","overlay-type":"","overlay-color":"","overlay-opacity":"","overlay-gradient":""}}},"pwb-brand":[897],"product_brand":[],"product_cat":[340,379],"product_tag":[],"class_list":{"0":"post-32497","1":"product","2":"type-product","3":"status-publish","4":"has-post-thumbnail","6":"pwb-brand-byd","7":"product_cat-baterias","8":"product_cat-baterias-de-litio-de-alto-voltaje","9":"product_shipping_class-baterias","10":"desktop-align-left","11":"tablet-align-left","12":"mobile-align-left","13":"ast-product-gallery-layout-horizontal-slider","14":"ast-product-tabs-layout-horizontal","16":"first","17":"instock","18":"taxable","19":"shipping-taxable","20":"purchasable","21":"product-type-yith_bundle"},"wcpa_form_fields":null,"brands":[{"id":897,"name":"B&amp;D-Batterien","slug":"byd"}],"_links":{"self":[{"href":"https:\/\/fvcomponentes.com\/de\/wp-json\/wp\/v2\/product\/32497","targetHints":{"allow":["GET"]}}],"collection":[{"href":"https:\/\/fvcomponentes.com\/de\/wp-json\/wp\/v2\/product"}],"about":[{"href":"https:\/\/fvcomponentes.com\/de\/wp-json\/wp\/v2\/types\/product"}],"replies":[{"embeddable":true,"href":"https:\/\/fvcomponentes.com\/de\/wp-json\/wp\/v2\/comments?post=32497"}],"wp:featuredmedia":[{"embeddable":true,"href":"https:\/\/fvcomponentes.com\/de\/wp-json\/wp\/v2\/media\/32506"}],"wp:attachment":[{"href":"https:\/\/fvcomponentes.com\/de\/wp-json\/wp\/v2\/media?parent=32497"}],"wp:term":[{"taxonomy":"pwb-brand","embeddable":true,"href":"https:\/\/fvcomponentes.com\/de\/wp-json\/wp\/v2\/pwb-brand?post=32497"},{"taxonomy":"product_brand","embeddable":true,"href":"https:\/\/fvcomponentes.com\/de\/wp-json\/wp\/v2\/product_brand?post=32497"},{"taxonomy":"product_cat","embeddable":true,"href":"https:\/\/fvcomponentes.com\/de\/wp-json\/wp\/v2\/product_cat?post=32497"},{"taxonomy":"product_tag","embeddable":true,"href":"https:\/\/fvcomponentes.com\/de\/wp-json\/wp\/v2\/product_tag?post=32497"}],"curies":[{"name":"wp","href":"https:\/\/api.w.org\/{rel}","templated":true}]}}