{"id":32494,"date":"2025-11-20T14:45:56","date_gmt":"2025-11-20T13:45:56","guid":{"rendered":"https:\/\/fvcomponentes.com\/?post_type=product&#038;p=32494"},"modified":"2025-11-24T08:38:15","modified_gmt":"2025-11-24T07:38:15","slug":"lithium-batterie-hv-byd-battery-box-premium-hvs-10-2-kwh","status":"publish","type":"product","link":"https:\/\/fvcomponentes.com\/de\/producto\/bateria-de-litio-hv-byd-battery-box-premium-hvs-10-2kwh\/","title":{"rendered":"Lithium-Batterie HV BYD Battery-Box Premium HVS+ 10,2 kWh"},"content":{"rendered":"<h2>Lithium-Batterie HV BYD Battery-Box Premium HVS+ 10,2 kWh<\/h2>\n<p>BYD, weltweit f\u00fchrender Hersteller von Batterien und Energiespeicherl\u00f6sungen, pr\u00e4sentiert die neue Generation seiner Hochspannungsbatterien: die BYD Battery-Box Premium HVS+ 10,2 kWh aus der HVS+-Serie, eine direkte Weiterentwicklung der bekannten HVS-Serie.<\/p>\n<p>Diese neuen Batterien bieten eine h\u00f6here Energiedichte, optimierte Leistung, ein kompakteres Design und eine erweiterte Kompatibilit\u00e4t mit den wichtigsten Hybrid-Wechselrichtern auf dem Markt. Damit festigt BYD seine Position als Referenz im Bereich der Speicherung f\u00fcr den privaten und industriellen Eigenverbrauch.<\/p>\n<p>Dank ihrer modularen und skalierbaren Architektur erm\u00f6glicht die Battery-Box Premium HVS+ 10,2 kWh den Einstieg mit einer mittleren Konfiguration und eine einfache Erweiterung, wenn der Energiebedarf des Nutzers w\u00e4chst. Ihr Plug-&amp;-Play-Design reduziert die Installationszeit, macht interne Verkabelungen \u00fcberfl\u00fcssig und gew\u00e4hrleistet eine sichere, saubere und effiziente Verbindung.<\/p>\n<h2>Warum ist die BYD Battery-Box Premium HVS+ 10,2 kWh eine der besten Optionen auf dem Markt?<\/h2>\n<p>Die Lithium-Batterie HV BYD Battery-Box Premium HVS+ 10,2 kWh besteht aus <strong>1 St\u00fcck<\/strong> <a href=\"https:\/\/fvcomponentes.com\/de\/produkt\/bcubase-fur-lithium-batterie-hv-byd-batteriebox-premium-hvs-hvm-16541149-00\/\" target=\"_blank\" rel=\"noopener\">BCU+Basis f\u00fcr HV Lithium Batterie BYD Batterie Box Premium HVS+ \/ HVM+ - 16541149-00<\/a> y <strong>4<\/strong> <a href=\"https:\/\/fvcomponentes.com\/de\/produkt\/lithium-batteriemodul-hv-byd-premium-hvs-2-56-18487497-00\/\" target=\"_blank\" rel=\"noopener\">2,56 kWh HVS+ Module<\/a> jeweils, wodurch eine Gesamtkapazit\u00e4t von 10,24 kWh erreicht wird.<\/p>\n<p>Jeder Batterieturm kann auf bis zu 5 Module (12,8 kWh) erweitert oder parallel mit anderen T\u00fcrmen kombiniert werden, um h\u00f6here Energiespeicherkapazit\u00e4ten f\u00fcr anspruchsvollere Anlagen zu erreichen.<\/p>\n<p>Das in die BCU integrierte BMS-System (Battery Management System) verwaltet die Energie in Echtzeit, gleicht Zellen aus, \u00fcberwacht die Temperatur und sch\u00fctzt das System vor \u00dcberlastung, \u00dcberentladung oder Kurzschl\u00fcssen. Das gesamte System ist auf Leistung, Zuverl\u00e4ssigkeit und maximale Sicherheit f\u00fcr mehr als 6.000 Ladezyklen ausgelegt.<\/p>\n<h2>Hauptfunktionen der BYD Battery-Box Premium HVS+ 10,2 kWh<\/h2>\n<h3>Intelligente Verwaltung und Kontrolle<\/h3>\n<p>Das BMS-System \u00fcberwacht kontinuierlich die Spannung, den Strom und die Temperatur jeder Zelle und gew\u00e4hrleistet so einen effizienten und stabilen Betrieb. Dar\u00fcber hinaus optimiert es die Nutzung der gespeicherten Energie, um die Lebensdauer des Systems zu verl\u00e4ngern und die Gesamteffizienz des Systems zu verbessern.<\/p>\n<h3>Sicherheit und Schutz<\/h3>\n<p>Die Batterie verf\u00fcgt \u00fcber fortschrittliche Schutzvorrichtungen gegen \u00dcberladung, \u00dcberentladung, Kurzschl\u00fcsse und extreme Temperaturen.<br \/>\nEntspricht den internationalen Zertifizierungen IEC 62619, UN 38.3 und CE und gew\u00e4hrleistet elektrische, mechanische und Transportsicherheit in jeder Art von Anlage.<\/p>\n<h3>Erweiterte Kommunikation<\/h3>\n<p>Die Battery-Box Premium HVS+ 10,2 kWh verf\u00fcgt \u00fcber integrierte CAN- und RS485-Schnittstellen, die eine nahtlose Kommunikation mit den g\u00e4ngigsten Wechselrichtern auf dem Markt erm\u00f6glichen.<br \/>\nDiese bidirektionale Kommunikation erm\u00f6glicht eine intelligente Steuerung des Energieflusses zwischen der Photovoltaikanlage, der Batterie und dem privaten oder industriellen Verbrauch.<\/p>\n<h3>Einfacher Einbau<\/h3>\n<p>Das System wird vertikal gestapelt montiert, ohne dass eine interne Verkabelung erforderlich ist.<br \/>\nDie Strom- und Kommunikationsanschl\u00fcsse sind integriert, was eine schnelle, sichere und fehlerfreie Installation erm\u00f6glicht.<\/p>\n<h3>Robuste und modulare Struktur<\/h3>\n<p>Das verst\u00e4rkte Metallgeh\u00e4use und das modulare Design bieten eine solide Basis, eine pr\u00e4zise Ausrichtung der Module und eine optimale W\u00e4rmeableitung und gew\u00e4hrleisten so eine stabile Leistung auch in anspruchsvollen Umgebungen.<\/p>\n<h3>Kompatibilit\u00e4t zwischen BYD-Batteriesystemen<\/h3>\n<p>Die Battery-Box Premium HVS+ geh\u00f6rt zur neuen Generation der Hochspannungsbatterien von BYD und ist nur mit Komponenten der HVS+-Serie und der BCU+Base-Einheit der neuen Generation kompatibel.<\/p>\n<p>Battery-Box Premium HVS+: Stapelbar von 2 bis 5 Modulen (5,1 - 12,8 nutzbare kWh).<\/p>\n<p>Die HVS+-Module sind nicht abw\u00e4rtskompatibel (HVS) und k\u00f6nnen daher nicht mit Modulen oder BCUs fr\u00fcherer Versionen kombiniert werden. Sie k\u00f6nnen auch nicht in derselben Turmkonstruktion gemischt werden, und neue T\u00fcrme k\u00f6nnen nicht parallel zu T\u00fcrmen fr\u00fcherer Versionen angeschlossen werden.<\/p>\n<h3>Kompatibilit\u00e4t mit Wechselrichtern<\/h3>\n<p>Die Lithium-Batterien HV BYD Battery-Box Premium HVS+ sind mit einer Vielzahl marktf\u00fchrender Wechselrichter kompatibel: Fronius, GoodWe, SMA, Kostal, Victron, Huawei oder Solis.<br \/>\nDiese Kompatibilit\u00e4t gew\u00e4hrleistet eine einfache Integration in Eigenverbrauchssysteme mit Speicher, Hybridinstallationen oder Backup-Konfigurationen.<\/p>\n<p><a href=\"https:\/\/fvcomponentes.com\/wp-content\/uploads\/2025\/10\/Compatible-Inverter-List_HVBHVMHVS_MLL_V1.3.pdf\" target=\"_blank\" rel=\"noopener\"><strong>Aktualisierte Liste der Wechselrichter, die mit BYD Battery Box Premium HVS+ \/ HVM+ Batterien kompatibel sind Version V1.3, aktualisiert am 17\/10\/25<\/strong><\/a><\/p>\n<h3>HVS+ Batterien<\/h3>\n<p><img decoding=\"async\" src=\"https:\/\/fvcomponentes.com\/wp-content\/uploads\/2025\/10\/ByD-HVS-Caracteristicas.png\" alt=\"B&amp;H HVS Merkmale\" title=\"\"><\/p>\n<h2>Vorteile des neuen Designs der BYD Battery-Box Premium HVS+ 10,2 kWh<\/h2>\n<h3>Mehr Leistung und Flexibilit\u00e4t<\/h3>\n<p>Das Modell HVS+ 10,2 kWh bietet eine h\u00f6here Leistung und Energiedichte als die Vorg\u00e4ngerserien.<br \/>\nEs eignet sich ideal f\u00fcr private oder gewerbliche Photovoltaikanlagen, die n\u00e4chtliche Autonomie, stabile Reserve oder hohe Entladekapazit\u00e4t erfordern.<\/p>\n<h3>Nahtlose Integration mit modernen Wechselrichtern<\/h3>\n<p>Vollst\u00e4ndig kompatibel mit Fronius GEN24 Plus, GoodWe ET Plus+, SMA Sunny Boy Storage, Kostal Plenticore Plus und Victron Multiplus II sowie weiteren zertifizierten Modellen.<\/p>\n<h3>Modularer und erweiterbarer Einbau<\/h3>\n<p>Sie k\u00f6nnen mit vier Modulen (10,2 kWh) beginnen und auf bis zu 12,8 kWh erweitern, indem Sie einfach neue Module auf derselben Basis stapeln, ohne die urspr\u00fcngliche Einheit austauschen zu m\u00fcssen.<\/p>\n<h3>Minimale Wartung<\/h3>\n<p>Ohne L\u00fcfter oder bewegliche Teile.<br \/>\nDie passive K\u00fchlung und die Schutzart IP55 gew\u00e4hrleisten eine lange Lebensdauer ohne regelm\u00e4\u00dfige Wartung.<\/p>\n<h3>Robuste und sichere Konstruktion<\/h3>\n<p>Verst\u00e4rkte Metallstruktur mit vollst\u00e4ndiger Isolierung gegen zuf\u00e4llige Ber\u00fchrung.<br \/>\nGeeignet f\u00fcr die Installation in Innenr\u00e4umen: Garagen, Technikr\u00e4ume, Abstellr\u00e4ume oder Dachb\u00f6den.<\/p>\n<h2>Wie wird eine Batterie dimensioniert?<\/h2>\n<p>Der erste Schritt besteht darin, den Zweck zu definieren, f\u00fcr den Sie die Batterie ben\u00f6tigen. Wollen Sie tags\u00fcber Energie sparen und sie f\u00fcr die Nacht speichern? Ben\u00f6tigen Sie ein Backup-System f\u00fcr Notf\u00e4lle wie Stromausf\u00e4lle oder l\u00e4ngere Stromausf\u00e4lle? Wollen Sie Autonomie und gr\u00f6\u00dfere Unabh\u00e4ngigkeit von den Versorgungsunternehmen erlangen?<\/p>\n<p>Wenn Sie sich \u00fcber Ihr Ziel im Klaren sind, m\u00fcssen Sie nur noch den Verbrauch berechnen, den Sie in den Stunden der Batterienutzung haben w\u00fcrden. Diese Berechnung ist sehr einfach, wenn Sie Ihre Modulanlage erweitern, da Sie \u00fcber die App Ihres Wechselrichters, z. B. Fronius Solar.web, auf Ihre aktuellen Daten zugreifen k\u00f6nnen. Wenn Sie diese Daten nicht haben, k\u00f6nnen Sie sich jederzeit an Ihren Lieferanten wenden. In der Regel werden etwa 40% des Tagesverbrauchs ohne Sonneneinstrahlung erzeugt.<\/p>\n<p>Sie sollten auch die Leistung ber\u00fccksichtigen, die die Kombination aus Batterie und Wechselrichter erbringen kann, die Ihren Spitzenverbrauch decken sollte.<\/p>\n<p>Mit diesen Informationen k\u00f6nnen Sie nun die Batterie ausw\u00e4hlen, die Ihren Bed\u00fcrfnissen am besten entspricht.<\/p>\n<h2>Beispiel f\u00fcr die Installation einer BYD Battery-Box Premium HVS+ 10,2 kWh<\/h2>\n<p>Eine typische Installation umfasst:<\/p>\n<p>1 \u00d7 BCU+Basis - 16541149-00<br \/>\n4 \u00d7 HVS+-Module (jeweils 2,56 kWh)<\/p>\n<p>Diese Konfiguration liefert 10,24 kWh nutzbare Energie, was ausreicht, um den n\u00e4chtlichen Verbrauch eines Einfamilienhauses mit einem durchschnittlichen Verbrauch von 8 bis 12 kWh pro Tag zu decken. Die Lebensdauer der Batterie h\u00e4ngt vom Verbrauch und vom Ladezustand ab. Je h\u00f6her der Ladezustand bei der Nutzung der Batterie und je geringer der Verbrauch, desto l\u00e4nger die Lebensdauer.<\/p>\n<h2>Empfohlener Einbau einer Hochspannungs-Lithium-Batterie<\/h2>\n<ul>\n<li><strong>Standort:<\/strong>\u00a0in geschlossenen R\u00e4umen auf einer stabilen Unterlage trocknen und vor Feuchtigkeit und Hitze sch\u00fctzen.<\/li>\n<li><strong>Montage:<\/strong>\u00a0Die BCU+Base wird zuerst installiert; die Module werden vertikal \u00fcbereinander gestapelt, mit Plug &amp; Play-Verbindung, ohne interne Kabel. Sie werden mit den integrierten Steckern zusammengerastet.<\/li>\n<li><strong>Verbindung:<\/strong>\u00a0Strom- und Kommunikationskabel werden direkt von der BCU \u00fcber CAN \/ RS485-Protokolle an den Wechselrichter angeschlossen, ohne zus\u00e4tzliche Verkabelung zwischen den Modulen.<\/li>\n<li><strong>Beauftragung:<\/strong>\u00a0Dies geschieht \u00fcber die Schnittstelle des kompatiblen Wechselrichters, der die Batterie automatisch erkennt und das System entsprechend den Parametern des BMS (Battery Management System) konfiguriert.<\/li>\n<li><strong>Kompatibilit\u00e4t:<\/strong>\u00a0Ausschlie\u00dflich mit BYD Premium HVS+ und BCU+Base Systemen der neuen Generation.<\/li>\n<\/ul>\n<h2>Was ist die Garantie f\u00fcr die BYD Battery Box Premium HVS+ Lithium-Batterien?<\/h2>\n<p>BYD bietet eine 10-j\u00e4hrige Garantie f\u00fcr die gesamte Battery-Box Premium HVS+ Produktreihe, die sowohl die BCU-Einheit als auch die Batteriemodule abdeckt, sofern das System gem\u00e4\u00df den Herstellerangaben und mit zugelassenen Wechselrichtern installiert wurde.<\/p>\n<h2>Technische Daten der Lithium-Batterie HV BYD Battery-Box Premium HVS+ 10,2 kWh<\/h2>\n<table>\n<thead>\n<tr>\n<th><strong>Parameter<\/strong><\/th>\n<th><strong>Wert<\/strong><\/th>\n<\/tr>\n<\/thead>\n<tbody>\n<tr>\n<td><strong>Modell<\/strong><\/td>\n<td>BYD Battery-Box Premium HVS+ 10,2 kWh<\/td>\n<\/tr>\n<tr>\n<td><strong>Konfiguration<\/strong><\/td>\n<td>1 \u00d7 BCU+Basis + 4 \u00d7 HVS+ Module 2,56<\/td>\n<\/tr>\n<tr>\n<td><strong>Nutzbare Kapazit\u00e4t<\/strong><\/td>\n<td>10,24 kWh<\/td>\n<\/tr>\n<tr>\n<td><strong>Abmessungen<\/strong><\/td>\n<td>28,2 x 61 x 122,7 cm<\/td>\n<\/tr>\n<tr>\n<td><strong>Technologie<\/strong><\/td>\n<td>LiFePO\u2084 (Lithiumphosphat, ohne Kobalt)<\/td>\n<\/tr>\n<tr>\n<td><strong>Nennspannung<\/strong><\/td>\n<td>409.6 V<\/td>\n<\/tr>\n<tr>\n<td><strong>Nennstrom<\/strong><\/td>\n<td>25 A<\/td>\n<\/tr>\n<tr>\n<td><strong>Betriebstemperatur<\/strong><\/td>\n<td>-10 \u00b0C bis +50 \u00b0C<\/td>\n<\/tr>\n<tr>\n<td><strong>Montage<\/strong><\/td>\n<td>Auf dem Boden, vertikal gestapelt<\/td>\n<\/tr>\n<tr>\n<td><strong>Kommunikation<\/strong><\/td>\n<td>CAN \/ RS485<\/td>\n<\/tr>\n<tr>\n<td><strong>Elektrischer Schutz<\/strong><\/td>\n<td>Integriert (BMS)<\/td>\n<\/tr>\n<tr>\n<td><strong>Grad des Schutzes<\/strong><\/td>\n<td>IP55<\/td>\n<\/tr>\n<tr>\n<td><strong>Ungef\u00e4hres Gewicht<\/strong><\/td>\n<td>168,1 kg<\/td>\n<\/tr>\n<tr>\n<td><strong>Zertifizierungen<\/strong><\/td>\n<td>UN38.3, IEC 62619, CE<\/td>\n<\/tr>\n<tr>\n<td><strong>B\u00fcrgschaft<\/strong><\/td>\n<td>10 Jahre<\/td>\n<\/tr>\n<\/tbody>\n<\/table>\n<h2>Technisches Datenblatt Lithium-Batterie HV BYD Battery-Box Premium HVS+ 10,2 kWh<\/h2>\n<p><a href=\"https:\/\/fvcomponentes.com\/wp-content\/uploads\/2025\/10\/Datasheet_HVS_EN_V1.0_250729.pdf\" target=\"_blank\" rel=\"noopener\">Technische Daten der Lithium-Batterie HV BYD Battery-Box Premium HVS+ 10,2 kWh<\/a><\/p>\n<h2>Installationshandbuch Lithium-Batterie HV BYD Battery-Box Premium HVS+ 10,2 kWh<\/h2>\n<p><a href=\"https:\/\/fvcomponentes.com\/wp-content\/uploads\/2025\/10\/BYD_Quick-Start-Guide_HVS_HVM_HVB_V1.3_EN.pdf\" target=\"_blank\" rel=\"noopener\">Installationshandbuch f\u00fcr die Lithiumbatterie HV BYD Battery-Box Premium HVS+ 10,2 kWh<\/a><\/p>","protected":false},"excerpt":{"rendered":"<p><span style=\"color: #ff0000;\"><strong>INDIKATIVES IMAGE<\/strong><\/span><\/p>\n<p><strong>SONDERPREIS B&amp;D f\u00fcr DIREKT-Sendungen.<\/strong><\/p>\n<p>Nutzbare Energie: 10,24 kWh<br \/>\nAnzahl der Module: 4<br \/>\nNennspannung: 409,6 V<br \/>\nBetriebsspannungsbereich: 320 - 460,8 V<br \/>\nMaximaler Ausgangsstrom: 25A<br \/>\nSpitzenausgangsstrom: 55 A f\u00fcr 15 Sekunden<\/p>","protected":false},"featured_media":32496,"comment_status":"closed","ping_status":"closed","template":"","meta":{"site-sidebar-layout":"default","site-content-layout":"","ast-site-content-layout":"default","site-content-style":"default","site-sidebar-style":"default","ast-global-header-display":"","ast-banner-title-visibility":"","ast-main-header-display":"","ast-hfb-above-header-display":"","ast-hfb-below-header-display":"","ast-hfb-mobile-header-display":"","site-post-title":"","ast-breadcrumbs-content":"","ast-featured-img":"","footer-sml-layout":"","ast-disable-related-posts":"","theme-transparent-header-meta":"default","adv-header-id-meta":"","stick-header-meta":"","header-above-stick-meta":"","header-main-stick-meta":"","header-below-stick-meta":"","astra-migrate-meta-layouts":"set","ast-page-background-enabled":"default","ast-page-background-meta":{"desktop":{"background-color":"var(--ast-global-color-4)","background-image":"","background-repeat":"repeat","background-position":"center center","background-size":"auto","background-attachment":"scroll","background-type":"","background-media":"","overlay-type":"","overlay-color":"","overlay-opacity":"","overlay-gradient":""},"tablet":{"background-color":"","background-image":"","background-repeat":"repeat","background-position":"center center","background-size":"auto","background-attachment":"scroll","background-type":"","background-media":"","overlay-type":"","overlay-color":"","overlay-opacity":"","overlay-gradient":""},"mobile":{"background-color":"","background-image":"","background-repeat":"repeat","background-position":"center center","background-size":"auto","background-attachment":"scroll","background-type":"","background-media":"","overlay-type":"","overlay-color":"","overlay-opacity":"","overlay-gradient":""}},"ast-content-background-meta":{"desktop":{"background-color":"var(--ast-global-color-5)","background-image":"","background-repeat":"repeat","background-position":"center center","background-size":"auto","background-attachment":"scroll","background-type":"","background-media":"","overlay-type":"","overlay-color":"","overlay-opacity":"","overlay-gradient":""},"tablet":{"background-color":"var(--ast-global-color-5)","background-image":"","background-repeat":"repeat","background-position":"center center","background-size":"auto","background-attachment":"scroll","background-type":"","background-media":"","overlay-type":"","overlay-color":"","overlay-opacity":"","overlay-gradient":""},"mobile":{"background-color":"var(--ast-global-color-5)","background-image":"","background-repeat":"repeat","background-position":"center center","background-size":"auto","background-attachment":"scroll","background-type":"","background-media":"","overlay-type":"","overlay-color":"","overlay-opacity":"","overlay-gradient":""}}},"pwb-brand":[897],"product_brand":[],"product_cat":[340,379],"product_tag":[],"class_list":{"0":"post-32494","1":"product","2":"type-product","3":"status-publish","4":"has-post-thumbnail","6":"pwb-brand-byd","7":"product_cat-baterias","8":"product_cat-baterias-de-litio-de-alto-voltaje","9":"product_shipping_class-baterias","10":"desktop-align-left","11":"tablet-align-left","12":"mobile-align-left","13":"ast-product-gallery-layout-horizontal-slider","14":"ast-product-tabs-layout-horizontal","16":"first","17":"instock","18":"taxable","19":"shipping-taxable","20":"purchasable","21":"product-type-yith_bundle"},"wcpa_form_fields":null,"brands":[{"id":897,"name":"B&amp;D-Batterien","slug":"byd"}],"_links":{"self":[{"href":"https:\/\/fvcomponentes.com\/de\/wp-json\/wp\/v2\/product\/32494","targetHints":{"allow":["GET"]}}],"collection":[{"href":"https:\/\/fvcomponentes.com\/de\/wp-json\/wp\/v2\/product"}],"about":[{"href":"https:\/\/fvcomponentes.com\/de\/wp-json\/wp\/v2\/types\/product"}],"replies":[{"embeddable":true,"href":"https:\/\/fvcomponentes.com\/de\/wp-json\/wp\/v2\/comments?post=32494"}],"wp:featuredmedia":[{"embeddable":true,"href":"https:\/\/fvcomponentes.com\/de\/wp-json\/wp\/v2\/media\/32496"}],"wp:attachment":[{"href":"https:\/\/fvcomponentes.com\/de\/wp-json\/wp\/v2\/media?parent=32494"}],"wp:term":[{"taxonomy":"pwb-brand","embeddable":true,"href":"https:\/\/fvcomponentes.com\/de\/wp-json\/wp\/v2\/pwb-brand?post=32494"},{"taxonomy":"product_brand","embeddable":true,"href":"https:\/\/fvcomponentes.com\/de\/wp-json\/wp\/v2\/product_brand?post=32494"},{"taxonomy":"product_cat","embeddable":true,"href":"https:\/\/fvcomponentes.com\/de\/wp-json\/wp\/v2\/product_cat?post=32494"},{"taxonomy":"product_tag","embeddable":true,"href":"https:\/\/fvcomponentes.com\/de\/wp-json\/wp\/v2\/product_tag?post=32494"}],"curies":[{"name":"wp","href":"https:\/\/api.w.org\/{rel}","templated":true}]}}