{"id":32489,"date":"2025-11-04T10:11:20","date_gmt":"2025-11-04T09:11:20","guid":{"rendered":"https:\/\/fvcomponentes.com\/?post_type=product&#038;p=32489"},"modified":"2025-11-20T15:04:02","modified_gmt":"2025-11-20T14:04:02","slug":"lithium-batterie-hv-byd-batteriekasten-premium-hvs-7-7-kwh","status":"publish","type":"product","link":"https:\/\/fvcomponentes.com\/de\/producto\/bateria-de-litio-hv-byd-battery-box-premium-hvs-7-7-kwh\/","title":{"rendered":"HV BYD Battery-Box Premium HVS+ 7,7 kWh Lithium-Batterie"},"content":{"rendered":"<h2>HV BYD Battery-Box Premium HVS+ 7,7 kWh Lithium-Batterie<\/h2>\n<p>BYD, ein f\u00fchrender Hersteller von Batterien und Elektromobilit\u00e4tsl\u00f6sungen, aktualisiert erneut seine Hochvoltbatterien. Die neuen HV-Lithium-Batterien BYD Battery Box Premium HVS+ sind die direkte Weiterentwicklung der erfolgreichen HVS-Serie.<\/p>\n<p>Diese neuen Batterien bieten eine h\u00f6here Energiedichte, bessere Leistung, erweiterte Kompatibilit\u00e4t und eine einfachere Integration mit den f\u00fchrenden Wechselrichtern auf dem Markt.<\/p>\n<p>Dank ihres modularen, stapelbaren Designs erm\u00f6glicht diese Batterie eine schnelle, sichere und skalierbare Installation, die sich an unterschiedliche Verbrauchsbed\u00fcrfnisse sowohl in Privathaushalten als auch in kleinen Unternehmen anpassen l\u00e4sst.<\/p>\n<h2>Warum ist die BYD Battery-Box Premium HVS+ 7,7 kWh eine der besten Optionen auf dem Markt?<\/h2>\n<p>Die HV BYD Battery-Box Premium HVS+ 7,7 kWh Lithium-Batterie besteht aus 1 Einheit\u00a0<a href=\"https:\/\/fvcomponentes.com\/de\/produkt\/bcubase-fur-lithium-batterie-hv-byd-batteriebox-premium-hvs-hvm-16541149-00\/\" target=\"_blank\" rel=\"noopener\">BCU+Basis f\u00fcr HV Lithium Batterie BYD Batterie Box Premium HVS+ \/ HVM+ - 16541149-00<\/a> y 3 <a href=\"https:\/\/fvcomponentes.com\/de\/produkt\/lithium-batteriemodul-hv-byd-premium-hvs-2-56-18487497-00\/\" target=\"_blank\" rel=\"noopener\">2,56 kWh HVS+ Module<\/a> und erreichen damit eine Gesamtnutzleistung von 7,68 kWh.<\/p>\n<p>Diese Kombination stellt einen Hochspannungsturm dar, der dank des integrierten intelligenten BMS (Battery Management System) in der Lage ist, eine hohe Dauerleistung zu liefern und die Energie pr\u00e4zise zu verwalten.<\/p>\n<p>Das in die BCU integrierte BMS (Battery Management System) verwaltet die Energie in Echtzeit, gleicht die Zellen aus, \u00fcberwacht die Temperatur und sch\u00fctzt das System vor Zwischenf\u00e4llen. Das gesamte System ist darauf ausgelegt, Leistung, Zuverl\u00e4ssigkeit und maximale Sicherheit f\u00fcr mehr als 6.000 Ladezyklen zu bieten.<\/p>\n<h2>Hauptfunktionen der BYD Battery-Box Premium HVS+ 7,7 kWh<\/h2>\n<h3>Modularer und skalierbarer Aufbau<\/h3>\n<p>Mit dem BYD HVS+ System k\u00f6nnen 2 bis 5 Module auf einer BCU+Base gestapelt werden.<br \/>\nDies erm\u00f6glicht eine zuk\u00fcnftige Erweiterung des Systems auf bis zu 12,8 kWh ohne Austausch von Komponenten, einfach durch Hinzuf\u00fcgen neuer HVS+ Module.<\/p>\n<h3>Effiziente und stabile Lagerung<\/h3>\n<p>Jedes HVS+-Modul verwendet die Lithium-Ferrophosphat-Technologie (LFP), eine der sichersten auf dem Markt.<br \/>\nDiese Chemie bietet eine hohe thermische Stabilit\u00e4t, eine lange Lebensdauer (mehr als 6.000 Zyklen) und eine konstante Leistung auch in anspruchsvollen Umgebungen.<\/p>\n<h3>Intelligente Verwaltung und Kontrolle<\/h3>\n<p>Das BMS-System \u00fcberwacht kontinuierlich die Spannung, den Strom und die Temperatur jeder Zelle und gew\u00e4hrleistet so einen effizienten und stabilen Betrieb. Au\u00dferdem optimiert es die Nutzung der gespeicherten Energie, um die Lebensdauer des Systems zu verl\u00e4ngern.<\/p>\n<h3>Maximale Sicherheit und Zuverl\u00e4ssigkeit<\/h3>\n<p>Entspricht den internationalen Normen IEC 62619, UN38.3 und CE und garantiert elektrische, mechanische, thermische und Transportsicherheit.<br \/>\nDie Batterie verf\u00fcgt \u00fcber fortschrittliche Schutzvorrichtungen gegen \u00dcberladung, \u00dcberentladung, Kurzschl\u00fcsse und extreme Temperaturen.<br \/>\nDas versiegelte Metallgeh\u00e4use und das l\u00fcfterlose Design erm\u00f6glichen einen leisen, wartungsfreien Betrieb.<\/p>\n<h3>Erweiterte Kommunikation<\/h3>\n<p>Es verf\u00fcgt \u00fcber integrierte CAN- und RS485-Schnittstellen, die eine nahtlose, bidirektionale Kommunikation mit f\u00fchrenden Wechselrichtern auf dem Markt erm\u00f6glichen.<br \/>\nDiese bidirektionale Kommunikation erm\u00f6glicht ein intelligentes Management des Energieflusses zwischen der PV-Anlage, der Batterie und dem Haushaltsverbrauch.<\/p>\n<h3>Schnelle und sichere Installation<\/h3>\n<p>Das Plug &amp; Play-System macht eine interne Verkabelung \u00fcberfl\u00fcssig.<br \/>\nDie Module werden vertikal auf dem Sockel gestapelt, wodurch eine automatische mechanische und elektrische Verbindung zwischen ihnen gew\u00e4hrleistet wird.<br \/>\nDies verk\u00fcrzt die Montagezeiten und minimiert das Risiko von Montagefehlern.<\/p>\n<h3>Kompatibilit\u00e4t zwischen BYD-Batteriesystemen<\/h3>\n<p>Die Battery-Box Premium HVS+ 7,7 kWh geh\u00f6rt zu BYDs neuer Generation von Hochvoltbatterien und ist ausschlie\u00dflich mit der HVS+ Serie und der neuen Generation BCU+Base Unit kompatibel.<\/p>\n<p>Battery-Box Premium HVS+: Stapelbar von 2 bis 5 Modulen (5,1 - 12,8 nutzbare kWh).<\/p>\n<p>HVS+-Module sind nicht abw\u00e4rtskompatibel (HVS), d. h. sie k\u00f6nnen nicht mit Modulen oder BCUs aus fr\u00fcheren Versionen kombiniert werden. Sie k\u00f6nnen nicht im selben Turm gemischt oder neue T\u00fcrme parallel zu Modult\u00fcrmen fr\u00fcherer Versionen eingesetzt werden.<\/p>\n<h3>Kompatibilit\u00e4t mit Wechselrichtern<\/h3>\n<p>BYD Battery-Box Premium HVS+ Lithium-Batterien sind mit einer Vielzahl von marktf\u00fchrenden Wechselrichtern wie Fronius, GoodWe, SMA, Kostal, Victron, Huawei oder Solis kompatibel.<br \/>\nDiese Kompatibilit\u00e4t gew\u00e4hrleistet eine einfache Integration in Eigenverbrauchssysteme mit Speicher, Hybridinstallationen oder Backup-Konfigurationen.<\/p>\n<p><a href=\"https:\/\/fvcomponentes.com\/wp-content\/uploads\/2025\/10\/Compatible-Inverter-List_HVBHVMHVS_MLL_V1.3.pdf\" target=\"_blank\" rel=\"noopener\"><strong>Aktualisierte Liste der Wechselrichter, die mit BYD Battery Box Premium HVS+ \/ HVM+ Batterien kompatibel sind Version V1.3, aktualisiert am 17\/10\/25<\/strong><\/a><\/p>\n<h3>HVS+ Batterien<\/h3>\n<p><img decoding=\"async\" src=\"https:\/\/fvcomponentes.com\/wp-content\/uploads\/2025\/10\/ByD-HVS-Caracteristicas.png\" alt=\"B&amp;H HVS Merkmale\" title=\"\"><\/p>\n<h2>Vorteile des neuen Designs der BYD Battery-Box Premium HVS+ 7,7 kWh<\/h2>\n<h3>Mehr Leistung und Flexibilit\u00e4t<\/h3>\n<p>Das Modell HVS+ 7,7 kWh bietet eine h\u00f6here Leistungs- und Energiedichte als die Vorg\u00e4ngerserie. Es ist ideal f\u00fcr PV-Anlagen in Privathaushalten, die eine n\u00e4chtliche Autonomie oder ein stabiles Energie-Backup ben\u00f6tigen.<\/p>\n<h3>Nahtlose Integration mit modernen Wechselrichtern<\/h3>\n<p>Vollst\u00e4ndig kompatibel u.a. mit Fronius GEN24 Plus, GoodWe ET Plus+, SMA Sunny Boy Storage, Kostal Plenticore Plus und Victron Multiplus II.<\/p>\n<h3>Modularer und erweiterbarer Einbau<\/h3>\n<p>Sie k\u00f6nnen mit zwei Modulen (7,7 kWh) beginnen und auf bis zu 12,8 kWh erweitern, indem Sie einfach neue Module auf dieselbe Basis stapeln, ohne dass die urspr\u00fcngliche Einheit ge\u00e4ndert werden muss.<\/p>\n<h3>Minimale Wartung<\/h3>\n<p>Keine L\u00fcfter oder beweglichen Teile. Passive K\u00fchlung und IP55-Abdichtung gew\u00e4hrleisten eine lange Lebensdauer ohne regelm\u00e4\u00dfige Wartung.<\/p>\n<h3>Robuste und sichere Konstruktion<\/h3>\n<p>Verst\u00e4rkte Metallstruktur mit vollst\u00e4ndiger Isolierung gegen zuf\u00e4llige Ber\u00fchrung.<br \/>\nGeeignet f\u00fcr die Innenaufstellung (Garagen, Technikr\u00e4ume, Dachb\u00f6den usw.).<\/p>\n<h2>Wie wird eine Batterie dimensioniert?<\/h2>\n<p>Der erste Schritt besteht darin, den Zweck zu definieren, f\u00fcr den Sie die Batterie ben\u00f6tigen. Wollen Sie tags\u00fcber Energie sparen und sie f\u00fcr die Nacht speichern? Ben\u00f6tigen Sie ein Backup-System f\u00fcr Notf\u00e4lle wie Stromausf\u00e4lle oder l\u00e4ngere Stromausf\u00e4lle? Wollen Sie Autonomie und gr\u00f6\u00dfere Unabh\u00e4ngigkeit von den Versorgungsunternehmen erlangen?<\/p>\n<p>Wenn Sie sich \u00fcber Ihr Ziel im Klaren sind, m\u00fcssen Sie nur noch den Verbrauch berechnen, den Sie in den Stunden der Batterienutzung haben w\u00fcrden. Diese Berechnung ist sehr einfach, wenn Sie Ihre Modulanlage erweitern, da Sie \u00fcber die App Ihres Wechselrichters, z. B. Fronius Solar.web, auf Ihre aktuellen Daten zugreifen k\u00f6nnen. Wenn Sie diese Daten nicht haben, k\u00f6nnen Sie sich jederzeit an Ihren Lieferanten wenden. In der Regel werden etwa 40% des Tagesverbrauchs ohne Sonneneinstrahlung erzeugt.<\/p>\n<p>Sie sollten auch die Leistung ber\u00fccksichtigen, die die Kombination aus Batterie und Wechselrichter erbringen kann, die Ihren Spitzenverbrauch decken sollte.<\/p>\n<p>Mit diesen Informationen k\u00f6nnen Sie nun die Batterie ausw\u00e4hlen, die Ihren Bed\u00fcrfnissen am besten entspricht.<\/p>\n<h2>Beispiel f\u00fcr die Installation einer BYD Battery-Box Premium HVS+ 7,7 kWh<\/h2>\n<p>Eine typische Installation umfasst:<\/p>\n<p>1 \u00d7 BCU+Basis - 16541149-00<br \/>\n3 \u00d7 HVS+ Module (je 2,56 kWh)<\/p>\n<p>Diese Konfiguration kann mit ihren 7,7 kWh den n\u00e4chtlichen Verbrauch eines durchschnittlichen Einfamilienhauses oder eines kleinen B\u00fcros mit einem t\u00e4glichen Stromverbrauch von 6 bis 8 kWh decken.<\/p>\n<h2>Empfohlener Einbau einer Hochspannungs-Lithium-Batterie<\/h2>\n<ul>\n<li><strong>Standort:<\/strong> in geschlossenen R\u00e4umen auf einer stabilen Unterlage trocknen und vor Feuchtigkeit und Hitze sch\u00fctzen.<\/li>\n<li><strong>Montage:<\/strong> die BCU+Base wird zuerst installiert; die Module werden darauf gestapelt <span style=\"font-size: 16px;\">vertikal mit Plug &amp; Play-Anschluss, <\/span><span style=\"font-size: 16px;\">ohne interne Kabel. Sie werden mit den integrierten Steckern eingerastet.<\/span><\/li>\n<li><strong>Verbindung:<\/strong> Strom- und Kommunikationskabel werden direkt von der BCU aus angeschlossen <span style=\"font-size: 16px;\">\u00fcber CAN \/ RS485-Protokolle zum Wechselrichter<\/span><span style=\"font-size: 16px;\">, ohne zus\u00e4tzliche Verdrahtung zwischen den Modulen.<\/span><\/li>\n<li><strong style=\"font-size: 16px;\">Beauftragung:<\/strong><span style=\"font-size: 16px;\"> Dies geschieht \u00fcber die Schnittstelle des kompatiblen Wechselrichters, der die Batterie automatisch erkennt und das System entsprechend den Parametern des BMS (Battery Management System) konfiguriert.<\/span><\/li>\n<li><strong style=\"font-size: 16px;\">Kompatibilit\u00e4t:<\/strong><span style=\"font-size: 16px;\">\u00a0Ausschlie\u00dflich mit BYD Premium HVS+ und BCU+Base Systemen der neuen Generation.<\/span><\/li>\n<\/ul>\n<h2>Was ist die Garantie f\u00fcr die BYD Battery Box Premium HVS+ Lithium-Batterien?<\/h2>\n<p>Die BYD Battery-Box Premium HVS+ 7,7 kWh wird mit einer 10-j\u00e4hrigen offiziellen BYD-Garantie geliefert, die sowohl die BCU als auch die Module abdeckt, vorausgesetzt, das System wurde gem\u00e4\u00df den Spezifikationen des Herstellers und mit zugelassenen Wechselrichtern installiert.<\/p>\n<h2>Technische Daten der HV BYD Battery-Box Premium HVS+ HVS+ 7,7 kWh Lithium Batterie<\/h2>\n<table>\n<thead>\n<tr>\n<th>Parameter<\/th>\n<th>Wert<\/th>\n<\/tr>\n<\/thead>\n<tbody>\n<tr>\n<td><strong>Modell<\/strong><\/td>\n<td>BYD Batterie-Box Premium HVS+ 7.7<\/td>\n<\/tr>\n<tr>\n<td><strong>Konfiguration<\/strong><\/td>\n<td>1 \u00d7 BCU+Base + 3 \u00d7 HVS+ Module 2.56<\/td>\n<\/tr>\n<tr>\n<td><strong>Nutzleistung (nominal)<\/strong><\/td>\n<td>7,68 kWh<\/td>\n<\/tr>\n<tr>\n<td><strong>Zelltyp<\/strong><\/td>\n<td>Lithium-Ferro-Phosphat (LFP)<\/td>\n<\/tr>\n<tr>\n<td><strong>Nennspannung des Systems<\/strong><\/td>\n<td>\u2248 307.2 V<\/td>\n<\/tr>\n<tr>\n<td><strong>Gesamter Spannungsbereich<\/strong><\/td>\n<td>240 - 345.6 V<\/td>\n<\/tr>\n<tr>\n<td><strong>Nennkapazit\u00e4t<\/strong><\/td>\n<td>25 Ah<\/td>\n<\/tr>\n<tr>\n<td><strong>Energie-Effizienz<\/strong><\/td>\n<td>&gt;95%<\/td>\n<\/tr>\n<tr>\n<td><strong>Lebenszyklen<\/strong><\/td>\n<td>&gt;6.000 Zyklen (gem\u00e4\u00df DoD 80%)<\/td>\n<\/tr>\n<tr>\n<td><strong>Betriebstemperaturbereich<\/strong><\/td>\n<td>-10 \u00b0C bis +50 \u00b0C<\/td>\n<\/tr>\n<tr>\n<td><strong>Grad des Schutzes<\/strong><\/td>\n<td>IP55<\/td>\n<\/tr>\n<tr>\n<td><strong>Montage<\/strong><\/td>\n<td>Vertikal, stapelbar<\/td>\n<\/tr>\n<tr>\n<td><strong>Ungef\u00e4hres Gesamtgewicht<\/strong><\/td>\n<td>129,6 kg<\/td>\n<\/tr>\n<tr>\n<td><strong>Zertifizierungen<\/strong><\/td>\n<td>UN38.3, IEC 62619, CE<\/td>\n<\/tr>\n<tr>\n<td><strong>B\u00fcrgschaft<\/strong><\/td>\n<td>10 Jahre BYD<\/td>\n<\/tr>\n<\/tbody>\n<\/table>\n<h2>Datenblatt HV-Lithium-Batterie BYD Battery-Box Premium HVS+ 7,7 kWh<\/h2>\n<p><a href=\"https:\/\/fvcomponentes.com\/wp-content\/uploads\/2025\/10\/Datasheet_HVS_EN_V1.0_250729.pdf\" target=\"_blank\" rel=\"noopener\">BYD Battery-Box Premium HVS+ HVS+ 7,7 kWh Lithium Batterie Technisches Datenblatt<\/a><\/p>\n<h2>Installationsanleitung HV-Lithium-Batterie BYD Battery-Box Premium HVS+ 7,7 kWh<\/h2>\n<p><a href=\"https:\/\/fvcomponentes.com\/wp-content\/uploads\/2025\/10\/BYD_Quick-Start-Guide_HVS_HVM_HVB_V1.3_EN.pdf\" target=\"_blank\" rel=\"noopener\">BYD Battery-Box Premium HVS+ HVS+ 7,7 kWh Lithium Lithium Batterie Installationsanleitung<\/a><\/p>","protected":false},"excerpt":{"rendered":"<p><span style=\"color: #ff0000;\"><strong>INDIKATIVES IMAGE<\/strong><\/span><\/p>\n<p><strong>SONDERPREIS B&amp;D f\u00fcr DIREKT-Sendungen.<\/strong><\/p>\n<p>Nutzbare Energie: 7,68 kWh<br \/>\nAnzahl der Module: 3<br \/>\nNennspannung: 307,2 V<br \/>\nBetriebsspannungsbereich: 240-345,6 V<br \/>\nMaximaler Ausgangsstrom: 25A<br \/>\nAusgangsspitzenstrom: 55 A f\u00fcr 15 Sekunden<\/p>","protected":false},"featured_media":32493,"comment_status":"closed","ping_status":"closed","template":"","meta":{"site-sidebar-layout":"default","site-content-layout":"","ast-site-content-layout":"default","site-content-style":"default","site-sidebar-style":"default","ast-global-header-display":"","ast-banner-title-visibility":"","ast-main-header-display":"","ast-hfb-above-header-display":"","ast-hfb-below-header-display":"","ast-hfb-mobile-header-display":"","site-post-title":"","ast-breadcrumbs-content":"","ast-featured-img":"","footer-sml-layout":"","ast-disable-related-posts":"","theme-transparent-header-meta":"default","adv-header-id-meta":"","stick-header-meta":"","header-above-stick-meta":"","header-main-stick-meta":"","header-below-stick-meta":"","astra-migrate-meta-layouts":"set","ast-page-background-enabled":"default","ast-page-background-meta":{"desktop":{"background-color":"var(--ast-global-color-4)","background-image":"","background-repeat":"repeat","background-position":"center center","background-size":"auto","background-attachment":"scroll","background-type":"","background-media":"","overlay-type":"","overlay-color":"","overlay-opacity":"","overlay-gradient":""},"tablet":{"background-color":"","background-image":"","background-repeat":"repeat","background-position":"center center","background-size":"auto","background-attachment":"scroll","background-type":"","background-media":"","overlay-type":"","overlay-color":"","overlay-opacity":"","overlay-gradient":""},"mobile":{"background-color":"","background-image":"","background-repeat":"repeat","background-position":"center center","background-size":"auto","background-attachment":"scroll","background-type":"","background-media":"","overlay-type":"","overlay-color":"","overlay-opacity":"","overlay-gradient":""}},"ast-content-background-meta":{"desktop":{"background-color":"var(--ast-global-color-5)","background-image":"","background-repeat":"repeat","background-position":"center center","background-size":"auto","background-attachment":"scroll","background-type":"","background-media":"","overlay-type":"","overlay-color":"","overlay-opacity":"","overlay-gradient":""},"tablet":{"background-color":"var(--ast-global-color-5)","background-image":"","background-repeat":"repeat","background-position":"center center","background-size":"auto","background-attachment":"scroll","background-type":"","background-media":"","overlay-type":"","overlay-color":"","overlay-opacity":"","overlay-gradient":""},"mobile":{"background-color":"var(--ast-global-color-5)","background-image":"","background-repeat":"repeat","background-position":"center center","background-size":"auto","background-attachment":"scroll","background-type":"","background-media":"","overlay-type":"","overlay-color":"","overlay-opacity":"","overlay-gradient":""}}},"pwb-brand":[897],"product_brand":[],"product_cat":[340,379],"product_tag":[],"class_list":{"0":"post-32489","1":"product","2":"type-product","3":"status-publish","4":"has-post-thumbnail","6":"pwb-brand-byd","7":"product_cat-baterias","8":"product_cat-baterias-de-litio-de-alto-voltaje","9":"product_shipping_class-baterias","10":"desktop-align-left","11":"tablet-align-left","12":"mobile-align-left","13":"ast-product-gallery-layout-horizontal-slider","14":"ast-product-tabs-layout-horizontal","16":"first","17":"instock","18":"taxable","19":"shipping-taxable","20":"purchasable","21":"product-type-yith_bundle"},"wcpa_form_fields":null,"brands":[{"id":897,"name":"B&amp;D-Batterien","slug":"byd"}],"_links":{"self":[{"href":"https:\/\/fvcomponentes.com\/de\/wp-json\/wp\/v2\/product\/32489","targetHints":{"allow":["GET"]}}],"collection":[{"href":"https:\/\/fvcomponentes.com\/de\/wp-json\/wp\/v2\/product"}],"about":[{"href":"https:\/\/fvcomponentes.com\/de\/wp-json\/wp\/v2\/types\/product"}],"replies":[{"embeddable":true,"href":"https:\/\/fvcomponentes.com\/de\/wp-json\/wp\/v2\/comments?post=32489"}],"wp:featuredmedia":[{"embeddable":true,"href":"https:\/\/fvcomponentes.com\/de\/wp-json\/wp\/v2\/media\/32493"}],"wp:attachment":[{"href":"https:\/\/fvcomponentes.com\/de\/wp-json\/wp\/v2\/media?parent=32489"}],"wp:term":[{"taxonomy":"pwb-brand","embeddable":true,"href":"https:\/\/fvcomponentes.com\/de\/wp-json\/wp\/v2\/pwb-brand?post=32489"},{"taxonomy":"product_brand","embeddable":true,"href":"https:\/\/fvcomponentes.com\/de\/wp-json\/wp\/v2\/product_brand?post=32489"},{"taxonomy":"product_cat","embeddable":true,"href":"https:\/\/fvcomponentes.com\/de\/wp-json\/wp\/v2\/product_cat?post=32489"},{"taxonomy":"product_tag","embeddable":true,"href":"https:\/\/fvcomponentes.com\/de\/wp-json\/wp\/v2\/product_tag?post=32489"}],"curies":[{"name":"wp","href":"https:\/\/api.w.org\/{rel}","templated":true}]}}