{"id":3247,"date":"2021-03-23T15:13:19","date_gmt":"2021-03-23T14:13:19","guid":{"rendered":"https:\/\/fvcomponentes.com\/producto\/victron-shunt-500a-50mv\/"},"modified":"2026-04-09T19:21:52","modified_gmt":"2026-04-09T17:21:52","slug":"victron-nebenschluss-500a-50mv","status":"publish","type":"product","link":"https:\/\/fvcomponentes.com\/de\/producto\/victron-shunt-500a-50mv\/","title":{"rendered":"Victron-Nebenschluss 500A\/50mV - SHU500050100"},"content":{"rendered":"<div style=\"position:relative;padding-bottom:56.25%;height:0;margin-bottom:24px;\">\n  <iframe \n    src=\"https:\/\/www.youtube-nocookie.com\/embed\/6EXFWD8E_d4?rel=0&#038;modestbranding=1\"\n    style=\"position:absolute;top:0;left:0;width:100%;height:100%;border:0;\"\n    loading=\"lazy\"\n    allowfullscreen><br \/>\n  <\/iframe>\n<\/div>\n<p><script type=\"application\/ld+json\">{\n    \"@context\": \"https:\\\/\\\/schema.org\",\n    \"@type\": \"VideoObject\",\n    \"name\": \"CONFIGURACI\\u00d3N de tu VICTRON SMARTSHUNT 500A como un PRO\",\n    \"description\": \"Aprende a configurar de forma eficiente un Victron SmartShunt 500A utilizando la app Victron Connect en iOS y Android para monitorizar tu bater\\u00eda con precisi\\u00f3n y sacar el m\\u00e1ximo rendimiento a tu sistema.\",\n    \"thumbnailUrl\": \"https:\\\/\\\/i.ytimg.com\\\/vi\\\/6EXFWD8E_d4\\\/maxresdefault.jpg\",\n    \"uploadDate\": \"2026-04-09T00:00:00+02:00\",\n    \"contentUrl\": \"https:\\\/\\\/www.youtube.com\\\/watch?v=6EXFWD8E_d4\",\n    \"embedUrl\": \"https:\\\/\\\/www.youtube-nocookie.com\\\/embed\\\/6EXFWD8E_d4\",\n    \"publisher\": {\n        \"@type\": \"Organization\",\n        \"name\": \"FV Componentes\"\n    }\n}<\/script><\/p>\n<h2>Victron-Nebenschluss 500A\/50mV<\/h2>\n<p>Der Victron Shunt 500A\/50mV ist ein notwendiges Bauteil f\u00fcr Strommessger\u00e4te mit analoger oder digitaler Anzeige, da diese Messungen normalerweise bei einer sehr niedrigen Spannung durchgef\u00fchrt werden.<\/p>\n<p>Im Allgemeinen ist der Widerstand eines Shunts genau bekannt und wird verwendet, um die St\u00e4rke des elektrischen Stroms zu bestimmen, der durch diese Last flie\u00dft, indem die Spannungsdifferenz an ihm gemessen wird.<\/p>\n<p>Je niedriger die Messspannung an den Schaltern ist, desto geringer sind die Auswirkungen auf den \u00fcbrigen Stromkreis des Systems.<\/p>\n<p>Ob Sie einen Shunt f\u00fcr Ihr Anzeigeger\u00e4t ben\u00f6tigen, entnehmen Sie bitte der Anleitung des jeweiligen Ger\u00e4ts.<\/p>\n<p>Der Shunt von <a href=\"https:\/\/www.victronenergy.com.es\/\" target=\"_blank\" rel=\"noopener\">Victron<\/a> wird in die Leitung mit dem zu messenden Strom integriert. Die kleine Spannung, die an diesem Widerstand entsteht, wird mit einem Messger\u00e4t wie dem <a href=\"https:\/\/fvcomponentes.com\/de\/produkt\/victron-bmv-700-batterie-monitor\/\" target=\"_blank\" rel=\"noopener\">Batterie-\u00dcberwachungsger\u00e4t BMV-700<\/a> und zeigt Werte wie den aktuellen Stromfluss an.<\/p>\n<p>Ob Sie einen Shunt f\u00fcr Ihr Anzeigeger\u00e4t ben\u00f6tigen, entnehmen Sie bitte der Anleitung des jeweiligen Ger\u00e4ts.<\/p>\n<h2>Datenblatt Victron Shunt 500A\/50mV - SHU500050100<\/h2>\n<p><a href=\"https:\/\/fvcomponentes.com\/wp-content\/uploads\/2025\/09\/Datasheet-SmartShunt-ES.pdf\" target=\"_blank\" rel=\"noopener\">Siehe Datenblatt Victron Shunt 500A\/50mV - SHU500050100<\/a><\/p>","protected":false},"excerpt":{"rendered":"<p>Messspannung: 50 mV<\/p>","protected":false},"featured_media":3240,"comment_status":"open","ping_status":"closed","template":"","meta":{"site-sidebar-layout":"default","site-content-layout":"default","ast-site-content-layout":"default","site-content-style":"default","site-sidebar-style":"default","ast-global-header-display":"","ast-banner-title-visibility":"","ast-main-header-display":"","ast-hfb-above-header-display":"","ast-hfb-below-header-display":"","ast-hfb-mobile-header-display":"","site-post-title":"","ast-breadcrumbs-content":"","ast-featured-img":"","footer-sml-layout":"","ast-disable-related-posts":"","theme-transparent-header-meta":"default","adv-header-id-meta":"","stick-header-meta":"","header-above-stick-meta":"","header-main-stick-meta":"","header-below-stick-meta":"","astra-migrate-meta-layouts":"set","ast-page-background-enabled":"default","ast-page-background-meta":{"desktop":{"background-color":"var(--ast-global-color-4)","background-image":"","background-repeat":"repeat","background-position":"center center","background-size":"auto","background-attachment":"scroll","background-type":"","background-media":"","overlay-type":"","overlay-color":"","overlay-opacity":"","overlay-gradient":""},"tablet":{"background-color":"","background-image":"","background-repeat":"repeat","background-position":"center center","background-size":"auto","background-attachment":"scroll","background-type":"","background-media":"","overlay-type":"","overlay-color":"","overlay-opacity":"","overlay-gradient":""},"mobile":{"background-color":"","background-image":"","background-repeat":"repeat","background-position":"center center","background-size":"auto","background-attachment":"scroll","background-type":"","background-media":"","overlay-type":"","overlay-color":"","overlay-opacity":"","overlay-gradient":""}},"ast-content-background-meta":{"desktop":{"background-color":"var(--ast-global-color-5)","background-image":"","background-repeat":"repeat","background-position":"center center","background-size":"auto","background-attachment":"scroll","background-type":"","background-media":"","overlay-type":"","overlay-color":"","overlay-opacity":"","overlay-gradient":""},"tablet":{"background-color":"var(--ast-global-color-5)","background-image":"","background-repeat":"repeat","background-position":"center center","background-size":"auto","background-attachment":"scroll","background-type":"","background-media":"","overlay-type":"","overlay-color":"","overlay-opacity":"","overlay-gradient":""},"mobile":{"background-color":"var(--ast-global-color-5)","background-image":"","background-repeat":"repeat","background-position":"center center","background-size":"auto","background-attachment":"scroll","background-type":"","background-media":"","overlay-type":"","overlay-color":"","overlay-opacity":"","overlay-gradient":""}}},"pwb-brand":[332],"product_brand":[],"product_cat":[391,340,933],"product_tag":[],"class_list":{"0":"post-3247","1":"product","2":"type-product","3":"status-publish","4":"has-post-thumbnail","6":"pwb-brand-victron","7":"product_cat-accesorios-para-baterias","8":"product_cat-baterias","9":"product_cat-monitores-de-baterias","10":"desktop-align-left","11":"tablet-align-left","12":"mobile-align-left","13":"ast-product-gallery-layout-horizontal-slider","14":"ast-product-gallery-with-no-image","15":"ast-product-tabs-layout-horizontal","17":"first","18":"instock","19":"taxable","20":"shipping-taxable","21":"purchasable","22":"product-type-simple"},"wcpa_form_fields":null,"brands":[{"id":332,"name":"Victron Energie","slug":"victron"}],"_links":{"self":[{"href":"https:\/\/fvcomponentes.com\/de\/wp-json\/wp\/v2\/product\/3247","targetHints":{"allow":["GET"]}}],"collection":[{"href":"https:\/\/fvcomponentes.com\/de\/wp-json\/wp\/v2\/product"}],"about":[{"href":"https:\/\/fvcomponentes.com\/de\/wp-json\/wp\/v2\/types\/product"}],"replies":[{"embeddable":true,"href":"https:\/\/fvcomponentes.com\/de\/wp-json\/wp\/v2\/comments?post=3247"}],"wp:featuredmedia":[{"embeddable":true,"href":"https:\/\/fvcomponentes.com\/de\/wp-json\/wp\/v2\/media\/3240"}],"wp:attachment":[{"href":"https:\/\/fvcomponentes.com\/de\/wp-json\/wp\/v2\/media?parent=3247"}],"wp:term":[{"taxonomy":"pwb-brand","embeddable":true,"href":"https:\/\/fvcomponentes.com\/de\/wp-json\/wp\/v2\/pwb-brand?post=3247"},{"taxonomy":"product_brand","embeddable":true,"href":"https:\/\/fvcomponentes.com\/de\/wp-json\/wp\/v2\/product_brand?post=3247"},{"taxonomy":"product_cat","embeddable":true,"href":"https:\/\/fvcomponentes.com\/de\/wp-json\/wp\/v2\/product_cat?post=3247"},{"taxonomy":"product_tag","embeddable":true,"href":"https:\/\/fvcomponentes.com\/de\/wp-json\/wp\/v2\/product_tag?post=3247"}],"curies":[{"name":"wp","href":"https:\/\/api.w.org\/{rel}","templated":true}]}}