{"id":32354,"date":"2025-10-28T15:50:09","date_gmt":"2025-10-28T14:50:09","guid":{"rendered":"https:\/\/fvcomponentes.com\/?post_type=product&#038;p=32354"},"modified":"2026-03-30T12:16:47","modified_gmt":"2026-03-30T10:16:47","slug":"lithium-batteriemodul-hv-byd-premium-hvm-2-76-18487580-00","status":"publish","type":"product","link":"https:\/\/fvcomponentes.com\/de\/producto\/modulo-bateria-de-litio-hv-byd-premium-hvm-2-76-18487580-00\/","title":{"rendered":"HV BYD Premium HVM+ 2.76 Lithium-Batteriemodul - 18487580-00"},"content":{"rendered":"<h2>HV BYD Premium HVM+ 2.76 Lithium-Batteriemodul - 18487580-00<\/h2>\n<p>BYD, ein f\u00fchrender Hersteller von Batterien und Elektromobilit\u00e4tsl\u00f6sungen, aktualisiert erneut seine Hochvoltbatterien. Die neuen HV-Lithium-Batterien BYD Battery Box Premium HVM+ sind die direkte Weiterentwicklung der erfolgreichen HVM-Serie. Diese neue Batterie bietet eine h\u00f6here Kapazit\u00e4t, mehr Leistung und erweiterte Kompatibilit\u00e4t mit den wichtigsten Wechselrichtern auf dem Markt.<\/p>\n<p>Das Lithium-Batteriemodul HV BYD Premium HVM+ 2.76 - 18487580-00 ist Teil der neuen Hochspannungsbatterie-Familie HVM+ von BYD, die eine h\u00f6here Kapazit\u00e4t pro Modul, industrielle Robustheit und eine einfache Integration in Eigenverbrauchs- und Backup-Installationen bietet, die mehr Autonomie als die HVS+-Serie erfordern.<\/p>\n<p>Jedes Modul stellt einen unabh\u00e4ngigen Energieblock mit 2,76 kWh Nutzenergie dar, der so konzipiert ist, dass er stapelbare T\u00fcrme auf dem Dach bildet. <a href=\"https:\/\/fvcomponentes.com\/de\/?post_type=product&amp;p=32133&amp;preview=true\" target=\"_blank\" rel=\"noopener\">BCU+Basis<\/a> und schaffen Systeme von kompakten Konfigurationen (8,3 kWh) bis zu L\u00f6sungen mit hoher Energiekapazit\u00e4t (22,1 kWh).<\/p>\n<h2>Hauptfunktionen des HV BYD Premium HVM+ 2.76 Lithium-Batterie-Moduls HV BYD Premium HVM+ 2.76<\/h2>\n<h3>Modularer und skalierbarer Aufbau<\/h3>\n<p>Das HVM+ System ist ohne interne Verkabelung vertikal auf der BCU+Base stapelbar.<br \/>\nEs erm\u00f6glicht den Aufbau von T\u00fcrmen mit 3 bis 8 Modulen, was eine kompakte Erstkonfiguration und sp\u00e4tere Erweiterungen ohne \u00c4nderung der Basis erm\u00f6glicht.<\/p>\n<h3>Effiziente Lagerung<\/h3>\n<p>Jedes HVM+ Modul enth\u00e4lt LFP (Lithium-Ferro-Phosphat)-Zellen: eine Chemie, die f\u00fcr ihre thermische Stabilit\u00e4t, geringe Degradation bei Zyklen und erh\u00f6hte Sicherheit gegen \u00dcberhitzung und unerw\u00fcnschte thermische Reaktionen bekannt ist.<\/p>\n<h3>Maximale Sicherheit und Zuverl\u00e4ssigkeit<\/h3>\n<p>Das HVM+ Modul entspricht den internationalen Sicherheits- und Transportstandards: UN38.3, IEC 62619 und CE-Kennzeichnung.<br \/>\nDas Geh\u00e4use und die Halterung sind so konzipiert, dass das Risiko einer versehentlichen Ber\u00fchrung minimiert wird und das Ger\u00e4t vor St\u00f6\u00dfen und widrigen Bedingungen gesch\u00fctzt ist.<br \/>\nDar\u00fcber hinaus erm\u00f6glicht die LFP-Technologie l\u00e4ngere Lebenszyklen und einen zuverl\u00e4ssigen Betrieb in privaten und gewerblichen Anwendungen.<\/p>\n<h3>Kompatibilit\u00e4t zwischen BYD-Batteriesystemen<\/h3>\n<p>Das BYD HVM+ 2.76 Modul ist ausschlie\u00dflich mit der HVM+ Serie und der neuen Generation BCU+Base Unit kompatibel. Stapelbar von 3 bis 8 Modulen (8,3 - 22,1 nutzbare kWh).<br \/>\nDie neuen HVM+-Module sind nicht mit den alten kompatibel, sie k\u00f6nnen also nicht mit Modulen oder BCUs der Vorg\u00e4ngerversionen kombiniert werden. Sie k\u00f6nnen nicht im selben Turm gemischt werden oder neue T\u00fcrme parallel zu T\u00fcrmen mit Modulen fr\u00fcherer Versionen geschaltet werden.<\/p>\n<h3>Kompatibilit\u00e4t mit Wechselrichtern<\/h3>\n<p>BYD-Batterien garantieren technische Konsistenz und volle Kompatibilit\u00e4t mit den neuesten Wechselrichtern auf dem Markt, wie Fronius, GoodWe, SMA, Kostal, Victron, Huawei oder Solis.<\/p>\n<p><a href=\"https:\/\/fvcomponentes.com\/wp-content\/uploads\/2025\/10\/Compatible-Inverter-List_HVBHVMHVS_MLL_V1.3.pdf\" target=\"_blank\" rel=\"noopener\">Aktualisierte Liste der Wechselrichter, die mit BYD Battery Box Premium HVS+ \/ HVM+ Batterien kompatibel sind Version V1.3, aktualisiert am 17\/10\/25<\/a><\/p>\n<h3>HVM+ Batterien<\/h3>\n<p><img fetchpriority=\"high\" decoding=\"async\" class=\"size-full wp-image-32145\" src=\"https:\/\/fvcomponentes.com\/wp-content\/uploads\/2025\/10\/ByD-HVM-Caracteristicas.png\" alt=\"ByD HVM Merkmale\" width=\"1333\" height=\"714\" title=\"\"><\/p>\n<h2>Vorteile des neuen HV-Lithium-Batteriemoduls BYD Premium HVM+ 2.76<\/h2>\n<h3>Einfacher Einbau<\/h3>\n<p>Das HMV+ ist ein vertikal stapelbares System ohne interne Verdrahtung zwischen den Modulen, was Installationsfehler und Montagezeiten reduziert.<br \/>\nDank dieses Systems kann die Kapazit\u00e4t durch einfaches Aufsetzen neuer Module auf den bestehenden Turm erweitert werden, so dass das System in Zukunft ohne Austausch der Basiskomponenten vergr\u00f6\u00dfert werden kann.<\/p>\n<h3>Minimale Wartung<\/h3>\n<p>Das l\u00fcfterlose Design ohne L\u00fcfter und bewegliche Teile sowie die passive K\u00fchlung und IP-Versiegelung reduzieren den Bedarf an vorbeugender Wartung und gew\u00e4hrleisten einen leisen Betrieb.<\/p>\n<h3>Nahtlose Integration mit modernen Wechselrichtern<\/h3>\n<p>Enth\u00e4lt aktualisierte Kommunikationsprofile f\u00fcr Fronius GEN24 Plus, GoodWe ET Plus+, SMA Sunny Boy Storage, Kostal Plenticore Plus, Victron Multiplus II und andere.<\/p>\n<h3>Modularer und erweiterbarer Einbau<\/h3>\n<p>Sie k\u00f6nnen mit einer kleinen Konfiguration von drei Modulen beginnen und diese in Zukunft erweitern, ohne die Basiseinheit zu ver\u00e4ndern, indem Sie einfach weitere Module hinzuf\u00fcgen.<\/p>\n<h2>Beispiel f\u00fcr eine BYD Battery Box Premium HVM+ Installation<\/h2>\n<p>Eine typische Batterie, die BYD Battery Box Premium HVM+ 8,3 kWh, enth\u00e4lt:<\/p>\n<p>1 \u00d7 BCU+Basis<br \/>\n3 \u00d7 Modul HVM+ 2,76 = 8,3 nutzbare kWh.<\/p>\n<p>Gesamtkapazit\u00e4t: 8,3 nutzbare kWh (erweiterbar auf bis zu 22,1 kWh durch Stapeln von bis zu 8 Modulen)<\/p>\n<h2>Empfohlener Einbau einer Hochspannungs-Lithium-Batterie<\/h2>\n<p><strong>Standort<\/strong>Trockener, stabiler und bel\u00fcfteter Innenraum; direkte Sonneneinstrahlung und W\u00e4rmequellen vermeiden.<br \/>\n<strong>Montage:<\/strong> zuerst die BCU+Base installieren, Nivellierung und Befestigung pr\u00fcfen; die HVM+ Module in der vom Hersteller angegebenen Reihenfolge stapeln, bis die gew\u00fcnschte Anzahl erreicht ist.<br \/>\n<strong>Verbindungen:<\/strong> die Stromversorgungs- und Kommunikationssignale von der BCU an den zugelassenen Wechselrichter anschlie\u00dfen (CAN \/ RS485). Eine Verkabelung zwischen den Modulen ist nicht erforderlich.<br \/>\n<strong>Beauftragung:<\/strong> Die Erkennung und Parametrierung erfolgt \u00fcber die Schnittstelle des kompatiblen Wechselrichters, der mit der BCU kommuniziert, um BMS-Parameter und Betriebsarten (Eigenverbrauch, Backup, Lastpriorit\u00e4t usw.) einzustellen.<\/p>\n<h2>Was ist die Garantie f\u00fcr die BYD Battery Box Premium HV HVM+ Lithium-Batterien?<\/h2>\n<p>F\u00fcr das Modul HVM+ 2.76 - 18487580-00 gilt die 10-Jahres-Garantie von BYD, sofern die Installation gem\u00e4\u00df den offiziellen Spezifikationen und mit zugelassenen Wechselrichtern durchgef\u00fchrt wird.<\/p>\n<h2>Technische Daten des HV BYD Premium HVM+ 2.76 Lithium Batteriemoduls - 18487580-00<\/h2>\n<table>\n<thead>\n<tr>\n<th>Parameter<\/th>\n<th>Wert<\/th>\n<\/tr>\n<\/thead>\n<tbody>\n<tr>\n<td><strong>Modell<\/strong><\/td>\n<td>BYD Batterie Box Premium HVM+ Modul 2.76<\/td>\n<\/tr>\n<tr>\n<td><strong>Referenz<\/strong><\/td>\n<td>18487580-00<\/td>\n<\/tr>\n<tr>\n<td><strong>Nutzleistung (nominal)<\/strong><\/td>\n<td><strong>2,76 kWh<\/strong><\/td>\n<\/tr>\n<tr>\n<td><strong>Zelltyp<\/strong><\/td>\n<td>Lithium-Ferro-Phosphat (LFP)<\/td>\n<\/tr>\n<tr>\n<td><strong>Nennspannung (pro Modul)<\/strong><\/td>\n<td>\u2248 <strong>102,4 V<\/strong><\/td>\n<\/tr>\n<tr>\n<td><strong>Nennkapazit\u00e4t<\/strong><\/td>\n<td>\u2248 <strong>27 Ah<\/strong> (2.760 Wh \/ 102,4 V \u2248 26,98 Ah)<\/td>\n<\/tr>\n<tr>\n<td><strong>Konfiguration der Zelle<\/strong><\/td>\n<td>32 Zellen in Reihe (voraussichtlich kompatibel mit BYD-HV-Architektur)<\/td>\n<\/tr>\n<tr>\n<td><strong>Effizienz des Zyklus<\/strong><\/td>\n<td>&gt;95% (Hin- und R\u00fcckflug)<\/td>\n<\/tr>\n<tr>\n<td><strong>Betriebstemperaturbereich<\/strong><\/td>\n<td>-10 \u00b0C bis +50 \u00b0C<\/td>\n<\/tr>\n<tr>\n<td><strong>Grad des Schutzes<\/strong><\/td>\n<td>IP55 (robustes Innengeh\u00e4use)<\/td>\n<\/tr>\n<tr>\n<td><strong>Ungef\u00e4hres Gewicht<\/strong><\/td>\n<td>\u2248 <strong>33 kg<\/strong><\/td>\n<\/tr>\n<tr>\n<td><strong>Montage<\/strong><\/td>\n<td>Vertikal stapelbar auf BCU+Base<\/td>\n<\/tr>\n<tr>\n<td><strong>Verbindung<\/strong><\/td>\n<td>Plug &amp; Play - keine interne Verkabelung zwischen den Modulen<\/td>\n<\/tr>\n<tr>\n<td><strong>Zertifizierungen<\/strong><\/td>\n<td>UN38.3, IEC 62619, CE<\/td>\n<\/tr>\n<tr>\n<td><strong>B\u00fcrgschaft<\/strong><\/td>\n<td>10 Jahre (gem\u00e4\u00df den BYD-Bedingungen und der genehmigten Installation)<\/td>\n<\/tr>\n<\/tbody>\n<\/table>\n<h2>Datenblatt HV-Lithium-Batteriemodul BYD Premium HVM+ 2.76 - 18487580-00<\/h2>\n<p><a href=\"https:\/\/fvcomponentes.com\/wp-content\/uploads\/2025\/10\/BYD_Battery-Box_HVM_Datasheet_V1.0_EN.pdf\" target=\"_blank\" rel=\"noopener\">Datenblatt HV BYD Premium HVM+ 2.76 Lithium Batterie Modul - 18487580-00<\/a><\/p>\n<h2>Installationshandbuch Lithium-Batteriemodul HV BYD Premium HVM+ 2.76 - 18487580-00<\/h2>\n<p><a href=\"https:\/\/fvcomponentes.com\/wp-content\/uploads\/2025\/10\/BYD_Quick-Start-Guide_HVS_HVM_HVB_V1.3_EN-1.pdf\" target=\"_blank\" rel=\"noopener\">BYD Premium HVM+ HVM+ Lithium-Batteriemodul Installationshandbuch 2.76 - 18487580-00<\/a><\/p>","protected":false},"excerpt":{"rendered":"<p><span style=\"color: #ff0000\">F\u00fcr den Betrieb dieses Produkts ist ein Steuermodul (BCU) erforderlich.<br \/>\n<a href=\"https:\/\/fvcomponentes.com\/de\/?post_type=product&amp;p=32133&amp;preview=true\" target=\"_blank\" rel=\"noopener\">BCU+Basis f\u00fcr HV Lithium Batterie BYD Batterie Box Premium HVS+ \/ HVM+ - 16541149-00<\/a><br \/>\n<\/span><\/p>\n<p><strong><span style=\"color: #ff9900\">Das Modul BYD HVM+ 2.76 ist ausschlie\u00dflich mit dem System Battery Box Premium HVM+ kompatibel.<\/span><\/strong><br \/>\n<strong><span style=\"color: #ff9900\">Nicht kompatibel mit HVS+-Systemen oder fr\u00fcheren Versionen (HVM)<\/span><\/strong><br \/>\n<strong><span style=\"color: #ff9900\">Module verschiedener Serien d\u00fcrfen nicht innerhalb eines Turms oder parallel miteinander kombiniert werden.<\/span><\/strong><\/p>\n<p><span style=\"color: #000000\">Batterietyp: DC Hochspannung<br \/>\nGesamtnennleistung (KWH): 2,76kW<br \/>\nMax. Lade- und Entladeleistung (KW) 50A<br \/>\nMax. Spitzenleistung beim Laden und Entladen (KW) 75A 3s<br \/>\nWirkungsgrad: 95.0%<br \/>\nIP-Schutz: IP55<br \/>\nKommunikation: CAN (Inv), RS485 (Inv)<br \/>\nKompatible Wechselrichter: Fronius, Goodwe, Kostal, SMA<br \/>\nProduktgarantie: 10 Jahre<br \/>\nNach 10 Jahren wird ein nutzbarer SoC von 60,0 % garantiert.<\/span><\/p>","protected":false},"featured_media":32418,"comment_status":"closed","ping_status":"closed","template":"","meta":{"site-sidebar-layout":"default","site-content-layout":"","ast-site-content-layout":"default","site-content-style":"default","site-sidebar-style":"default","ast-global-header-display":"","ast-banner-title-visibility":"","ast-main-header-display":"","ast-hfb-above-header-display":"","ast-hfb-below-header-display":"","ast-hfb-mobile-header-display":"","site-post-title":"","ast-breadcrumbs-content":"","ast-featured-img":"","footer-sml-layout":"","ast-disable-related-posts":"","theme-transparent-header-meta":"default","adv-header-id-meta":"","stick-header-meta":"","header-above-stick-meta":"","header-main-stick-meta":"","header-below-stick-meta":"","astra-migrate-meta-layouts":"set","ast-page-background-enabled":"default","ast-page-background-meta":{"desktop":{"background-color":"var(--ast-global-color-4)","background-image":"","background-repeat":"repeat","background-position":"center center","background-size":"auto","background-attachment":"scroll","background-type":"","background-media":"","overlay-type":"","overlay-color":"","overlay-opacity":"","overlay-gradient":""},"tablet":{"background-color":"","background-image":"","background-repeat":"repeat","background-position":"center center","background-size":"auto","background-attachment":"scroll","background-type":"","background-media":"","overlay-type":"","overlay-color":"","overlay-opacity":"","overlay-gradient":""},"mobile":{"background-color":"","background-image":"","background-repeat":"repeat","background-position":"center center","background-size":"auto","background-attachment":"scroll","background-type":"","background-media":"","overlay-type":"","overlay-color":"","overlay-opacity":"","overlay-gradient":""}},"ast-content-background-meta":{"desktop":{"background-color":"var(--ast-global-color-5)","background-image":"","background-repeat":"repeat","background-position":"center center","background-size":"auto","background-attachment":"scroll","background-type":"","background-media":"","overlay-type":"","overlay-color":"","overlay-opacity":"","overlay-gradient":""},"tablet":{"background-color":"var(--ast-global-color-5)","background-image":"","background-repeat":"repeat","background-position":"center center","background-size":"auto","background-attachment":"scroll","background-type":"","background-media":"","overlay-type":"","overlay-color":"","overlay-opacity":"","overlay-gradient":""},"mobile":{"background-color":"var(--ast-global-color-5)","background-image":"","background-repeat":"repeat","background-position":"center center","background-size":"auto","background-attachment":"scroll","background-type":"","background-media":"","overlay-type":"","overlay-color":"","overlay-opacity":"","overlay-gradient":""}}},"pwb-brand":[897],"product_brand":[],"product_cat":[340,379],"product_tag":[],"class_list":{"0":"post-32354","1":"product","2":"type-product","3":"status-publish","4":"has-post-thumbnail","6":"pwb-brand-byd","7":"product_cat-baterias","8":"product_cat-baterias-de-litio-de-alto-voltaje","9":"desktop-align-left","10":"tablet-align-left","11":"mobile-align-left","12":"ast-product-gallery-layout-horizontal-slider","13":"ast-product-tabs-layout-horizontal","15":"first","16":"instock","17":"taxable","18":"shipping-taxable","19":"purchasable","20":"product-type-simple"},"wcpa_form_fields":null,"brands":[{"id":897,"name":"B&amp;D-Batterien","slug":"byd"}],"_links":{"self":[{"href":"https:\/\/fvcomponentes.com\/de\/wp-json\/wp\/v2\/product\/32354","targetHints":{"allow":["GET"]}}],"collection":[{"href":"https:\/\/fvcomponentes.com\/de\/wp-json\/wp\/v2\/product"}],"about":[{"href":"https:\/\/fvcomponentes.com\/de\/wp-json\/wp\/v2\/types\/product"}],"replies":[{"embeddable":true,"href":"https:\/\/fvcomponentes.com\/de\/wp-json\/wp\/v2\/comments?post=32354"}],"wp:featuredmedia":[{"embeddable":true,"href":"https:\/\/fvcomponentes.com\/de\/wp-json\/wp\/v2\/media\/32418"}],"wp:attachment":[{"href":"https:\/\/fvcomponentes.com\/de\/wp-json\/wp\/v2\/media?parent=32354"}],"wp:term":[{"taxonomy":"pwb-brand","embeddable":true,"href":"https:\/\/fvcomponentes.com\/de\/wp-json\/wp\/v2\/pwb-brand?post=32354"},{"taxonomy":"product_brand","embeddable":true,"href":"https:\/\/fvcomponentes.com\/de\/wp-json\/wp\/v2\/product_brand?post=32354"},{"taxonomy":"product_cat","embeddable":true,"href":"https:\/\/fvcomponentes.com\/de\/wp-json\/wp\/v2\/product_cat?post=32354"},{"taxonomy":"product_tag","embeddable":true,"href":"https:\/\/fvcomponentes.com\/de\/wp-json\/wp\/v2\/product_tag?post=32354"}],"curies":[{"name":"wp","href":"https:\/\/api.w.org\/{rel}","templated":true}]}}