{"id":32350,"date":"2025-10-28T15:47:36","date_gmt":"2025-10-28T14:47:36","guid":{"rendered":"https:\/\/fvcomponentes.com\/?post_type=product&#038;p=32350"},"modified":"2025-12-29T10:29:23","modified_gmt":"2025-12-29T09:29:23","slug":"lithium-batteriemodul-hv-byd-premium-hvs-2-56-18487497-00","status":"publish","type":"product","link":"https:\/\/fvcomponentes.com\/de\/producto\/modulo-bateria-de-litio-hv-byd-premium-hvs-2-56-18487497-00\/","title":{"rendered":"HV BYD Premium HVS+ 2.56 Lithium-Batteriemodul - 18487497-00"},"content":{"rendered":"<h2>HV BYD Premium HVS+ 2.56 Lithium-Batteriemodul - 18487497-00<\/h2>\n<p>BYD, ein f\u00fchrender Hersteller von Batterien und Elektromobilit\u00e4tsl\u00f6sungen, r\u00fcstet erneut seine Hochvoltbatterien auf. Die neuen HV BYD Battery Box Premium HVS+ Lithium-Batterien sind die direkte Weiterentwicklung der erfolgreichen HVS-Serie. Diese neuen Batterien bieten eine h\u00f6here Kapazit\u00e4t, mehr Leistung und erweiterte Kompatibilit\u00e4t mit den f\u00fchrenden Wechselrichtern auf dem Markt.<\/p>\n<p>Das HV-Lithium-Batteriemodul BYD Premium HVS+ 2.56 - 18487497-00 ist Teil der neuen Generation von Hochspannungs-Energiespeichersystemen BYD Battery Box Premium HVS+, die entwickelt wurden, um maximale Effizienz, Sicherheit und Skalierbarkeit in privaten, gewerblichen oder industriellen Photovoltaikanlagen zu bieten.<\/p>\n<p>Jedes HVS+ Modul stellt eine n\u00fctzliche Speichereinheit von 2,56 kWh dar, die mit anderen Modulen derselben Serie zu T\u00fcrmen mit Kapazit\u00e4ten von 5,12 kWh bis 12,8 kWh kombiniert werden kann, je nach Bedarf des Nutzers.<\/p>\n<p>Entwickelt f\u00fcr den Einsatz in Verbindung mit dem <a href=\"https:\/\/fvcomponentes.com\/de\/?post_type=product&amp;p=32133&amp;preview=true\" target=\"_blank\" rel=\"noopener\">BCU+Basis f\u00fcr HV Lithium Batterie BYD Batterie Box Premium HVS+ \/ HVM+ - 16541149-00<\/a>, Dieses Modul bildet den grundlegenden Energieblock der neuen BYD-Hochvoltbatterien.<\/p>\n<h2>Hauptfunktionen des Lithium-Batteriemoduls HV BYD Premium HVS+ 2.56 HV BYD Premium HVS+ 2.56<\/h2>\n<h3>Modularer und skalierbarer Aufbau<\/h3>\n<p>Mit dem HVS+-System k\u00f6nnen 2 bis 5 Module auf einer BCU+Basiseinheit gestapelt werden, ohne dass eine interne Verkabelung erforderlich ist.<br \/>\nDie Plug&amp;Play-Verbindung erm\u00f6glicht eine schnelle, saubere und sichere Installation, die Montagezeiten und m\u00f6gliche Anschlussfehler reduziert.<\/p>\n<h3>Effiziente Lagerung<\/h3>\n<p>Jedes HVS+-Modul bietet eine Nutzkapazit\u00e4t von 2,56 kWh und eine au\u00dfergew\u00f6hnliche Leistung dank der LFP-Chemie (Lithium-Eisen-Phosphat), die f\u00fcr ihre hohe thermische Stabilit\u00e4t, lange Lebensdauer und verbesserte Sicherheit im Vergleich zu anderen Lithiumtechnologien bekannt ist.<\/p>\n<h3>Maximale Sicherheit und Zuverl\u00e4ssigkeit<\/h3>\n<p>Die HVS+ Module entsprechen den internationalen Normen IEC 62619, UN38.3 und CE und gew\u00e4hrleisten einen sicheren Betrieb auch unter anspruchsvollen Bedingungen.<br \/>\nDie wasserdichte Konstruktion und das verst\u00e4rkte Metallgeh\u00e4use bieten Schutz vor St\u00f6\u00dfen und widrigen Umgebungsbedingungen.<br \/>\nDar\u00fcber hinaus macht die LFP-Technologie den BYD Premium HVS+ sicherer, stabiler und langlebiger.<\/p>\n<h3>Kompatibilit\u00e4t zwischen BYD-Batteriesystemen<\/h3>\n<p>Das BYD HVS+ 2.56 Modul ist ausschlie\u00dflich mit der HVS+ Serie und der neuen Generation der BCU+Base Unit kompatibel.<\/p>\n<p>Battery-Box Premium HVS+: Stapelbar von 2 bis 5 Modulen (5,1 - 12,8 nutzbare kWh).<\/p>\n<p>Die neuen HVS+-Module sind nicht mit den alten kompatibel, sie k\u00f6nnen also nicht mit Modulen oder BCUs der Vorg\u00e4ngerversionen kombiniert werden. Sie k\u00f6nnen nicht im selben Turm gemischt werden oder neue T\u00fcrme parallel zu T\u00fcrmen mit Modulen fr\u00fcherer Versionen aufgestellt werden.<\/p>\n<h3>Kompatibilit\u00e4t mit Wechselrichtern<\/h3>\n<p>BYD-Batterien garantieren technische Konsistenz und volle Kompatibilit\u00e4t mit den neuesten Wechselrichtern auf dem Markt, wie Fronius, GoodWe, SMA, Kostal, Victron, Huawei oder Solis.<\/p>\n<p><a href=\"https:\/\/fvcomponentes.com\/wp-content\/uploads\/2025\/10\/Compatible-Inverter-List_HVBHVMHVS_MLL_V1.3.pdf\" target=\"_blank\" rel=\"noopener\">Aktualisierte Liste der Wechselrichter, die mit BYD Battery Box Premium HVS+ \/ HVM+ Batterien kompatibel sind Version V1.3, aktualisiert am 17\/10\/25<\/a><\/p>\n<h3>HVS+ Batterien<\/h3>\n<p><img decoding=\"async\" src=\"https:\/\/fvcomponentes.com\/wp-content\/uploads\/2025\/10\/ByD-HVS-Caracteristicas.png\" alt=\"B&amp;H HVS Merkmale\" title=\"\"><\/p>\n<h2>Vorteile des neuen HV-Lithium-Batteriemoduls BYD Premium HVS+ 2.56<\/h2>\n<h3>Einfacher Einbau<\/h3>\n<p>Dank des vertikal stapelbaren Systems ohne interne Verkabelung erfolgt die Kapazit\u00e4tserweiterung durch einfaches Aufsetzen neuer Module auf den bestehenden Tower. Dadurch kann das System in Zukunft erweitert werden, ohne dass die Basiskomponenten ausgetauscht werden m\u00fcssen.<\/p>\n<h3>Minimale Wartung<\/h3>\n<p>Das l\u00fcfterlose Design ohne L\u00fcfter und bewegliche Teile sorgt zusammen mit der passiven K\u00fchlung und der IP-Versiegelung f\u00fcr einen leisen, wartungsfreien Betrieb mit einer Lebensdauer von mehr als 10 Jahren bei normaler Nutzung.<\/p>\n<h3>Nahtlose Integration mit modernen Wechselrichtern<\/h3>\n<p>Enth\u00e4lt aktualisierte Kommunikationsprofile f\u00fcr Fronius GEN24 Plus, GoodWe ET Plus+, SMA Sunny Boy Storage, Kostal Plenticore Plus, Victron Multiplus II und andere.<\/p>\n<h3>Modularer und erweiterbarer Einbau<\/h3>\n<p>Sie k\u00f6nnen mit einer kleinen Konfiguration von zwei Modulen beginnen und diese in Zukunft erweitern, ohne die Basiseinheit zu ver\u00e4ndern, indem Sie einfach weitere Module hinzuf\u00fcgen.<\/p>\n<h2>Beispiel f\u00fcr den Einbau einer BYD Battery Box Premium HVS+<\/h2>\n<p>Eine typische Batterie, die BYD Battery Box Premium HVS+ 5,12 kWh, enth\u00e4lt:<\/p>\n<p>1 \u00d7 BCU+Basis - 16541149-00<br \/>\n2 \u00d7 HVS+ Module (je 2,56 kWh)<\/p>\n<p>Gesamtkapazit\u00e4t: 5,12 kWh nutzbar (erweiterbar auf 12,8 kWh durch Stapeln von bis zu 5 Modulen)<\/p>\n<p>Mit dieser Konfiguration kann der Verbrauch eines Einfamilienhauses mit einem durchschnittlichen Verbrauch von bis zu 5kWh in der Nacht gespeist werden. Wie lange die Batterie halten kann, h\u00e4ngt vom Verbrauch und ihrem Ladezustand ab. Je h\u00f6her der prozentuale Ladezustand bei der Nutzung der Batterie und je geringer der Verbrauch, desto l\u00e4nger h\u00e4lt sie.<\/p>\n<h2>Empfohlener Einbau einer Hochspannungs-Lithium-Batterie<\/h2>\n<p><strong>Standort<\/strong>In geschlossenen R\u00e4umen, trocken, auf einer stabilen Unterlage, fern von W\u00e4rme- oder Feuchtigkeitsquellen.<br \/>\n<strong>Montage<\/strong>Die Batteriemodule werden vertikal auf der BCU mit Plug &amp; Play-Anschluss gestapelt und \u00fcber die integrierten Steckverbinder eingerastet.<br \/>\n<strong>Kommunikation:<\/strong> Verwaltet von der BCU \u00fcber CAN \/ RS485-Protokolle zum Wechselrichter, ohne zus\u00e4tzliche Verkabelung zwischen den Modulen.<br \/>\n<strong>Beauftragung:<\/strong> Dies geschieht \u00fcber die Schnittstelle des kompatiblen Wechselrichters, der die Batterie automatisch erkennt und das System entsprechend den Parametern des BMS (Battery Management System) konfiguriert.<br \/>\n<strong>Kompatibilit\u00e4t:<\/strong> Ausschlie\u00dflich mit BYD Premium HVS+ und BCU+Base Systemen der neuen Generation.<\/p>\n<h2>Was ist die Garantie f\u00fcr HV BYD Battery Box Premium HVS+ \/ HVM+ Lithium-Batterien?<\/h2>\n<p>Das HVS+ 2.56 Modul - 18487497-00 wird mit einer 10-j\u00e4hrigen offiziellen BYD-Garantie geliefert, vorausgesetzt, es wird gem\u00e4\u00df den Spezifikationen und zusammen mit der zugelassenen BCU+Base installiert.<\/p>\n<h2>Technische Daten des HV BYD Premium HVS+ 2.56 Lithium Batteriemoduls - 18487497-00<\/h2>\n<table>\n<thead>\n<tr>\n<th><strong>Parameter<\/strong><\/th>\n<th><strong>Wert<\/strong><\/th>\n<\/tr>\n<\/thead>\n<tbody>\n<tr>\n<td><strong>Modell<\/strong><\/td>\n<td>BYD Batterie Box Premium HVS+ Modul 2.56<\/td>\n<\/tr>\n<tr>\n<td><strong>Referenz<\/strong><\/td>\n<td>18487497-00<\/td>\n<\/tr>\n<tr>\n<td><strong>Nutzleistung (nominal)<\/strong><\/td>\n<td>2,56 kWh<\/td>\n<\/tr>\n<tr>\n<td><strong>Zelltyp<\/strong><\/td>\n<td>Lithium-Ferro-Phosphat (LFP)<\/td>\n<\/tr>\n<tr>\n<td><strong>Nennspannung<\/strong><\/td>\n<td>\u2248 102,4 V<\/td>\n<\/tr>\n<tr>\n<td><strong>Spannungsbereich pro Modul<\/strong><\/td>\n<td>88 - 120 V<\/td>\n<\/tr>\n<tr>\n<td><strong>Nennkapazit\u00e4t<\/strong><\/td>\n<td>25 Ah<\/td>\n<\/tr>\n<tr>\n<td><strong>Konfiguration der Zelle<\/strong><\/td>\n<td>32 Zellen in Reihe<\/td>\n<\/tr>\n<tr>\n<td><strong>Energie-Effizienz<\/strong><\/td>\n<td>96%<\/td>\n<\/tr>\n<tr>\n<td><strong>Betriebstemperaturbereich<\/strong><\/td>\n<td>-10 \u00b0C bis +50 \u00b0C<\/td>\n<\/tr>\n<tr>\n<td><strong>Grad des Schutzes<\/strong><\/td>\n<td>IP55<\/td>\n<\/tr>\n<tr>\n<td><strong>Gewicht<\/strong><\/td>\n<td>\u2248 38,3 kg<\/td>\n<\/tr>\n<tr>\n<td><strong>Montage<\/strong><\/td>\n<td>Stapelbar auf BCU+Basis (vertikal)<\/td>\n<\/tr>\n<tr>\n<td><strong>Verbindung<\/strong><\/td>\n<td>Plug &amp; Play ohne interne Verkabelung<\/td>\n<\/tr>\n<tr>\n<td><strong>Zertifizierungen<\/strong><\/td>\n<td>UN38.3, IEC 62619, CE<\/td>\n<\/tr>\n<tr>\n<td><strong>B\u00fcrgschaft<\/strong><\/td>\n<td>10 Jahre (zusammen mit dem kompletten BYD-System)<\/td>\n<\/tr>\n<\/tbody>\n<\/table>\n<h2>Datenblatt HV-Lithium-Batteriemodul BYD Premium HVS+ 2.56 - 18487497-00<\/h2>\n<p><a href=\"https:\/\/fvcomponentes.com\/wp-content\/uploads\/2025\/10\/Datasheet_HVS_EN_V1.0_250729.pdf\" target=\"_blank\" rel=\"noopener\">Datenblatt HV BYD Premium HVS+ 2.56 Lithium Batterie Modul - 18487497-00<\/a><\/p>\n<h2>Installationsanleitung Lithium-Batteriemodul HV BYD Premium HVS+ 2.56 - 18487497-00<\/h2>\n<p><a href=\"https:\/\/fvcomponentes.com\/wp-content\/uploads\/2025\/10\/BYD_Quick-Start-Guide_HVS_HVM_HVB_V1.3_EN.pdf\" target=\"_blank\" rel=\"noopener\">BYD HVD Premium HVS+ 2.56 Lithium-Batteriemodul Installationshandbuch - 18487497-00<\/a><\/p>","protected":false},"excerpt":{"rendered":"<p><span style=\"color: #ff0000\">F\u00fcr den Betrieb dieses Produkts ist ein Steuermodul (BCU) erforderlich.<br \/>\n<a href=\"https:\/\/fvcomponentes.com\/de\/?post_type=product&amp;p=32133&amp;preview=true\" target=\"_blank\" rel=\"noopener\">BCU+Basis f\u00fcr HV Lithium Batterie BYD Batterie Box Premium HVS+ \/ HVM+ - 16541149-00<\/a><br \/>\n<\/span><\/p>\n<p><strong><span style=\"color: #ff9900\">Das Modul BYD HVS+ 2.56 ist ausschlie\u00dflich mit dem System Battery Box Premium HVS+ kompatibel.<\/span><\/strong><br \/>\n<strong><span style=\"color: #ff9900\">Nicht kompatibel mit HVM+-Systemen oder fr\u00fcheren Versionen (HVS)<\/span><\/strong><br \/>\n<strong><span style=\"color: #ff9900\">Module verschiedener Serien d\u00fcrfen nicht innerhalb eines Turms oder parallel miteinander kombiniert werden.<\/span><\/strong><\/p>\n<p>Batterietyp: DC Hochspannung<br \/>\nGesamtnennleistung (KWH): 2,56kW<br \/>\nMax. Lade- und Entladeleistung (KW) 25A<br \/>\nMax. Spitzenleistung beim Laden und Entladen (KW) 50A 5s<br \/>\nWirkungsgrad: 96.0%<br \/>\nIP-Schutz: IP55<br \/>\nKommunikation: CAN (Inv), RS485 (Inv)<br \/>\nKompatible Wechselrichter: Fronius, Goodwe, Kostal, SMA<br \/>\nProduktgarantie: 10 Jahre<br \/>\nNach 10 Jahren wird ein nutzbarer SoC von 60,0 % garantiert.<\/p>","protected":false},"featured_media":32417,"comment_status":"closed","ping_status":"closed","template":"","meta":{"site-sidebar-layout":"default","site-content-layout":"","ast-site-content-layout":"default","site-content-style":"default","site-sidebar-style":"default","ast-global-header-display":"","ast-banner-title-visibility":"","ast-main-header-display":"","ast-hfb-above-header-display":"","ast-hfb-below-header-display":"","ast-hfb-mobile-header-display":"","site-post-title":"","ast-breadcrumbs-content":"","ast-featured-img":"","footer-sml-layout":"","ast-disable-related-posts":"","theme-transparent-header-meta":"default","adv-header-id-meta":"","stick-header-meta":"","header-above-stick-meta":"","header-main-stick-meta":"","header-below-stick-meta":"","astra-migrate-meta-layouts":"set","ast-page-background-enabled":"default","ast-page-background-meta":{"desktop":{"background-color":"var(--ast-global-color-4)","background-image":"","background-repeat":"repeat","background-position":"center center","background-size":"auto","background-attachment":"scroll","background-type":"","background-media":"","overlay-type":"","overlay-color":"","overlay-opacity":"","overlay-gradient":""},"tablet":{"background-color":"","background-image":"","background-repeat":"repeat","background-position":"center center","background-size":"auto","background-attachment":"scroll","background-type":"","background-media":"","overlay-type":"","overlay-color":"","overlay-opacity":"","overlay-gradient":""},"mobile":{"background-color":"","background-image":"","background-repeat":"repeat","background-position":"center center","background-size":"auto","background-attachment":"scroll","background-type":"","background-media":"","overlay-type":"","overlay-color":"","overlay-opacity":"","overlay-gradient":""}},"ast-content-background-meta":{"desktop":{"background-color":"var(--ast-global-color-5)","background-image":"","background-repeat":"repeat","background-position":"center center","background-size":"auto","background-attachment":"scroll","background-type":"","background-media":"","overlay-type":"","overlay-color":"","overlay-opacity":"","overlay-gradient":""},"tablet":{"background-color":"var(--ast-global-color-5)","background-image":"","background-repeat":"repeat","background-position":"center center","background-size":"auto","background-attachment":"scroll","background-type":"","background-media":"","overlay-type":"","overlay-color":"","overlay-opacity":"","overlay-gradient":""},"mobile":{"background-color":"var(--ast-global-color-5)","background-image":"","background-repeat":"repeat","background-position":"center center","background-size":"auto","background-attachment":"scroll","background-type":"","background-media":"","overlay-type":"","overlay-color":"","overlay-opacity":"","overlay-gradient":""}}},"pwb-brand":[897],"product_brand":[],"product_cat":[340,379],"product_tag":[],"class_list":{"0":"post-32350","1":"product","2":"type-product","3":"status-publish","4":"has-post-thumbnail","6":"pwb-brand-byd","7":"product_cat-baterias","8":"product_cat-baterias-de-litio-de-alto-voltaje","9":"product_shipping_class-baterias","10":"desktop-align-left","11":"tablet-align-left","12":"mobile-align-left","13":"ast-product-gallery-layout-horizontal-slider","14":"ast-product-tabs-layout-horizontal","16":"first","17":"instock","18":"taxable","19":"shipping-taxable","20":"purchasable","21":"product-type-simple"},"wcpa_form_fields":null,"brands":[{"id":897,"name":"B&amp;D-Batterien","slug":"byd"}],"_links":{"self":[{"href":"https:\/\/fvcomponentes.com\/de\/wp-json\/wp\/v2\/product\/32350","targetHints":{"allow":["GET"]}}],"collection":[{"href":"https:\/\/fvcomponentes.com\/de\/wp-json\/wp\/v2\/product"}],"about":[{"href":"https:\/\/fvcomponentes.com\/de\/wp-json\/wp\/v2\/types\/product"}],"replies":[{"embeddable":true,"href":"https:\/\/fvcomponentes.com\/de\/wp-json\/wp\/v2\/comments?post=32350"}],"wp:featuredmedia":[{"embeddable":true,"href":"https:\/\/fvcomponentes.com\/de\/wp-json\/wp\/v2\/media\/32417"}],"wp:attachment":[{"href":"https:\/\/fvcomponentes.com\/de\/wp-json\/wp\/v2\/media?parent=32350"}],"wp:term":[{"taxonomy":"pwb-brand","embeddable":true,"href":"https:\/\/fvcomponentes.com\/de\/wp-json\/wp\/v2\/pwb-brand?post=32350"},{"taxonomy":"product_brand","embeddable":true,"href":"https:\/\/fvcomponentes.com\/de\/wp-json\/wp\/v2\/product_brand?post=32350"},{"taxonomy":"product_cat","embeddable":true,"href":"https:\/\/fvcomponentes.com\/de\/wp-json\/wp\/v2\/product_cat?post=32350"},{"taxonomy":"product_tag","embeddable":true,"href":"https:\/\/fvcomponentes.com\/de\/wp-json\/wp\/v2\/product_tag?post=32350"}],"curies":[{"name":"wp","href":"https:\/\/api.w.org\/{rel}","templated":true}]}}