{"id":3233,"date":"2021-03-23T08:18:56","date_gmt":"2021-03-23T07:18:56","guid":{"rendered":"https:\/\/fvcomponentes.com\/producto\/battery-balancer-victron-equilibrador-baterias\/"},"modified":"2026-04-04T11:14:18","modified_gmt":"2026-04-04T09:14:18","slug":"batterieausgleicher-victron-batterieausgleicher","status":"publish","type":"product","link":"https:\/\/fvcomponentes.com\/de\/producto\/battery-balancer-victron-equilibrador-baterias\/","title":{"rendered":"Victron Batterieausgleichsger\u00e4t (Batterieausgleichsger\u00e4t) - BBA000100100100"},"content":{"rendered":"<h2 style=\"text-align: left\">Victron Batterie-Balancer (Batterie-Balancer)<\/h2>\n<h3 style=\"text-align: left\">Das Problem: Die Lebensdauer einer Batteriebank kann durch einen unausgeglichenen Ladezustand erheblich verk\u00fcrzt werden.<\/h3>\n<p style=\"text-align: left\">Ein geringf\u00fcgig h\u00f6herer interner Kriechstrom in einer der Batterien in einer Bank mit mehreren in Reihe\/Parallel geschalteten 24- oder 48-V-Batterien w\u00fcrde dazu f\u00fchren, dass diese Batterie und die parallel geschalteten Batterien nicht mehr geladen werden und die in Reihe geschalteten Batterien \u00fcberladen werden. Wenn neue Zellen oder Batterien in Reihe geschaltet werden, m\u00fcssen sie au\u00dferdem alle den gleichen Anfangsladezustand haben.<br \/>\nKleinere Unterschiede werden bei der Absorptions- oder Ausgleichsladung neutralisiert, aber gr\u00f6\u00dfere Unterschiede f\u00fchren zu Sch\u00e4den durch \u00fcberm\u00e4\u00dfige Gasbildung (\u00dcberladung) bei Batterien mit einer h\u00f6heren Anfangsladung und Sulfatierung (Unterladung) bei Batterien mit einer niedrigeren Anfangsladung.<\/p>\n<h3 style=\"text-align: left\">Die L\u00f6sung: Batterieausgleich<\/h3>\n<p style=\"text-align: left\">Victron Battery Balancer (Batterieausgleichsger\u00e4t)<strong> gleicht den Ladezustand von zwei in Reihe geschalteten 12V-Batterien aus<\/strong>oder mehrere parallele Str\u00e4nge von in Reihe geschalteten Batterien.<br \/>\nWenn die Ladespannung eines 24-V-Batteriesystems \u00fcber 27,3 V ansteigt, wird der Battery Balancer aktiviert und vergleicht die Spannung, die die beiden in Reihe geschalteten Batterien erreicht. Der Battery Balancer entnimmt der Batterie (oder den parallel geschalteten Batterien) mit der h\u00f6heren Spannung einen Strom von bis zu 0,7A. Die sich daraus ergebende Ladestromdifferenz sorgt daf\u00fcr, dass sich alle Batterien dem gleichen Ladezustand ann\u00e4hern.<br \/>\nFalls erforderlich, k\u00f6nnen mehrere Balancer parallel geschaltet werden.<br \/>\n<strong>Eine 48-V-Batteriebank kann mit drei 48-V-Batterie-Balancern von <a href=\"https:\/\/www.victronenergy.com.es\/\" target=\"_blank\" rel=\"noopener\">Victron<\/a>.<\/strong><\/p>\n<h3 style=\"text-align: left\">Victron Batterie Balancer LED-Anzeigen<\/h3>\n<p style=\"text-align: left\">Gr\u00fcn: aktiv (Batteriespannung &gt; 27,3 V)<br \/>\nOrange: niedrigster aktiver Batteriestromkreis (Abweichung &gt; 0,1 V)<br \/>\nOrange: h\u00f6chster Batteriestromkreis aktiv (Abweichung &gt; 0,1 V)<br \/>\nRot: Alarm (Abweichung &gt; 0,2 V). Bleibt aktiv, bis die Abweichung auf weniger als 0,14 V reduziert wurde oder bis die Systemspannung unter 26,6 V f\u00e4llt.<\/p>\n<h3 style=\"text-align: left\">Alarmrelais<\/h3>\n<p style=\"text-align: left\">Normalerweise offen. Er schlie\u00dft, wenn die rote LED leuchtet und \u00f6ffnet, wenn die rote LED erlischt.<\/p>\n<h3 style=\"text-align: left\">Zur\u00fccksetzen des Alarms<\/h3>\n<p style=\"text-align: left\">F\u00fcr den Anschluss eines Drucktasters stehen zwei Klemmen zur Verf\u00fcgung. Durch Verbinden der beiden Klemmen wird das Relais zur\u00fcckgesetzt.<br \/>\nDiese R\u00fccksetzbedingung bleibt aktiv, bis der Alarm endet. Das Relais wird dann wieder geschlossen, wenn ein neuer Alarm auftritt.<\/p>\n<h3 style=\"text-align: left\">Mehr Insider-Informationen und Kontrolle mit der Midpoint-Monitoring-Funktion des <a href=\"https:\/\/fvcomponentes.com\/de\/produkt\/victron-bmv-702-batterie-monitor\/\" target=\"_blank\" rel=\"noopener\">Batterie\u00fcberwachung BMV-702.<\/a><\/h3>\n<p style=\"text-align: left\">Das BMV-702 misst den Mittelwert einer Reihe von Zellen oder Batterien. Es zeigt die Abweichung vom idealen Mittelpunkt in Volt oder Prozent an. Separate prozentuale Abweichungen k\u00f6nnen eingestellt werden, um einen visuellen\/akustischen Alarm auszul\u00f6sen und einen stromlosen Relaiskontakt zu schlie\u00dfen, um einen Fernalarm zu setzen.<\/p>\n<p style=\"text-align: left\">Wenn die Ladespannung eines 24-V-Batteriesystems \u00fcber 27 V ansteigt, wird der Victron Battery Balancer aktiviert und vergleicht die Spannung, die die beiden in Reihe geschalteten Batterien erreicht. Der Battery Balancer entnimmt der Batterie (oder den parallel geschalteten Batterien) mit der h\u00f6heren Spannung einen Strom von bis zu 1 A. Die daraus resultierende Ladestromdifferenz stellt sicher, dass alle Batterien den gleichen Ladezustand erreichen.<\/p>\n<h2>Datenblatt Victron Batterie-Balancer (Batterie-Balancer) - BBA000100100100<\/h2>\n<p><a href=\"https:\/\/fvcomponentes.com\/wp-content\/uploads\/2025\/09\/Manual-Battery-Balancer-ES-1.pdf\" target=\"_blank\" rel=\"noopener\">Siehe Datenblatt Victron Battery Balancer (Batterieausgleichsger\u00e4t) - BBA000100100100<\/a><\/p>","protected":false},"excerpt":{"rendered":"<ul>\n<li>Gleicht den Ladezustand von zwei in Reihe geschalteten 12-V-Batterien oder von mehreren parallel geschalteten Batteriestr\u00e4ngen aus.<\/li>\n<li>Falls erforderlich, k\u00f6nnen mehrere Balancer parallel geschaltet werden.<\/li>\n<li>Eine 48-V-Batteriebank kann mit drei Battery Balancern ausgeglichen werden.<\/li>\n<\/ul>","protected":false},"featured_media":3234,"comment_status":"open","ping_status":"closed","template":"","meta":{"site-sidebar-layout":"default","site-content-layout":"default","ast-site-content-layout":"default","site-content-style":"default","site-sidebar-style":"default","ast-global-header-display":"","ast-banner-title-visibility":"","ast-main-header-display":"","ast-hfb-above-header-display":"","ast-hfb-below-header-display":"","ast-hfb-mobile-header-display":"","site-post-title":"","ast-breadcrumbs-content":"","ast-featured-img":"","footer-sml-layout":"","ast-disable-related-posts":"","theme-transparent-header-meta":"default","adv-header-id-meta":"","stick-header-meta":"","header-above-stick-meta":"","header-main-stick-meta":"","header-below-stick-meta":"","astra-migrate-meta-layouts":"set","ast-page-background-enabled":"default","ast-page-background-meta":{"desktop":{"background-color":"var(--ast-global-color-4)","background-image":"","background-repeat":"repeat","background-position":"center center","background-size":"auto","background-attachment":"scroll","background-type":"","background-media":"","overlay-type":"","overlay-color":"","overlay-opacity":"","overlay-gradient":""},"tablet":{"background-color":"","background-image":"","background-repeat":"repeat","background-position":"center center","background-size":"auto","background-attachment":"scroll","background-type":"","background-media":"","overlay-type":"","overlay-color":"","overlay-opacity":"","overlay-gradient":""},"mobile":{"background-color":"","background-image":"","background-repeat":"repeat","background-position":"center center","background-size":"auto","background-attachment":"scroll","background-type":"","background-media":"","overlay-type":"","overlay-color":"","overlay-opacity":"","overlay-gradient":""}},"ast-content-background-meta":{"desktop":{"background-color":"var(--ast-global-color-5)","background-image":"","background-repeat":"repeat","background-position":"center center","background-size":"auto","background-attachment":"scroll","background-type":"","background-media":"","overlay-type":"","overlay-color":"","overlay-opacity":"","overlay-gradient":""},"tablet":{"background-color":"var(--ast-global-color-5)","background-image":"","background-repeat":"repeat","background-position":"center center","background-size":"auto","background-attachment":"scroll","background-type":"","background-media":"","overlay-type":"","overlay-color":"","overlay-opacity":"","overlay-gradient":""},"mobile":{"background-color":"var(--ast-global-color-5)","background-image":"","background-repeat":"repeat","background-position":"center center","background-size":"auto","background-attachment":"scroll","background-type":"","background-media":"","overlay-type":"","overlay-color":"","overlay-opacity":"","overlay-gradient":""}}},"pwb-brand":[332],"product_brand":[],"product_cat":[391,340,932,931,933,929,930],"product_tag":[],"class_list":{"0":"post-3233","1":"product","2":"type-product","3":"status-publish","4":"has-post-thumbnail","6":"pwb-brand-victron","7":"product_cat-accesorios-para-baterias","8":"product_cat-baterias","9":"product_cat-combinadores-de-baterias","10":"product_cat-diodos-separador-de-baterias","11":"product_cat-monitores-de-baterias","12":"product_cat-protectores-de-bateria","13":"product_cat-reles-separador-de-baterias","14":"desktop-align-left","15":"tablet-align-left","16":"mobile-align-left","17":"ast-product-gallery-layout-horizontal-slider","18":"ast-product-tabs-layout-horizontal","20":"first","21":"instock","22":"taxable","23":"shipping-taxable","24":"purchasable","25":"product-type-simple"},"wcpa_form_fields":null,"brands":[{"id":332,"name":"Victron Energie","slug":"victron"}],"_links":{"self":[{"href":"https:\/\/fvcomponentes.com\/de\/wp-json\/wp\/v2\/product\/3233","targetHints":{"allow":["GET"]}}],"collection":[{"href":"https:\/\/fvcomponentes.com\/de\/wp-json\/wp\/v2\/product"}],"about":[{"href":"https:\/\/fvcomponentes.com\/de\/wp-json\/wp\/v2\/types\/product"}],"replies":[{"embeddable":true,"href":"https:\/\/fvcomponentes.com\/de\/wp-json\/wp\/v2\/comments?post=3233"}],"wp:featuredmedia":[{"embeddable":true,"href":"https:\/\/fvcomponentes.com\/de\/wp-json\/wp\/v2\/media\/3234"}],"wp:attachment":[{"href":"https:\/\/fvcomponentes.com\/de\/wp-json\/wp\/v2\/media?parent=3233"}],"wp:term":[{"taxonomy":"pwb-brand","embeddable":true,"href":"https:\/\/fvcomponentes.com\/de\/wp-json\/wp\/v2\/pwb-brand?post=3233"},{"taxonomy":"product_brand","embeddable":true,"href":"https:\/\/fvcomponentes.com\/de\/wp-json\/wp\/v2\/product_brand?post=3233"},{"taxonomy":"product_cat","embeddable":true,"href":"https:\/\/fvcomponentes.com\/de\/wp-json\/wp\/v2\/product_cat?post=3233"},{"taxonomy":"product_tag","embeddable":true,"href":"https:\/\/fvcomponentes.com\/de\/wp-json\/wp\/v2\/product_tag?post=3233"}],"curies":[{"name":"wp","href":"https:\/\/api.w.org\/{rel}","templated":true}]}}