{"id":3231,"date":"2021-03-23T07:56:54","date_gmt":"2021-03-23T06:56:54","guid":{"rendered":"https:\/\/fvcomponentes.com\/producto\/monitor-de-bateria-bmv-712-smart-victron\/"},"modified":"2026-04-04T12:47:37","modified_gmt":"2026-04-04T10:47:37","slug":"bmv-712-smart-victron-batterie-monitor","status":"publish","type":"product","link":"https:\/\/fvcomponentes.com\/de\/producto\/monitor-de-bateria-bmv-712-smart-victron\/","title":{"rendered":"Batterie\u00fcberwachung BMV-712 Smart Victron - BAM030712000"},"content":{"rendered":"<h2>BMV-712 Smart Victron Batterie\u00fcberwachung<\/h2>\n<h2>Integriertes Bluetooth<\/h2>\n<p>Mit integrierter Bluetooth-Konnektivit\u00e4t ist der BMV-712 Smart Battery Monitor bereit f\u00fcr die \u00c4ra des Internets der Dinge. Dank der Tatsache, dass die meisten der anderen Produkte von <a href=\"https:\/\/www.victronenergy.com.es\/\" target=\"_blank\" rel=\"noopener\">Victron Energie<\/a> haben Bluetooth integriert, die drahtlose Kommunikation zwischen ihnen vereinfacht die Installation der Systeme und verbessert ihre Leistung.<\/p>\n<h2>Laden Sie die Victron Bluetooth-App herunter<\/h2>\n<p>Verwenden Sie Ihr Smartphone oder ein anderes Bluetooth-f\u00e4higes Ger\u00e4t, um:<br \/>\n- die Einstellungen anpassen,<br \/>\n- um alle wichtigen Daten auf einem einzigen Bildschirm abzurufen,<br \/>\n- Historische Daten anzeigen<br \/>\n- die Software zu aktualisieren, wenn neue Funktionen hinzugef\u00fcgt werden.<\/p>\n<h2>Einfach zu installieren:<\/h2>\n<p>Alle elektrischen Anschl\u00fcsse werden an der Schnellanschlussplatine des Shunts vorgenommen. Der Shunt wird \u00fcber ein Standard-RJ12-Telefonkabel mit dem Monitor verbunden.<br \/>\nIm Lieferumfang enthalten: RJ 12-Kabel (10 m) und Batteriekabel mit Sicherung (2 m); mehr wird nicht ben\u00f6tigt.<br \/>\nIm Lieferumfang enthalten sind au\u00dferdem eine quadratische oder runde Frontscheibe, ein hinterer Befestigungsring und Schrauben f\u00fcr die Frontmontage.<\/p>\n<h2>Kontrolle der Mittelwertbildung<\/h2>\n<p>Diese Funktion wird in der Regel zur \u00dcberwachung gro\u00dfer Batterieb\u00e4nke zu hohen Kosten verwendet. Mit dem Victron BMV-712 Smart Battery Monitor k\u00f6nnen wir diesen Parameter zu einem viel niedrigeren Preis \u00fcberwachen. Eine Batteriebank besteht aus einer Reihe von in Reihe geschalteten Zellen. Die <strong>Mittelpunktspannung<\/strong> ist die in der Mitte dieser Kette erhaltene Spannung. Im Idealfall w\u00e4re die Spannung in der Mitte genau die H\u00e4lfte der Gesamtspannung. In der Praxis kommt es jedoch zu Abweichungen, die von vielen Faktoren abh\u00e4ngen, wie dem unterschiedlichen Ladezustand neuer Batterien oder Zellen, ihren unterschiedlichen Temperaturen, internen Kriechstr\u00f6men, Kapazit\u00e4ten und vielem mehr.<br \/>\nErhebliche oder zunehmende Abweichungen von der Mittelspannung deuten auf eine unsachgem\u00e4\u00dfe Wartung oder einen Ausfall einer Batterie oder Zelle hin. Korrekturma\u00dfnahmen, die nach einem Mittelspannungsalarm ergriffen werden, k\u00f6nnen m\u00f6gliche Sch\u00e4den an einer Batterie verhindern.<\/p>\n<h2>Niedriger Batteriestromverbrauch<\/h2>\n<p>Stromverbrauch: 0,7Ah pro Monat (1mA) bei 12V und 0,6Ah pro Monat (0,8mA) bei 24V<\/p>\n<p>Vor allem Li-Ion-Batterien verlieren praktisch ihre Kapazit\u00e4t, wenn sie bis zur Niederspannungsgrenze entladen werden.<\/p>\n<p>Nach einer Unterspannungsabschaltung der Zellen betr\u00e4gt die Reservekapazit\u00e4t eines Lithium-Ionen-Akkus ca. 1Ah pro 100Ah Kapazit\u00e4t. Der Akku wird besch\u00e4digt, wenn die verbleibende Reservekapazit\u00e4t des Akkus entfernt wird. Ein Reststrom von 10 mA kann z. B. eine 200-Ah-Batterie besch\u00e4digen, wenn das System l\u00e4nger als 8 Tage in entladenem Zustand belassen wird.<\/p>\n<h2>Bistabiles Alarmrelais<\/h2>\n<p>Verhindert, dass der Stromverbrauch im Falle eines Alarms ansteigt.<\/p>\n<h2>Weitere Funktionen des BMV-712 Smart Victron Batteriemonitors<\/h2>\n<p>- Spannung, Stromst\u00e4rke, Leistung, verbrauchte Amperestunden und Ladezustand der Batterie<\/p>\n<p>- Verbleibende Autonomie bei aktueller Entladungsrate.<\/p>\n<p>- Programmierbarer optischer und akustischer Alarm<\/p>\n<p>- Programmierbares Relais, um unkritische Lasten abzuschalten oder bei Bedarf einen Generator zu starten.<\/p>\n<p>- 500-Ampere-Schnellverbindungs-Shunt und Anschluss-Set<\/p>\n<p>- Auswahl der Shunt-Kapazit\u00e4t bis zu 10.000 Ampere<\/p>\n<p>- VE.Direkter Kommunikationsanschluss<\/p>\n<p>- Speichert eine breite Palette historischer Daten, die zur Beurteilung von Nutzungsmustern und des Batteriezustands verwendet werden k\u00f6nnen<\/p>\n<p>- Gro\u00dfer Eingangsspannungsbereich: 6,5 \u021a \"70V<\/p>\n<p>- Hohe Aufl\u00f6sung der Strommessung: 10 mA (0,01A)<\/p>\n<p>- Zus\u00e4tzlicher Eingang zur Messung von Spannung (von einer zweiten Batterie), Temperatur oder Mittelspannung und entsprechende Alarm- und Relaiseinstellungen.<\/p>\n<h2>Technisches Datenblatt und Handbuch Batteriemonitor BMV-712 Smart Victron \u2013 BAM030712000<\/h2>\n<p><a href=\"https:\/\/fvcomponentes.com\/wp-content\/uploads\/2021\/03\/Datasheet-BMV-712-Smart-ES.pdf\" target=\"_blank\" rel=\"noopener\">Siehe Datenblatt BMV-712 Batteriemonitor BMV-712 Smart Victron - BAM030712000<\/a><\/p>\n<p><a href=\"https:\/\/fvcomponentes.com\/wp-content\/uploads\/2025\/11\/9172-Manual_BMV_and_SmartShunt-pdf-es.pdf\" target=\"_blank\" rel=\"noopener\">Siehe Handbuch zum Batteriemonitor BMV-712 Smart Victron \u2013 BAM030712000<\/a><\/p>","protected":false},"excerpt":{"rendered":"<p>Mit integrierter Bluetooth-Konnektivit\u00e4t ist der Victron BMV-712 Smart Battery Monitor bereit f\u00fcr die \u00c4ra des Internets der Dinge. Dank seiner drahtlosen Verbindung kann er mit anderen Victron-Produkten kommunizieren, um die Installation zu vereinfachen und die Leistung zu verbessern.<\/p>","protected":false},"featured_media":3232,"comment_status":"open","ping_status":"closed","template":"","meta":{"site-sidebar-layout":"default","site-content-layout":"default","ast-site-content-layout":"default","site-content-style":"default","site-sidebar-style":"default","ast-global-header-display":"","ast-banner-title-visibility":"","ast-main-header-display":"","ast-hfb-above-header-display":"","ast-hfb-below-header-display":"","ast-hfb-mobile-header-display":"","site-post-title":"","ast-breadcrumbs-content":"","ast-featured-img":"","footer-sml-layout":"","ast-disable-related-posts":"","theme-transparent-header-meta":"default","adv-header-id-meta":"","stick-header-meta":"","header-above-stick-meta":"","header-main-stick-meta":"","header-below-stick-meta":"","astra-migrate-meta-layouts":"set","ast-page-background-enabled":"default","ast-page-background-meta":{"desktop":{"background-color":"var(--ast-global-color-4)","background-image":"","background-repeat":"repeat","background-position":"center center","background-size":"auto","background-attachment":"scroll","background-type":"","background-media":"","overlay-type":"","overlay-color":"","overlay-opacity":"","overlay-gradient":""},"tablet":{"background-color":"","background-image":"","background-repeat":"repeat","background-position":"center center","background-size":"auto","background-attachment":"scroll","background-type":"","background-media":"","overlay-type":"","overlay-color":"","overlay-opacity":"","overlay-gradient":""},"mobile":{"background-color":"","background-image":"","background-repeat":"repeat","background-position":"center center","background-size":"auto","background-attachment":"scroll","background-type":"","background-media":"","overlay-type":"","overlay-color":"","overlay-opacity":"","overlay-gradient":""}},"ast-content-background-meta":{"desktop":{"background-color":"var(--ast-global-color-5)","background-image":"","background-repeat":"repeat","background-position":"center center","background-size":"auto","background-attachment":"scroll","background-type":"","background-media":"","overlay-type":"","overlay-color":"","overlay-opacity":"","overlay-gradient":""},"tablet":{"background-color":"var(--ast-global-color-5)","background-image":"","background-repeat":"repeat","background-position":"center center","background-size":"auto","background-attachment":"scroll","background-type":"","background-media":"","overlay-type":"","overlay-color":"","overlay-opacity":"","overlay-gradient":""},"mobile":{"background-color":"var(--ast-global-color-5)","background-image":"","background-repeat":"repeat","background-position":"center center","background-size":"auto","background-attachment":"scroll","background-type":"","background-media":"","overlay-type":"","overlay-color":"","overlay-opacity":"","overlay-gradient":""}}},"pwb-brand":[332],"product_brand":[],"product_cat":[391,340,933],"product_tag":[],"class_list":{"0":"post-3231","1":"product","2":"type-product","3":"status-publish","4":"has-post-thumbnail","6":"pwb-brand-victron","7":"product_cat-accesorios-para-baterias","8":"product_cat-baterias","9":"product_cat-monitores-de-baterias","10":"desktop-align-left","11":"tablet-align-left","12":"mobile-align-left","13":"ast-product-gallery-layout-horizontal-slider","14":"ast-product-tabs-layout-horizontal","16":"first","17":"instock","18":"taxable","19":"shipping-taxable","20":"purchasable","21":"product-type-simple"},"wcpa_form_fields":null,"brands":[{"id":332,"name":"Victron Energie","slug":"victron"}],"_links":{"self":[{"href":"https:\/\/fvcomponentes.com\/de\/wp-json\/wp\/v2\/product\/3231","targetHints":{"allow":["GET"]}}],"collection":[{"href":"https:\/\/fvcomponentes.com\/de\/wp-json\/wp\/v2\/product"}],"about":[{"href":"https:\/\/fvcomponentes.com\/de\/wp-json\/wp\/v2\/types\/product"}],"replies":[{"embeddable":true,"href":"https:\/\/fvcomponentes.com\/de\/wp-json\/wp\/v2\/comments?post=3231"}],"wp:featuredmedia":[{"embeddable":true,"href":"https:\/\/fvcomponentes.com\/de\/wp-json\/wp\/v2\/media\/3232"}],"wp:attachment":[{"href":"https:\/\/fvcomponentes.com\/de\/wp-json\/wp\/v2\/media?parent=3231"}],"wp:term":[{"taxonomy":"pwb-brand","embeddable":true,"href":"https:\/\/fvcomponentes.com\/de\/wp-json\/wp\/v2\/pwb-brand?post=3231"},{"taxonomy":"product_brand","embeddable":true,"href":"https:\/\/fvcomponentes.com\/de\/wp-json\/wp\/v2\/product_brand?post=3231"},{"taxonomy":"product_cat","embeddable":true,"href":"https:\/\/fvcomponentes.com\/de\/wp-json\/wp\/v2\/product_cat?post=3231"},{"taxonomy":"product_tag","embeddable":true,"href":"https:\/\/fvcomponentes.com\/de\/wp-json\/wp\/v2\/product_tag?post=3231"}],"curies":[{"name":"wp","href":"https:\/\/api.w.org\/{rel}","templated":true}]}}