{"id":3227,"date":"2021-03-23T07:50:23","date_gmt":"2021-03-23T06:50:23","guid":{"rendered":"https:\/\/fvcomponentes.com\/producto\/monitor-de-bateria-victron-bmv-700h\/"},"modified":"2026-01-15T10:10:07","modified_gmt":"2026-01-15T09:10:07","slug":"victron-bmv-700h-batterie-monitor","status":"publish","type":"product","link":"https:\/\/fvcomponentes.com\/de\/producto\/monitor-de-bateria-victron-bmv-700h\/","title":{"rendered":"Batterie\u00fcberwachung BMV-700H Victron - BAM010700100"},"content":{"rendered":"<h2>Ladestandsanzeige, Back-up-Zeitanzeige und mehr<\/h2>\n<p>Die verbleibende Batteriekapazit\u00e4t h\u00e4ngt von den verbrauchten Amperestunden, dem Entladestrom, der Temperatur und dem Alter der Batterie ab. Um all diese Variablen zu ber\u00fccksichtigen, ist eine Software mit komplexen Algorithmen erforderlich.<br \/>\nZus\u00e4tzlich zu den grundlegenden Anzeigeoptionen wie Spannung, Strom und verbrauchte Amperestunden zeigt der Victron BMV-700H Batteriemonitor auch den Ladezustand, die verbleibende Autonomie und die verbrauchte Leistung in Watt an.<\/p>\n<h2>Bluetooth Smart<\/h2>\n<p>Verwenden Sie die Bluetooth Smart-Schnittstelle, um Batterien von Apple- oder Android-Smartphones, Tablets, Macbooks und anderen Ger\u00e4ten aus zu steuern.<\/p>\n<h2>Einfach zu installieren<\/h2>\n<p>Alle elektrischen Anschl\u00fcsse werden an der Schnellanschlussplatine des Shunts vorgenommen. Der Shunt wird \u00fcber ein Standard-RJ12-Telefonkabel mit dem Monitor verbunden.<br \/>\nIm Lieferumfang enthalten: RJ 12-Kabel (10 m) und Batteriekabel mit Sicherung (2 m); mehr wird nicht ben\u00f6tigt.<br \/>\nIm Lieferumfang enthalten sind au\u00dferdem eine quadratische oder runde Frontscheibe, ein hinterer Befestigungsring und Schrauben f\u00fcr die Frontmontage.<\/p>\n<h2>Einfach zu programmieren (mit Ihrem Smartphone!)<\/h2>\n<p>Als Benutzer haben Sie ein Men\u00fc f\u00fcr die Schnellinstallation und ein ausf\u00fchrlicheres Men\u00fc mit verschiebbaren Texten, um die verschiedenen Einstellungen vorzunehmen.<\/p>\n<p>Alternativ k\u00f6nnen Sie sich auch f\u00fcr die schnelle und einfache L\u00f6sung entscheiden: Laden Sie die Smartphone-App herunter (Bluetooth Smart Interface erforderlich).<\/p>\n<h2>Victron BMV-700H Batteriemonitor Standardmerkmale<\/h2>\n<p>- Spannung, Stromst\u00e4rke, Leistung, verbrauchte Amperestunden und Ladezustand der Batterie<br \/>\n- Verbleibende Autonomie bei aktueller Entladungsrate.<br \/>\n- Programmierbarer optischer und akustischer Alarm<br \/>\n- Programmierbares Relais, um unkritische Lasten abzuschalten oder bei Bedarf einen Generator zu starten.<br \/>\n- 500-Ampere-Schnellverbindungs-Shunt und Anschluss-Set<br \/>\n- Auswahl der Shunt-Kapazit\u00e4t bis zu 10.000 Ampere<br \/>\n- Kommunikationsanschluss <strong>VE.Direkt<\/strong><br \/>\n- Speichert eine breite Palette historischer Daten, die zur Beurteilung von Nutzungsmustern und des Batteriezustands verwendet werden k\u00f6nnen<br \/>\n- Gro\u00dfer Eingangsspannungsbereich: 6,5 - 95 V<br \/>\n- Hohe Aufl\u00f6sung der Strommessung: 10 mA (0,01A)<br \/>\n- Geringer Stromverbrauch: 2,9 Ah pro Monat (4 mA) bei 12 V und 2,2 Ah pro Monat (3 mA) bei 24 V<\/p>\n<h2>Spannungsbereich<\/h2>\n<p>60 bis 385 VDC. Kein Vortrenner erforderlich. Hinweis: Ideal f\u00fcr Systeme mit nur negativer Masse (der Batteriemonitor ist nicht vom Shunt isoliert).<\/p>\n<h2>Weitere Optionen zur Batterie\u00fcberwachung<\/h2>\n<p>- Lynx VE.Can Shunt<\/p>\n<h2>Datenblatt Batteriemonitor BMV-700H Victron - BAM010700100<\/h2>\n<p><a href=\"https:\/\/fvcomponentes.com\/wp-content\/uploads\/2021\/03\/Datasheet-BMV-700-series-ES.pdf\" target=\"_blank\" rel=\"noopener\">Victron BMV-700H Batteriemonitor BMV-700H - BAM010700100 Datenblatt anzeigen<\/a><\/p>","protected":false},"excerpt":{"rendered":"<p><strong>Das BMV-700H ist ein hochpr\u00e4ziser Batteriemonitor.<\/strong>. Seine Hauptfunktion ist die Berechnung der verbrauchten Amperestunden und des Ladezustands der Batterien. Die BMV-700-Serie zeigt Spannung, Strom und verbrauchte Amperestunden, den Ladezustand, die verbleibende Autonomie und die verbrauchte Leistung an.<\/p>","protected":false},"featured_media":3228,"comment_status":"open","ping_status":"closed","template":"","meta":{"site-sidebar-layout":"default","site-content-layout":"default","ast-site-content-layout":"default","site-content-style":"default","site-sidebar-style":"default","ast-global-header-display":"","ast-banner-title-visibility":"","ast-main-header-display":"","ast-hfb-above-header-display":"","ast-hfb-below-header-display":"","ast-hfb-mobile-header-display":"","site-post-title":"","ast-breadcrumbs-content":"","ast-featured-img":"","footer-sml-layout":"","ast-disable-related-posts":"","theme-transparent-header-meta":"default","adv-header-id-meta":"","stick-header-meta":"","header-above-stick-meta":"","header-main-stick-meta":"","header-below-stick-meta":"","astra-migrate-meta-layouts":"set","ast-page-background-enabled":"default","ast-page-background-meta":{"desktop":{"background-color":"var(--ast-global-color-4)","background-image":"","background-repeat":"repeat","background-position":"center center","background-size":"auto","background-attachment":"scroll","background-type":"","background-media":"","overlay-type":"","overlay-color":"","overlay-opacity":"","overlay-gradient":""},"tablet":{"background-color":"","background-image":"","background-repeat":"repeat","background-position":"center center","background-size":"auto","background-attachment":"scroll","background-type":"","background-media":"","overlay-type":"","overlay-color":"","overlay-opacity":"","overlay-gradient":""},"mobile":{"background-color":"","background-image":"","background-repeat":"repeat","background-position":"center center","background-size":"auto","background-attachment":"scroll","background-type":"","background-media":"","overlay-type":"","overlay-color":"","overlay-opacity":"","overlay-gradient":""}},"ast-content-background-meta":{"desktop":{"background-color":"var(--ast-global-color-5)","background-image":"","background-repeat":"repeat","background-position":"center center","background-size":"auto","background-attachment":"scroll","background-type":"","background-media":"","overlay-type":"","overlay-color":"","overlay-opacity":"","overlay-gradient":""},"tablet":{"background-color":"var(--ast-global-color-5)","background-image":"","background-repeat":"repeat","background-position":"center center","background-size":"auto","background-attachment":"scroll","background-type":"","background-media":"","overlay-type":"","overlay-color":"","overlay-opacity":"","overlay-gradient":""},"mobile":{"background-color":"var(--ast-global-color-5)","background-image":"","background-repeat":"repeat","background-position":"center center","background-size":"auto","background-attachment":"scroll","background-type":"","background-media":"","overlay-type":"","overlay-color":"","overlay-opacity":"","overlay-gradient":""}}},"pwb-brand":[332],"product_brand":[],"product_cat":[391,340,933],"product_tag":[],"class_list":{"0":"post-3227","1":"product","2":"type-product","3":"status-publish","4":"has-post-thumbnail","6":"pwb-brand-victron","7":"product_cat-accesorios-para-baterias","8":"product_cat-baterias","9":"product_cat-monitores-de-baterias","10":"desktop-align-left","11":"tablet-align-left","12":"mobile-align-left","13":"ast-product-gallery-layout-horizontal-slider","14":"ast-product-tabs-layout-horizontal","16":"first","17":"instock","18":"taxable","19":"shipping-taxable","20":"purchasable","21":"product-type-simple"},"wcpa_form_fields":null,"brands":[{"id":332,"name":"Victron Energie","slug":"victron"}],"_links":{"self":[{"href":"https:\/\/fvcomponentes.com\/de\/wp-json\/wp\/v2\/product\/3227","targetHints":{"allow":["GET"]}}],"collection":[{"href":"https:\/\/fvcomponentes.com\/de\/wp-json\/wp\/v2\/product"}],"about":[{"href":"https:\/\/fvcomponentes.com\/de\/wp-json\/wp\/v2\/types\/product"}],"replies":[{"embeddable":true,"href":"https:\/\/fvcomponentes.com\/de\/wp-json\/wp\/v2\/comments?post=3227"}],"wp:featuredmedia":[{"embeddable":true,"href":"https:\/\/fvcomponentes.com\/de\/wp-json\/wp\/v2\/media\/3228"}],"wp:attachment":[{"href":"https:\/\/fvcomponentes.com\/de\/wp-json\/wp\/v2\/media?parent=3227"}],"wp:term":[{"taxonomy":"pwb-brand","embeddable":true,"href":"https:\/\/fvcomponentes.com\/de\/wp-json\/wp\/v2\/pwb-brand?post=3227"},{"taxonomy":"product_brand","embeddable":true,"href":"https:\/\/fvcomponentes.com\/de\/wp-json\/wp\/v2\/product_brand?post=3227"},{"taxonomy":"product_cat","embeddable":true,"href":"https:\/\/fvcomponentes.com\/de\/wp-json\/wp\/v2\/product_cat?post=3227"},{"taxonomy":"product_tag","embeddable":true,"href":"https:\/\/fvcomponentes.com\/de\/wp-json\/wp\/v2\/product_tag?post=3227"}],"curies":[{"name":"wp","href":"https:\/\/api.w.org\/{rel}","templated":true}]}}