{"id":3222,"date":"2021-03-22T16:32:53","date_gmt":"2021-03-22T15:32:53","guid":{"rendered":"https:\/\/fvcomponentes.com\/producto\/monitor-de-bateria-bmv-702-victron\/"},"modified":"2026-04-08T21:31:51","modified_gmt":"2026-04-08T19:31:51","slug":"victron-bmv-702-batterie-monitor","status":"publish","type":"product","link":"https:\/\/fvcomponentes.com\/de\/producto\/monitor-de-bateria-bmv-702-victron\/","title":{"rendered":"Batterie\u00fcberwachung BMV-702 Victron - BAM010702000"},"content":{"rendered":"<p><a href=\"https:\/\/fvcomponentes.com\/de\/produkt\/monitor-de-bateria-bmv-702-victron-reacondicionado-bam010702000\/\" target=\"_blank\" rel=\"noopener\">Dieses Produkt zum Selbstkostenpreis ansehen (Besch\u00e4digung der Box)<\/a><\/p>\n<h2>Ladestandsanzeige, Back-up-Zeitanzeige und mehr<\/h2>\n<p>Die verbleibende Batteriekapazit\u00e4t h\u00e4ngt von den verbrauchten Amperestunden, dem Entladestrom, der Temperatur und dem Alter der Batterie ab. Um all diese Variablen zu ber\u00fccksichtigen, ist eine Software mit komplexen Algorithmen erforderlich.<br \/>\nZus\u00e4tzlich zu den grundlegenden Anzeigeoptionen wie Spannung, Strom und verbrauchte Amperestunden zeigt der Victron BMV-700 Batteriemonitor auch den Ladezustand, die verbleibende Autonomie und die verbrauchte Leistung in Watt an.<\/p>\n<h2>Bluetooth Smart<\/h2>\n<p>Es verwendet die <a href=\"https:\/\/fvcomponentes.com\/de\/produkt\/schnittstelle-victron-ve-direkt-bluetooth-smart-dongle\/\" target=\"_blank\" rel=\"noopener\">Bluetooth Smart Schnittstelle<\/a> zur Steuerung von Batterien \u00fcber Apple- oder Android-Smartphones, Tablets, Macbooks und andere Ger\u00e4te.<\/p>\n<h2>Einfach zu installieren<\/h2>\n<p>Alle elektrischen Anschl\u00fcsse werden an der Schnellanschlussplatine des Shunts vorgenommen. Der Shunt wird \u00fcber ein Standard-RJ12-Telefonkabel mit dem Monitor verbunden.<br \/>\nIm Lieferumfang enthalten: RJ 12-Kabel (10 m) und Batteriekabel mit Sicherung (2 m); mehr wird nicht ben\u00f6tigt.<br \/>\nIm Lieferumfang enthalten sind au\u00dferdem eine quadratische oder runde Frontscheibe, ein hinterer Befestigungsring und Schrauben f\u00fcr die Frontmontage.<\/p>\n<h2>Einfach zu programmieren (mit Ihrem Smartphone!)<\/h2>\n<p>Als Benutzer haben Sie ein Men\u00fc f\u00fcr die Schnellinstallation und ein ausf\u00fchrlicheres Men\u00fc mit verschiebbaren Texten, um die verschiedenen Einstellungen vorzunehmen.<\/p>\n<p>Alternativ k\u00f6nnen Sie sich auch f\u00fcr die schnelle und einfache L\u00f6sung entscheiden: Laden Sie die <a href=\"https:\/\/play.google.com\/store\/apps\/details?id=nl.victronenergy&amp;hl=nl_NL\" target=\"_blank\" rel=\"noopener\">Smartphone-Applikation<\/a> (Sie ben\u00f6tigen die <a href=\"https:\/\/fvcomponentes.com\/de\/produkt\/schnittstelle-victron-ve-direkt-bluetooth-smart-dongle\/\" target=\"_blank\" rel=\"noopener\">Bluetooth Smart Schnittstelle<\/a>)<\/p>\n<h2>Kontrolle der Mittelwertbildung<\/h2>\n<p>Diese Funktion wird in der Regel zur \u00dcberwachung gro\u00dfer Batterieb\u00e4nke zu hohen Kosten verwendet. Mit dem Victron BMV-702 Batteriemonitor k\u00f6nnen wir diesen Parameter zu einem viel niedrigeren Preis \u00fcberwachen. Eine Batteriebank besteht aus einer Reihe von in Reihe geschalteten Zellen. Die <strong>Mittelpunktspannung<\/strong> ist die in der Mitte dieser Kette erhaltene Spannung. Im Idealfall w\u00e4re die Spannung in der Mitte genau die H\u00e4lfte der Gesamtspannung. In der Praxis kommt es jedoch zu Abweichungen, die von vielen Faktoren abh\u00e4ngen, wie dem unterschiedlichen Ladezustand neuer Batterien oder Zellen, ihren unterschiedlichen Temperaturen, internen Kriechstr\u00f6men, Kapazit\u00e4ten und vielem mehr.<br \/>\nErhebliche oder zunehmende Abweichungen von der Mittelspannung deuten auf eine unsachgem\u00e4\u00dfe Wartung oder einen Ausfall einer Batterie oder Zelle hin. Korrekturma\u00dfnahmen, die nach einem Mittelspannungsalarm ergriffen werden, k\u00f6nnen m\u00f6gliche Sch\u00e4den an einer Batterie verhindern.<\/p>\n<h2>Victron BMV-702 Batteriemonitor Standardmerkmale<\/h2>\n<p>- Spannung, Stromst\u00e4rke, Leistung, verbrauchte Amperestunden und Ladezustand der Batterie<br \/>\n- Verbleibende Autonomie bei aktueller Entladungsrate.<br \/>\n- Programmierbarer optischer und akustischer Alarm<br \/>\n- Programmierbares Relais, um unkritische Lasten abzuschalten oder bei Bedarf einen Generator zu starten.<br \/>\n- 500-Ampere-Schnellverbindungs-Shunt und Anschluss-Set<br \/>\n- Auswahl der Shunt-Kapazit\u00e4t bis zu 10.000 Ampere<br \/>\n- Kommunikationsanschluss <strong>VE.Direkt<\/strong><br \/>\n- Speichert eine breite Palette historischer Daten, die zur Beurteilung von Nutzungsmustern und des Batteriezustands verwendet werden k\u00f6nnen<br \/>\n- Gro\u00dfer Eingangsspannungsbereich: 6,5 - 95 V<br \/>\n- Hohe Aufl\u00f6sung der Strommessung: 10 mA (0,01A)<br \/>\n- Geringer Stromverbrauch: 2,9 Ah pro Monat (4 mA) bei 12 V und 2,2 Ah pro Monat (3 mA) bei 24 V<\/p>\n<h2>Weitere Merkmale des BMV-702<\/h2>\n<p>Zus\u00e4tzlicher Eingang f\u00fcr die Messung von Spannung (von einer zweiten Batterie), Temperatur oder Mittelspannung und entsprechende Alarm- und Relaiseinstellungen.<\/p>\n<h2>Weitere Optionen zur Batterie\u00fcberwachung<\/h2>\n<p>- Lynx VE.Can Shunt<\/p>\n<h2>Datenblatt Batteriemonitor BMV-702 Victron - BAM010702000<\/h2>\n<p><a href=\"https:\/\/fvcomponentes.com\/wp-content\/uploads\/2021\/03\/Datasheet-BMV-700-series-ES.pdf\" target=\"_blank\" rel=\"noopener\">Victron BMV-702 Batteriemonitor BMV-702 - BAM010702000 Datenblatt anzeigen<\/a><\/p>","protected":false},"excerpt":{"rendered":"<p><strong>Der BMV-702 ist ein hochpr\u00e4ziser Batteriemonitor.<\/strong>. Seine Hauptfunktion ist die Berechnung der verbrauchten Amperestunden und des Ladezustands der Batterien. Die BMV-700-Serie zeigt Spannung, Strom und verbrauchte Amperestunden, den Ladezustand, die verbleibende Autonomie und die verbrauchte Leistung an.<\/p>","protected":false},"featured_media":3223,"comment_status":"open","ping_status":"closed","template":"","meta":{"site-sidebar-layout":"default","site-content-layout":"default","ast-site-content-layout":"default","site-content-style":"default","site-sidebar-style":"default","ast-global-header-display":"","ast-banner-title-visibility":"","ast-main-header-display":"","ast-hfb-above-header-display":"","ast-hfb-below-header-display":"","ast-hfb-mobile-header-display":"","site-post-title":"","ast-breadcrumbs-content":"","ast-featured-img":"","footer-sml-layout":"","ast-disable-related-posts":"","theme-transparent-header-meta":"default","adv-header-id-meta":"","stick-header-meta":"","header-above-stick-meta":"","header-main-stick-meta":"","header-below-stick-meta":"","astra-migrate-meta-layouts":"set","ast-page-background-enabled":"default","ast-page-background-meta":{"desktop":{"background-color":"var(--ast-global-color-4)","background-image":"","background-repeat":"repeat","background-position":"center center","background-size":"auto","background-attachment":"scroll","background-type":"","background-media":"","overlay-type":"","overlay-color":"","overlay-opacity":"","overlay-gradient":""},"tablet":{"background-color":"","background-image":"","background-repeat":"repeat","background-position":"center center","background-size":"auto","background-attachment":"scroll","background-type":"","background-media":"","overlay-type":"","overlay-color":"","overlay-opacity":"","overlay-gradient":""},"mobile":{"background-color":"","background-image":"","background-repeat":"repeat","background-position":"center center","background-size":"auto","background-attachment":"scroll","background-type":"","background-media":"","overlay-type":"","overlay-color":"","overlay-opacity":"","overlay-gradient":""}},"ast-content-background-meta":{"desktop":{"background-color":"var(--ast-global-color-5)","background-image":"","background-repeat":"repeat","background-position":"center center","background-size":"auto","background-attachment":"scroll","background-type":"","background-media":"","overlay-type":"","overlay-color":"","overlay-opacity":"","overlay-gradient":""},"tablet":{"background-color":"var(--ast-global-color-5)","background-image":"","background-repeat":"repeat","background-position":"center center","background-size":"auto","background-attachment":"scroll","background-type":"","background-media":"","overlay-type":"","overlay-color":"","overlay-opacity":"","overlay-gradient":""},"mobile":{"background-color":"var(--ast-global-color-5)","background-image":"","background-repeat":"repeat","background-position":"center center","background-size":"auto","background-attachment":"scroll","background-type":"","background-media":"","overlay-type":"","overlay-color":"","overlay-opacity":"","overlay-gradient":""}}},"pwb-brand":[332],"product_brand":[],"product_cat":[391,340,933],"product_tag":[],"class_list":{"0":"post-3222","1":"product","2":"type-product","3":"status-publish","4":"has-post-thumbnail","6":"pwb-brand-victron","7":"product_cat-accesorios-para-baterias","8":"product_cat-baterias","9":"product_cat-monitores-de-baterias","10":"desktop-align-left","11":"tablet-align-left","12":"mobile-align-left","13":"ast-product-gallery-layout-horizontal-slider","14":"ast-product-tabs-layout-horizontal","16":"first","17":"instock","18":"taxable","19":"shipping-taxable","20":"purchasable","21":"product-type-simple"},"wcpa_form_fields":null,"brands":[{"id":332,"name":"Victron Energie","slug":"victron"}],"_links":{"self":[{"href":"https:\/\/fvcomponentes.com\/de\/wp-json\/wp\/v2\/product\/3222","targetHints":{"allow":["GET"]}}],"collection":[{"href":"https:\/\/fvcomponentes.com\/de\/wp-json\/wp\/v2\/product"}],"about":[{"href":"https:\/\/fvcomponentes.com\/de\/wp-json\/wp\/v2\/types\/product"}],"replies":[{"embeddable":true,"href":"https:\/\/fvcomponentes.com\/de\/wp-json\/wp\/v2\/comments?post=3222"}],"wp:featuredmedia":[{"embeddable":true,"href":"https:\/\/fvcomponentes.com\/de\/wp-json\/wp\/v2\/media\/3223"}],"wp:attachment":[{"href":"https:\/\/fvcomponentes.com\/de\/wp-json\/wp\/v2\/media?parent=3222"}],"wp:term":[{"taxonomy":"pwb-brand","embeddable":true,"href":"https:\/\/fvcomponentes.com\/de\/wp-json\/wp\/v2\/pwb-brand?post=3222"},{"taxonomy":"product_brand","embeddable":true,"href":"https:\/\/fvcomponentes.com\/de\/wp-json\/wp\/v2\/product_brand?post=3222"},{"taxonomy":"product_cat","embeddable":true,"href":"https:\/\/fvcomponentes.com\/de\/wp-json\/wp\/v2\/product_cat?post=3222"},{"taxonomy":"product_tag","embeddable":true,"href":"https:\/\/fvcomponentes.com\/de\/wp-json\/wp\/v2\/product_tag?post=3222"}],"curies":[{"name":"wp","href":"https:\/\/api.w.org\/{rel}","templated":true}]}}