{"id":3208,"date":"2021-03-22T10:41:33","date_gmt":"2021-03-22T09:41:33","guid":{"rendered":"https:\/\/fvcomponentes.com\/producto\/inversor-victron-quattro-24-8000va-200a-100100a\/"},"modified":"2026-04-04T12:52:34","modified_gmt":"2026-04-04T10:52:34","slug":"wechselrichter-victron-quattro-24-8000va-200a-100100a","status":"publish","type":"product","link":"https:\/\/fvcomponentes.com\/de\/producto\/inversor-victron-quattro-24-8000va-200a-100100a\/","title":{"rendered":"Wechselrichter-Ladeger\u00e4t Victron Quattro 24\/8000VA 200A 100+100A - QUA248020010"},"content":{"rendered":"<div class=\"hidden-xs\">\n<div class=\"productDetail__content-subheader\">\n<h2>Wechselrichter Victron Quattro 24\/8000VA 200A 100+100A<\/h2>\n<h2 class=\"productDetail__content-subheader-icon\">Multifunktional<\/h2>\n<\/div>\n<\/div>\n<div class=\"productDetail__content-desc\">\n<p>Der Victron Quattro Wechselrichter 24\/8000VA 200A 100+100A ist eine Kombination aus Wechselrichter und Ladeger\u00e4t. Er unterst\u00fctzt zwei AC-Eing\u00e4nge und verbindet sich automatisch mit dem aktiven Eingang. Zu seinen zahlreichen Funktionen geh\u00f6ren ein reiner Sinus-Wechselrichter, eine variable Last, die hybride PowerAssist-Technologie sowie mehrere Funktionen f\u00fcr die Integration in verschiedene Systeme, wie dreiphasige oder Split-Phasen-Systeme.<\/p>\n<h2 class=\"productDetails__block-title\"><span class=\"productDetails__block-title-content\">Zwei AC-Eing\u00e4nge und zwei AC-Ausg\u00e4nge<\/span><\/h2>\n<div class=\"productDetails__block-description\">\n<p>Der Victron Quattro Wechselrichter 24\/8000VA kann an zwei unabh\u00e4ngige Wechselstromquellen angeschlossen werden, z.B. an die Hafensteckdose und einen Generator oder an zwei Generatoren. Er verbindet sich automatisch mit der aktiven Stromquelle. Der Hauptausgang hat eine \"No-Break\"-Funktion. Im Falle eines Stromausfalls, einer Netz- oder Generatorabschaltung \u00fcbernimmt der Quattro die Versorgung der angeschlossenen Verbraucher. Dies geschieht so schnell <strong>(weniger als 20 Millisekunden)<\/strong> dass Computer und andere elektronische Ger\u00e4te ohne Unterbrechung weiterarbeiten k\u00f6nnen. Der zweite Ausgang ist nur aktiv, wenn einer der Eing\u00e4nge des Quattro mit Wechselstrom versorgt wird. An diesen Ausgang k\u00f6nnen Verbraucher angeschlossen werden, die nicht batteriebetrieben sein sollten, wie z. B. eine Klimaanlage oder ein Warmwasserbereiter.<\/p>\n<h2>Praktisch unbegrenzte Leistung durch Parallelbetrieb<\/h2>\n<p>Bis zu 6 Quattro-Einheiten k\u00f6nnen parallel betrieben werden. Zum Beispiel: Sechs 48\/10000\/140 Einheiten ergeben eine Leistung von 48kW \/ 60kVA und eine Belastbarkeit von 840 Ampere.<\/p>\n<h2>Dreiphasen- und Split-Phasen-F\u00e4higkeit<\/h2>\n<p>Zwei Ger\u00e4te k\u00f6nnen f\u00fcr den Split-Phasen-Ausgang und drei Ger\u00e4te f\u00fcr den Dreiphasen-Ausgang konfiguriert werden. Aber das ist noch nicht alles: Bis zu 6 Gruppen von drei Ger\u00e4ten k\u00f6nnen parallel geschaltet werden, um eine Wechselrichterleistung von 144 kW \/ 180 kVA und eine Lastkapazit\u00e4t von mehr als 2500 A zu erreichen.<\/p>\n<h2 class=\"productDetails__block-title\"><span class=\"productDetails__block-title-content\">Die einzigartige PowerAssist-Funktion<\/span><\/h2>\n<div class=\"productDetails__block-description\">\n<p>Der Quattro kann \u00dcberlastungen bei einer begrenzten Wechselstromquelle, wie z. B. einem Generator oder Landstrom, verhindern. Erstens reduziert er automatisch die Belastung der Batterie, wenn eine \u00dcberlast auftritt. Zweitens entnimmt er Strom aus der Batterie, um den Generator- oder Netzstrom zu kompensieren.<\/p>\n<div class=\"productDetails__block-description\">\n<h2 class=\"productDetails__block-title\"><span class=\"productDetails__block-title-content\">Fern\u00fcberwachung und -steuerung<\/span><\/h2>\n<div class=\"productDetails__block-description\">\n<p>Wenn Sie es mit einem GX-Ger\u00e4t koppeln (z. B. einem <a href=\"https:\/\/fvcomponentes.com\/de\/produkt\/victron-cerbo-gx-mk2-bpp900451100-victron-cerbo-mk2-monitor\/\" target=\"_blank\" rel=\"noopener\">Victron Cerbo GX MK2 \u00dcberwachung - BPP900451100<\/a>) k\u00f6nnen Sie Ihren Multi und Ihr(e) System(e) lokal (LAN) oder aus der Ferne \u00fcber das Internet von jedem Ort der Welt mit der kostenlosen VRM-App und dem <a href=\"https:\/\/vrm.victronenergy.com\/landingpage\" target=\"_blank\" rel=\"noopener\">kostenloses Portal VRM<\/a>. Der Zugriff kann \u00fcber ein Telefon, ein Tablet oder einen PC mit verschiedenen Betriebssystemen erfolgen. Es gibt keine Grenzen f\u00fcr die Kontrolle, von der Einstellung Ihres Multi bis zum automatischen Start eines Standby-Generators und vieles mehr...<\/p>\n<h2>Victron Quattro 24\/8000VA 200A 100+100A Wechselrichter Systemkonfiguration<\/h2>\n<p>- Wenn bei einer Standalone-Anwendung die Konfiguration ge\u00e4ndert werden muss, kann dies in wenigen Minuten durch eine DIP-Schaltereinstellung erfolgen.<br \/>\n- Parallele oder dreiphasige Anwendungen k\u00f6nnen mit der Software VE.Bus Quick Configure und VE.Bus System Configurator konfiguriert werden.<br \/>\n- Netzunabh\u00e4ngige, netzinteraktive und Eigenverbrauchsanwendungen mit netzgekoppelten Wechselrichtern und\/oder MPPT-Solarladeger\u00e4ten k\u00f6nnen mit Wizards (anwendungsspezifische Software) konfiguriert werden.<\/p>\n<\/div>\n<h2>Datenblatt Victron Quattro Wechselrichter 24\/8000VA 200A 100+100A - QUA248020010<\/h2>\n<div class=\"productDetails__block-description\">\n<p><a href=\"https:\/\/fvcomponentes.com\/wp-content\/uploads\/2021\/03\/Datasheet-Quattro-3kVA-15kVA-ES.pdf\" target=\"_blank\" rel=\"noopener\">Datenblatt Victron Quattro Wechselrichter 24\/8000VA 200A 100+100A - QUA248020010<\/a><\/p>\n<\/div>\n<\/div>\n<\/div>\n<\/div>\n<\/div>","protected":false},"excerpt":{"rendered":"<p>Die <strong>Quattro<\/strong> ist eine Kombination aus Wechselrichter und Ladeger\u00e4t. Er hat zwei AC-Eing\u00e4nge und zwei Stromausg\u00e4nge. Es enth\u00e4lt einen reinen Sinus-Wechselrichter, variable Last, Hybrid-PowerAssist-Technologie. Er kann f\u00fcr mehr Leistung parallel oder in einem Dreiphasennetz installiert werden. Sein Ladeger\u00e4t ist mit Lithium-Ionen-Batterien kompatibel. Ideal f\u00fcr den Eigenverbrauch oder netzunabh\u00e4ngige Photovoltaikanlagen.<\/p>","protected":false},"featured_media":3209,"comment_status":"open","ping_status":"closed","template":"","meta":{"site-sidebar-layout":"default","site-content-layout":"default","ast-site-content-layout":"default","site-content-style":"default","site-sidebar-style":"default","ast-global-header-display":"","ast-banner-title-visibility":"","ast-main-header-display":"","ast-hfb-above-header-display":"","ast-hfb-below-header-display":"","ast-hfb-mobile-header-display":"","site-post-title":"","ast-breadcrumbs-content":"","ast-featured-img":"","footer-sml-layout":"","ast-disable-related-posts":"","theme-transparent-header-meta":"default","adv-header-id-meta":"","stick-header-meta":"","header-above-stick-meta":"","header-main-stick-meta":"","header-below-stick-meta":"","astra-migrate-meta-layouts":"set","ast-page-background-enabled":"default","ast-page-background-meta":{"desktop":{"background-color":"var(--ast-global-color-4)","background-image":"","background-repeat":"repeat","background-position":"center center","background-size":"auto","background-attachment":"scroll","background-type":"","background-media":"","overlay-type":"","overlay-color":"","overlay-opacity":"","overlay-gradient":""},"tablet":{"background-color":"","background-image":"","background-repeat":"repeat","background-position":"center center","background-size":"auto","background-attachment":"scroll","background-type":"","background-media":"","overlay-type":"","overlay-color":"","overlay-opacity":"","overlay-gradient":""},"mobile":{"background-color":"","background-image":"","background-repeat":"repeat","background-position":"center center","background-size":"auto","background-attachment":"scroll","background-type":"","background-media":"","overlay-type":"","overlay-color":"","overlay-opacity":"","overlay-gradient":""}},"ast-content-background-meta":{"desktop":{"background-color":"var(--ast-global-color-5)","background-image":"","background-repeat":"repeat","background-position":"center center","background-size":"auto","background-attachment":"scroll","background-type":"","background-media":"","overlay-type":"","overlay-color":"","overlay-opacity":"","overlay-gradient":""},"tablet":{"background-color":"var(--ast-global-color-5)","background-image":"","background-repeat":"repeat","background-position":"center center","background-size":"auto","background-attachment":"scroll","background-type":"","background-media":"","overlay-type":"","overlay-color":"","overlay-opacity":"","overlay-gradient":""},"mobile":{"background-color":"var(--ast-global-color-5)","background-image":"","background-repeat":"repeat","background-position":"center center","background-size":"auto","background-attachment":"scroll","background-type":"","background-media":"","overlay-type":"","overlay-color":"","overlay-opacity":"","overlay-gradient":""}}},"pwb-brand":[332],"product_brand":[],"product_cat":[390,333],"product_tag":[],"class_list":{"0":"post-3208","1":"product","2":"type-product","3":"status-publish","4":"has-post-thumbnail","6":"pwb-brand-victron","7":"product_cat-inversores-cargadores-24v","8":"product_cat-inversores","9":"desktop-align-left","10":"tablet-align-left","11":"mobile-align-left","12":"ast-product-gallery-layout-horizontal-slider","13":"ast-product-tabs-layout-horizontal","15":"first","16":"instock","17":"taxable","18":"shipping-taxable","19":"purchasable","20":"product-type-simple"},"wcpa_form_fields":null,"brands":[{"id":332,"name":"Victron Energie","slug":"victron"}],"_links":{"self":[{"href":"https:\/\/fvcomponentes.com\/de\/wp-json\/wp\/v2\/product\/3208","targetHints":{"allow":["GET"]}}],"collection":[{"href":"https:\/\/fvcomponentes.com\/de\/wp-json\/wp\/v2\/product"}],"about":[{"href":"https:\/\/fvcomponentes.com\/de\/wp-json\/wp\/v2\/types\/product"}],"replies":[{"embeddable":true,"href":"https:\/\/fvcomponentes.com\/de\/wp-json\/wp\/v2\/comments?post=3208"}],"wp:featuredmedia":[{"embeddable":true,"href":"https:\/\/fvcomponentes.com\/de\/wp-json\/wp\/v2\/media\/3209"}],"wp:attachment":[{"href":"https:\/\/fvcomponentes.com\/de\/wp-json\/wp\/v2\/media?parent=3208"}],"wp:term":[{"taxonomy":"pwb-brand","embeddable":true,"href":"https:\/\/fvcomponentes.com\/de\/wp-json\/wp\/v2\/pwb-brand?post=3208"},{"taxonomy":"product_brand","embeddable":true,"href":"https:\/\/fvcomponentes.com\/de\/wp-json\/wp\/v2\/product_brand?post=3208"},{"taxonomy":"product_cat","embeddable":true,"href":"https:\/\/fvcomponentes.com\/de\/wp-json\/wp\/v2\/product_cat?post=3208"},{"taxonomy":"product_tag","embeddable":true,"href":"https:\/\/fvcomponentes.com\/de\/wp-json\/wp\/v2\/product_tag?post=3208"}],"curies":[{"name":"wp","href":"https:\/\/api.w.org\/{rel}","templated":true}]}}