{"id":3192,"date":"2021-03-22T08:16:37","date_gmt":"2021-03-22T07:16:37","guid":{"rendered":"https:\/\/fvcomponentes.com\/producto\/inversor-victron-48-6000-230v-smartsolar\/"},"modified":"2026-04-04T12:52:17","modified_gmt":"2026-04-04T10:52:17","slug":"wechselrichter-victron-48-6000-230v-230v-smartsolar","status":"publish","type":"product","link":"https:\/\/fvcomponentes.com\/de\/producto\/inversor-victron-48-6000-230v-smartsolar\/","title":{"rendered":"Wechselrichter Victron RS 48\/6000 230V SmartSolar - PIN482601000"},"content":{"rendered":"<h2>Wechselrichter Victron 48\/6000 230V SmartSolar<\/h2>\n<p>Der Victron RS 48\/6000 230V SmartSolar Wechselrichter ist eine Kombination aus einem leistungsstarken 48 V DC, 6 kVA, 230 V AC Wechselrichter und einem Hochspannungs, 80-450 V DC, 4 kW MPPT Solarlader. Dank seines modernen Designs und der Hochfrequenztechnologie wiegt der Wechselrichter nur 11 kg und verf\u00fcgt \u00fcber einen hervorragenden Wirkungsgrad, eine geringe Standby-Leistung und einen sehr leisen Betrieb.<\/p>\n<p>Der Victron RS 48\/6000 230V SmartSolar Wechselrichter ist mit einem Display ausgestattet, auf dem die Daten der Batterie, des Wechselrichters und des Solarladers abgelesen werden k\u00f6nnen. Diese Parameter k\u00f6nnen auch \u00fcber Bluetooth mit der VictronConnect App ausgelesen werden. Dar\u00fcber hinaus verf\u00fcgt der Wechselrichter \u00fcber einen VE.Direct-Anschluss und einen VE.Can-Anschluss f\u00fcr den Anschluss an ein GX-Ger\u00e4t zur System\u00fcberwachung.<\/p>\n<h2><strong>Eigenschaften des Victron RS 48\/6000 230V SmartSolar Wechselrichters<\/strong><\/h2>\n<h3><strong>Wechselrichter Victron RS 48\/6000 230V SmartSolar netzunabh\u00e4ngiger Wechselrichter<\/strong><\/h3>\n<p>Der Victron RS 48\/6000 230V SmartSolar Wechselrichter ist ein 48V 6kVA Wechselrichter mit 450VDC 4kWp PV Eingang. Er wird in netzunabh\u00e4ngigen Solaranwendungen eingesetzt, wo Wechselstrom ben\u00f6tigt wird.<\/p>\n<h3><strong>Kombination aus Wechselrichter, bidirektionalem DC-DC-Wandler und MPPT<\/strong><\/h3>\n<p>Der Wechselrichter erzeugt eine perfekte Sinuswelle, mit der Ger\u00e4te mit hoher Leistung betrieben werden k\u00f6nnen. Er wird von einem bidirektionalen DC-DC-Wandler gespeist, der die Batterie aufladen kann, wenn \u00fcbersch\u00fcssiger Solarstrom verf\u00fcgbar ist, oder die Batterie bei Bedarf umwandelt.<\/p>\n<h3><strong>Gro\u00dfer MPPT-Spannungsbereich<\/strong><\/h3>\n<p>80 - 450VDC, mit einer PV-Startspannung von 120VDC.<\/p>\n<h3><strong>Leicht, effizient und leise<\/strong><\/h3>\n<p>Dank der Hochfrequenztechnologie und des neuen Designs wiegt dieser leistungsstarke Wechselrichter nur 11 kg. Dar\u00fcber hinaus verf\u00fcgt er \u00fcber einen hervorragenden Wirkungsgrad, eine geringe Standby-Leistung und einen sehr leisen Betrieb.<\/p>\n<h3><strong>Anzeige und Bluetooth<\/strong><\/h3>\n<ul>\n<li>Auf dem Display werden die Parameter der Batterie, des Wechselrichters und des Solarladereglers angezeigt.<\/li>\n<li>Auf die gleichen Parameter kann mit einem Smartphone oder einem anderen Bluetooth-f\u00e4higen Ger\u00e4t zugegriffen werden.<\/li>\n<li>Dar\u00fcber hinaus kann das System \u00fcber Bluetooth konfiguriert und die Einstellungen mit VictronConnect ge\u00e4ndert werden.<\/li>\n<\/ul>\n<h3><strong>VE.Can und VE.Direct-Anschluss<\/strong><\/h3>\n<p>F\u00fcr den Anschluss an ein GX-Ger\u00e4t zur System\u00fcberwachung, Datenprotokollierung und Remote-Firmware-Upgrades.<\/p>\n<h3><strong>Eingebauter photovoltaischer Isolator<\/strong><\/h3>\n<p>Die beiden parallel an die MC4-Buchsen angeschlossenen PV-Str\u00e4nge k\u00f6nnen mit dem gro\u00dfen eingebauten Schalter an der Unterseite des Ger\u00e4ts sicher getrennt werden.<\/p>\n<h3><strong>E\/A-Anschl\u00fcsse<\/strong><\/h3>\n<p>Programmierbare Relais-, Temperatursensor- und Spannungssensoranschl\u00fcsse. Der Fernbedienungseingang kann auch f\u00fcr den Anschluss des Victron miniBMS konfiguriert werden.<\/p>\n<h2>Datenblatt Victron RS 48\/6000 Wechselrichter 230V SmartSolar - PIN482601000<\/h2>\n<p><a href=\"https:\/\/fvcomponentes.com\/wp-content\/uploads\/2021\/03\/Datasheet-Inverter-RS-Smart-Solar-ES.pdf\" target=\"_blank\" rel=\"noopener\">Siehe Datenblatt Victron Wechselrichter 48\/6000 230V SmartSolar - PIN482601000<\/a><\/p>","protected":false},"excerpt":{"rendered":"<p>Technische Daten:<\/p>\n<ul>\n<li>Modernes Design<\/li>\n<li>Hochfrequenztechnik<\/li>\n<li>Ausgezeichnete Effizienz<\/li>\n<li>Geringe Standby-Leistung<\/li>\n<li>Sehr leiser Betrieb<\/li>\n<\/ul>","protected":false},"featured_media":3193,"comment_status":"open","ping_status":"closed","template":"","meta":{"site-sidebar-layout":"default","site-content-layout":"default","ast-site-content-layout":"default","site-content-style":"default","site-sidebar-style":"default","ast-global-header-display":"","ast-banner-title-visibility":"","ast-main-header-display":"","ast-hfb-above-header-display":"","ast-hfb-below-header-display":"","ast-hfb-mobile-header-display":"","site-post-title":"","ast-breadcrumbs-content":"","ast-featured-img":"","footer-sml-layout":"","ast-disable-related-posts":"","theme-transparent-header-meta":"default","adv-header-id-meta":"","stick-header-meta":"","header-above-stick-meta":"","header-main-stick-meta":"","header-below-stick-meta":"","astra-migrate-meta-layouts":"set","ast-page-background-enabled":"default","ast-page-background-meta":{"desktop":{"background-color":"var(--ast-global-color-4)","background-image":"","background-repeat":"repeat","background-position":"center center","background-size":"auto","background-attachment":"scroll","background-type":"","background-media":"","overlay-type":"","overlay-color":"","overlay-opacity":"","overlay-gradient":""},"tablet":{"background-color":"","background-image":"","background-repeat":"repeat","background-position":"center center","background-size":"auto","background-attachment":"scroll","background-type":"","background-media":"","overlay-type":"","overlay-color":"","overlay-opacity":"","overlay-gradient":""},"mobile":{"background-color":"","background-image":"","background-repeat":"repeat","background-position":"center center","background-size":"auto","background-attachment":"scroll","background-type":"","background-media":"","overlay-type":"","overlay-color":"","overlay-opacity":"","overlay-gradient":""}},"ast-content-background-meta":{"desktop":{"background-color":"var(--ast-global-color-5)","background-image":"","background-repeat":"repeat","background-position":"center center","background-size":"auto","background-attachment":"scroll","background-type":"","background-media":"","overlay-type":"","overlay-color":"","overlay-opacity":"","overlay-gradient":""},"tablet":{"background-color":"var(--ast-global-color-5)","background-image":"","background-repeat":"repeat","background-position":"center center","background-size":"auto","background-attachment":"scroll","background-type":"","background-media":"","overlay-type":"","overlay-color":"","overlay-opacity":"","overlay-gradient":""},"mobile":{"background-color":"var(--ast-global-color-5)","background-image":"","background-repeat":"repeat","background-position":"center center","background-size":"auto","background-attachment":"scroll","background-type":"","background-media":"","overlay-type":"","overlay-color":"","overlay-opacity":"","overlay-gradient":""}}},"pwb-brand":[332],"product_brand":[],"product_cat":[369,333],"product_tag":[],"class_list":{"0":"post-3192","1":"product","2":"type-product","3":"status-publish","4":"has-post-thumbnail","6":"pwb-brand-victron","7":"product_cat-inversores-48v","8":"product_cat-inversores","9":"desktop-align-left","10":"tablet-align-left","11":"mobile-align-left","12":"ast-product-gallery-layout-horizontal-slider","13":"ast-product-tabs-layout-horizontal","15":"first","16":"instock","17":"taxable","18":"shipping-taxable","19":"purchasable","20":"product-type-simple"},"wcpa_form_fields":null,"brands":[{"id":332,"name":"Victron Energie","slug":"victron"}],"_links":{"self":[{"href":"https:\/\/fvcomponentes.com\/de\/wp-json\/wp\/v2\/product\/3192","targetHints":{"allow":["GET"]}}],"collection":[{"href":"https:\/\/fvcomponentes.com\/de\/wp-json\/wp\/v2\/product"}],"about":[{"href":"https:\/\/fvcomponentes.com\/de\/wp-json\/wp\/v2\/types\/product"}],"replies":[{"embeddable":true,"href":"https:\/\/fvcomponentes.com\/de\/wp-json\/wp\/v2\/comments?post=3192"}],"wp:featuredmedia":[{"embeddable":true,"href":"https:\/\/fvcomponentes.com\/de\/wp-json\/wp\/v2\/media\/3193"}],"wp:attachment":[{"href":"https:\/\/fvcomponentes.com\/de\/wp-json\/wp\/v2\/media?parent=3192"}],"wp:term":[{"taxonomy":"pwb-brand","embeddable":true,"href":"https:\/\/fvcomponentes.com\/de\/wp-json\/wp\/v2\/pwb-brand?post=3192"},{"taxonomy":"product_brand","embeddable":true,"href":"https:\/\/fvcomponentes.com\/de\/wp-json\/wp\/v2\/product_brand?post=3192"},{"taxonomy":"product_cat","embeddable":true,"href":"https:\/\/fvcomponentes.com\/de\/wp-json\/wp\/v2\/product_cat?post=3192"},{"taxonomy":"product_tag","embeddable":true,"href":"https:\/\/fvcomponentes.com\/de\/wp-json\/wp\/v2\/product_tag?post=3192"}],"curies":[{"name":"wp","href":"https:\/\/api.w.org\/{rel}","templated":true}]}}