{"id":31829,"date":"2025-11-12T14:53:37","date_gmt":"2025-11-12T13:53:37","guid":{"rendered":"https:\/\/fvcomponentes.com\/?post_type=product&#038;p=31829"},"modified":"2026-04-04T12:49:09","modified_gmt":"2026-04-04T10:49:09","slug":"wechselrichter-victron-phoenix-12-1200-ve-direkt-schuko-pin12212121210","status":"publish","type":"product","link":"https:\/\/fvcomponentes.com\/de\/producto\/inversor-victron-phoenix-12-1200-ve-direct-schuko-pin122121210\/","title":{"rendered":"Wechselrichter Victron Phoenix 12\/1200 VE Direct Schuko - PIN12212121210"},"content":{"rendered":"<h3>Technische Merkmale des Phoenix-Wechselrichters 12\/1200 VE Direct Schuko<\/h3>\n<h4><strong>Der Victron VE.Direct Kommunikationsanschluss erm\u00f6glicht den Anschluss des PV-Wechselrichters an das<\/strong><\/h4>\n<ul>\n<li>Ein Computer (ein VE.Direct-zu-USB-Schnittstellenkabel ist erforderlich).<\/li>\n<li>Apple- und Android-Smartphones, Tablets, Mackbooks und andere Ger\u00e4te (ein VE.Direct zu Bluetooth Smart Dongle ist erforderlich).<\/li>\n<\/ul>\n<h4><strong>Der Phoenix 12\/1200-Wechselrichter ist vollst\u00e4ndig konfigurierbar:<\/strong><\/h4>\n<ul>\n<li>Alarm f\u00fcr niedrige Batteriespannung und Wiedereinschaltpegel.<\/li>\n<li>Abschaltung und Neustart bei niedriger Batteriespannung.<\/li>\n<li>Dynamische Abschaltung: lastabh\u00e4ngige Abschaltstufe<\/li>\n<li>Ausgangsspannung 210 - 245V<\/li>\n<li>Frequenz 50 Hz oder 60 Hz<\/li>\n<li>ECO-Modus ein\/aus und ECO-Modus F\u00fcllstandssensor<\/li>\n<\/ul>\n<h3>Betrieb im ECO-Modus<\/h3>\n<p>Der Wechselrichter bleibt im Stand-by, wenn die Leistung in Watt seines Ausgangs unter einen zuvor konfigurierten Wert f\u00e4llt. Im Standby-Modus schaltet sich der Wechselrichter kurzzeitig ein (einstellbar; Standard: alle 2,5 Sekunden). Wenn die Last den eingestellten Wert \u00fcberschreitet, bleibt der Wechselrichter eingeschaltet.<\/p>\n<h3>Hohe zus\u00e4tzliche Spitzenstartleistung<\/h3>\n<p><span dir=\"auto\" style=\"vertical-align: inherit;\"><span dir=\"auto\" style=\"vertical-align: inherit;\">Eines der Merkmale der SinusMax-Technologie ist die sehr hohe Startleistung. Phoenix-Wechselrichter eignen sich f\u00fcr die Versorgung schwieriger Lasten, wie Motoren oder Elektrowerkzeuge mit hoher Spitzenstartleistung.<\/span><\/span><\/p>\n<h3><span dir=\"auto\" style=\"vertical-align: inherit;\"><span dir=\"auto\" style=\"vertical-align: inherit;\">Ferngesteuerter Ein\/Aus-Schalter<\/span><\/span><\/h3>\n<p><span dir=\"auto\" style=\"vertical-align: inherit;\"><span dir=\"auto\" style=\"vertical-align: inherit;\">Bei diesem Modell des Solarwechselrichters k\u00f6nnen Sie einen Ein\/Aus-Fernschalter anschlie\u00dfen und die beiden Dr\u00e4hte zum Wechselrichter f\u00fchren, um den Wechselrichter aus der Ferne ein- und auszuschalten. Diese Option wird von Kunden mit einem Wohnwagen oder einem Boot oder Segelboot am meisten gesch\u00e4tzt.<\/span><\/span><\/p>\n<h2><span dir=\"auto\" style=\"vertical-align: inherit;\"><span dir=\"auto\" style=\"vertical-align: inherit;\">Datenblatt Victron Wechselrichter Victron Phoenix 12\/1200 VE Direct Schuko - PIN12212121210<\/span><\/span><\/h2>\n<p><a href=\"https:\/\/fvcomponentes.com\/wp-content\/uploads\/2020\/05\/Datasheet-Phoenix-Inverter-VE.Direct-250VA-1200VA-ES.pdf\" target=\"_blank\" rel=\"noopener\"><span dir=\"auto\" style=\"vertical-align: inherit;\"><span dir=\"auto\" style=\"vertical-align: inherit;\">Siehe Datenblatt Phoenix Inverter 12\/1200 VE Direct Schuko - PIN12212121210<\/span><\/span><\/a><\/p>\n<h2><span dir=\"auto\" style=\"vertical-align: inherit;\">Handbuch Wechselrichter Victron Phoenix 12\/1200 VE Direct Schuko - PIN12212121210<\/span><\/h2>\n<p><a href=\"https:\/\/fvcomponentes.com\/wp-content\/uploads\/2025\/10\/106668-Inverter_VE_Direct__Smart_and_SUN-pdf-es.pdf\" target=\"_blank\" rel=\"noopener\">Victron Phoenix 12\/1200 VE Direct Schuko-Wechselrichter Handbuch anzeigen<\/a><\/p>","protected":false},"excerpt":{"rendered":"<ul>\n<li><strong>Nennleistung: <\/strong>1200W<\/li>\n<li><strong>Spitzenleistung: <\/strong>2200W<\/li>\n<li><strong>Eingangsspannung: <\/strong>12V<\/li>\n<\/ul>","protected":false},"featured_media":31840,"comment_status":"closed","ping_status":"closed","template":"","meta":{"site-sidebar-layout":"default","site-content-layout":"","ast-site-content-layout":"default","site-content-style":"default","site-sidebar-style":"default","ast-global-header-display":"","ast-banner-title-visibility":"","ast-main-header-display":"","ast-hfb-above-header-display":"","ast-hfb-below-header-display":"","ast-hfb-mobile-header-display":"","site-post-title":"","ast-breadcrumbs-content":"","ast-featured-img":"","footer-sml-layout":"","ast-disable-related-posts":"","theme-transparent-header-meta":"default","adv-header-id-meta":"","stick-header-meta":"","header-above-stick-meta":"","header-main-stick-meta":"","header-below-stick-meta":"","astra-migrate-meta-layouts":"set","ast-page-background-enabled":"default","ast-page-background-meta":{"desktop":{"background-color":"var(--ast-global-color-4)","background-image":"","background-repeat":"repeat","background-position":"center center","background-size":"auto","background-attachment":"scroll","background-type":"","background-media":"","overlay-type":"","overlay-color":"","overlay-opacity":"","overlay-gradient":""},"tablet":{"background-color":"","background-image":"","background-repeat":"repeat","background-position":"center center","background-size":"auto","background-attachment":"scroll","background-type":"","background-media":"","overlay-type":"","overlay-color":"","overlay-opacity":"","overlay-gradient":""},"mobile":{"background-color":"","background-image":"","background-repeat":"repeat","background-position":"center center","background-size":"auto","background-attachment":"scroll","background-type":"","background-media":"","overlay-type":"","overlay-color":"","overlay-opacity":"","overlay-gradient":""}},"ast-content-background-meta":{"desktop":{"background-color":"var(--ast-global-color-5)","background-image":"","background-repeat":"repeat","background-position":"center center","background-size":"auto","background-attachment":"scroll","background-type":"","background-media":"","overlay-type":"","overlay-color":"","overlay-opacity":"","overlay-gradient":""},"tablet":{"background-color":"var(--ast-global-color-5)","background-image":"","background-repeat":"repeat","background-position":"center center","background-size":"auto","background-attachment":"scroll","background-type":"","background-media":"","overlay-type":"","overlay-color":"","overlay-opacity":"","overlay-gradient":""},"mobile":{"background-color":"var(--ast-global-color-5)","background-image":"","background-repeat":"repeat","background-position":"center center","background-size":"auto","background-attachment":"scroll","background-type":"","background-media":"","overlay-type":"","overlay-color":"","overlay-opacity":"","overlay-gradient":""}}},"pwb-brand":[332],"product_brand":[],"product_cat":[333,364],"product_tag":[],"class_list":{"0":"post-31829","1":"product","2":"type-product","3":"status-publish","4":"has-post-thumbnail","6":"pwb-brand-victron","7":"product_cat-inversores","8":"product_cat-inversores-12-v","9":"desktop-align-left","10":"tablet-align-left","11":"mobile-align-left","12":"ast-product-gallery-layout-horizontal-slider","13":"ast-product-tabs-layout-horizontal","15":"first","16":"instock","17":"taxable","18":"shipping-taxable","19":"purchasable","20":"product-type-simple"},"wcpa_form_fields":null,"brands":[{"id":332,"name":"Victron Energie","slug":"victron"}],"_links":{"self":[{"href":"https:\/\/fvcomponentes.com\/de\/wp-json\/wp\/v2\/product\/31829","targetHints":{"allow":["GET"]}}],"collection":[{"href":"https:\/\/fvcomponentes.com\/de\/wp-json\/wp\/v2\/product"}],"about":[{"href":"https:\/\/fvcomponentes.com\/de\/wp-json\/wp\/v2\/types\/product"}],"replies":[{"embeddable":true,"href":"https:\/\/fvcomponentes.com\/de\/wp-json\/wp\/v2\/comments?post=31829"}],"wp:featuredmedia":[{"embeddable":true,"href":"https:\/\/fvcomponentes.com\/de\/wp-json\/wp\/v2\/media\/31840"}],"wp:attachment":[{"href":"https:\/\/fvcomponentes.com\/de\/wp-json\/wp\/v2\/media?parent=31829"}],"wp:term":[{"taxonomy":"pwb-brand","embeddable":true,"href":"https:\/\/fvcomponentes.com\/de\/wp-json\/wp\/v2\/pwb-brand?post=31829"},{"taxonomy":"product_brand","embeddable":true,"href":"https:\/\/fvcomponentes.com\/de\/wp-json\/wp\/v2\/product_brand?post=31829"},{"taxonomy":"product_cat","embeddable":true,"href":"https:\/\/fvcomponentes.com\/de\/wp-json\/wp\/v2\/product_cat?post=31829"},{"taxonomy":"product_tag","embeddable":true,"href":"https:\/\/fvcomponentes.com\/de\/wp-json\/wp\/v2\/product_tag?post=31829"}],"curies":[{"name":"wp","href":"https:\/\/api.w.org\/{rel}","templated":true}]}}