{"id":3178,"date":"2021-01-04T07:27:57","date_gmt":"2021-01-04T06:27:57","guid":{"rendered":"https:\/\/fvcomponentes.com\/producto\/fronius-smart-meter-100a-1\/"},"modified":"2026-03-30T12:16:56","modified_gmt":"2026-03-30T10:16:56","slug":"fronius-smart-meter-100a-1","status":"publish","type":"product","link":"https:\/\/fvcomponentes.com\/de\/producto\/fronius-smart-meter-100a-1-2\/","title":{"rendered":"Fronius Smart Meter TS 100A-1 Einphasig - 42,0411,0344"},"content":{"rendered":"<p><strong>Die <a href=\"https:\/\/www.fronius.com\/es-es\/spain\/energia-solar\" target=\"_blank\" rel=\"noopener\">Fronius<\/a> Smart Meter TS 100A-1 Single Phase ist ein geeichtes Ger\u00e4t zur Messung der durch das Haus flie\u00dfenden Energiemenge, um den Energieverbrauch perfekt zu optimieren.<\/strong>.<\/p>\n<p>Dank der Messungen der eingebauten Stromzange und der schnellen Kommunikation der ModBus RTU-Schnittstelle ist der Wechselrichter in der Lage, die Leistung auf das zu begrenzen, was das Haus in diesem Moment verbraucht.<\/p>\n<p>Es handelt sich um ein Ger\u00e4t, das die Kontrolle der ins Netz eingespeisten Energie erm\u00f6glicht.<\/p>\n<p>Der Fronius Smart Meter TS 100A-1 Single Phase ist ein bidirektionaler Z\u00e4hler, der den Eigenverbrauch optimiert und die Verbrauchskurve Ihres Haushalts aufzeichnet. Dank der hochpr\u00e4zisen Messung und der schnellen Kommunikation \u00fcber die Modbus-RTU-Schnittstelle erfolgt die Leistungsbegrenzung aus der Ferne bei Grenzwertvorgaben schneller und genauer als mit dem S0-Regler. Zusammen mit Fronius Solar.web bietet er einen detaillierten \u00dcberblick \u00fcber den Energieverbrauch im Haus. F\u00fcr die Speicherl\u00f6sung Fronius Energy Package auf Basis des Fronius Symo Hybrid erm\u00f6glicht der Fronius Smart Meter ein systematisiertes Management der verschiedenen Energiefl\u00fcsse und damit eine Optimierung der Gesamtenergie. Er eignet sich perfekt f\u00fcr den Einsatz in Verbindung mit Fronius Symo, Fronius Symo Hybrid, Fronius Galvo, Fronius Primo, Fronius Eco und Fronius Datamanager 2.0.<\/p>\n<h2>Vorteile des <a href=\"https:\/\/www.fronius.com\/es-es\/spain\/energia-solar\" target=\"_blank\" rel=\"noopener\">Fronius<\/a> Smart Meter TS 100A-1 Einphasig<\/h2>\n<p>- Schnelle und genaue Leistungsbegrenzung aus der Ferne.<\/p>\n<p>- Zusammen mit dem Fronius Solar.web bietet es einen detaillierten \u00dcberblick \u00fcber den Energieverbrauch in Ihrem Haushalt.<\/p>\n<p>- Optimieren Sie Ihr Energiemanagement mit der Speicherl\u00f6sung Fronius Energy Package<\/p>","protected":false},"excerpt":{"rendered":"<p><a href=\"https:\/\/www.fronius.com\/es-es\/spain\/energia-solar\" target=\"_blank\" rel=\"noopener\">Fronius<\/a> Smart Meter TS 100A-1 Einphasig. Der Fronius Smart Meter ist ein bidirektionaler Z\u00e4hler, der den Eigenverbrauch optimiert und den Lastgang des Haushalts aufzeichnet.<\/p>","protected":false},"featured_media":3179,"comment_status":"open","ping_status":"closed","template":"","meta":{"site-sidebar-layout":"default","site-content-layout":"default","ast-site-content-layout":"default","site-content-style":"default","site-sidebar-style":"default","ast-global-header-display":"","ast-banner-title-visibility":"","ast-main-header-display":"","ast-hfb-above-header-display":"","ast-hfb-below-header-display":"","ast-hfb-mobile-header-display":"","site-post-title":"","ast-breadcrumbs-content":"","ast-featured-img":"","footer-sml-layout":"","ast-disable-related-posts":"","theme-transparent-header-meta":"default","adv-header-id-meta":"","stick-header-meta":"","header-above-stick-meta":"","header-main-stick-meta":"","header-below-stick-meta":"","astra-migrate-meta-layouts":"set","ast-page-background-enabled":"default","ast-page-background-meta":{"desktop":{"background-color":"var(--ast-global-color-4)","background-image":"","background-repeat":"repeat","background-position":"center center","background-size":"auto","background-attachment":"scroll","background-type":"","background-media":"","overlay-type":"","overlay-color":"","overlay-opacity":"","overlay-gradient":""},"tablet":{"background-color":"","background-image":"","background-repeat":"repeat","background-position":"center center","background-size":"auto","background-attachment":"scroll","background-type":"","background-media":"","overlay-type":"","overlay-color":"","overlay-opacity":"","overlay-gradient":""},"mobile":{"background-color":"","background-image":"","background-repeat":"repeat","background-position":"center center","background-size":"auto","background-attachment":"scroll","background-type":"","background-media":"","overlay-type":"","overlay-color":"","overlay-opacity":"","overlay-gradient":""}},"ast-content-background-meta":{"desktop":{"background-color":"var(--ast-global-color-5)","background-image":"","background-repeat":"repeat","background-position":"center center","background-size":"auto","background-attachment":"scroll","background-type":"","background-media":"","overlay-type":"","overlay-color":"","overlay-opacity":"","overlay-gradient":""},"tablet":{"background-color":"var(--ast-global-color-5)","background-image":"","background-repeat":"repeat","background-position":"center center","background-size":"auto","background-attachment":"scroll","background-type":"","background-media":"","overlay-type":"","overlay-color":"","overlay-opacity":"","overlay-gradient":""},"mobile":{"background-color":"var(--ast-global-color-5)","background-image":"","background-repeat":"repeat","background-position":"center center","background-size":"auto","background-attachment":"scroll","background-type":"","background-media":"","overlay-type":"","overlay-color":"","overlay-opacity":"","overlay-gradient":""}}},"pwb-brand":[344],"product_brand":[],"product_cat":[349,333],"product_tag":[],"class_list":{"0":"post-3178","1":"product","2":"type-product","3":"status-publish","4":"has-post-thumbnail","6":"pwb-brand-fronius","7":"product_cat-meters","8":"product_cat-inversores","9":"desktop-align-left","10":"tablet-align-left","11":"mobile-align-left","12":"ast-product-gallery-layout-horizontal-slider","13":"ast-product-gallery-with-no-image","14":"ast-product-tabs-layout-horizontal","16":"first","17":"instock","18":"taxable","19":"shipping-taxable","20":"purchasable","21":"product-type-simple"},"wcpa_form_fields":null,"brands":[{"id":344,"name":"Fronius-Wechselrichter","slug":"fronius"}],"_links":{"self":[{"href":"https:\/\/fvcomponentes.com\/de\/wp-json\/wp\/v2\/product\/3178","targetHints":{"allow":["GET"]}}],"collection":[{"href":"https:\/\/fvcomponentes.com\/de\/wp-json\/wp\/v2\/product"}],"about":[{"href":"https:\/\/fvcomponentes.com\/de\/wp-json\/wp\/v2\/types\/product"}],"replies":[{"embeddable":true,"href":"https:\/\/fvcomponentes.com\/de\/wp-json\/wp\/v2\/comments?post=3178"}],"wp:featuredmedia":[{"embeddable":true,"href":"https:\/\/fvcomponentes.com\/de\/wp-json\/wp\/v2\/media\/3179"}],"wp:attachment":[{"href":"https:\/\/fvcomponentes.com\/de\/wp-json\/wp\/v2\/media?parent=3178"}],"wp:term":[{"taxonomy":"pwb-brand","embeddable":true,"href":"https:\/\/fvcomponentes.com\/de\/wp-json\/wp\/v2\/pwb-brand?post=3178"},{"taxonomy":"product_brand","embeddable":true,"href":"https:\/\/fvcomponentes.com\/de\/wp-json\/wp\/v2\/product_brand?post=3178"},{"taxonomy":"product_cat","embeddable":true,"href":"https:\/\/fvcomponentes.com\/de\/wp-json\/wp\/v2\/product_cat?post=3178"},{"taxonomy":"product_tag","embeddable":true,"href":"https:\/\/fvcomponentes.com\/de\/wp-json\/wp\/v2\/product_tag?post=3178"}],"curies":[{"name":"wp","href":"https:\/\/api.w.org\/{rel}","templated":true}]}}