{"id":31699,"date":"2026-04-10T19:36:30","date_gmt":"2026-04-10T17:36:30","guid":{"rendered":"https:\/\/fvcomponentes.com\/?post_type=product&#038;p=31699"},"modified":"2026-04-10T19:36:31","modified_gmt":"2026-04-10T17:36:31","slug":"toscano-combi-combi-pro-fire-1000-vdc-motorisierter-nottrenner-10005779","status":"publish","type":"product","link":"https:\/\/fvcomponentes.com\/de\/producto\/seccionador-motorizado-para-emergencias-toscano-combi-pro-fire-1000-vdc-10005779\/","title":{"rendered":"Toscano COMBI-PRO-FIRE 1000 VDC motorisierter Trennschalter f\u00fcr Notf\u00e4lle - 10005779"},"content":{"rendered":"<p>Desde marzo de 2025, el Reglamento de Seguridad contra Incendios en Establecimientos Industriales <strong>(RSCIEI) exige que las instalaciones fotovoltaicas dispongan de sistemas de desconexi\u00f3n<\/strong> que garanticen la seguridad en caso de emergencia.<\/p>\n<p>Adapt\u00e1ndose a esta nueva normativa, Toscano ha desarrollado el Seccionador motorizado para emergencias Toscano COMBI-PRO-FIRE 1000 VDC &#8211; 10005779. Un sistema de seguridad avanzado pensado para proteger tu instalaci\u00f3n fotovoltaica y facilitar la intervenci\u00f3n de bomberos y personal de mantenimiento.<\/p>\n<h2 data-start=\"511\" data-end=\"563\">Desconexi\u00f3n autom\u00e1tica ante cualquier emergencia<\/h2>\n<p>Uno de los puntos claves del Toscano COMBI-PRO-FIRE 1000 VDC &#8211; 10005779 es su funcionamiento totalmente autom\u00e1tico. El equipo es capaz de interrumpir el flujo de corriente continua procedente de las placas solares hacia el inversor en tres situaciones cr\u00edticas: corte de red, temperatura detectada por el sensor interno es superior a 80 \u00b0C o activaci\u00f3n manual mediante una seta de emergencia. Esto significa que, en caso de incendio, sobrecalentamiento del string de paneles o fallo de la red, el dispositivo act\u00faa de inmediato, protegiendo a las personas y evitando da\u00f1os en los equipos.<\/p>\n<h2 data-start=\"1189\" data-end=\"1237\">Reconexi\u00f3n autom\u00e1tica o manual<\/h2>\n<p data-start=\"1238\" data-end=\"1733\">Una vez superada la emergencia, el sistema vuelve a la normalidad de forma autom\u00e1tica cuando la red se restablece, recuperando la conexi\u00f3n entre las placas y el inversor sin necesidad de intervenci\u00f3n. Si la desconexi\u00f3n se realiz\u00f3 de forma manual, el dise\u00f1o del equipo permite el rearme tambi\u00e9n de manera manual desactivando la seta, asegurando que la puesta en marcha se haga bajo supervisi\u00f3n y de forma segura.<\/p>\n<h2 data-start=\"1735\" data-end=\"1783\">Dise\u00f1o pensado para bomberos y mantenimiento<\/h2>\n<p data-start=\"1784\" data-end=\"2546\">El COMBI\u2011PRO\u2011FIRE est\u00e1 dise\u00f1ado especialmente para facilitar la intervenci\u00f3n r\u00e1pida de los servicios de emergencia y extinci\u00f3n de incendios. Incluye un sensor de temperatura interno\u00a0y un contacto de estado que permite comunicar la situaci\u00f3n del seccionador a dispositivos de control externo. Adem\u00e1s, incorpora un magneto\u2011seccionador con capacidad de corte de 10 kA, capaz de soportar altas corrientes de cortocircuito y garantizar un aislamiento seguro. Su dise\u00f1o robusto emplea conexiones directas mediante tornillo sin conectores MC4.\u00a0reduciendo los puntos calientes y asegurando una conexi\u00f3n fiable a largo plazo.<\/p>\n<h2 data-start=\"2548\" data-end=\"2591\">Versatilidad y facilidad de integraci\u00f3n<\/h2>\n<p data-start=\"2592\" data-end=\"3438\">El equipo est\u00e1 disponible en versiones de 16\u00a0A, 20\u00a0A, 25\u00a0A y 63\u00a0A para adaptarse al tama\u00f1o dela instalaci\u00f3n. Los modelos ofrecen configuraciones de 2, 3 o 4 polos, lo que permite gestionar tanto la corriente continua desde los paneles solares como la detecci\u00f3n y control desde la parte de corriente alterna de la red. Adem\u00e1s, cuenta con tres niveles de tensi\u00f3n nominal (500 V, 750 V y 1 000 V)\u00a0Su montaje en carril DIN de 35 mm facilita la instalaci\u00f3n en cuadros existentes, y su dise\u00f1o modular permite integrar protecciones adicionales o fusibles.<\/p>\n<h2 data-start=\"3440\" data-end=\"3475\">Control y monitorizaci\u00f3n remota<\/h2>\n<p data-start=\"3476\" data-end=\"3966\">El COMBI\u2011PRO\u2011FIRE no solo se dispara autom\u00e1ticamente, sino que ofrece indicadores de estado integrados y bornas de control para la conexi\u00f3n a sistemas de monitorizaci\u00f3n, lo que permite supervisar a distancia si el circuito est\u00e1 abierto o cerrado.<br \/>\nSu consumo nominal de apenas 1,5\u00a0W<span class=\"\" data-state=\"closed\"><span class=\"ms-1 inline-flex max-w-full items-center relative top-[-0.094rem] animate-[show_150ms_ease-in]\" data-testid=\"webpage-citation-pill\"><span class=\"relative start-0 bottom-0 flex h-full w-full items-center\"><span class=\"flex h-4 w-full items-center justify-between overflow-hidden\"><span class=\"max-w-[15ch] grow truncate overflow-hidden text-center\">p<\/span><\/span><\/span><\/span><\/span>\u00a0y consumo m\u00e1ximo de 5 W\u00a0garantizan un funcionamiento eficiente y sostenido.<\/p>\n<h2 data-start=\"3968\" data-end=\"3996\">Resistencia y fiabilidad<\/h2>\n<p data-start=\"3997\" data-end=\"4563\">Este dispositivo ha sido dise\u00f1ado para trabajar en condiciones ambientales severas, con un rango de funcionamiento de \u201125 \u00b0C a +55 \u00b0C y un grado de protecci\u00f3n IP20. Su curva tipo C y su intensidad de corte en servicio de 7,5 kA\u00a0aseguran un comportamiento fiable frente a sobrecorrientes. Adem\u00e1s, cumple con las directivas europeas de baja tensi\u00f3n y compatibilidad electromagn\u00e9tica<\/p>\n<h2 data-start=\"4565\" data-end=\"4612\">Beneficios para la instalaci\u00f3n fotovoltaica<\/h2>\n<ul data-start=\"4613\" data-end=\"5403\">\n<li data-start=\"4613\" data-end=\"4817\">\n<p data-start=\"4615\" data-end=\"4817\"><strong data-start=\"4615\" data-end=\"4647\">Seguridad legal y preventiva<\/strong>: Cumplir con el RD 164\/2025 asegura que la instalaci\u00f3n se ajusta a la normativa vigente en materia de protecci\u00f3n contra incendios.<\/p>\n<\/li>\n<li data-start=\"4818\" data-end=\"4992\">\n<p data-start=\"4820\" data-end=\"4992\"><strong data-start=\"4820\" data-end=\"4856\">Protecci\u00f3n de personas y equipos<\/strong>: La desconexi\u00f3n inmediata ante emergencias evita riesgos el\u00e9ctricos y protege tanto a los servicios de emergencia como a los operarios.<\/p>\n<\/li>\n<li data-start=\"5116\" data-end=\"5257\">\n<p data-start=\"5118\" data-end=\"5257\"><strong data-start=\"5118\" data-end=\"5140\">Integraci\u00f3n simple<\/strong>: Montaje sobre carril DIN y posibilidad de integraci\u00f3n en cuadros existentes<\/p>\n<\/li>\n<li data-start=\"5258\" data-end=\"5403\">\n<p data-start=\"5260\" data-end=\"5403\"><strong data-start=\"5260\" data-end=\"5274\">Fiabilidad<\/strong>: Componentes de alta calidad y capacidad de corte de 10 kA\u00a0aseguran un servicio duradero.<\/p>\n<\/li>\n<\/ul>\n<p data-start=\"5405\" data-end=\"5810\" data-is-last-node=\"\" data-is-only-node=\"\">El Toscano\u00a0COMBI\u2011PRO\u2011FIRE es un dispositivo especializado que no solo protege la instalaci\u00f3n fotovoltaica, sino que tambi\u00e9n cumple con la normativa m\u00e1s reciente y facilita la seguridad de las personas en caso de incendio.<\/p>\n<h2 data-start=\"5405\" data-end=\"5810\">\u00bfC\u00f3mo funciona el Toscano COMBI\u2011PRO\u2011FIRE?<\/h2>\n<h3>1. Funcionamiento normal<\/h3>\n<p><img fetchpriority=\"high\" decoding=\"async\" class=\"wp-image-31710\" src=\"https:\/\/fvcomponentes.com\/wp-content\/uploads\/2025\/10\/Toscano-COMBI\u2011PRO\u2011FIRE-normal.png\" alt=\"Toscano COMBI\u2011PRO\u2011FIRE normal\" width=\"900\" height=\"391\" title=\"\"><\/p>\n<h3>2. Condiciones de activaci\u00f3n<\/h3>\n<ol>\n<li><strong>Exceso de temperatura:<\/strong> Si la temperatura detectada por el sensor interno supera los 80\u00ba C<\/li>\n<li><strong>P\u00e9rdida de alimentaci\u00f3n: <\/strong>Si detecta una falla de tensi\u00f3n por coste del suministro el\u00e9ctrico o ca\u00edda de la red general.<\/li>\n<li><strong>Seta de emergencia pulsada: <\/strong>Al pulsa la seta de emergencia desde una zona segura.<\/li>\n<\/ol>\n<h3>3. Protecci\u00f3n habilitada<\/h3>\n<p><img decoding=\"async\" class=\"wp-image-31712\" src=\"https:\/\/fvcomponentes.com\/wp-content\/uploads\/2025\/10\/Toscano-COMBI\u2011PRO\u2011FIRE-Activado-.png\" alt=\"Toscano COMBI\u2011PRO\u2011FIRE Activado\" width=\"900\" height=\"413\" title=\"\"><\/p>\n<h2><\/h2>\n<h2>Caracter\u00edsticas t\u00e9cnicas del Toscano COMBI-PRO-FIRE 1000 VDC &#8211; 10005779<\/h2>\n<table width=\"496\">\n<tbody>\n<tr>\n<td colspan=\"2\" width=\"496\">\n<h3>Generales<\/h3>\n<\/td>\n<\/tr>\n<tr>\n<td><strong>Consumo nominal<\/strong><\/td>\n<td>\u00a01.5W<\/td>\n<\/tr>\n<tr>\n<td><strong>Consumo m\u00e1ximo<\/strong><\/td>\n<td>\u00a05W<\/td>\n<\/tr>\n<tr>\n<td><strong>Secci\u00f3n m\u00e1xima<\/strong><\/td>\n<td>\u00a020mm2(DC)\/1.5mm2 (control)<\/td>\n<\/tr>\n<tr>\n<td><strong>Par de apriete<\/strong><\/td>\n<td>\u00a02.5N\u00b7m<\/td>\n<\/tr>\n<tr>\n<td><strong>M\u00e1rgenes ambientales<\/strong><\/td>\n<td>\u00a0-25\u00baC&#8230;+55\u00baC \/ 80% HR<\/td>\n<\/tr>\n<tr>\n<td><strong>Grado de protecci\u00f3n\u00a0<\/strong><\/td>\n<td>IP20<\/td>\n<\/tr>\n<tr>\n<td><strong>Grado de Poluci\u00f3n<\/strong><\/td>\n<td>2<\/td>\n<\/tr>\n<tr>\n<td><strong>Montaje\u00a0<\/strong><\/td>\n<td>Rail DIN 35mm<\/td>\n<\/tr>\n<tr>\n<td colspan=\"2\">\n<h3>Control<\/h3>\n<\/td>\n<\/tr>\n<tr>\n<td><strong>Contacto de seguridad\u00a0<\/strong><\/td>\n<td>50mA 20V DC<\/td>\n<\/tr>\n<tr>\n<td><strong>Contacto de estado\u00a0<\/strong><\/td>\n<td>1A 120VAC\/24VDC<\/td>\n<\/tr>\n<tr>\n<td><strong>Tiempo de disparo<\/strong><\/td>\n<td>\u00a01s+-5%<\/td>\n<\/tr>\n<tr>\n<td><strong>Tiempo de rearme\u00a0<\/strong><\/td>\n<td>10s+-5%<\/td>\n<\/tr>\n<tr>\n<td><strong>Temperatura de desconexi\u00f3n\u00a0<\/strong><\/td>\n<td>90\u00baC+-5%<\/td>\n<\/tr>\n<tr>\n<td colspan=\"2\">\n<h3>Seccionador<\/h3>\n<\/td>\n<\/tr>\n<tr>\n<td><strong>Tensi\u00f3n m\u00e1xima<\/strong><\/td>\n<td>1000 VDC<\/td>\n<\/tr>\n<tr>\n<td><strong>Intensidad m\u00e1xima\u00a0<\/strong><\/td>\n<td>63A<\/td>\n<\/tr>\n<tr>\n<td><strong>Poder de corte\u00a0<\/strong><\/td>\n<td>10kA<\/td>\n<\/tr>\n<\/tbody>\n<\/table>\n<h2>Esquema del seccionador motorizado para emergencias Toscano COMBI-PRO-FIRE 1000 VDC &#8211; 10005779<\/h2>\n<p><img decoding=\"async\" class=\"size-full wp-image-31747\" src=\"https:\/\/fvcomponentes.com\/wp-content\/uploads\/2025\/10\/COMBI-PRO-FIRE-esquema.png\" alt=\"COMBI-PRO-FIRE esquema\" width=\"782\" height=\"574\" title=\"\"><\/p>\n<h2>Ficha t\u00e9cnica del seccionador motorizado para emergencias Toscano COMBI-PRO-FIRE 1000 VDC &#8211; 10005779<\/h2>\n<p><a href=\"https:\/\/fvcomponentes.com\/wp-content\/uploads\/2025\/10\/50023150-CAT-DIPTICO-COMBI-PRO-FIRE-ES-2025_compressed.pdf\" target=\"_blank\" rel=\"noopener\">Ficha t\u00e9cnica del seccionador motorizado para emergencias Toscano COMBI-PRO-FIRE 1000 VDC &#8211; 10005779<\/a><\/p>\n","protected":false},"excerpt":{"rendered":"<ul>\n<li><strong>Gem\u00e4\u00df dem K\u00f6niglichen Erlass 164\/2025 -\u00a0<\/strong><\/li>\n<li>Automatischer und manueller Betrieb<\/li>\n<li><strong>Nennspannung:<\/strong> 1000V<\/li>\n<li><strong>Schneidleistung Icu:<\/strong> 10kA<\/li>\n<li><strong>Betriebs-Abschaltstrom Ics:<\/strong> 7,5kA<\/li>\n<li><strong>Maximale Intensit\u00e4t:<\/strong> 63A<\/li>\n<\/ul>\n<p>&nbsp;<\/p>","protected":false},"featured_media":31716,"comment_status":"closed","ping_status":"closed","template":"","meta":{"site-sidebar-layout":"default","site-content-layout":"","ast-site-content-layout":"default","site-content-style":"default","site-sidebar-style":"default","ast-global-header-display":"","ast-banner-title-visibility":"","ast-main-header-display":"","ast-hfb-above-header-display":"","ast-hfb-below-header-display":"","ast-hfb-mobile-header-display":"","site-post-title":"","ast-breadcrumbs-content":"","ast-featured-img":"","footer-sml-layout":"","ast-disable-related-posts":"","theme-transparent-header-meta":"default","adv-header-id-meta":"","stick-header-meta":"","header-above-stick-meta":"","header-main-stick-meta":"","header-below-stick-meta":"","astra-migrate-meta-layouts":"set","ast-page-background-enabled":"default","ast-page-background-meta":{"desktop":{"background-color":"var(--ast-global-color-4)","background-image":"","background-repeat":"repeat","background-position":"center center","background-size":"auto","background-attachment":"scroll","background-type":"","background-media":"","overlay-type":"","overlay-color":"","overlay-opacity":"","overlay-gradient":""},"tablet":{"background-color":"","background-image":"","background-repeat":"repeat","background-position":"center center","background-size":"auto","background-attachment":"scroll","background-type":"","background-media":"","overlay-type":"","overlay-color":"","overlay-opacity":"","overlay-gradient":""},"mobile":{"background-color":"","background-image":"","background-repeat":"repeat","background-position":"center center","background-size":"auto","background-attachment":"scroll","background-type":"","background-media":"","overlay-type":"","overlay-color":"","overlay-opacity":"","overlay-gradient":""}},"ast-content-background-meta":{"desktop":{"background-color":"var(--ast-global-color-5)","background-image":"","background-repeat":"repeat","background-position":"center center","background-size":"auto","background-attachment":"scroll","background-type":"","background-media":"","overlay-type":"","overlay-color":"","overlay-opacity":"","overlay-gradient":""},"tablet":{"background-color":"var(--ast-global-color-5)","background-image":"","background-repeat":"repeat","background-position":"center center","background-size":"auto","background-attachment":"scroll","background-type":"","background-media":"","overlay-type":"","overlay-color":"","overlay-opacity":"","overlay-gradient":""},"mobile":{"background-color":"var(--ast-global-color-5)","background-image":"","background-repeat":"repeat","background-position":"center center","background-size":"auto","background-attachment":"scroll","background-type":"","background-media":"","overlay-type":"","overlay-color":"","overlay-opacity":"","overlay-gradient":""}}},"pwb-brand":[891],"product_brand":[],"product_cat":[1017,410],"product_tag":[],"class_list":{"0":"post-31699","1":"product","2":"type-product","3":"status-publish","4":"has-post-thumbnail","6":"pwb-brand-toscano","7":"product_cat-protecciones-contra-sobretensiones","8":"product_cat-material-electrico","9":"desktop-align-left","10":"tablet-align-left","11":"mobile-align-left","12":"ast-product-gallery-layout-horizontal-slider","13":"ast-product-tabs-layout-horizontal","15":"first","16":"instock","17":"taxable","18":"shipping-taxable","19":"purchasable","20":"product-type-simple"},"wcpa_form_fields":null,"brands":[{"id":891,"name":"Toscano","slug":"toskanisch"}],"_links":{"self":[{"href":"https:\/\/fvcomponentes.com\/de\/wp-json\/wp\/v2\/product\/31699","targetHints":{"allow":["GET"]}}],"collection":[{"href":"https:\/\/fvcomponentes.com\/de\/wp-json\/wp\/v2\/product"}],"about":[{"href":"https:\/\/fvcomponentes.com\/de\/wp-json\/wp\/v2\/types\/product"}],"replies":[{"embeddable":true,"href":"https:\/\/fvcomponentes.com\/de\/wp-json\/wp\/v2\/comments?post=31699"}],"wp:featuredmedia":[{"embeddable":true,"href":"https:\/\/fvcomponentes.com\/de\/wp-json\/wp\/v2\/media\/31716"}],"wp:attachment":[{"href":"https:\/\/fvcomponentes.com\/de\/wp-json\/wp\/v2\/media?parent=31699"}],"wp:term":[{"taxonomy":"pwb-brand","embeddable":true,"href":"https:\/\/fvcomponentes.com\/de\/wp-json\/wp\/v2\/pwb-brand?post=31699"},{"taxonomy":"product_brand","embeddable":true,"href":"https:\/\/fvcomponentes.com\/de\/wp-json\/wp\/v2\/product_brand?post=31699"},{"taxonomy":"product_cat","embeddable":true,"href":"https:\/\/fvcomponentes.com\/de\/wp-json\/wp\/v2\/product_cat?post=31699"},{"taxonomy":"product_tag","embeddable":true,"href":"https:\/\/fvcomponentes.com\/de\/wp-json\/wp\/v2\/product_tag?post=31699"}],"curies":[{"name":"wp","href":"https:\/\/api.w.org\/{rel}","templated":true}]}}