{"id":3144,"date":"2020-09-17T08:13:37","date_gmt":"2020-09-17T06:13:37","guid":{"rendered":"https:\/\/fvcomponentes.com\/producto\/monitorizacion-victron-venus-gx\/"},"modified":"2026-04-04T12:48:14","modified_gmt":"2026-04-04T10:48:14","slug":"victron-venus-gx-uberwachung","status":"publish","type":"product","link":"https:\/\/fvcomponentes.com\/de\/producto\/monitorizacion-victron-venus-gx\/","title":{"rendered":"Victron Venus GX Steuerger\u00e4t - BPP900400100100"},"content":{"rendered":"<p>Der Venus GX - BPP900400100100 ist die Kommunikationszentrale Ihres Stromversorgungssystems. Er erm\u00f6glicht es Ihnen, alle Victron-Komponenten zu verbinden und zu steuern, um sicherzustellen, dass sie perfekt miteinander harmonieren. Dar\u00fcber hinaus k\u00f6nnen Sie mit dem kostenlosen Victron Remote Management (VRM)-Portal von Ihrem Smartphone oder einem anderen Ger\u00e4t aus in Echtzeit \u00fcberwachen und Einstellungen vornehmen.<\/p>\n<p>Der Venus GX bietet eine intuitive Steuerung und \u00dcberwachung Ihres gesamten elektrischen Systems von Victron. Er ist mit einer Vielzahl von Produkten wie Wechselrichtern, Multis, Quattros, MPPT-Solarladeger\u00e4ten, BMV-Batteriew\u00e4chtern, Lynx Ion + Shunt und vielen anderen kompatibel.<\/p>\n<h2>Hauptmerkmale des Steuerger\u00e4ts Victron Venus GX - BPP900400100100<\/h2>\n<h3>Intuitive System\u00fcbersicht - alles, was Sie wissen m\u00fcssen<\/h3>\n<p>Sobald Sie sich einloggen, bietet Venus GX sofort einen \u00dcberblick \u00fcber das System: Ladezustand der Batterie, aktueller Stromverbrauch, Energieproduktion der PV-Panels, Energie aus dem Netz\/Generator.<\/p>\n<h3>Die volle Leistung von Victron Remote Management<\/h3>\n<p>Victron Remote Management (VRM) erm\u00f6glicht den Zugriff auf alle Steuerungen und Einstellungen f\u00fcr alle Systemkomponenten, die an das CCGX oder Venus GX angeschlossen sind. Jeder Benutzer oder Installateur kann sich von jedem Ort und zu jeder Zeit einloggen. Diese leistungsstarke Anwendung bietet auch die M\u00f6glichkeit, nahtlos Diagnosen und Analysen von archivierten Informationen durchzuf\u00fchren.<\/p>\n<h3 class=\"productDetails__block-title\"><span class=\"productDetails__block-title-content\">Automatischer Start\/Stopp des Generators<\/span><\/h3>\n<div class=\"productDetails__block-description\">\n<p>Der Venus GX kann so programmiert werden, dass er Ihren Generator automatisch startet, wenn die Spannung zu niedrig, der Bedarf zu hoch oder der Ladezustand der Batterie zu hoch ist. Er kann auch so eingestellt werden, dass er den Start bis zum Ende der \"ruhigen\" Perioden verz\u00f6gert, um so eine ungewollte St\u00f6rung mitten in der Nacht zu vermeiden.<\/p>\n<h3>Ferngesteuerte Konsole<\/h3>\n<p>Die Remote-Konsole erm\u00f6glicht es Ihnen, die Daten und Einstellungen des Venus GX in Echtzeit einzusehen... und da sie ferngesteuert ist, k\u00f6nnen Sie dies von jedem Ort der Welt aus tun.<\/p>\n<h3>Energiespeichersysteme - 24-Stunden-\u00dcberwachung<\/h3>\n<p>Der Venus GX kann Energiespeichersysteme verwalten. Er h\u00e4lt die Backup-Batterien auf 100%, startet bei Stromausfall und leitet \u00fcbersch\u00fcssige (Solar-)Energie zum Eigenverbrauch um, was Geld spart.<\/p>\n<h3>Elektrische Ger\u00e4te auf Ihrem Boot oder Wohnwagen fernsteuern<\/h3>\n<p>Planen Sie eine Reise? Mit der Fernsteuerung des Venus GX k\u00f6nnen Sie sicherstellen, dass Ihr Boot oder Ihr Wohnwagen bereit f\u00fcr die Reise ist. Der Venus GX erm\u00f6glicht Ihnen auch die Kommunikation mit Ger\u00e4ten von Drittanbietern, wenn diese angeschlossen sind.<\/p>\n<h2>Venus GX - BPP900400100100 - Herausragende Vorteile<\/h2>\n<ul>\n<li>Wenn der Venus GX mit dem Internet verbunden ist, aktualisiert er sich automatisch, wenn eine neue Softwareversion verf\u00fcgbar ist.<\/li>\n<li>Mehrere Sprachen: Englisch, Tschechisch, Deutsch, Spanisch, Franz\u00f6sisch, Italienisch, Niederl\u00e4ndisch, Russisch, Schwedisch, T\u00fcrkisch, Chinesisch, Arabisch.<\/li>\n<li>Verwenden Sie den Venus GX als Modbus-TCP-Gateway f\u00fcr alle angeschlossenen Victron-Produkte.<\/li>\n<li>Mit integriertem Betriebssystem <a href=\"https:\/\/github.com\/victronenergy\/venus\/wiki\/sales-pitch\" target=\"_blank\" rel=\"noopener\">Linux Venus OS<\/a>.<\/li>\n<\/ul>\n<h2>Kompatible Produkte f\u00fcr Venus GX - BPP900400100100<\/h2>\n<ul>\n<li>Multis und Quattros, einschlie\u00dflich Dreiphasen- und Split-Phasen-Systeme. \u00dcberwachung und Steuerung (Ein\/Aus und Strombegrenzer). \u00c4nderung der Konfiguration m\u00f6glich (nur aus der Ferne \u00fcber Internet, nicht ohne Internetverbindung).<\/li>\n<li>EasySolar 1600VA<\/li>\n<li>BlueSolar MPPT-Solarladeger\u00e4te mit VE.Direct-Anschluss.<\/li>\n<li>BlueSolar MPPT 150\/70 und der MPPT 150\/85 mit VE.Can-Anschluss.<\/li>\n<li>SmartSolar MPPT 150\/70 und der MPPT 150\/100 mit VE.Can Anschluss. Wenn mehrere BlueSolar MPPT oder SmartSolar MPPT mit VE.Can parallel verwendet werden, werden alle Informationen zusammen angezeigt. Siehe auch unseren Blog zur Synchronisation mehrerer MPPT 150\/70 Solarladeger\u00e4te.<\/li>\n<li>Die BMV-700-Familie, wie auch die <a href=\"https:\/\/fvcomponentes.com\/de\/produkt\/victron-bmv-700-batterie-monitor\/\" target=\"_blank\" rel=\"noopener\">Batterie\u00fcberwachungsger\u00e4t BMV-700 Victron - BAM010700000<\/a>Direct k\u00f6nnen Sie sich direkt mit den VE.Direct-Anschl\u00fcssen des Venus GX verbinden. Verwenden Sie dazu das VE.Direct-Kabel.<\/li>\n<li>Die BMV-600-Familie kann an die VE.Direct-Anschl\u00fcsse des Venus GX angeschlossen werden. Es ist ein Zubeh\u00f6rkabel erforderlich.<\/li>\n<li>Lynx Ion + Bypass<\/li>\n<li>BMS Lynx Ion<\/li>\n<li>Lynx VE.Can Shunt<\/li>\n<li>Skylla TG Batterieladeger\u00e4te<\/li>\n<li>NMEA2000-Tanksensoren<\/li>\n<li>Ein USB-GPS kann an den USB-Anschluss angeschlossen werden. Die Daten werden zur Verfolgung an das VRM Portal gesendet. Die Karte auf dem VRM zeigt die letzte Position an.<\/li>\n<li>PV-Wechselrichter <a href=\"https:\/\/fvcomponentes.com\/de\/marke\/fronius\/\" target=\"_blank\" rel=\"noopener\">Fronius<\/a><\/li>\n<\/ul>\n<h2>Datenblatt Victron Venus GX Steuerger\u00e4t - BPP900400100100<\/h2>\n<p><a href=\"https:\/\/fvcomponentes.com\/wp-content\/uploads\/2025\/09\/Datasheet-Venus-GX-ES.pdf\" target=\"_blank\" rel=\"noopener\">Victron Venus GX Steuerger\u00e4t Datenblatt<\/a><\/p>\n<h2>Victron Venus GX Bedienfeld Handbuch - BPP900400100100<\/h2>\n<p><a href=\"https:\/\/fvcomponentes.com\/wp-content\/uploads\/2025\/10\/140558-Ekrano_GX__Venus_GX__Cerbo_GX__Cerbo-S_GX_Manual-pdf-es-1.pdf\" target=\"_blank\" rel=\"noopener\">Ansicht Victron Venus GX Steuerger\u00e4t Handbuch<\/a><\/p>\n<\/div>","protected":false},"excerpt":{"rendered":"<p><strong>Victron Venus GX Steuerungs- und \u00dcberwachungssystem.<\/strong><\/p>\n<p>Mit Hilfe dieser Steuer- und \u00dcberwachungseinheit k\u00f6nnen Sie alle Victron-Ger\u00e4te in der Anlage miteinander verbinden. Dank dieser direkten Kommunikation zwischen den verschiedenen Komponenten k\u00f6nnen diese Informationen untereinander austauschen und den Status der Anlage \u00fcber das Victron VRM-Portal visualisieren.<\/p>","protected":false},"featured_media":3145,"comment_status":"open","ping_status":"closed","template":"","meta":{"site-sidebar-layout":"default","site-content-layout":"default","ast-site-content-layout":"default","site-content-style":"default","site-sidebar-style":"default","ast-global-header-display":"","ast-banner-title-visibility":"","ast-main-header-display":"","ast-hfb-above-header-display":"","ast-hfb-below-header-display":"","ast-hfb-mobile-header-display":"","site-post-title":"","ast-breadcrumbs-content":"","ast-featured-img":"","footer-sml-layout":"","ast-disable-related-posts":"","theme-transparent-header-meta":"default","adv-header-id-meta":"","stick-header-meta":"","header-above-stick-meta":"","header-main-stick-meta":"","header-below-stick-meta":"","astra-migrate-meta-layouts":"set","ast-page-background-enabled":"default","ast-page-background-meta":{"desktop":{"background-color":"var(--ast-global-color-4)","background-image":"","background-repeat":"repeat","background-position":"center center","background-size":"auto","background-attachment":"scroll","background-type":"","background-media":"","overlay-type":"","overlay-color":"","overlay-opacity":"","overlay-gradient":""},"tablet":{"background-color":"","background-image":"","background-repeat":"repeat","background-position":"center center","background-size":"auto","background-attachment":"scroll","background-type":"","background-media":"","overlay-type":"","overlay-color":"","overlay-opacity":"","overlay-gradient":""},"mobile":{"background-color":"","background-image":"","background-repeat":"repeat","background-position":"center center","background-size":"auto","background-attachment":"scroll","background-type":"","background-media":"","overlay-type":"","overlay-color":"","overlay-opacity":"","overlay-gradient":""}},"ast-content-background-meta":{"desktop":{"background-color":"var(--ast-global-color-5)","background-image":"","background-repeat":"repeat","background-position":"center center","background-size":"auto","background-attachment":"scroll","background-type":"","background-media":"","overlay-type":"","overlay-color":"","overlay-opacity":"","overlay-gradient":""},"tablet":{"background-color":"var(--ast-global-color-5)","background-image":"","background-repeat":"repeat","background-position":"center center","background-size":"auto","background-attachment":"scroll","background-type":"","background-media":"","overlay-type":"","overlay-color":"","overlay-opacity":"","overlay-gradient":""},"mobile":{"background-color":"var(--ast-global-color-5)","background-image":"","background-repeat":"repeat","background-position":"center center","background-size":"auto","background-attachment":"scroll","background-type":"","background-media":"","overlay-type":"","overlay-color":"","overlay-opacity":"","overlay-gradient":""}}},"pwb-brand":[332],"product_brand":[],"product_cat":[333,351,934],"product_tag":[],"class_list":{"0":"post-3144","1":"product","2":"type-product","3":"status-publish","4":"has-post-thumbnail","6":"pwb-brand-victron","7":"product_cat-inversores","8":"product_cat-accesorios","9":"product_cat-monitorizacion","10":"desktop-align-left","11":"tablet-align-left","12":"mobile-align-left","13":"ast-product-gallery-layout-horizontal-slider","14":"ast-product-tabs-layout-horizontal","16":"first","17":"instock","18":"taxable","19":"shipping-taxable","20":"purchasable","21":"product-type-simple"},"wcpa_form_fields":null,"brands":[{"id":332,"name":"Victron Energie","slug":"victron"}],"_links":{"self":[{"href":"https:\/\/fvcomponentes.com\/de\/wp-json\/wp\/v2\/product\/3144","targetHints":{"allow":["GET"]}}],"collection":[{"href":"https:\/\/fvcomponentes.com\/de\/wp-json\/wp\/v2\/product"}],"about":[{"href":"https:\/\/fvcomponentes.com\/de\/wp-json\/wp\/v2\/types\/product"}],"replies":[{"embeddable":true,"href":"https:\/\/fvcomponentes.com\/de\/wp-json\/wp\/v2\/comments?post=3144"}],"wp:featuredmedia":[{"embeddable":true,"href":"https:\/\/fvcomponentes.com\/de\/wp-json\/wp\/v2\/media\/3145"}],"wp:attachment":[{"href":"https:\/\/fvcomponentes.com\/de\/wp-json\/wp\/v2\/media?parent=3144"}],"wp:term":[{"taxonomy":"pwb-brand","embeddable":true,"href":"https:\/\/fvcomponentes.com\/de\/wp-json\/wp\/v2\/pwb-brand?post=3144"},{"taxonomy":"product_brand","embeddable":true,"href":"https:\/\/fvcomponentes.com\/de\/wp-json\/wp\/v2\/product_brand?post=3144"},{"taxonomy":"product_cat","embeddable":true,"href":"https:\/\/fvcomponentes.com\/de\/wp-json\/wp\/v2\/product_cat?post=3144"},{"taxonomy":"product_tag","embeddable":true,"href":"https:\/\/fvcomponentes.com\/de\/wp-json\/wp\/v2\/product_tag?post=3144"}],"curies":[{"name":"wp","href":"https:\/\/api.w.org\/{rel}","templated":true}]}}