{"id":3135,"date":"2020-09-17T06:43:35","date_gmt":"2020-09-17T04:43:35","guid":{"rendered":"https:\/\/fvcomponentes.com\/producto\/interface-victron-ve-direct-bluetooth-smart-dongle\/"},"modified":"2026-01-15T10:04:30","modified_gmt":"2026-01-15T09:04:30","slug":"schnittstelle-victron-ve-direkt-bluetooth-smart-dongle","status":"publish","type":"product","link":"https:\/\/fvcomponentes.com\/de\/producto\/interface-victron-ve-direct-bluetooth-smart-dongle\/","title":{"rendered":"Victron VE.Direct Bluetooth Smart Dongle Schnittstelle - ASS030536011"},"content":{"rendered":"<h2>Schnittstelle Victron VE.Direct Bluetooth Smart Dongle<\/h2>\n<p>Mit der drahtlosen Verbindung \u00fcber Bluetooth k\u00f6nnen Sie den Batteriestatus, die Eingangsleistung und andere n\u00fctzliche Daten von Ihrem BMV-Regler und MPPT-Solarladeregler \u00fcberwachen. Sie m\u00fcssen die VictronConnect App verwenden, die mit iOS und Android kompatibel ist.<\/p>\n<p>Smart Dongle funktioniert mit anderen Produkten <a href=\"https:\/\/fvcomponentes.com\/de\/marke\/victron\/\" target=\"_blank\" rel=\"noopener\">Victron<\/a> mit VE.Direct-Anschl\u00fcssen.<\/p>\n<p>Er ist kompatibel mit Phoenix-Wechselrichtern, wie z. B. dem <a href=\"https:\/\/fvcomponentes.com\/de\/produkt\/victron-phoenix-48-500-wechselrichter\/\" target=\"_blank\" rel=\"noopener\">Wechselrichter Victron Phoenix 48\/500 VE Direct Schuko - PIN481501200, <\/a>die <a href=\"https:\/\/fvcomponentes.com\/de\/produktkategorie\/laderegler\/mppt-regler\/\" target=\"_blank\" rel=\"noopener\">MPPT-Laderegler<\/a> und BMV-Monitore, wie zum Beispiel das <a href=\"https:\/\/fvcomponentes.com\/de\/produkt\/victron-bmv-700-batterie-monitor\/\" target=\"_blank\" rel=\"noopener\">Batterie\u00fcberwachungsger\u00e4t BMV-700 Victron - BAM010700000 <\/a>unter anderem.<\/p>","protected":false},"excerpt":{"rendered":"<p><strong>Schnittstelle Victron VE.Direct Bluetooth Smart Dongle<\/strong><\/p>\n<ul>\n<li>Mit diesem Bluetooth-Adapter k\u00f6nnen Sie die Ger\u00e4te mit Victron Ve.direct-Anschluss einfach \u00fcber ein Mobiltelefon (iOS oder Android) konfigurieren und die \u00dcberwachung des VICTRON BMV-Batteriemonitors und der MPPT-Regler \u00fcber die VictronConnect App einsehen.<\/li>\n<\/ul>","protected":false},"featured_media":3136,"comment_status":"open","ping_status":"closed","template":"","meta":{"site-sidebar-layout":"default","site-content-layout":"default","ast-site-content-layout":"default","site-content-style":"default","site-sidebar-style":"default","ast-global-header-display":"","ast-banner-title-visibility":"","ast-main-header-display":"","ast-hfb-above-header-display":"","ast-hfb-below-header-display":"","ast-hfb-mobile-header-display":"","site-post-title":"","ast-breadcrumbs-content":"","ast-featured-img":"","footer-sml-layout":"","ast-disable-related-posts":"","theme-transparent-header-meta":"default","adv-header-id-meta":"","stick-header-meta":"","header-above-stick-meta":"","header-main-stick-meta":"","header-below-stick-meta":"","astra-migrate-meta-layouts":"set","ast-page-background-enabled":"default","ast-page-background-meta":{"desktop":{"background-color":"var(--ast-global-color-4)","background-image":"","background-repeat":"repeat","background-position":"center center","background-size":"auto","background-attachment":"scroll","background-type":"","background-media":"","overlay-type":"","overlay-color":"","overlay-opacity":"","overlay-gradient":""},"tablet":{"background-color":"","background-image":"","background-repeat":"repeat","background-position":"center center","background-size":"auto","background-attachment":"scroll","background-type":"","background-media":"","overlay-type":"","overlay-color":"","overlay-opacity":"","overlay-gradient":""},"mobile":{"background-color":"","background-image":"","background-repeat":"repeat","background-position":"center center","background-size":"auto","background-attachment":"scroll","background-type":"","background-media":"","overlay-type":"","overlay-color":"","overlay-opacity":"","overlay-gradient":""}},"ast-content-background-meta":{"desktop":{"background-color":"var(--ast-global-color-5)","background-image":"","background-repeat":"repeat","background-position":"center center","background-size":"auto","background-attachment":"scroll","background-type":"","background-media":"","overlay-type":"","overlay-color":"","overlay-opacity":"","overlay-gradient":""},"tablet":{"background-color":"var(--ast-global-color-5)","background-image":"","background-repeat":"repeat","background-position":"center center","background-size":"auto","background-attachment":"scroll","background-type":"","background-media":"","overlay-type":"","overlay-color":"","overlay-opacity":"","overlay-gradient":""},"mobile":{"background-color":"var(--ast-global-color-5)","background-image":"","background-repeat":"repeat","background-position":"center center","background-size":"auto","background-attachment":"scroll","background-type":"","background-media":"","overlay-type":"","overlay-color":"","overlay-opacity":"","overlay-gradient":""}}},"pwb-brand":[332],"product_brand":[],"product_cat":[333,351,878,410],"product_tag":[],"class_list":{"0":"post-3135","1":"product","2":"type-product","3":"status-publish","4":"has-post-thumbnail","6":"pwb-brand-victron","7":"product_cat-inversores","8":"product_cat-accesorios","9":"product_cat-cables-victron","10":"product_cat-material-electrico","11":"desktop-align-left","12":"tablet-align-left","13":"mobile-align-left","14":"ast-product-gallery-layout-horizontal-slider","15":"ast-product-tabs-layout-horizontal","17":"first","18":"instock","19":"taxable","20":"shipping-taxable","21":"purchasable","22":"product-type-simple"},"wcpa_form_fields":null,"brands":[{"id":332,"name":"Victron Energie","slug":"victron"}],"_links":{"self":[{"href":"https:\/\/fvcomponentes.com\/de\/wp-json\/wp\/v2\/product\/3135","targetHints":{"allow":["GET"]}}],"collection":[{"href":"https:\/\/fvcomponentes.com\/de\/wp-json\/wp\/v2\/product"}],"about":[{"href":"https:\/\/fvcomponentes.com\/de\/wp-json\/wp\/v2\/types\/product"}],"replies":[{"embeddable":true,"href":"https:\/\/fvcomponentes.com\/de\/wp-json\/wp\/v2\/comments?post=3135"}],"wp:featuredmedia":[{"embeddable":true,"href":"https:\/\/fvcomponentes.com\/de\/wp-json\/wp\/v2\/media\/3136"}],"wp:attachment":[{"href":"https:\/\/fvcomponentes.com\/de\/wp-json\/wp\/v2\/media?parent=3135"}],"wp:term":[{"taxonomy":"pwb-brand","embeddable":true,"href":"https:\/\/fvcomponentes.com\/de\/wp-json\/wp\/v2\/pwb-brand?post=3135"},{"taxonomy":"product_brand","embeddable":true,"href":"https:\/\/fvcomponentes.com\/de\/wp-json\/wp\/v2\/product_brand?post=3135"},{"taxonomy":"product_cat","embeddable":true,"href":"https:\/\/fvcomponentes.com\/de\/wp-json\/wp\/v2\/product_cat?post=3135"},{"taxonomy":"product_tag","embeddable":true,"href":"https:\/\/fvcomponentes.com\/de\/wp-json\/wp\/v2\/product_tag?post=3135"}],"curies":[{"name":"wp","href":"https:\/\/api.w.org\/{rel}","templated":true}]}}