{"id":3104,"date":"2020-09-16T11:50:44","date_gmt":"2020-09-16T09:50:44","guid":{"rendered":"https:\/\/fvcomponentes.com\/producto\/regulador-victron-bluesolar-mppt-75-10\/"},"modified":"2026-01-15T10:04:45","modified_gmt":"2026-01-15T09:04:45","slug":"victron-bluesolar-mppt-75-10-regler","status":"publish","type":"product","link":"https:\/\/fvcomponentes.com\/de\/producto\/regulador-victron-bluesolar-mppt-75-10\/","title":{"rendered":"Victron BlueSolar MPPT 75\/10 Steuerger\u00e4t - SCC010010050R"},"content":{"rendered":"<h2>Victron Energy Victron BlueSolar MPPT 75\/10 Regler<\/h2>\n<div>Mit dem Victron BlueSolar MPPT 75\/10 Laderegler k\u00f6nnen Sie einen Ladestrom von bis zu 10 Ampere und eine PV-Spannung von bis zu 75 Volt genie\u00dfen. Der Victron BlueSolar 75\/10 MPPT-Laderegler kann eine Batterie mit einer niedrigeren Nennspannung aus PV-Paneelen mit einer h\u00f6heren Nennspannung von mindestens +5 V laden. Der BlueSolar Laderegler stellt die Nennspannung der Batterie automatisch auf 12 oder 24 V ein, sobald sie an den Regler angeschlossen ist.<\/div>\n<p><strong>Ultraschnelles Maximum Power Point Tracking (MPPT)<\/strong><br \/>\nInsbesondere bei bew\u00f6lktem Himmel, wenn sich die Lichtintensit\u00e4t st\u00e4ndig \u00e4ndert, kann ein ultraschneller MPPT-Regler die Energieernte um bis zu 30% verbessern, verglichen mit 30% bei bew\u00f6lktem Himmel.<br \/>\nmit PWM-Ladereglern und um bis zu 10% im Vergleich zu langsameren MPPT-Reglern.<\/p>\n<p><strong>Erweiterte Maximum Power Point-Erkennung bei teilweiser Bew\u00f6lkung<\/strong><br \/>\nBei teilweiser Bew\u00f6lkung k\u00f6nnen auf der Lastspannungskurve zwei oder mehr maximale Leistungspunkte (MPP) auftreten. Herk\u00f6mmliche MPPTs w\u00e4hlen normalerweise einen lokalen MPP, der nicht unbedingt der optimale MPP ist. Der innovative Algorithmus von SmartSolar maximiert immer die Energieernte durch die Auswahl des optimalen MPP.<\/p>\n<p><strong>Au\u00dfergew\u00f6hnliche Umwandlungseffizienz<\/strong><br \/>\nL\u00fcfterlos. Der maximale Wirkungsgrad \u00fcbertrifft 98%.<\/p>\n<p><strong>Flexibler Ladealgorithmus<\/strong><br \/>\nEin vollst\u00e4ndig programmierbarer Ladealgorithmus (siehe die Softwareseite auf unserer Website) und acht vorprogrammierte Ladealgorithmen, die mit einem Drehschalter ausgew\u00e4hlt werden k\u00f6nnen.<br \/>\n(siehe Handbuch f\u00fcr weitere Informationen).<\/p>\n<p><strong>Umfassender elektronischer Schutz<\/strong><br \/>\n\u00dcberhitzungsschutz und Leistungsreduzierung bei hohen Temperaturen. Kurzschluss- und Verpolungsschutz f\u00fcr PV-Paneele. PV-R\u00fcckstromschutz.<\/p>\n<p><strong>Interner Temperatursensor<\/strong><br \/>\nKompensiert die Absorptions- und Auftriebsspannung in Abh\u00e4ngigkeit von der Temperatur.<\/p>\n<p><strong>Funktion zur Wiederherstellung einer vollst\u00e4ndig entladenen Batterie<\/strong><br \/>\nBeginnt mit dem Laden, auch wenn die Batterie auf Null Volt entladen ist. Stellt die Verbindung zu einer vollst\u00e4ndig entladenen Lithium-Ionen-Batterie mit interner Trennungsfunktion wieder her.<\/p>\n<p><strong>VE.Direkt<\/strong><br \/>\nF\u00fcr eine kabelgebundene Datenverbindung zu einem Color Control GX, anderen GX-Produkten, PCs oder anderen Ger\u00e4ten<br \/>\nGer\u00e4te.<\/p>\n<h2>Datenblatt Victron BlueSolar MPPT 75\/10-Regler - SCC010010050R<\/h2>\n<p><a href=\"https:\/\/fvcomponentes.com\/wp-content\/uploads\/2020\/09\/Datasheet-Blue-Solar-Charge-Controller-MPPT-75-10-75-15-100-15-100-20_48V-ES.pdf\" target=\"_blank\" rel=\"noopener\">Victron BlueSolar MPPT 75\/10 Controller - SCC010010050R Datenblatt anzeigen<\/a><\/p>\n<h2>Handbuch Victron BlueSolar MPPT 75\/10 Regler - SCC010010050R<\/h2>\n<p><a href=\"https:\/\/fvcomponentes.com\/wp-content\/uploads\/2025\/10\/Manual-Reguladores-solares-MPPT-Victron-Blue-Solar-75-1075-15100-15-y-100-20.pdf\" target=\"_blank\" rel=\"noopener\">Victron BlueSolar MPPT 75\/10 Controller-Handbuch anzeigen - SCC010010050R<\/a><\/p>","protected":false},"excerpt":{"rendered":"<ul>\n<li><strong><span style=\"color: #ff0000\">Ger\u00e4te ohne Bluetooth<\/span><\/strong><\/li>\n<li><strong>Modell mit Bluetooth: <a href=\"https:\/\/fvcomponentes.com\/de\/produkt\/victron-smartsolar-mppt-75-10-steuergerat\/\" target=\"_blank\" rel=\"noopener\">Victron SmartSolar MPPT 75\/10 Steuerger\u00e4t - SCC075010060R<\/a><\/strong><\/li>\n<li><strong>Spannung der Batterie;<\/strong> 12\/24 V Auto Select<\/li>\n<li><strong>Last Nennstrom;<\/strong> 10 A<\/li>\n<li><strong>Maximale Leistung PV, 12V;<\/strong>\u00a0 145 W<\/li>\n<li><strong>Maximale Leistung PV, 24V<\/strong>; 290 W<\/li>\n<\/ul>","protected":false},"featured_media":3105,"comment_status":"open","ping_status":"closed","template":"","meta":{"site-sidebar-layout":"default","site-content-layout":"default","ast-site-content-layout":"default","site-content-style":"default","site-sidebar-style":"default","ast-global-header-display":"","ast-banner-title-visibility":"","ast-main-header-display":"","ast-hfb-above-header-display":"","ast-hfb-below-header-display":"","ast-hfb-mobile-header-display":"","site-post-title":"","ast-breadcrumbs-content":"","ast-featured-img":"","footer-sml-layout":"","ast-disable-related-posts":"","theme-transparent-header-meta":"default","adv-header-id-meta":"","stick-header-meta":"","header-above-stick-meta":"","header-main-stick-meta":"","header-below-stick-meta":"","astra-migrate-meta-layouts":"set","ast-page-background-enabled":"default","ast-page-background-meta":{"desktop":{"background-color":"var(--ast-global-color-4)","background-image":"","background-repeat":"repeat","background-position":"center center","background-size":"auto","background-attachment":"scroll","background-type":"","background-media":"","overlay-type":"","overlay-color":"","overlay-opacity":"","overlay-gradient":""},"tablet":{"background-color":"","background-image":"","background-repeat":"repeat","background-position":"center center","background-size":"auto","background-attachment":"scroll","background-type":"","background-media":"","overlay-type":"","overlay-color":"","overlay-opacity":"","overlay-gradient":""},"mobile":{"background-color":"","background-image":"","background-repeat":"repeat","background-position":"center center","background-size":"auto","background-attachment":"scroll","background-type":"","background-media":"","overlay-type":"","overlay-color":"","overlay-opacity":"","overlay-gradient":""}},"ast-content-background-meta":{"desktop":{"background-color":"var(--ast-global-color-5)","background-image":"","background-repeat":"repeat","background-position":"center center","background-size":"auto","background-attachment":"scroll","background-type":"","background-media":"","overlay-type":"","overlay-color":"","overlay-opacity":"","overlay-gradient":""},"tablet":{"background-color":"var(--ast-global-color-5)","background-image":"","background-repeat":"repeat","background-position":"center center","background-size":"auto","background-attachment":"scroll","background-type":"","background-media":"","overlay-type":"","overlay-color":"","overlay-opacity":"","overlay-gradient":""},"mobile":{"background-color":"var(--ast-global-color-5)","background-image":"","background-repeat":"repeat","background-position":"center center","background-size":"auto","background-attachment":"scroll","background-type":"","background-media":"","overlay-type":"","overlay-color":"","overlay-opacity":"","overlay-gradient":""}}},"pwb-brand":[332],"product_brand":[],"product_cat":[353,371],"product_tag":[],"class_list":{"0":"post-3104","1":"product","2":"type-product","3":"status-publish","4":"has-post-thumbnail","6":"pwb-brand-victron","7":"product_cat-reguladores-de-carga-solares","8":"product_cat-reguladores-mppt","9":"desktop-align-left","10":"tablet-align-left","11":"mobile-align-left","12":"ast-product-gallery-layout-horizontal-slider","13":"ast-product-gallery-with-no-image","14":"ast-product-tabs-layout-horizontal","16":"first","17":"instock","18":"taxable","19":"shipping-taxable","20":"purchasable","21":"product-type-simple"},"wcpa_form_fields":null,"brands":[{"id":332,"name":"Victron Energie","slug":"victron"}],"_links":{"self":[{"href":"https:\/\/fvcomponentes.com\/de\/wp-json\/wp\/v2\/product\/3104","targetHints":{"allow":["GET"]}}],"collection":[{"href":"https:\/\/fvcomponentes.com\/de\/wp-json\/wp\/v2\/product"}],"about":[{"href":"https:\/\/fvcomponentes.com\/de\/wp-json\/wp\/v2\/types\/product"}],"replies":[{"embeddable":true,"href":"https:\/\/fvcomponentes.com\/de\/wp-json\/wp\/v2\/comments?post=3104"}],"wp:featuredmedia":[{"embeddable":true,"href":"https:\/\/fvcomponentes.com\/de\/wp-json\/wp\/v2\/media\/3105"}],"wp:attachment":[{"href":"https:\/\/fvcomponentes.com\/de\/wp-json\/wp\/v2\/media?parent=3104"}],"wp:term":[{"taxonomy":"pwb-brand","embeddable":true,"href":"https:\/\/fvcomponentes.com\/de\/wp-json\/wp\/v2\/pwb-brand?post=3104"},{"taxonomy":"product_brand","embeddable":true,"href":"https:\/\/fvcomponentes.com\/de\/wp-json\/wp\/v2\/product_brand?post=3104"},{"taxonomy":"product_cat","embeddable":true,"href":"https:\/\/fvcomponentes.com\/de\/wp-json\/wp\/v2\/product_cat?post=3104"},{"taxonomy":"product_tag","embeddable":true,"href":"https:\/\/fvcomponentes.com\/de\/wp-json\/wp\/v2\/product_tag?post=3104"}],"curies":[{"name":"wp","href":"https:\/\/api.w.org\/{rel}","templated":true}]}}