{"id":31021,"date":"2025-09-29T15:27:50","date_gmt":"2025-09-29T13:27:50","guid":{"rendered":"https:\/\/fvcomponentes.com\/?post_type=product&#038;p=31021"},"modified":"2026-01-23T12:41:50","modified_gmt":"2026-01-23T11:41:50","slug":"schraubklemme-m10-fur-16mm-kabel","status":"publish","type":"product","link":"https:\/\/fvcomponentes.com\/de\/producto\/terminal-de-tornillo-m10-para-cable-de-16mm\/","title":{"rendered":"Schraubklemme f\u00fcr Kabel 16mm M10 - T-16\/10"},"content":{"rendered":"<p>Die M10-Schraubklemme f\u00fcr 16-mm-Kabel ist ein elektrisches Bauteil, das f\u00fcr eine sichere, zuverl\u00e4ssige und dauerhafte Verbindung in Nieder- und Mittelspannungsanlagen, wie z. B. Solarbatterieanlagen f\u00fcr den Eigenverbrauch im Haus oder f\u00fcr die Elektrifizierung von Wohnwagen und Booten, konzipiert ist.<\/p>\n<p>Die Klemmen bestehen aus elektrolytischem Kupferrohr mit verzinnter Oberfl\u00e4che, was eine ausgezeichnete elektrische Leitf\u00e4higkeit und mechanische Festigkeit garantiert. Sie sind die ideale L\u00f6sung f\u00fcr die Verdrahtung in Industrie-, Solar- oder Automobilanwendungen.<\/p>\n<p>Seine Konstruktion erm\u00f6glicht eine feste Befestigung von Kabeln bis zu 16 mm Querschnitt, wodurch Fehlkontakte vermieden werden. Der Durchmesser M10 macht sie kompatibel mit einer Vielzahl von Batterieklemmen, Verteilersystemen wie Stromschienen und anderen elektrischen Ger\u00e4ten.<\/p>\n<p>Vergessen Sie Komplikationen: Sie k\u00f6nnen das von Ihnen ben\u00f6tigte Kabel bereits fertig konfektioniert bestellen, mit gecrimpten Kontakten und von unseren Fachleuten installierten Schrumpfschl\u00e4uchen. Bestellen Sie sie \u00fcber diese Links:<br \/>\n<a href=\"https:\/\/fvcomponentes.com\/de\/produkt\/16mm-rotes-batteriekabel-nach-mas\/\" target=\"_blank\" rel=\"noopener\">Batteriekabel 16mm SCHWARZ (Sonderanfertigung)<\/a><br \/>\n<a href=\"https:\/\/fvcomponentes.com\/de\/produkt\/16mm-rotes-batteriekabel-nach-mas\/\" target=\"_blank\" rel=\"noopener\">Batteriekabel 16mm ROT (Custom)<\/a><\/p>","protected":false},"excerpt":{"rendered":"<ul>\n<li><strong>F\u00fcr 16mm Kabel<\/strong><\/li>\n<li><strong>Metrische Klemme 10<\/strong><\/li>\n<\/ul>","protected":false},"featured_media":31020,"comment_status":"closed","ping_status":"closed","template":"","meta":{"site-sidebar-layout":"default","site-content-layout":"","ast-site-content-layout":"default","site-content-style":"default","site-sidebar-style":"default","ast-global-header-display":"","ast-banner-title-visibility":"","ast-main-header-display":"","ast-hfb-above-header-display":"","ast-hfb-below-header-display":"","ast-hfb-mobile-header-display":"","site-post-title":"","ast-breadcrumbs-content":"","ast-featured-img":"","footer-sml-layout":"","ast-disable-related-posts":"","theme-transparent-header-meta":"default","adv-header-id-meta":"","stick-header-meta":"","header-above-stick-meta":"","header-main-stick-meta":"","header-below-stick-meta":"","astra-migrate-meta-layouts":"set","ast-page-background-enabled":"default","ast-page-background-meta":{"desktop":{"background-color":"var(--ast-global-color-4)","background-image":"","background-repeat":"repeat","background-position":"center center","background-size":"auto","background-attachment":"scroll","background-type":"","background-media":"","overlay-type":"","overlay-color":"","overlay-opacity":"","overlay-gradient":""},"tablet":{"background-color":"","background-image":"","background-repeat":"repeat","background-position":"center center","background-size":"auto","background-attachment":"scroll","background-type":"","background-media":"","overlay-type":"","overlay-color":"","overlay-opacity":"","overlay-gradient":""},"mobile":{"background-color":"","background-image":"","background-repeat":"repeat","background-position":"center center","background-size":"auto","background-attachment":"scroll","background-type":"","background-media":"","overlay-type":"","overlay-color":"","overlay-opacity":"","overlay-gradient":""}},"ast-content-background-meta":{"desktop":{"background-color":"var(--ast-global-color-5)","background-image":"","background-repeat":"repeat","background-position":"center center","background-size":"auto","background-attachment":"scroll","background-type":"","background-media":"","overlay-type":"","overlay-color":"","overlay-opacity":"","overlay-gradient":""},"tablet":{"background-color":"var(--ast-global-color-5)","background-image":"","background-repeat":"repeat","background-position":"center center","background-size":"auto","background-attachment":"scroll","background-type":"","background-media":"","overlay-type":"","overlay-color":"","overlay-opacity":"","overlay-gradient":""},"mobile":{"background-color":"var(--ast-global-color-5)","background-image":"","background-repeat":"repeat","background-position":"center center","background-size":"auto","background-attachment":"scroll","background-type":"","background-media":"","overlay-type":"","overlay-color":"","overlay-opacity":"","overlay-gradient":""}}},"pwb-brand":[1010],"product_brand":[],"product_cat":[410,1008],"product_tag":[],"class_list":{"0":"post-31021","1":"product","2":"type-product","3":"status-publish","4":"has-post-thumbnail","6":"pwb-brand-fvcomponentes","7":"product_cat-material-electrico","8":"product_cat-terminales-de-tornillo","9":"desktop-align-left","10":"tablet-align-left","11":"mobile-align-left","12":"ast-product-gallery-layout-horizontal-slider","13":"ast-product-gallery-with-no-image","14":"ast-product-tabs-layout-horizontal","16":"first","17":"instock","18":"taxable","19":"shipping-taxable","20":"purchasable","21":"product-type-simple"},"wcpa_form_fields":null,"brands":[{"id":1010,"name":"FVComponentes","slug":"fvcomponentes"}],"_links":{"self":[{"href":"https:\/\/fvcomponentes.com\/de\/wp-json\/wp\/v2\/product\/31021","targetHints":{"allow":["GET"]}}],"collection":[{"href":"https:\/\/fvcomponentes.com\/de\/wp-json\/wp\/v2\/product"}],"about":[{"href":"https:\/\/fvcomponentes.com\/de\/wp-json\/wp\/v2\/types\/product"}],"replies":[{"embeddable":true,"href":"https:\/\/fvcomponentes.com\/de\/wp-json\/wp\/v2\/comments?post=31021"}],"wp:featuredmedia":[{"embeddable":true,"href":"https:\/\/fvcomponentes.com\/de\/wp-json\/wp\/v2\/media\/31020"}],"wp:attachment":[{"href":"https:\/\/fvcomponentes.com\/de\/wp-json\/wp\/v2\/media?parent=31021"}],"wp:term":[{"taxonomy":"pwb-brand","embeddable":true,"href":"https:\/\/fvcomponentes.com\/de\/wp-json\/wp\/v2\/pwb-brand?post=31021"},{"taxonomy":"product_brand","embeddable":true,"href":"https:\/\/fvcomponentes.com\/de\/wp-json\/wp\/v2\/product_brand?post=31021"},{"taxonomy":"product_cat","embeddable":true,"href":"https:\/\/fvcomponentes.com\/de\/wp-json\/wp\/v2\/product_cat?post=31021"},{"taxonomy":"product_tag","embeddable":true,"href":"https:\/\/fvcomponentes.com\/de\/wp-json\/wp\/v2\/product_tag?post=31021"}],"curies":[{"name":"wp","href":"https:\/\/api.w.org\/{rel}","templated":true}]}}