{"id":30992,"date":"2025-09-29T14:17:34","date_gmt":"2025-09-29T12:17:34","guid":{"rendered":"https:\/\/fvcomponentes.com\/?post_type=product&#038;p=30992"},"modified":"2026-01-23T12:24:25","modified_gmt":"2026-01-23T11:24:25","slug":"schraubklemme-m8-fur-10mm-kabel","status":"publish","type":"product","link":"https:\/\/fvcomponentes.com\/de\/producto\/terminal-de-tornillo-m8-para-cable-de-10mm\/","title":{"rendered":"Schraubklemme f\u00fcr Kabel 10mm M8 - TT-10\/8"},"content":{"rendered":"<p>Die M8-Schraubklemme f\u00fcr 10-mm-Kabel ist ein elektrisches Bauteil, das f\u00fcr eine sichere, zuverl\u00e4ssige und dauerhafte Verbindung in Nieder- und Mittelspannungsanlagen, wie z. B. Solarbatterieanlagen f\u00fcr den Eigenverbrauch in H\u00e4usern oder f\u00fcr die Elektrifizierung von Wohnwagen und Booten, konzipiert ist.<\/p>\n<p>Die Klemmen bestehen aus elektrolytischem Kupferrohr mit verzinnter Oberfl\u00e4che, was eine ausgezeichnete elektrische Leitf\u00e4higkeit und mechanische Festigkeit garantiert. Sie sind die ideale L\u00f6sung f\u00fcr die Verdrahtung in Industrie-, Solar- oder Automobilanwendungen.<\/p>\n<p>Die aufgeweitete Form am Schaftende erm\u00f6glicht eine feste Fixierung von Kabeln bis zu 10 mm Querschnitt und vermeidet Fehlkontakte. Der Durchmesser M8 macht sie kompatibel mit einer Vielzahl von Batterieklemmen, Verteilersystemen wie Sammelschienen und anderen elektrischen Ger\u00e4ten.<\/p>\n<p>Die Klemmen werden gem\u00e4\u00df der Norm NF-C20-130 hergestellt, die festlegt, wie Klemmen hergestellt und verwendet werden sollten, um die elektrische Sicherheit, Kompatibilit\u00e4t und Zuverl\u00e4ssigkeit in Nieder- und Mittelspannungsanlagen zu gew\u00e4hrleisten.<\/p>\n<p>Vergessen Sie Komplikationen: Sie k\u00f6nnen das von Ihnen ben\u00f6tigte Kabel bereits fertig konfektioniert bestellen, mit gecrimpten Kontakten und von unseren Fachleuten installierten Schrumpfschl\u00e4uchen. Bestellen Sie sie \u00fcber diese Links:<br \/>\n<a href=\"https:\/\/fvcomponentes.com\/de\/produkt\/masgeschneidertes-trommelkabel-10mm-schwarz\/\" target=\"_blank\" rel=\"noopener\">Batteriekabel 10mm SCHWARZ (Custom)<\/a><br \/>\n<a href=\"https:\/\/fvcomponentes.com\/de\/produkt\/sonderanfertigung-10mm-rotes-batteriekabel\/\" target=\"_blank\" rel=\"noopener\">Batteriekabel 10mm ROT (Custom)<\/a><\/p>","protected":false},"excerpt":{"rendered":"<ul>\n<li><strong>F\u00fcr 10mm Kabel<\/strong><\/li>\n<li><strong>Metrische Klemme 8<\/strong><\/li>\n<\/ul>","protected":false},"featured_media":30991,"comment_status":"closed","ping_status":"closed","template":"","meta":{"site-sidebar-layout":"default","site-content-layout":"","ast-site-content-layout":"default","site-content-style":"default","site-sidebar-style":"default","ast-global-header-display":"","ast-banner-title-visibility":"","ast-main-header-display":"","ast-hfb-above-header-display":"","ast-hfb-below-header-display":"","ast-hfb-mobile-header-display":"","site-post-title":"","ast-breadcrumbs-content":"","ast-featured-img":"","footer-sml-layout":"","ast-disable-related-posts":"","theme-transparent-header-meta":"default","adv-header-id-meta":"","stick-header-meta":"","header-above-stick-meta":"","header-main-stick-meta":"","header-below-stick-meta":"","astra-migrate-meta-layouts":"set","ast-page-background-enabled":"default","ast-page-background-meta":{"desktop":{"background-color":"var(--ast-global-color-4)","background-image":"","background-repeat":"repeat","background-position":"center center","background-size":"auto","background-attachment":"scroll","background-type":"","background-media":"","overlay-type":"","overlay-color":"","overlay-opacity":"","overlay-gradient":""},"tablet":{"background-color":"","background-image":"","background-repeat":"repeat","background-position":"center center","background-size":"auto","background-attachment":"scroll","background-type":"","background-media":"","overlay-type":"","overlay-color":"","overlay-opacity":"","overlay-gradient":""},"mobile":{"background-color":"","background-image":"","background-repeat":"repeat","background-position":"center center","background-size":"auto","background-attachment":"scroll","background-type":"","background-media":"","overlay-type":"","overlay-color":"","overlay-opacity":"","overlay-gradient":""}},"ast-content-background-meta":{"desktop":{"background-color":"var(--ast-global-color-5)","background-image":"","background-repeat":"repeat","background-position":"center center","background-size":"auto","background-attachment":"scroll","background-type":"","background-media":"","overlay-type":"","overlay-color":"","overlay-opacity":"","overlay-gradient":""},"tablet":{"background-color":"var(--ast-global-color-5)","background-image":"","background-repeat":"repeat","background-position":"center center","background-size":"auto","background-attachment":"scroll","background-type":"","background-media":"","overlay-type":"","overlay-color":"","overlay-opacity":"","overlay-gradient":""},"mobile":{"background-color":"var(--ast-global-color-5)","background-image":"","background-repeat":"repeat","background-position":"center center","background-size":"auto","background-attachment":"scroll","background-type":"","background-media":"","overlay-type":"","overlay-color":"","overlay-opacity":"","overlay-gradient":""}}},"pwb-brand":[1010],"product_brand":[],"product_cat":[410,1008],"product_tag":[],"class_list":{"0":"post-30992","1":"product","2":"type-product","3":"status-publish","4":"has-post-thumbnail","6":"pwb-brand-fvcomponentes","7":"product_cat-material-electrico","8":"product_cat-terminales-de-tornillo","9":"desktop-align-left","10":"tablet-align-left","11":"mobile-align-left","12":"ast-product-gallery-layout-horizontal-slider","13":"ast-product-gallery-with-no-image","14":"ast-product-tabs-layout-horizontal","16":"first","17":"instock","18":"taxable","19":"shipping-taxable","20":"purchasable","21":"product-type-simple"},"wcpa_form_fields":null,"brands":[{"id":1010,"name":"FVComponentes","slug":"fvcomponentes"}],"_links":{"self":[{"href":"https:\/\/fvcomponentes.com\/de\/wp-json\/wp\/v2\/product\/30992","targetHints":{"allow":["GET"]}}],"collection":[{"href":"https:\/\/fvcomponentes.com\/de\/wp-json\/wp\/v2\/product"}],"about":[{"href":"https:\/\/fvcomponentes.com\/de\/wp-json\/wp\/v2\/types\/product"}],"replies":[{"embeddable":true,"href":"https:\/\/fvcomponentes.com\/de\/wp-json\/wp\/v2\/comments?post=30992"}],"wp:featuredmedia":[{"embeddable":true,"href":"https:\/\/fvcomponentes.com\/de\/wp-json\/wp\/v2\/media\/30991"}],"wp:attachment":[{"href":"https:\/\/fvcomponentes.com\/de\/wp-json\/wp\/v2\/media?parent=30992"}],"wp:term":[{"taxonomy":"pwb-brand","embeddable":true,"href":"https:\/\/fvcomponentes.com\/de\/wp-json\/wp\/v2\/pwb-brand?post=30992"},{"taxonomy":"product_brand","embeddable":true,"href":"https:\/\/fvcomponentes.com\/de\/wp-json\/wp\/v2\/product_brand?post=30992"},{"taxonomy":"product_cat","embeddable":true,"href":"https:\/\/fvcomponentes.com\/de\/wp-json\/wp\/v2\/product_cat?post=30992"},{"taxonomy":"product_tag","embeddable":true,"href":"https:\/\/fvcomponentes.com\/de\/wp-json\/wp\/v2\/product_tag?post=30992"}],"curies":[{"name":"wp","href":"https:\/\/api.w.org\/{rel}","templated":true}]}}