{"id":3095,"date":"2020-09-16T11:47:49","date_gmt":"2020-09-16T09:47:49","guid":{"rendered":"https:\/\/fvcomponentes.com\/producto\/regulador-victron-bluesolar-mppt-100-30\/"},"modified":"2026-04-04T12:46:41","modified_gmt":"2026-04-04T10:46:41","slug":"victron-bluesolar-mppt-100-regler-30","status":"publish","type":"product","link":"https:\/\/fvcomponentes.com\/de\/producto\/regulador-victron-bluesolar-mppt-100-30\/","title":{"rendered":"Victron BlueSolar MPPT 100\/30 Steuerger\u00e4t - SCC020030200"},"content":{"rendered":"<h2>Victron BlueSolar MPPT 100\/30 Steuerger\u00e4t - SCC020030200<\/h2>\n<div>Mit dem Victron BlueSolar MPPT 100\/30 Laderegler k\u00f6nnen Sie einen Ladestrom von bis zu 30 Ampere und eine PV-Spannung von bis zu 100 Volt nutzen. Der Victron BlueSolar 100\/30 MPPT Laderegler kann eine Batterie mit einer niedrigeren Nennspannung von PV-Paneelen mit einer h\u00f6heren Nennspannung von mindestens +5V laden. Der BlueSolar Laderegler passt die Nennspannung der Batterie automatisch auf 12 oder 24 V an, sobald er an den Regler angeschlossen ist.<\/div>\n<div><\/div>\n<div><strong>Ultraschnelles Maximum Power Point Tracking (MPPT)<\/strong><br \/>\nBesonders bei bew\u00f6lktem Himmel, wenn sich die Lichtintensit\u00e4t st\u00e4ndig \u00e4ndert, ist eine<br \/>\nDer ultraschnelle MPPT-Controller verbessert die Energieernte um bis zu 30%, verglichen mit 30% im Falle eines<br \/>\nmit PWM-Ladereglern und um bis zu 10% im Vergleich zu MPPT-Reglern.<br \/>\nlangsamer.<\/div>\n<p><strong>Erweiterte Maximum Power Point-Erkennung bei teilweiser Bew\u00f6lkung<\/strong><br \/>\nBei teilweiser Bew\u00f6lkung k\u00f6nnen zwei oder mehr maximale Leistungspunkte (MPP) im<br \/>\nLastspannungskurve. Konventionelle MPPTs w\u00e4hlen in der Regel einen lokalen MPP, der nicht unbedingt der MPP<br \/>\noptimal. Der innovative Algorithmus von SmartSolar maximiert die Energiegewinnung durch Auswahl der optimalen<br \/>\nOptimaler MPP.<\/p>\n<p><strong>Au\u00dfergew\u00f6hnliche Umwandlungseffizienz<\/strong><br \/>\nL\u00fcfterlos. Der maximale Wirkungsgrad \u00fcbertrifft 98%.<\/p>\n<p><strong>Flexibler Ladealgorithmus<\/strong><br \/>\nEin vollst\u00e4ndig programmierbarer Ladealgorithmus (siehe die Software-Seite auf unserer Website)<br \/>\nWeb) und acht vorprogrammierte Ladealgorithmen, die mit einem Drehschalter ausgew\u00e4hlt werden k\u00f6nnen.<br \/>\n(siehe Handbuch f\u00fcr weitere Informationen).<\/p>\n<p><strong>Umfassender elektronischer Schutz<\/strong><br \/>\n\u00dcberhitzungsschutz und Leistungsreduzierung bei hohen Temperaturen. Kurzschluss- und Verpolungsschutz f\u00fcr PV-Paneele. PV-R\u00fcckstromschutz.<\/p>\n<p><strong>Interner Temperatursensor<\/strong><br \/>\nKompensiert die Absorptions- und Auftriebsspannung in Abh\u00e4ngigkeit von der Temperatur.<\/p>\n<p><strong>Funktion zur Wiederherstellung einer vollst\u00e4ndig entladenen Batterie<\/strong><br \/>\nEs beginnt mit dem Laden, auch wenn die Batterie auf Null Volt entladen ist.<br \/>\nWiederherstellung der Verbindung zu einem vollst\u00e4ndig entladenen Lithium-Ionen-Akku mit Trennfunktion<br \/>\nintern.<\/p>\n<p><strong>VE.Direkt<\/strong><br \/>\nF\u00fcr eine kabelgebundene Datenverbindung zu einem Color Control GX, anderen GX-Produkten, PCs oder anderen Ger\u00e4ten<br \/>\nGer\u00e4te.<\/p>\n<h2>Datenblatt Victron BlueSolar MPPT 100\/30 Regler - SCC020030200<\/h2>\n<p><a href=\"https:\/\/fvcomponentes.com\/wp-content\/uploads\/2020\/09\/Datasheet-BlueSolar-charge-controller-MPPT-100-30-100-50-ES.pdf\" target=\"_blank\" rel=\"noopener\">Victron BlueSolar MPPT 100\/30-Regler - SCC020030200 Datenblatt anzeigen<\/a><\/p>\n<h2>Handbuch Victron BlueSolar MPPT 100\/30 Regler - SCC020030200<\/h2>\n<p><a href=\"https:\/\/fvcomponentes.com\/wp-content\/uploads\/2025\/10\/29694-MPPT_solar_charger_manual-pdf-es-3.pdf\" target=\"_blank\" rel=\"noopener\">Victron BlueSolar MPPT 100\/30 Controller Handbuch anzeigen - SCC020030200<\/a><\/p>","protected":false},"excerpt":{"rendered":"<ul>\n<li><span style=\"color: #ff0000\"><strong>Ger\u00e4te ohne Bluetooth<\/strong><\/span><\/li>\n<li><strong>Modell mit Bluetooth: <a href=\"https:\/\/fvcomponentes.com\/de\/produkt\/victron-smartsolar-mppt-100-30-regler\/\" target=\"_blank\" rel=\"noopener\">Victron SmartSolar MPPT 100\/30 Steuerger\u00e4t - SCC110030210<\/a><\/strong><\/li>\n<li><strong>Spannung der Batterie;<\/strong> 12\/24 V Auto Select<\/li>\n<li><strong>Last Nennstrom;<\/strong> 30 A<\/li>\n<li><strong>Maximale Leistung PV, 12V;<\/strong>\u00a0 440 W<\/li>\n<li><strong>Maximale Leistung PV, 24V<\/strong>; 880 W<\/li>\n<\/ul>","protected":false},"featured_media":3096,"comment_status":"open","ping_status":"closed","template":"","meta":{"site-sidebar-layout":"default","site-content-layout":"default","ast-site-content-layout":"default","site-content-style":"default","site-sidebar-style":"default","ast-global-header-display":"","ast-banner-title-visibility":"","ast-main-header-display":"","ast-hfb-above-header-display":"","ast-hfb-below-header-display":"","ast-hfb-mobile-header-display":"","site-post-title":"","ast-breadcrumbs-content":"","ast-featured-img":"","footer-sml-layout":"","ast-disable-related-posts":"","theme-transparent-header-meta":"default","adv-header-id-meta":"","stick-header-meta":"","header-above-stick-meta":"","header-main-stick-meta":"","header-below-stick-meta":"","astra-migrate-meta-layouts":"set","ast-page-background-enabled":"default","ast-page-background-meta":{"desktop":{"background-color":"var(--ast-global-color-4)","background-image":"","background-repeat":"repeat","background-position":"center center","background-size":"auto","background-attachment":"scroll","background-type":"","background-media":"","overlay-type":"","overlay-color":"","overlay-opacity":"","overlay-gradient":""},"tablet":{"background-color":"","background-image":"","background-repeat":"repeat","background-position":"center center","background-size":"auto","background-attachment":"scroll","background-type":"","background-media":"","overlay-type":"","overlay-color":"","overlay-opacity":"","overlay-gradient":""},"mobile":{"background-color":"","background-image":"","background-repeat":"repeat","background-position":"center center","background-size":"auto","background-attachment":"scroll","background-type":"","background-media":"","overlay-type":"","overlay-color":"","overlay-opacity":"","overlay-gradient":""}},"ast-content-background-meta":{"desktop":{"background-color":"var(--ast-global-color-5)","background-image":"","background-repeat":"repeat","background-position":"center center","background-size":"auto","background-attachment":"scroll","background-type":"","background-media":"","overlay-type":"","overlay-color":"","overlay-opacity":"","overlay-gradient":""},"tablet":{"background-color":"var(--ast-global-color-5)","background-image":"","background-repeat":"repeat","background-position":"center center","background-size":"auto","background-attachment":"scroll","background-type":"","background-media":"","overlay-type":"","overlay-color":"","overlay-opacity":"","overlay-gradient":""},"mobile":{"background-color":"var(--ast-global-color-5)","background-image":"","background-repeat":"repeat","background-position":"center center","background-size":"auto","background-attachment":"scroll","background-type":"","background-media":"","overlay-type":"","overlay-color":"","overlay-opacity":"","overlay-gradient":""}}},"pwb-brand":[332],"product_brand":[],"product_cat":[353,371],"product_tag":[],"class_list":{"0":"post-3095","1":"product","2":"type-product","3":"status-publish","4":"has-post-thumbnail","6":"pwb-brand-victron","7":"product_cat-reguladores-de-carga-solares","8":"product_cat-reguladores-mppt","9":"desktop-align-left","10":"tablet-align-left","11":"mobile-align-left","12":"ast-product-gallery-layout-horizontal-slider","13":"ast-product-tabs-layout-horizontal","15":"first","16":"instock","17":"taxable","18":"shipping-taxable","19":"purchasable","20":"product-type-simple"},"wcpa_form_fields":null,"brands":[{"id":332,"name":"Victron Energie","slug":"victron"}],"_links":{"self":[{"href":"https:\/\/fvcomponentes.com\/de\/wp-json\/wp\/v2\/product\/3095","targetHints":{"allow":["GET"]}}],"collection":[{"href":"https:\/\/fvcomponentes.com\/de\/wp-json\/wp\/v2\/product"}],"about":[{"href":"https:\/\/fvcomponentes.com\/de\/wp-json\/wp\/v2\/types\/product"}],"replies":[{"embeddable":true,"href":"https:\/\/fvcomponentes.com\/de\/wp-json\/wp\/v2\/comments?post=3095"}],"wp:featuredmedia":[{"embeddable":true,"href":"https:\/\/fvcomponentes.com\/de\/wp-json\/wp\/v2\/media\/3096"}],"wp:attachment":[{"href":"https:\/\/fvcomponentes.com\/de\/wp-json\/wp\/v2\/media?parent=3095"}],"wp:term":[{"taxonomy":"pwb-brand","embeddable":true,"href":"https:\/\/fvcomponentes.com\/de\/wp-json\/wp\/v2\/pwb-brand?post=3095"},{"taxonomy":"product_brand","embeddable":true,"href":"https:\/\/fvcomponentes.com\/de\/wp-json\/wp\/v2\/product_brand?post=3095"},{"taxonomy":"product_cat","embeddable":true,"href":"https:\/\/fvcomponentes.com\/de\/wp-json\/wp\/v2\/product_cat?post=3095"},{"taxonomy":"product_tag","embeddable":true,"href":"https:\/\/fvcomponentes.com\/de\/wp-json\/wp\/v2\/product_tag?post=3095"}],"curies":[{"name":"wp","href":"https:\/\/api.w.org\/{rel}","templated":true}]}}