{"id":3091,"date":"2020-09-16T10:57:58","date_gmt":"2020-09-16T08:57:58","guid":{"rendered":"https:\/\/fvcomponentes.com\/producto\/regulador-victron-bluesolar-mppt-150-70-tr\/"},"modified":"2026-04-08T21:34:44","modified_gmt":"2026-04-08T19:34:44","slug":"regler-victron-bluesolar-mppt-150-70-tr","status":"publish","type":"product","link":"https:\/\/fvcomponentes.com\/de\/producto\/regulador-victron-bluesolar-mppt-150-70-tr\/","title":{"rendered":"Victron BlueSolar MPPT 150\/70-Tr Steuerger\u00e4t - SCC010070200"},"content":{"rendered":"<h2>Victron Energy Victron BlueSolar MPPT 150\/70 Tr Regler<\/h2>\n<div>Mit dem Victron BlueSolar MPPT 150\/70 Tr Regler k\u00f6nnen Sie einen Ladestrom von bis zu 70 Ampere und eine PV-Spannung von bis zu 150 Volt nutzen.  Dank ihm k\u00f6nnen Sie eine Batterie mit einer niedrigeren Nennspannung von PV-Panelen mit einer h\u00f6heren Nennspannung von mindestens +5 V laden.  Au\u00dferdem stellt er die Nennspannung der Batterie automatisch auf 12, 24, 36 oder 48 V ein, sobald sie an den Regler angeschlossen ist.<\/div>\n<p><strong>Ultraschnelles Maximum Power Point Tracking (MPPT)<\/strong><br \/>\nInsbesondere bei bew\u00f6lktem Himmel, wenn sich die Lichtintensit\u00e4t st\u00e4ndig \u00e4ndert, kann ein ultraschneller MPPT-Regler die Energieernte um bis zu 30% verbessern, verglichen mit 30% bei bew\u00f6lktem Himmel.<br \/>\nmit PWM-Ladereglern und um bis zu 10% im Vergleich zu langsameren MPPT-Reglern.<\/p>\n<p><strong>Erweiterte Maximum Power Point-Erkennung bei teilweiser Bew\u00f6lkung<\/strong><br \/>\nBei teilweiser Bew\u00f6lkung k\u00f6nnen auf der Lastspannungskurve zwei oder mehr maximale Leistungspunkte (MPP) auftreten. Herk\u00f6mmliche MPPTs w\u00e4hlen normalerweise einen lokalen MPP, der nicht unbedingt der optimale MPP ist. Der innovative Algorithmus von SmartSolar maximiert immer die Energieernte durch die Auswahl des optimalen MPP.<\/p>\n<p><strong>Au\u00dfergew\u00f6hnliche Umwandlungseffizienz<\/strong><br \/>\nL\u00fcfterlos. Der maximale Wirkungsgrad \u00fcbertrifft 98%.<\/p>\n<p><strong>Flexibler Ladealgorithmus<\/strong><br \/>\nEin vollst\u00e4ndig programmierbarer Ladealgorithmus (siehe die Softwareseite auf unserer Website) und acht vorprogrammierte Ladealgorithmen, die mit einem Drehschalter ausgew\u00e4hlt werden k\u00f6nnen.<br \/>\n(siehe Handbuch f\u00fcr weitere Informationen).<\/p>\n<p><strong>Umfassender elektronischer Schutz:<\/strong><\/p>\n<ul>\n<li>\u00dcberhitzungsschutz und Leistungsreduzierung bei hohen Temperaturen.<\/li>\n<li>Kurzschluss- und Verpolungsschutz f\u00fcr PV-Paneele.<\/li>\n<li>PV-R\u00fcckstromschutz.<\/li>\n<\/ul>\n<p><strong>Interner Temperatursensor des Victron BlueSolar MPPT 150\/70-Tr Reglers<\/strong><br \/>\nKompensiert die Absorptions- und Auftriebsspannung in Abh\u00e4ngigkeit von der Temperatur.<\/p>\n<p><strong>Optionaler externer Batteriespannungs- und Temperatursensor \u00fcber Bluetooth<\/strong><br \/>\nEin Smart Battery Sense-Sensor oder BMV-712 Smart Battery Monitor kann verwendet werden, um Batteriespannung und -temperatur an einen oder mehrere Laderegler zu \u00fcbermitteln.<br \/>\nSmartSolar.<\/p>\n<p><strong>Funktion zur Wiederherstellung einer vollst\u00e4ndig entladenen Batterie<\/strong><br \/>\nBeginnt mit dem Laden, auch wenn die Batterie auf Null Volt entladen ist. Stellt die Verbindung zu einer vollst\u00e4ndig entladenen Lithium-Ionen-Batterie mit interner Trennungsfunktion wieder her.<\/p>\n<p><strong>VE.Direkt<\/strong><br \/>\nF\u00fcr eine kabelgebundene Datenverbindung zu einem Color Control GX, anderen GX-Produkten, PC oder anderen Ger\u00e4ten.<\/p>\n<p><strong>Fernbedienung ein\/aus<\/strong><br \/>\nZum Beispiel zum Anschluss an ein VE.BUS BMS.<\/p>\n<p><strong>Programmierbares Relais<\/strong><br \/>\nEs kann programmiert werden (z. B. mit einem Smartphone), um einen Alarm oder andere Ereignisse auszul\u00f6sen.<\/p>\n<h2>Datenblatt Victron BlueSolar MPPT 150\/70-Tr Regler - SCC010070200<\/h2>\n<p><a href=\"https:\/\/fvcomponentes.com\/wp-content\/uploads\/2024\/07\/Ficha-tecnica-Regulador-Victron-BlueSolar-MPPT-150-60-150-70.pdf\" target=\"_blank\" rel=\"noopener\">Victron BlueSolar MPPT 150\/70-Tr - SCC010070200 Datenblatt anzeigen<\/a><\/p>\n<h2>Handbuch Victron BlueSolar MPPT 150\/70-Tr Regler - SCC010070200<\/h2>\n<p><a href=\"https:\/\/fvcomponentes.com\/wp-content\/uploads\/2025\/10\/29694-MPPT_solar_charger_manual-pdf-es-7.pdf\" target=\"_blank\" rel=\"noopener\">Victron BlueSolar MPPT 150\/70-Tr Steuerger\u00e4t Handbuch anzeigen - SCC010070200<\/a><\/p>","protected":false},"excerpt":{"rendered":"<ul>\n<li><strong><span style=\"color: #ff0000\">Ger\u00e4te ohne Bluetooth<\/span><\/strong><\/li>\n<li><strong>Modell mit Bluetooth: <a href=\"https:\/\/fvcomponentes.com\/de\/produkt\/victron-smartsolar-mppt-150-70-tr-regler\/\" target=\"_blank\" rel=\"noopener\">Victron SmartSolar MPPT 150\/70-Tr Steuerger\u00e4t - SCC115070211<\/a><\/strong><\/li>\n<li><strong>Spannung der Batterie;<\/strong>\u00a012\/24\/48 V Automatische Auswahl<\/li>\n<li><strong>Last Nennstrom;<\/strong> 70 A<\/li>\n<li><strong>Maximale Leistung PV, 12V;<\/strong>\u00a0 1.000 W<\/li>\n<li><strong>Maximale Leistung PV, 24V<\/strong>; 2.000 W<\/li>\n<li><strong>Maximale Leistung PV, 48V<\/strong>; 4.000 W<\/li>\n<\/ul>","protected":false},"featured_media":3092,"comment_status":"open","ping_status":"closed","template":"","meta":{"site-sidebar-layout":"default","site-content-layout":"default","ast-site-content-layout":"default","site-content-style":"default","site-sidebar-style":"default","ast-global-header-display":"","ast-banner-title-visibility":"","ast-main-header-display":"","ast-hfb-above-header-display":"","ast-hfb-below-header-display":"","ast-hfb-mobile-header-display":"","site-post-title":"","ast-breadcrumbs-content":"","ast-featured-img":"","footer-sml-layout":"","ast-disable-related-posts":"","theme-transparent-header-meta":"default","adv-header-id-meta":"","stick-header-meta":"","header-above-stick-meta":"","header-main-stick-meta":"","header-below-stick-meta":"","astra-migrate-meta-layouts":"set","ast-page-background-enabled":"default","ast-page-background-meta":{"desktop":{"background-color":"var(--ast-global-color-4)","background-image":"","background-repeat":"repeat","background-position":"center center","background-size":"auto","background-attachment":"scroll","background-type":"","background-media":"","overlay-type":"","overlay-color":"","overlay-opacity":"","overlay-gradient":""},"tablet":{"background-color":"","background-image":"","background-repeat":"repeat","background-position":"center center","background-size":"auto","background-attachment":"scroll","background-type":"","background-media":"","overlay-type":"","overlay-color":"","overlay-opacity":"","overlay-gradient":""},"mobile":{"background-color":"","background-image":"","background-repeat":"repeat","background-position":"center center","background-size":"auto","background-attachment":"scroll","background-type":"","background-media":"","overlay-type":"","overlay-color":"","overlay-opacity":"","overlay-gradient":""}},"ast-content-background-meta":{"desktop":{"background-color":"var(--ast-global-color-5)","background-image":"","background-repeat":"repeat","background-position":"center center","background-size":"auto","background-attachment":"scroll","background-type":"","background-media":"","overlay-type":"","overlay-color":"","overlay-opacity":"","overlay-gradient":""},"tablet":{"background-color":"var(--ast-global-color-5)","background-image":"","background-repeat":"repeat","background-position":"center center","background-size":"auto","background-attachment":"scroll","background-type":"","background-media":"","overlay-type":"","overlay-color":"","overlay-opacity":"","overlay-gradient":""},"mobile":{"background-color":"var(--ast-global-color-5)","background-image":"","background-repeat":"repeat","background-position":"center center","background-size":"auto","background-attachment":"scroll","background-type":"","background-media":"","overlay-type":"","overlay-color":"","overlay-opacity":"","overlay-gradient":""}}},"pwb-brand":[332],"product_brand":[],"product_cat":[371,353],"product_tag":[],"class_list":{"0":"post-3091","1":"product","2":"type-product","3":"status-publish","4":"has-post-thumbnail","6":"pwb-brand-victron","7":"product_cat-reguladores-mppt","8":"product_cat-reguladores-de-carga-solares","9":"desktop-align-left","10":"tablet-align-left","11":"mobile-align-left","12":"ast-product-gallery-layout-horizontal-slider","13":"ast-product-gallery-with-no-image","14":"ast-product-tabs-layout-horizontal","16":"first","17":"instock","18":"taxable","19":"shipping-taxable","20":"purchasable","21":"product-type-simple"},"wcpa_form_fields":null,"brands":[{"id":332,"name":"Victron Energie","slug":"victron"}],"_links":{"self":[{"href":"https:\/\/fvcomponentes.com\/de\/wp-json\/wp\/v2\/product\/3091","targetHints":{"allow":["GET"]}}],"collection":[{"href":"https:\/\/fvcomponentes.com\/de\/wp-json\/wp\/v2\/product"}],"about":[{"href":"https:\/\/fvcomponentes.com\/de\/wp-json\/wp\/v2\/types\/product"}],"replies":[{"embeddable":true,"href":"https:\/\/fvcomponentes.com\/de\/wp-json\/wp\/v2\/comments?post=3091"}],"wp:featuredmedia":[{"embeddable":true,"href":"https:\/\/fvcomponentes.com\/de\/wp-json\/wp\/v2\/media\/3092"}],"wp:attachment":[{"href":"https:\/\/fvcomponentes.com\/de\/wp-json\/wp\/v2\/media?parent=3091"}],"wp:term":[{"taxonomy":"pwb-brand","embeddable":true,"href":"https:\/\/fvcomponentes.com\/de\/wp-json\/wp\/v2\/pwb-brand?post=3091"},{"taxonomy":"product_brand","embeddable":true,"href":"https:\/\/fvcomponentes.com\/de\/wp-json\/wp\/v2\/product_brand?post=3091"},{"taxonomy":"product_cat","embeddable":true,"href":"https:\/\/fvcomponentes.com\/de\/wp-json\/wp\/v2\/product_cat?post=3091"},{"taxonomy":"product_tag","embeddable":true,"href":"https:\/\/fvcomponentes.com\/de\/wp-json\/wp\/v2\/product_tag?post=3091"}],"curies":[{"name":"wp","href":"https:\/\/api.w.org\/{rel}","templated":true}]}}