{"id":3089,"date":"2020-05-08T15:05:12","date_gmt":"2020-05-08T13:05:12","guid":{"rendered":"https:\/\/fvcomponentes.com\/producto\/inversor-phoenix-24-1200-ve-direct-schuko\/"},"modified":"2026-01-15T10:09:08","modified_gmt":"2026-01-15T09:09:08","slug":"phoenix-24-1200-ve-direkt-schuko-wechselrichter","status":"publish","type":"product","link":"https:\/\/fvcomponentes.com\/de\/producto\/inversor-phoenix-24-1200-ve-direct-schuko\/","title":{"rendered":"Wechselrichter Victron Phoenix 24\/1200 VE Direct Schuko - PIN242121200"},"content":{"rendered":"<h4><strong>Der Victron VE.Direct Kommunikationsanschluss erm\u00f6glicht den Anschluss des PV-Wechselrichters an das<\/strong><\/h4>\n<ul>\n<li>Ein Computer (ein VE.Direct-zu-USB-Schnittstellenkabel ist erforderlich).<\/li>\n<li>Apple- und Android-Smartphones, Tablets, Mackbooks und andere Ger\u00e4te (ein VE.Direct zu Bluetooth Smart Dongle ist erforderlich).<\/li>\n<\/ul>\n<h4><strong>Der Phoenix 24\/1200 VE Direct Schuko Inverter ist vollst\u00e4ndig konfigurierbar:<\/strong><\/h4>\n<ul>\n<li>Alarm f\u00fcr niedrige Batteriespannung und Wiedereinschaltpegel.<\/li>\n<li>Abschaltung und Neustart bei niedriger Batteriespannung.<\/li>\n<li>Dynamische Abschaltung: lastabh\u00e4ngige Abschaltstufe<\/li>\n<li>Ausgangsspannung 210 - 245V<\/li>\n<li>Frequenz 50 Hz oder 60 Hz<\/li>\n<li>ECO-Modus ein\/aus und ECO-Modus F\u00fcllstandssensor<\/li>\n<\/ul>\n<h3>Betrieb im ECO-Modus<\/h3>\n<p>Der Wechselrichter bleibt im Stand-by, wenn die Leistung in Watt seines Ausgangs unter einen zuvor konfigurierten Wert f\u00e4llt. Im Standby-Modus schaltet sich der Wechselrichter kurzzeitig ein (einstellbar; Standard: alle 2,5 Sekunden). Wenn die Last den eingestellten Wert \u00fcberschreitet, bleibt der Wechselrichter eingeschaltet.<\/p>\n<h3>Hohe zus\u00e4tzliche Spitzenstartleistung<\/h3>\n<p>Eines der Merkmale der SinusMax-Technologie ist ihre sehr hohe Startleistung. Diese Wechselrichter eignen sich f\u00fcr die Versorgung schwieriger Lasten wie Motoren oder Elektrowerkzeuge mit einer hohen Anlaufspitze.<\/p>\n<h3>Ferngesteuerter Ein\/Aus-Schalter<\/h3>\n<p>An den Phoenix Inverter 24\/1200 VE Direct Schuko k\u00f6nnen Sie einen Ein\/Aus-Fernschalter anschlie\u00dfen und die beiden Dr\u00e4hte zum Wechselrichter f\u00fchren, um den Wechselrichter ferngesteuert ein- und auszuschalten. Diese Option ist eine der am meisten gesch\u00e4tzten von Kunden mit einem Wohnwagen oder einem Boot oder Segelboot.<\/p>\n<h2>Datenblatt Phoenix Wechselrichter 24\/1200 VE Direct Schuko - PIN242121200<\/h2>\n<p><a href=\"https:\/\/fvcomponentes.com\/wp-content\/uploads\/2020\/05\/Datasheet-Phoenix-Inverter-VE.Direct-250VA-1200VA-ES.pdf\" target=\"_blank\" rel=\"noopener\">Siehe Datenblatt Phoenix Inverter 24\/1200 VE Direct Schuko - PIN242121200<\/a><\/p>","protected":false},"excerpt":{"rendered":"<ul>\n<li><strong>Nennleistung: <\/strong>1200W<\/li>\n<li><strong>Spitzenleistung: <\/strong>2200W<\/li>\n<li><strong>Eingangsspannung: <\/strong>24V<\/li>\n<\/ul>","protected":false},"featured_media":3090,"comment_status":"open","ping_status":"closed","template":"","meta":{"site-sidebar-layout":"default","site-content-layout":"default","ast-site-content-layout":"default","site-content-style":"default","site-sidebar-style":"default","ast-global-header-display":"","ast-banner-title-visibility":"","ast-main-header-display":"","ast-hfb-above-header-display":"","ast-hfb-below-header-display":"","ast-hfb-mobile-header-display":"","site-post-title":"","ast-breadcrumbs-content":"","ast-featured-img":"","footer-sml-layout":"","ast-disable-related-posts":"","theme-transparent-header-meta":"default","adv-header-id-meta":"","stick-header-meta":"","header-above-stick-meta":"","header-main-stick-meta":"","header-below-stick-meta":"","astra-migrate-meta-layouts":"set","ast-page-background-enabled":"default","ast-page-background-meta":{"desktop":{"background-color":"var(--ast-global-color-4)","background-image":"","background-repeat":"repeat","background-position":"center center","background-size":"auto","background-attachment":"scroll","background-type":"","background-media":"","overlay-type":"","overlay-color":"","overlay-opacity":"","overlay-gradient":""},"tablet":{"background-color":"","background-image":"","background-repeat":"repeat","background-position":"center center","background-size":"auto","background-attachment":"scroll","background-type":"","background-media":"","overlay-type":"","overlay-color":"","overlay-opacity":"","overlay-gradient":""},"mobile":{"background-color":"","background-image":"","background-repeat":"repeat","background-position":"center center","background-size":"auto","background-attachment":"scroll","background-type":"","background-media":"","overlay-type":"","overlay-color":"","overlay-opacity":"","overlay-gradient":""}},"ast-content-background-meta":{"desktop":{"background-color":"var(--ast-global-color-5)","background-image":"","background-repeat":"repeat","background-position":"center center","background-size":"auto","background-attachment":"scroll","background-type":"","background-media":"","overlay-type":"","overlay-color":"","overlay-opacity":"","overlay-gradient":""},"tablet":{"background-color":"var(--ast-global-color-5)","background-image":"","background-repeat":"repeat","background-position":"center center","background-size":"auto","background-attachment":"scroll","background-type":"","background-media":"","overlay-type":"","overlay-color":"","overlay-opacity":"","overlay-gradient":""},"mobile":{"background-color":"var(--ast-global-color-5)","background-image":"","background-repeat":"repeat","background-position":"center center","background-size":"auto","background-attachment":"scroll","background-type":"","background-media":"","overlay-type":"","overlay-color":"","overlay-opacity":"","overlay-gradient":""}}},"pwb-brand":[332],"product_brand":[],"product_cat":[367,333],"product_tag":[],"class_list":{"0":"post-3089","1":"product","2":"type-product","3":"status-publish","4":"has-post-thumbnail","6":"pwb-brand-victron","7":"product_cat-inversores-24-v","8":"product_cat-inversores","9":"desktop-align-left","10":"tablet-align-left","11":"mobile-align-left","12":"ast-product-gallery-layout-horizontal-slider","13":"ast-product-gallery-with-no-image","14":"ast-product-tabs-layout-horizontal","16":"first","17":"instock","18":"taxable","19":"shipping-taxable","20":"purchasable","21":"product-type-simple"},"wcpa_form_fields":null,"brands":[{"id":332,"name":"Victron Energie","slug":"victron"}],"_links":{"self":[{"href":"https:\/\/fvcomponentes.com\/de\/wp-json\/wp\/v2\/product\/3089","targetHints":{"allow":["GET"]}}],"collection":[{"href":"https:\/\/fvcomponentes.com\/de\/wp-json\/wp\/v2\/product"}],"about":[{"href":"https:\/\/fvcomponentes.com\/de\/wp-json\/wp\/v2\/types\/product"}],"replies":[{"embeddable":true,"href":"https:\/\/fvcomponentes.com\/de\/wp-json\/wp\/v2\/comments?post=3089"}],"wp:featuredmedia":[{"embeddable":true,"href":"https:\/\/fvcomponentes.com\/de\/wp-json\/wp\/v2\/media\/3090"}],"wp:attachment":[{"href":"https:\/\/fvcomponentes.com\/de\/wp-json\/wp\/v2\/media?parent=3089"}],"wp:term":[{"taxonomy":"pwb-brand","embeddable":true,"href":"https:\/\/fvcomponentes.com\/de\/wp-json\/wp\/v2\/pwb-brand?post=3089"},{"taxonomy":"product_brand","embeddable":true,"href":"https:\/\/fvcomponentes.com\/de\/wp-json\/wp\/v2\/product_brand?post=3089"},{"taxonomy":"product_cat","embeddable":true,"href":"https:\/\/fvcomponentes.com\/de\/wp-json\/wp\/v2\/product_cat?post=3089"},{"taxonomy":"product_tag","embeddable":true,"href":"https:\/\/fvcomponentes.com\/de\/wp-json\/wp\/v2\/product_tag?post=3089"}],"curies":[{"name":"wp","href":"https:\/\/api.w.org\/{rel}","templated":true}]}}