{"id":3070,"date":"2020-05-08T14:50:26","date_gmt":"2020-05-08T12:50:26","guid":{"rendered":"https:\/\/fvcomponentes.com\/producto\/inversor-phoenix-12-800-ve-direct-schuko\/"},"modified":"2026-01-15T10:08:30","modified_gmt":"2026-01-15T09:08:30","slug":"phoenix-12-800-ve-direkt-schuko-wechselrichter","status":"publish","type":"product","link":"https:\/\/fvcomponentes.com\/de\/producto\/inversor-phoenix-12-800-ve-direct-schuko\/","title":{"rendered":"Wechselrichter Victron Phoenix 12\/800 VE Direkt Schuko - PIN121801200"},"content":{"rendered":"<h2><strong>Der Victron VE.Direct Kommunikationsanschluss erm\u00f6glicht den Anschluss des PV-Wechselrichters an das<\/strong><\/h2>\n<ul>\n<li>Ein Computer (ein VE.Direct-zu-USB-Schnittstellenkabel ist erforderlich).<\/li>\n<li>Apple- und Android-Smartphones, Tablets, Mackbooks und andere Ger\u00e4te (ein VE.Direct zu Bluetooth Smart Dongle ist erforderlich).<\/li>\n<\/ul>\n<h2><strong>Der Phoenix 12\/800-Wechselrichter ist vollst\u00e4ndig konfigurierbar:<\/strong><\/h2>\n<ul>\n<li>Alarm f\u00fcr niedrige Batteriespannung und Wiedereinschaltpegel.<\/li>\n<li>Abschaltung und Neustart bei niedriger Batteriespannung.<\/li>\n<li>Dynamische Abschaltung: lastabh\u00e4ngige Abschaltstufe<\/li>\n<li>Ausgangsspannung 210 - 245V<\/li>\n<li>Frequenz 50 Hz oder 60 Hz<\/li>\n<li>ECO-Modus ein\/aus und ECO-Modus F\u00fcllstandssensor<\/li>\n<\/ul>\n<h2>Betrieb im ECO-Modus<\/h2>\n<p>Der Wechselrichter bleibt im Stand-by, wenn die Leistung in Watt seines Ausgangs unter einen zuvor konfigurierten Wert f\u00e4llt. Im Standby-Modus schaltet sich der Wechselrichter kurzzeitig ein (einstellbar; Standard: alle 2,5 Sekunden). Wenn die Last den eingestellten Wert \u00fcberschreitet, bleibt der Wechselrichter eingeschaltet.<\/p>\n<h2>Hohe zus\u00e4tzliche Spitzenstartleistung<\/h2>\n<p>Eines der Merkmale der SinusMax-Technologie ist die sehr hohe Startleistung. Phoenix-Wechselrichter eignen sich f\u00fcr die Versorgung schwieriger Lasten, wie Motoren oder Elektrowerkzeuge mit hoher Spitzenstartleistung.<\/p>\n<h2>Ferngesteuerter Ein\/Aus-Schalter<\/h2>\n<p>Bei diesem Modell des Solarwechselrichters k\u00f6nnen Sie einen Ein\/Aus-Fernschalter anschlie\u00dfen und die beiden Dr\u00e4hte zum Wechselrichter f\u00fchren, um den Wechselrichter aus der Ferne ein- und auszuschalten. Diese Option wird von Kunden mit einem Wohnwagen oder einem Boot oder Segelboot am meisten gesch\u00e4tzt.<\/p>\n<h2>Datenblatt Victron Phoenix Wechselrichter 12\/800 VE Direkt Schuko - PIN121801200<\/h2>\n<p><a href=\"https:\/\/fvcomponentes.com\/wp-content\/uploads\/2020\/05\/Datasheet-Phoenix-Inverter-VE.Direct-250VA-1200VA-ES.pdf\" target=\"_blank\" rel=\"noopener\">Siehe technisches Datenblatt Phoenix Inverter 12\/800 VE Direct Schuko - PIN121801200<\/a><\/p>","protected":false},"excerpt":{"rendered":"<ul>\n<li><strong>Nennleistung: <\/strong>800W<\/li>\n<li><strong>Spitzenleistung: <\/strong>1500W<\/li>\n<li><strong>Eingangsspannung: <\/strong>12V<\/li>\n<\/ul>","protected":false},"featured_media":3071,"comment_status":"open","ping_status":"closed","template":"","meta":{"site-sidebar-layout":"default","site-content-layout":"default","ast-site-content-layout":"default","site-content-style":"default","site-sidebar-style":"default","ast-global-header-display":"","ast-banner-title-visibility":"","ast-main-header-display":"","ast-hfb-above-header-display":"","ast-hfb-below-header-display":"","ast-hfb-mobile-header-display":"","site-post-title":"","ast-breadcrumbs-content":"","ast-featured-img":"","footer-sml-layout":"","ast-disable-related-posts":"","theme-transparent-header-meta":"default","adv-header-id-meta":"","stick-header-meta":"","header-above-stick-meta":"","header-main-stick-meta":"","header-below-stick-meta":"","astra-migrate-meta-layouts":"set","ast-page-background-enabled":"default","ast-page-background-meta":{"desktop":{"background-color":"var(--ast-global-color-4)","background-image":"","background-repeat":"repeat","background-position":"center center","background-size":"auto","background-attachment":"scroll","background-type":"","background-media":"","overlay-type":"","overlay-color":"","overlay-opacity":"","overlay-gradient":""},"tablet":{"background-color":"","background-image":"","background-repeat":"repeat","background-position":"center center","background-size":"auto","background-attachment":"scroll","background-type":"","background-media":"","overlay-type":"","overlay-color":"","overlay-opacity":"","overlay-gradient":""},"mobile":{"background-color":"","background-image":"","background-repeat":"repeat","background-position":"center center","background-size":"auto","background-attachment":"scroll","background-type":"","background-media":"","overlay-type":"","overlay-color":"","overlay-opacity":"","overlay-gradient":""}},"ast-content-background-meta":{"desktop":{"background-color":"var(--ast-global-color-5)","background-image":"","background-repeat":"repeat","background-position":"center center","background-size":"auto","background-attachment":"scroll","background-type":"","background-media":"","overlay-type":"","overlay-color":"","overlay-opacity":"","overlay-gradient":""},"tablet":{"background-color":"var(--ast-global-color-5)","background-image":"","background-repeat":"repeat","background-position":"center center","background-size":"auto","background-attachment":"scroll","background-type":"","background-media":"","overlay-type":"","overlay-color":"","overlay-opacity":"","overlay-gradient":""},"mobile":{"background-color":"var(--ast-global-color-5)","background-image":"","background-repeat":"repeat","background-position":"center center","background-size":"auto","background-attachment":"scroll","background-type":"","background-media":"","overlay-type":"","overlay-color":"","overlay-opacity":"","overlay-gradient":""}}},"pwb-brand":[332],"product_brand":[],"product_cat":[364,333],"product_tag":[],"class_list":{"0":"post-3070","1":"product","2":"type-product","3":"status-publish","4":"has-post-thumbnail","6":"pwb-brand-victron","7":"product_cat-inversores-12-v","8":"product_cat-inversores","9":"desktop-align-left","10":"tablet-align-left","11":"mobile-align-left","12":"ast-product-gallery-layout-horizontal-slider","13":"ast-product-gallery-with-no-image","14":"ast-product-tabs-layout-horizontal","16":"first","17":"instock","18":"taxable","19":"shipping-taxable","20":"purchasable","21":"product-type-simple"},"wcpa_form_fields":null,"brands":[{"id":332,"name":"Victron Energie","slug":"victron"}],"_links":{"self":[{"href":"https:\/\/fvcomponentes.com\/de\/wp-json\/wp\/v2\/product\/3070","targetHints":{"allow":["GET"]}}],"collection":[{"href":"https:\/\/fvcomponentes.com\/de\/wp-json\/wp\/v2\/product"}],"about":[{"href":"https:\/\/fvcomponentes.com\/de\/wp-json\/wp\/v2\/types\/product"}],"replies":[{"embeddable":true,"href":"https:\/\/fvcomponentes.com\/de\/wp-json\/wp\/v2\/comments?post=3070"}],"wp:featuredmedia":[{"embeddable":true,"href":"https:\/\/fvcomponentes.com\/de\/wp-json\/wp\/v2\/media\/3071"}],"wp:attachment":[{"href":"https:\/\/fvcomponentes.com\/de\/wp-json\/wp\/v2\/media?parent=3070"}],"wp:term":[{"taxonomy":"pwb-brand","embeddable":true,"href":"https:\/\/fvcomponentes.com\/de\/wp-json\/wp\/v2\/pwb-brand?post=3070"},{"taxonomy":"product_brand","embeddable":true,"href":"https:\/\/fvcomponentes.com\/de\/wp-json\/wp\/v2\/product_brand?post=3070"},{"taxonomy":"product_cat","embeddable":true,"href":"https:\/\/fvcomponentes.com\/de\/wp-json\/wp\/v2\/product_cat?post=3070"},{"taxonomy":"product_tag","embeddable":true,"href":"https:\/\/fvcomponentes.com\/de\/wp-json\/wp\/v2\/product_tag?post=3070"}],"curies":[{"name":"wp","href":"https:\/\/api.w.org\/{rel}","templated":true}]}}