{"id":3053,"date":"2020-03-30T21:58:24","date_gmt":"2020-03-30T19:58:24","guid":{"rendered":"https:\/\/fvcomponentes.com\/producto\/fronius-symo-5-0-3-m\/"},"modified":"2026-01-09T11:56:14","modified_gmt":"2026-01-09T10:56:14","slug":"fronius-symo-5-0-3-m","status":"publish","type":"product","link":"https:\/\/fvcomponentes.com\/de\/producto\/fronius-symo-5-0-3-m\/","title":{"rendered":"Fronius Symo 5.0-3-M dreiphasiger Wechselrichter - 4.210.034"},"content":{"rendered":"<h2><strong>Warum ist der Fronius Symo 5.0 der beste Solarwechselrichter f\u00fcr den Eigenverbrauch?<\/strong><\/h2>\n<p>Der dreiphasige Wechselrichter Fronius Symo 5.0-3-M - 4.210.034 <strong>ist die beste L\u00f6sung<\/strong> f\u00fcr eine flexible Versorgung mit Solarenergie. Mit einer maximalen Leistung des Solarmoduls von 10 <strong>kWp<\/strong> Der Fronius Symo ist der <strong><a href=\"https:\/\/fvcomponentes.com\/de\/produktkategorie\/investoren\/eigenverbrauchs-wechselrichter\/\" target=\"_blank\" rel=\"noopener noreferrer\">dreiphasiger Wechselrichter<\/a><\/strong> ideal f\u00fcr jede Gr\u00f6\u00dfe der Anlage.<\/p>\n<p>Mit seiner SuperFlex-Bauweise ist er dank seiner 2 MPPT-Eing\u00e4nge perfekt f\u00fcr D\u00e4cher mit unterschiedlichen Dachneigungen oder unterschiedlichen Ausrichtungen geeignet. Die serienm\u00e4\u00dfig integrierte Internetanbindung \u00fcber WLAN oder Ethernet und die einfache Integration von Fremdkomponenten machen den Fronius Symo zu einem der kommunikativsten Wechselrichter am Markt. Das integrierte Display erm\u00f6glicht eine sehr schnelle und \u00fcbersichtliche Visualisierung des Verbrauchs.<\/p>\n<h3><strong>Wie wird der Solarwechselrichter angeschlossen?<\/strong><\/h3>\n<p>Die Installation ist sehr einfach und schnell, an der Unterseite des Ger\u00e4ts befinden sich die Eing\u00e4nge f\u00fcr die AC-Verkabelung, der DC-Lasttrennschalter und die Eing\u00e4nge f\u00fcr die Strings (denken Sie daran, dass es 2 MPPT-Tracker enth\u00e4lt).<\/p>\n<p>Wenn Sie die untere Abdeckung entfernen, finden Sie die Anschl\u00fcsse f\u00fcr das ETHERNET-Netzwerk, die WiFi-Antenne und die elektrischen Anschl\u00fcsse f\u00fcr die Verbindung mit dem Netzwerk. <strong>Ger\u00e4te entsprechend der Solarproduktion anschlie\u00dfen.<\/strong><\/p>\n<p><img fetchpriority=\"high\" decoding=\"async\" class=\"size-full wp-image-5565 alignnone\" src=\"https:\/\/fvcomponentes.com\/wp-content\/uploads\/2022\/11\/fronius-primo-connection-area-inverter-169.jpg\" alt=\"fronius-primo-anschluss-bereich-wechselrichter\" width=\"770\" height=\"433\" title=\"\"><\/p>\n<h2><\/h2>\n<h3><strong>Fronius Symo 5.0-3-M 3-Phasen-Konfigurationsschema - 4.210.034<\/strong><\/h3>\n<p>Das Installationsschema ist sehr einfach, wir m\u00fcssen nur die <strong><a href=\"https:\/\/fvcomponentes.com\/de\/produktkategorie\/investoren\/zubehor\/\" target=\"_blank\" rel=\"noopener noreferrer\">Fronius Smart Meter<\/a> <\/strong>am Grenzpunkt unserer Anlage und kommunizieren mit dem Fronius-Wechselrichter. Auf diese Weise k\u00f6nnen wir die gesamte Energie, die wir aus dem Netz verbrauchen, aus den Panels oder die Energie, die wir ins Netz einspeisen, \u00fcberwachen.<\/p>\n<p><img decoding=\"async\" class=\"alignnone\" title=\"schema-connection-fronius\" src=\"https:\/\/fvcomponentes.com\/wp-content\/uploads\/2022\/11\/esquema-fronius.jpg\" alt=\"Schema-Konfigurations-Fronius\" width=\"990\" height=\"350\" \/><\/p>\n<p>&nbsp;<\/p>\n<h3><strong>\u00dcberwachung des Fronius Symo 5.0 Wechselrichters <a href=\"https:\/\/www.solarweb.com\/\" target=\"_blank\" rel=\"noopener noreferrer\">Solarweb.de<\/a><\/strong><\/h3>\n<p>Das Einrichten des Fronius Symo ist kinderleicht, die Bedienung ebenso. Alle Modelle verf\u00fcgen serienm\u00e4\u00dfig \u00fcber ein integriertes Kommunikationspaket mit WLAN, Webserver und Datalogger. \u00dcber unser Online-Portal Fronius Solar.web k\u00f6nnen Anwender die Leistung ihrer PV-Anlage bequem und umfassend \u00fcberwachen und steuern.<\/p>\n<p>Die Anwendung <strong><a href=\"https:\/\/www.solarweb.com\/\" target=\"_blank\" rel=\"noopener noreferrer\">Fronius Solar.web<\/a><\/strong> erm\u00f6glicht es ihnen auch, jederzeit auf alle Anlagendaten zuzugreifen, selbst wenn sie nicht zu Hause sind. Das sorgt f\u00fcr maximale Transparenz und hilft Ihnen, das Beste aus Ihrer selbst erzeugten Solarenergie zu machen.<\/p>\n<p>&nbsp;<\/p>\n<p><img decoding=\"async\" class=\"alignnone wp-image-5566 size-full\" src=\"https:\/\/fvcomponentes.com\/wp-content\/uploads\/2022\/11\/reference-solarweb-app-galvo-ried-tr-169.jpg\" alt=\"solarweb.com-fronius\" width=\"770\" height=\"433\" title=\"\"><\/p>\n<p><img loading=\"lazy\" decoding=\"async\" class=\"alignnone wp-image-5564 size-full\" title=\"fronius-solarweb-monitoring-desktop\" src=\"https:\/\/fvcomponentes.com\/wp-content\/uploads\/2022\/11\/fronius-solarweb-monitoring-desktop-169-en.jpg\" alt=\"fronius-solarweb-Fronius-Symo-3.0\" width=\"770\" height=\"433\" \/><\/p>\n<h2>Datenblatt Fronius Wechselrichter Symo 5.0-3-M dreiphasig - 4.210.034<\/h2>\n<p><a href=\"https:\/\/fvcomponentes.com\/wp-content\/uploads\/2025\/09\/Fronius_TDS_Symo_3.0-3_20.0-3_ES.pdf\" target=\"_blank\" rel=\"noopener\">Technisches Datenblatt Fronius Symo 5.0-3-M Dreiphasen-Wechselrichter - 4.210.034<\/a><\/p>\n<p>&nbsp;<\/p>","protected":false},"excerpt":{"rendered":"<p><strong>Fronius Symo 5.0-3-M dreiphasiger Wechselrichter:\u00a0<\/strong><\/p>\n<ul>\n<li><strong>Maximale Leistungsabgabe;<\/strong> 5 kW<\/li>\n<li><strong>Maximale Leistung der Solarmodule;<\/strong> 10 kWp<\/li>\n<\/ul>","protected":false},"featured_media":3049,"comment_status":"open","ping_status":"closed","template":"","meta":{"site-sidebar-layout":"default","site-content-layout":"default","ast-site-content-layout":"default","site-content-style":"default","site-sidebar-style":"default","ast-global-header-display":"","ast-banner-title-visibility":"","ast-main-header-display":"","ast-hfb-above-header-display":"","ast-hfb-below-header-display":"","ast-hfb-mobile-header-display":"","site-post-title":"","ast-breadcrumbs-content":"","ast-featured-img":"","footer-sml-layout":"","ast-disable-related-posts":"","theme-transparent-header-meta":"default","adv-header-id-meta":"","stick-header-meta":"","header-above-stick-meta":"","header-main-stick-meta":"","header-below-stick-meta":"","astra-migrate-meta-layouts":"set","ast-page-background-enabled":"default","ast-page-background-meta":{"desktop":{"background-color":"var(--ast-global-color-4)","background-image":"","background-repeat":"repeat","background-position":"center center","background-size":"auto","background-attachment":"scroll","background-type":"","background-media":"","overlay-type":"","overlay-color":"","overlay-opacity":"","overlay-gradient":""},"tablet":{"background-color":"","background-image":"","background-repeat":"repeat","background-position":"center center","background-size":"auto","background-attachment":"scroll","background-type":"","background-media":"","overlay-type":"","overlay-color":"","overlay-opacity":"","overlay-gradient":""},"mobile":{"background-color":"","background-image":"","background-repeat":"repeat","background-position":"center center","background-size":"auto","background-attachment":"scroll","background-type":"","background-media":"","overlay-type":"","overlay-color":"","overlay-opacity":"","overlay-gradient":""}},"ast-content-background-meta":{"desktop":{"background-color":"var(--ast-global-color-5)","background-image":"","background-repeat":"repeat","background-position":"center center","background-size":"auto","background-attachment":"scroll","background-type":"","background-media":"","overlay-type":"","overlay-color":"","overlay-opacity":"","overlay-gradient":""},"tablet":{"background-color":"var(--ast-global-color-5)","background-image":"","background-repeat":"repeat","background-position":"center center","background-size":"auto","background-attachment":"scroll","background-type":"","background-media":"","overlay-type":"","overlay-color":"","overlay-opacity":"","overlay-gradient":""},"mobile":{"background-color":"var(--ast-global-color-5)","background-image":"","background-repeat":"repeat","background-position":"center center","background-size":"auto","background-attachment":"scroll","background-type":"","background-media":"","overlay-type":"","overlay-color":"","overlay-opacity":"","overlay-gradient":""}}},"pwb-brand":[344],"product_brand":[],"product_cat":[345,333,921],"product_tag":[],"class_list":{"0":"post-3053","1":"product","2":"type-product","3":"status-publish","4":"has-post-thumbnail","6":"pwb-brand-fronius","7":"product_cat-inversores-de-autoconsumo","8":"product_cat-inversores","9":"product_cat-inversores-autoconsumo-trifasicos","10":"desktop-align-left","11":"tablet-align-left","12":"mobile-align-left","13":"ast-product-gallery-layout-horizontal-slider","14":"ast-product-gallery-with-no-image","15":"ast-product-tabs-layout-horizontal","17":"first","18":"outofstock","19":"sale","20":"taxable","21":"shipping-taxable","22":"purchasable","23":"product-type-simple"},"wcpa_form_fields":null,"brands":[{"id":344,"name":"Fronius-Wechselrichter","slug":"fronius"}],"_links":{"self":[{"href":"https:\/\/fvcomponentes.com\/de\/wp-json\/wp\/v2\/product\/3053","targetHints":{"allow":["GET"]}}],"collection":[{"href":"https:\/\/fvcomponentes.com\/de\/wp-json\/wp\/v2\/product"}],"about":[{"href":"https:\/\/fvcomponentes.com\/de\/wp-json\/wp\/v2\/types\/product"}],"replies":[{"embeddable":true,"href":"https:\/\/fvcomponentes.com\/de\/wp-json\/wp\/v2\/comments?post=3053"}],"wp:featuredmedia":[{"embeddable":true,"href":"https:\/\/fvcomponentes.com\/de\/wp-json\/wp\/v2\/media\/3049"}],"wp:attachment":[{"href":"https:\/\/fvcomponentes.com\/de\/wp-json\/wp\/v2\/media?parent=3053"}],"wp:term":[{"taxonomy":"pwb-brand","embeddable":true,"href":"https:\/\/fvcomponentes.com\/de\/wp-json\/wp\/v2\/pwb-brand?post=3053"},{"taxonomy":"product_brand","embeddable":true,"href":"https:\/\/fvcomponentes.com\/de\/wp-json\/wp\/v2\/product_brand?post=3053"},{"taxonomy":"product_cat","embeddable":true,"href":"https:\/\/fvcomponentes.com\/de\/wp-json\/wp\/v2\/product_cat?post=3053"},{"taxonomy":"product_tag","embeddable":true,"href":"https:\/\/fvcomponentes.com\/de\/wp-json\/wp\/v2\/product_tag?post=3053"}],"curies":[{"name":"wp","href":"https:\/\/api.w.org\/{rel}","templated":true}]}}