{"id":3030,"date":"2020-03-30T21:47:53","date_gmt":"2020-03-30T19:47:53","guid":{"rendered":"https:\/\/fvcomponentes.com\/producto\/fronius-primo-gen-24-plus-3-6\/"},"modified":"2026-03-30T12:15:20","modified_gmt":"2026-03-30T10:15:20","slug":"fronius-primo-gen-24-plus-3-6-2","status":"publish","type":"product","link":"https:\/\/fvcomponentes.com\/de\/producto\/fronius-primo-gen-24-plus-3-6-2\/","title":{"rendered":"Wechselrichter Fronius Primo GEN24 3.6 Plus Einphasiger Hybrid \u2013 4.210.141.002"},"content":{"rendered":"<h2><strong>Warum ist der Primo GEN24 Plus 3.6 der beste Solar-Hybrid-Wechselrichter?<\/strong><\/h2>\n<p>Der Hybrid-Wechselrichter Fronius Primo GEN24 3.6 Plus <strong>ist die beste L\u00f6sung<\/strong> f\u00fcr eine flexible Versorgung mit Sonnenenergie. Ob in der Photovoltaik, in Speichersystemen, in der Notstromversorgung, in der Klimatisierung oder in der Elektromobilit\u00e4t - das Fronius GEN24 Plus bietet eine einzigartige Bandbreite an L\u00f6sungen.<\/p>\n<div>\n<table>\n<tbody>\n<tr>\n<td><img decoding=\"async\" class=\"aligncenter size-full wp-image-6137\" src=\"https:\/\/fvcomponentes.com\/wp-content\/uploads\/2022\/11\/icon-gen24-enchufe.png\" alt=\"\" width=\"50\" height=\"50\" title=\"\"><\/td>\n<td><\/td>\n<td>\n<h3><strong>Integriertes BACK-UP-System<\/strong><\/h3>\n<p>Die Fronius-Wechselrichter der Serie GEN24 Plus verf\u00fcgen \u00fcber ein integriertes Notfallsystem, das auch in Anlagen ohne integrierte Batterie funktioniert.<\/td>\n<\/tr>\n<tr>\n<td><img decoding=\"async\" class=\"aligncenter size-full wp-image-6138\" src=\"https:\/\/fvcomponentes.com\/wp-content\/uploads\/2022\/11\/icon-gen24-llave.png\" alt=\"\" width=\"50\" height=\"50\" title=\"\"><\/td>\n<td><\/td>\n<td>\n<h3><strong>Einfache Installation und Inbetriebnahme<\/strong><\/h3>\n<p>Es verf\u00fcgt \u00fcber Schnellverankerungsschrauben und ein einfaches Wandmontagesystem. Einfache und gef\u00fchrte Konfiguration und Inbetriebnahme per App auf unserem Handy oder Tablet.<\/td>\n<\/tr>\n<tr>\n<td><img decoding=\"async\" class=\"aligncenter size-full wp-image-6139\" src=\"https:\/\/fvcomponentes.com\/wp-content\/uploads\/2022\/11\/icon-gen24-casa.png\" alt=\"\" width=\"50\" height=\"50\" title=\"\"><\/td>\n<td><\/td>\n<td>\n<h3><strong>Maximale Reichweite des Eigenverbrauchs<\/strong><\/h3>\n<p>Integriertes Energiemanagementsystem. Optimierung der \u00fcbersch\u00fcssigen Energie, um den h\u00f6chstm\u00f6glichen Eigenverbrauchsanteil zu erreichen.<\/td>\n<\/tr>\n<tr>\n<td><img loading=\"lazy\" decoding=\"async\" class=\"aligncenter size-full wp-image-6140\" src=\"https:\/\/fvcomponentes.com\/wp-content\/uploads\/2022\/11\/icon-gen24-bateria.png\" alt=\"\" width=\"50\" height=\"50\" title=\"\"><\/td>\n<td><\/td>\n<td>\n<h3><strong>MULTIFLOW-Technologie<\/strong><\/h3>\n<p>Es erm\u00f6glicht den gleichzeitigen Leistungsfluss in alle Richtungen, aber auch die AC-, DC- und AC &amp; DC-Kopplung des Batteriespeichersystems.<\/td>\n<\/tr>\n<tr>\n<td><img loading=\"lazy\" decoding=\"async\" class=\"aligncenter size-full wp-image-6141\" src=\"https:\/\/fvcomponentes.com\/wp-content\/uploads\/2022\/11\/icon-gen24-ahorro.png\" alt=\"\" width=\"50\" height=\"50\" title=\"\"><\/td>\n<td><\/td>\n<td>\n<h3><strong>Gesicherte Ersparnisse<\/strong><\/h3>\n<p>Zahlreiche werkseitig integrierte Funktionen vermeiden unn\u00f6tige Zusatzkosten. Integrierte Funktionen: Back-up-System, Energieverfolgungs- und Analysetool, Dynamic Peak Manager, SuperFlex-Design, Surplus-Management-System...<\/td>\n<\/tr>\n<\/tbody>\n<\/table>\n<\/div>\n<h3>Integration des Wechselrichters Fronius Primo GEN24 Plus<\/h3>\n<p>Der Fronius Primo GEN24 Plus Wechselrichter ist die vielseitigste L\u00f6sung, die alle Bed\u00fcrfnisse im Haushalt abdeckt.<\/p>\n<p>Die energetische Integration des Hauses wird durch ein unverzichtbares Element gew\u00e4hrleistet, das die Energie der Sonnenkollektoren in Elektrizit\u00e4t umwandelt, die f\u00fcr alle Arten von Haushaltsger\u00e4ten geeignet ist:<\/p>\n<ul>\n<li>Warmwasserbereiter<\/li>\n<li>Ladepunkte f\u00fcr neue Elektrofahrzeuge.<\/li>\n<\/ul>\n<p>Die GEN24 Plus Serie l\u00e4sst sich nahtlos in ein \u00dcberwachungs- und Steuerungssystem integrieren, so dass Sie von jedem Ort aus in Echtzeit Zugriff auf Ihre Anlage haben: <a href=\"https:\/\/www.solarweb.com\/\" target=\"_blank\" rel=\"noreferrer noopener\">Solar.web<\/a>. Es ist eine App, die f\u00fcr Android und Apple verf\u00fcgbar ist.<\/p>\n<h3><strong>Fronius PV-Punkt<\/strong><\/h3>\n<p>Die revolution\u00e4re Technologie von Fronius bietet uns eine 3-kW-Leistung f\u00fcr Notfallsituationen. Neu ist, dass diese Leistung in den folgenden Situationen eingesetzt werden kann<strong> keine Batterien erforderlich<\/strong>. Wir k\u00f6nnen jedes Ger\u00e4t direkt und punktuell mit Strom versorgen, solange die Paneele diese Leistung in diesem Moment liefern.<\/p>\n<p><img loading=\"lazy\" decoding=\"async\" class=\"alignnone wp-image-5558\" src=\"https:\/\/fvcomponentes.com\/wp-content\/uploads\/2022\/11\/pv-point-fronius.png\" alt=\"pv-point-fronius\" width=\"800\" height=\"557\" title=\"\"><\/p>\n<p>Ohne Netzstrom und ohne Batterie k\u00f6nnen wir direkt von den Solarmodulen in eine Leitung von bis zu 3 kW einspeisen.<\/p>\n<h3><strong>Multi Flow Technologie<\/strong><\/h3>\n<p>Jetzt kann die Energie in beide Richtungen flie\u00dfen, Paneele - Solarbatterie und Netz, sogar Zeitregeln k\u00f6nnen erstellt werden, um vom Netz zu laden, eine Mindestentladung der Batterie festzulegen, usw... Fast jede Kombination ist m\u00f6glich.<\/p>\n<p><img loading=\"lazy\" decoding=\"async\" class=\"alignnone wp-image-5557\" src=\"https:\/\/fvcomponentes.com\/wp-content\/uploads\/2022\/11\/multiflow.png\" alt=\"fronius-multifow\" width=\"800\" height=\"541\" title=\"\"><\/p>\n<p>So k\u00f6nnen wir, wenn wir wollen, einen Nachttarif in Anspruch nehmen und die Energie in den Batterien f\u00fcr den n\u00e4chsten Tag aufbewahren, ins Netz einspeisen, wenn wir eine Batterie mit mindestens % Ladung haben, und die Lasten steuern, wenn wir mitten am Tag eine \u00dcberproduktion haben (z.B. die Schwimmbadreinigungsanlage anschlie\u00dfen...).<\/p>\n<h3><strong>Vollst\u00e4ndige Datensicherung Fronius<\/strong><\/h3>\n<p>Dank dieser neuen Fronius-Funktion ist es m\u00f6glich, den Haushaltsverbrauch bei einem Stromausfall mit Energie zu versorgen.<\/p>\n<p><img loading=\"lazy\" decoding=\"async\" class=\"alignnone wp-image-5559\" src=\"https:\/\/fvcomponentes.com\/wp-content\/uploads\/2022\/11\/full-backup-fronius-1024x675.png\" alt=\"full-backup-fronius\" width=\"800\" height=\"527\" title=\"\"><\/p>\n<p>Im Falle eines Stromausfalls wird das System mit einem Sch\u00fctz und nach 60s vom Netz getrennt. Bei einem Stromausfall k\u00f6nnen wir in bestimmten F\u00e4llen photovoltaische Solarenergie nutzen.<\/p>\n<p>Weitere Informationen finden Sie auf der Website von <strong><a href=\"https:\/\/www.fronius.com\/es-es\/spain\/energia-solar\/experiencia\/gen24plus\" target=\"_blank\" rel=\"noopener noreferrer\">Fronius GEN24 Plus<\/a><\/strong><\/p>\n<h3><strong>Kompatibilit\u00e4t der Batterien<\/strong><\/h3>\n<p>Die Fronius GEN24 Plus Wechselrichterserie ist mit den folgenden B&amp;D Batterien kompatibel.<\/p>\n<p><img loading=\"lazy\" decoding=\"async\" class=\"size-full wp-image-5560 alignnone\" src=\"https:\/\/fvcomponentes.com\/wp-content\/uploads\/2022\/11\/compatibilidad-FRO_BYD_02.2020.png\" alt=\"kompatibilit\u00e4t-fronius-BYD\" width=\"581\" height=\"290\" title=\"\"><\/p>\n<h2><a href=\"https:\/\/fvcomponentes.com\/wp-content\/uploads\/2025\/09\/Fronius_TDS_Primo_GEN24-GEN24Plus_3-10_ES.pdf\" target=\"_blank\" rel=\"noopener\">Siehe Datenblatt Fronius Primo Wechselrichter GEN24 Plus 3.6 Single-Phase Hybrid - 4.210.141.002<\/a><\/h2>","protected":false},"excerpt":{"rendered":"<p><strong>Fronius Primo GEN24 3.6 Plus Hybrid-Wechselrichter<\/strong><\/p>\n<p><strong>Maximale Leistungsabgabe;<\/strong> 3,6 kW<\/p>\n<p><strong>Maximale Leistung der Solarmodule;<\/strong> 5,5 kWp<\/p>\n<p><strong>Maximale Batteriekapazit\u00e4t;<\/strong> 19,3 kW\/h<\/p>\n<p><strong>Notausgang PV-Point;<\/strong> 3 kW<\/p>","protected":false},"featured_media":3028,"comment_status":"open","ping_status":"closed","template":"","meta":{"site-sidebar-layout":"default","site-content-layout":"default","ast-site-content-layout":"default","site-content-style":"default","site-sidebar-style":"default","ast-global-header-display":"","ast-banner-title-visibility":"","ast-main-header-display":"","ast-hfb-above-header-display":"","ast-hfb-below-header-display":"","ast-hfb-mobile-header-display":"","site-post-title":"","ast-breadcrumbs-content":"","ast-featured-img":"","footer-sml-layout":"","ast-disable-related-posts":"","theme-transparent-header-meta":"default","adv-header-id-meta":"","stick-header-meta":"","header-above-stick-meta":"","header-main-stick-meta":"","header-below-stick-meta":"","astra-migrate-meta-layouts":"set","ast-page-background-enabled":"default","ast-page-background-meta":{"desktop":{"background-color":"var(--ast-global-color-4)","background-image":"","background-repeat":"repeat","background-position":"center center","background-size":"auto","background-attachment":"scroll","background-type":"","background-media":"","overlay-type":"","overlay-color":"","overlay-opacity":"","overlay-gradient":""},"tablet":{"background-color":"","background-image":"","background-repeat":"repeat","background-position":"center center","background-size":"auto","background-attachment":"scroll","background-type":"","background-media":"","overlay-type":"","overlay-color":"","overlay-opacity":"","overlay-gradient":""},"mobile":{"background-color":"","background-image":"","background-repeat":"repeat","background-position":"center center","background-size":"auto","background-attachment":"scroll","background-type":"","background-media":"","overlay-type":"","overlay-color":"","overlay-opacity":"","overlay-gradient":""}},"ast-content-background-meta":{"desktop":{"background-color":"var(--ast-global-color-5)","background-image":"","background-repeat":"repeat","background-position":"center center","background-size":"auto","background-attachment":"scroll","background-type":"","background-media":"","overlay-type":"","overlay-color":"","overlay-opacity":"","overlay-gradient":""},"tablet":{"background-color":"var(--ast-global-color-5)","background-image":"","background-repeat":"repeat","background-position":"center center","background-size":"auto","background-attachment":"scroll","background-type":"","background-media":"","overlay-type":"","overlay-color":"","overlay-opacity":"","overlay-gradient":""},"mobile":{"background-color":"var(--ast-global-color-5)","background-image":"","background-repeat":"repeat","background-position":"center center","background-size":"auto","background-attachment":"scroll","background-type":"","background-media":"","overlay-type":"","overlay-color":"","overlay-opacity":"","overlay-gradient":""}}},"pwb-brand":[344],"product_brand":[],"product_cat":[359,924,333],"product_tag":[],"class_list":{"0":"post-3030","1":"product","2":"type-product","3":"status-publish","4":"has-post-thumbnail","6":"pwb-brand-fronius","7":"product_cat-inversores-autoconsumo-hibridos","8":"product_cat-inversores-autoconsumo-hibridos-monofasicos","9":"product_cat-inversores","10":"desktop-align-left","11":"tablet-align-left","12":"mobile-align-left","13":"ast-product-gallery-layout-horizontal-slider","14":"ast-product-gallery-with-no-image","15":"ast-product-tabs-layout-horizontal","17":"first","18":"instock","19":"taxable","20":"shipping-taxable","21":"purchasable","22":"product-type-simple"},"wcpa_form_fields":null,"brands":[{"id":344,"name":"Fronius-Wechselrichter","slug":"fronius"}],"_links":{"self":[{"href":"https:\/\/fvcomponentes.com\/de\/wp-json\/wp\/v2\/product\/3030","targetHints":{"allow":["GET"]}}],"collection":[{"href":"https:\/\/fvcomponentes.com\/de\/wp-json\/wp\/v2\/product"}],"about":[{"href":"https:\/\/fvcomponentes.com\/de\/wp-json\/wp\/v2\/types\/product"}],"replies":[{"embeddable":true,"href":"https:\/\/fvcomponentes.com\/de\/wp-json\/wp\/v2\/comments?post=3030"}],"wp:featuredmedia":[{"embeddable":true,"href":"https:\/\/fvcomponentes.com\/de\/wp-json\/wp\/v2\/media\/3028"}],"wp:attachment":[{"href":"https:\/\/fvcomponentes.com\/de\/wp-json\/wp\/v2\/media?parent=3030"}],"wp:term":[{"taxonomy":"pwb-brand","embeddable":true,"href":"https:\/\/fvcomponentes.com\/de\/wp-json\/wp\/v2\/pwb-brand?post=3030"},{"taxonomy":"product_brand","embeddable":true,"href":"https:\/\/fvcomponentes.com\/de\/wp-json\/wp\/v2\/product_brand?post=3030"},{"taxonomy":"product_cat","embeddable":true,"href":"https:\/\/fvcomponentes.com\/de\/wp-json\/wp\/v2\/product_cat?post=3030"},{"taxonomy":"product_tag","embeddable":true,"href":"https:\/\/fvcomponentes.com\/de\/wp-json\/wp\/v2\/product_tag?post=3030"}],"curies":[{"name":"wp","href":"https:\/\/api.w.org\/{rel}","templated":true}]}}