{"id":3015,"date":"2020-03-21T12:05:35","date_gmt":"2020-03-21T11:05:35","guid":{"rendered":"https:\/\/fvcomponentes.com\/producto\/regulador-bluesolar-pwm-light-12-24v-20a\/"},"modified":"2026-04-04T12:43:43","modified_gmt":"2026-04-04T10:43:43","slug":"bluesolar-pwm-licht-12-24v-20a-regler","status":"publish","type":"product","link":"https:\/\/fvcomponentes.com\/de\/producto\/regulador-bluesolar-pwm-light-12-24v-20a\/","title":{"rendered":"Solarregler BlueSolar PWM Light 12\/24V-20A - SCC010020020"},"content":{"rendered":"<div class=\"description\">\n<h2>BlueSolar PWM Licht 12\/24V 20A Solarregler - SCC010020020<\/h2>\n<p>Der Solarregler BlueSolar PWM Light 12\/24V-20A verf\u00fcgt \u00fcber eine zweistellige Sieben-Segment-Anzeige zur schnellen und einfachen Einstellung der Lastausgangsfunktion, einschlie\u00dflich der Timer-Einstellung.<\/p>\n<p>Mit dreistufiger Batterieladung (Initial, Absorption und Float), nicht programmierbar. Der Solarregler BlueSolar PWM Light 12\/24V-20A verf\u00fcgt \u00fcber einen \u00fcberlast- und kurzschlusssicheren Ladeausgang. Gesch\u00fctzt gegen Verpolung der Solarmodule und\/oder der Batterie.<\/p>\n<h3>\u00a0Drei Modelle: 5 A, 10 A oder 20 A bei 12 V oder 24 V<\/h3>\n<p>- Kosteng\u00fcnstiger PWM-Controller.<br \/>\n- Interner Temperatursensor.<br \/>\n- Dreistufige Batterieladung (Initial-, Absorptions- und Erhaltungsladung).<br \/>\n- Gesch\u00fctzt gegen \u00dcberstrom.<br \/>\n- Gesch\u00fctzt gegen Kurzschl\u00fcsse.<br \/>\n- Gesch\u00fctzt gegen Verpolung der Solarmodule und\/oder der Batterie.<br \/>\n- Unterbrechung des Lastausgangs aufgrund von Unterspannung.<br \/>\n- Optionale Fernanzeige (nur bei 20A-Modellen).<\/p>\n<h3>Eigenschaften des BlueSolar PWM Light 12\/24V-20A Solarregler - SCC010020020<\/h3>\n<ul>\n<li>Funktion zur Abschaltung des Lastausgangs bei niedriger Batteriespannung.<\/li>\n<li>Funktion zur Steuerung der Hintergrundbeleuchtung, einzelner Timer.<\/li>\n<li>Zweistellige Sieben-Segment-Anzeige zur schnellen und einfachen Einstellung der Lastausgabefunktion, einschlie\u00dflich Timer-Einstellung.<\/li>\n<li>Dreistufige Batterieladung (Initial, Absorption und Float), nicht programmierbar.<\/li>\n<li>Lastausgang gesch\u00fctzt gegen \u00dcberlast und Kurzschluss.<\/li>\n<li>Gesch\u00fctzt gegen Verpolung der Solarmodule und\/oder der Batterie.<\/li>\n<li>Batteriespannung 12\/24V mit automatischer Erkennung der Eingangsspannung<\/li>\n<li>Nennlaststrom 20 A<\/li>\n<li>Automatische Lastabschaltung Ja<\/li>\n<li>Maximale Solarspannung 28 V \/ 55 V (1)<\/li>\n<li>Eigenverbrauch &lt; 10 mA<\/li>\n<li>Lastausgang Manuelle Steuerung + Unterspannungsabschaltung<\/li>\n<li>Schutz Verpolung der Batterie (Sicherung) Kurzschluss des Ausgangs \u00dcbertemperatur<\/li>\n<li>\u00dcberlastungsschutz\n<ol>\n<li>Abschaltung nach 60 s bei Erreichen der Last 130%<\/li>\n<li>Abschaltung nach 5 s bei Erreichen der Last 160%<\/li>\n<li>Sofortige Abschaltung im Falle eines Kurzschlusses<\/li>\n<\/ol>\n<\/li>\n<li>Erdung Gemeinsamer Pluspol<\/li>\n<li>Arbeitstemperaturbereich -20 bis +50\u00b0C (Volllast)<\/li>\n<li>Luftfeuchtigkeit (nicht kondensierend) Max. 95 %<\/li>\n<\/ul>\n<h3>BATTERIE<\/h3>\n<ul>\n<li>Ladespannung \"Absorption\" 14,2 V\/28,4 V<\/li>\n<li>Float\"-Ladespannung 13,8 V\/27,6 V<\/li>\n<li>Lastabschaltung aufgrund von Unterspannung11,2 V\/22,4 V<\/li>\n<li>Wiedereinschaltung der Last aufgrund von Unterspannung\n<ol>\n<li>12,6 V \/ 25,2 V (manuell)<\/li>\n<li>13,1 V \/ 26,2 V (automatisch)<\/li>\n<\/ol>\n<\/li>\n<\/ul>\n<h3>UNTERBRINGUNG<\/h3>\n<ul>\n<li>Schutzklasse IP20<\/li>\n<li>Anschlussgr\u00f6\u00dfe 5 mm\u00b2 \/ AWG10<\/li>\n<li>Gewicht 0,15 kg<\/li>\n<li>Abmessungen (H x B x T) 70 x 133 x 33,5 mm (2,8 x 5,3 x 1,3 Zoll)<\/li>\n<\/ul>\n<h3>STANDARDS<\/h3>\n<ul>\n<li>Sicherheit IEC 62109-1<\/li>\n<li>EMC EN 61000-6-1, EN 61000-6-3, ISO 7637-2<\/li>\n<\/ul>\n<p>1) Verwenden Sie 36-Zellen-Solarmodule f\u00fcr 12V. Verwenden Sie 72-Zellen-Solarmodule f\u00fcr 24 V oder 2 in Reihe geschaltete 36-Zellen-Solarmodule.<\/p>\n<p>2) Der Regler schaltet 2 Stunden nach Erreichen der Absorptionsspannung auf die Erhaltungsspannungsebene um. Sobald die Batteriespannung unter 13 V f\u00e4llt, wird ein neuer Ladezyklus gestartet.<\/p>\n<\/div>\n<h2><a href=\"https:\/\/fvcomponentes.com\/wp-content\/uploads\/2020\/03\/Datasheet-BlueSolar-PWM-Light-Charge-Controllers-12-24V-ES.pdf\" target=\"_blank\" rel=\"noopener\">Zus\u00e4tzliche Informationen zum Produkt<\/a><\/h2>","protected":false},"excerpt":{"rendered":"<ul>\n<li><strong>Nennlaststrom<\/strong> 20 A<\/li>\n<li><strong>Spannung der Batterie<\/strong> 12\/24V<\/li>\n<li><strong>Unterbrechung des Ladeausgangs aufgrund niedriger Batteriespannung<\/strong><\/li>\n<li><strong>Steuerung der Hintergrundbeleuchtung<\/strong><\/li>\n<li><strong>Zeitschaltuhr<\/strong><\/li>\n<\/ul>","protected":false},"featured_media":3012,"comment_status":"open","ping_status":"closed","template":"","meta":{"site-sidebar-layout":"default","site-content-layout":"","ast-site-content-layout":"default","site-content-style":"default","site-sidebar-style":"default","ast-global-header-display":"","ast-banner-title-visibility":"","ast-main-header-display":"","ast-hfb-above-header-display":"","ast-hfb-below-header-display":"","ast-hfb-mobile-header-display":"","site-post-title":"","ast-breadcrumbs-content":"","ast-featured-img":"","footer-sml-layout":"","ast-disable-related-posts":"","theme-transparent-header-meta":"default","adv-header-id-meta":"","stick-header-meta":"","header-above-stick-meta":"","header-main-stick-meta":"","header-below-stick-meta":"","astra-migrate-meta-layouts":"set","ast-page-background-enabled":"default","ast-page-background-meta":{"desktop":{"background-color":"var(--ast-global-color-4)","background-image":"","background-repeat":"repeat","background-position":"center center","background-size":"auto","background-attachment":"scroll","background-type":"","background-media":"","overlay-type":"","overlay-color":"","overlay-opacity":"","overlay-gradient":""},"tablet":{"background-color":"","background-image":"","background-repeat":"repeat","background-position":"center center","background-size":"auto","background-attachment":"scroll","background-type":"","background-media":"","overlay-type":"","overlay-color":"","overlay-opacity":"","overlay-gradient":""},"mobile":{"background-color":"","background-image":"","background-repeat":"repeat","background-position":"center center","background-size":"auto","background-attachment":"scroll","background-type":"","background-media":"","overlay-type":"","overlay-color":"","overlay-opacity":"","overlay-gradient":""}},"ast-content-background-meta":{"desktop":{"background-color":"var(--ast-global-color-5)","background-image":"","background-repeat":"repeat","background-position":"center center","background-size":"auto","background-attachment":"scroll","background-type":"","background-media":"","overlay-type":"","overlay-color":"","overlay-opacity":"","overlay-gradient":""},"tablet":{"background-color":"var(--ast-global-color-5)","background-image":"","background-repeat":"repeat","background-position":"center center","background-size":"auto","background-attachment":"scroll","background-type":"","background-media":"","overlay-type":"","overlay-color":"","overlay-opacity":"","overlay-gradient":""},"mobile":{"background-color":"var(--ast-global-color-5)","background-image":"","background-repeat":"repeat","background-position":"center center","background-size":"auto","background-attachment":"scroll","background-type":"","background-media":"","overlay-type":"","overlay-color":"","overlay-opacity":"","overlay-gradient":""}}},"pwb-brand":[332],"product_brand":[],"product_cat":[353,354],"product_tag":[],"class_list":{"0":"post-3015","1":"product","2":"type-product","3":"status-publish","4":"has-post-thumbnail","6":"pwb-brand-victron","7":"product_cat-reguladores-de-carga-solares","8":"product_cat-reguladores-pwm","9":"desktop-align-left","10":"tablet-align-left","11":"mobile-align-left","12":"ast-product-gallery-layout-horizontal-slider","13":"ast-product-gallery-with-no-image","14":"ast-product-tabs-layout-horizontal","16":"first","17":"instock","18":"taxable","19":"shipping-taxable","20":"purchasable","21":"product-type-simple"},"wcpa_form_fields":null,"brands":[{"id":332,"name":"Victron Energie","slug":"victron"}],"_links":{"self":[{"href":"https:\/\/fvcomponentes.com\/de\/wp-json\/wp\/v2\/product\/3015","targetHints":{"allow":["GET"]}}],"collection":[{"href":"https:\/\/fvcomponentes.com\/de\/wp-json\/wp\/v2\/product"}],"about":[{"href":"https:\/\/fvcomponentes.com\/de\/wp-json\/wp\/v2\/types\/product"}],"replies":[{"embeddable":true,"href":"https:\/\/fvcomponentes.com\/de\/wp-json\/wp\/v2\/comments?post=3015"}],"wp:featuredmedia":[{"embeddable":true,"href":"https:\/\/fvcomponentes.com\/de\/wp-json\/wp\/v2\/media\/3012"}],"wp:attachment":[{"href":"https:\/\/fvcomponentes.com\/de\/wp-json\/wp\/v2\/media?parent=3015"}],"wp:term":[{"taxonomy":"pwb-brand","embeddable":true,"href":"https:\/\/fvcomponentes.com\/de\/wp-json\/wp\/v2\/pwb-brand?post=3015"},{"taxonomy":"product_brand","embeddable":true,"href":"https:\/\/fvcomponentes.com\/de\/wp-json\/wp\/v2\/product_brand?post=3015"},{"taxonomy":"product_cat","embeddable":true,"href":"https:\/\/fvcomponentes.com\/de\/wp-json\/wp\/v2\/product_cat?post=3015"},{"taxonomy":"product_tag","embeddable":true,"href":"https:\/\/fvcomponentes.com\/de\/wp-json\/wp\/v2\/product_tag?post=3015"}],"curies":[{"name":"wp","href":"https:\/\/api.w.org\/{rel}","templated":true}]}}