{"id":3006,"date":"2020-03-21T10:49:19","date_gmt":"2020-03-21T09:49:19","guid":{"rendered":"https:\/\/fvcomponentes.com\/producto\/interfaz-de-enlace-victron-ve-mk3-usb\/"},"modified":"2026-01-15T10:05:31","modified_gmt":"2026-01-15T09:05:31","slug":"victron-ve-mk3-usb-schnittstelle-interface-link","status":"publish","type":"product","link":"https:\/\/fvcomponentes.com\/de\/producto\/interfaz-de-enlace-victron-ve-mk3-usb\/","title":{"rendered":"Victron VE MK3-USB Link Schnittstelle - ASS030140000"},"content":{"rendered":"<h2>Victron VE MK3-USB Link Schnittstelle - ASS030140000<\/h2>\n<h3>Funktionen des Victron VE MK3-USB Link Interface - ASS030140000<\/h3>\n<p><strong>Das Victron VE MK3-USB Link Interface ist ein Kommunikationsadapter f\u00fcr Photovoltaikanlagen, der die Visualisierung von Betrieb, Historie und Konfiguration erm\u00f6glicht.<\/strong> von Victron-Produkten mit Ve.Bus-Anschluss.<\/p>\n<p>Verwenden Sie das MK3-USB, um die folgenden Produkte zur Konfiguration an einen Computer anzuschlie\u00dfen: Multi, MultiGrid, MultiPlus, MultiPlus-II, Quattro, Wechselrichter, ECOmulti, EasySolar, EasyPlus. Nur Modelle mit VE.Bus Kommunikationsanschluss.<\/p>\n<h3>Kompatibilit\u00e4t des Victron VE MK3-USB Link Interface - ASS030140000<\/h3>\n<p>VictronConnect ist das perfekte Werkzeug f\u00fcr Installateure, um ein System schnell und effizient zu konfigurieren, nachdem es angeschlossen wurde. Mit VictronConnect sind Firmware-Updates f\u00fcr Victron-Produkte sicher, schnell und einfach. Es ist keine Internetverbindung erforderlich und es m\u00fcssen keine Dateien ausgew\u00e4hlt oder heruntergeladen werden. Schlie\u00dfen Sie einfach das Produkt an.<br \/>\nDie Systemkonfiguration erfolgt mit dem Victron VE MK3-USB-C Link Interface - ASS030140030. Einmal konfiguriert, ist der VE.Bus Smart Dongle eine ideale Schnittstelle f\u00fcr Einsteiger in ein komplettes Victron-System in einem Wohnwagen oder Boot. Er erm\u00f6glicht die \u00dcberwachung und Bedienung Ihres Ger\u00e4ts. Mit der VictronConnect App k\u00f6nnen Sie ganz einfach die Eingangsstrombegrenzung der Pontonsteckdose steuern oder Ihren Wechselrichter einschalten.<br \/>\nDiese Schnittstellenverbindung ist mit den folgenden Ger\u00e4ten kompatibel:<\/p>\n<ul>\n<li>\u00a0MultiPlus (einschlie\u00dflich Compact)<\/li>\n<li>MultiPlus-II<\/li>\n<li>MultiPlus-II GX<\/li>\n<li>MultiGrid<\/li>\n<li>Quattros<\/li>\n<li>EasySolar<\/li>\n<li>EasySolar-II<\/li>\n<li>EasySolar-II GX<\/li>\n<li>Phoenix-Wechselrichter mit einem VE.Bus-Anschluss<\/li>\n<\/ul>\n<p>Auch mit USB-C-Anschluss erh\u00e4ltlich: <a href=\"https:\/\/fvcomponentes.com\/de\/produkt\/victron-ve-mk3-usb-c-link-interface-victron-ve-mk3-ass030140030\/\" target=\"_blank\" rel=\"noopener\">Victron VE Link Schnittstelle MK3-USB-C - ASS030140030<\/a><\/p>\n<h3>Anleitung zum Anschluss des Victron an den Computer mit der VE Direct Konfiguration - ASS030140000<\/h3>\n<p><a href=\"https:\/\/fvcomponentes.com\/wp-content\/uploads\/2020\/03\/15296-VE_Bus_Configuration_guide-pdf-es.pdf\" target=\"_blank\" rel=\"noopener\">Download der Anleitung zum Anschluss des Victron an den Computer \u00fcber die VE MK3-USB Link Interface - ASS030140000<\/a><\/p>","protected":false},"excerpt":{"rendered":"<p>Die\u00a0<strong>Victron VE MK3-USB Schnittstelle Link<\/strong> erlaubt:<\/p>\n<ul>\n<li>die Parametereinstellungen der Victron-Wechselrichter,<\/li>\n<li>Die \u00dcberwachung erfolgt \u00fcber den Computer.<\/li>\n<\/ul>","protected":false},"featured_media":3007,"comment_status":"open","ping_status":"closed","template":"","meta":{"site-sidebar-layout":"default","site-content-layout":"default","ast-site-content-layout":"default","site-content-style":"default","site-sidebar-style":"default","ast-global-header-display":"","ast-banner-title-visibility":"","ast-main-header-display":"","ast-hfb-above-header-display":"","ast-hfb-below-header-display":"","ast-hfb-mobile-header-display":"","site-post-title":"","ast-breadcrumbs-content":"","ast-featured-img":"","footer-sml-layout":"","ast-disable-related-posts":"","theme-transparent-header-meta":"default","adv-header-id-meta":"","stick-header-meta":"","header-above-stick-meta":"","header-main-stick-meta":"","header-below-stick-meta":"","astra-migrate-meta-layouts":"set","ast-page-background-enabled":"default","ast-page-background-meta":{"desktop":{"background-color":"var(--ast-global-color-4)","background-image":"","background-repeat":"repeat","background-position":"center center","background-size":"auto","background-attachment":"scroll","background-type":"","background-media":"","overlay-type":"","overlay-color":"","overlay-opacity":"","overlay-gradient":""},"tablet":{"background-color":"","background-image":"","background-repeat":"repeat","background-position":"center center","background-size":"auto","background-attachment":"scroll","background-type":"","background-media":"","overlay-type":"","overlay-color":"","overlay-opacity":"","overlay-gradient":""},"mobile":{"background-color":"","background-image":"","background-repeat":"repeat","background-position":"center center","background-size":"auto","background-attachment":"scroll","background-type":"","background-media":"","overlay-type":"","overlay-color":"","overlay-opacity":"","overlay-gradient":""}},"ast-content-background-meta":{"desktop":{"background-color":"var(--ast-global-color-5)","background-image":"","background-repeat":"repeat","background-position":"center center","background-size":"auto","background-attachment":"scroll","background-type":"","background-media":"","overlay-type":"","overlay-color":"","overlay-opacity":"","overlay-gradient":""},"tablet":{"background-color":"var(--ast-global-color-5)","background-image":"","background-repeat":"repeat","background-position":"center center","background-size":"auto","background-attachment":"scroll","background-type":"","background-media":"","overlay-type":"","overlay-color":"","overlay-opacity":"","overlay-gradient":""},"mobile":{"background-color":"var(--ast-global-color-5)","background-image":"","background-repeat":"repeat","background-position":"center center","background-size":"auto","background-attachment":"scroll","background-type":"","background-media":"","overlay-type":"","overlay-color":"","overlay-opacity":"","overlay-gradient":""}}},"pwb-brand":[332],"product_brand":[],"product_cat":[351,878,333,410],"product_tag":[],"class_list":{"0":"post-3006","1":"product","2":"type-product","3":"status-publish","4":"has-post-thumbnail","6":"pwb-brand-victron","7":"product_cat-accesorios","8":"product_cat-cables-victron","9":"product_cat-inversores","10":"product_cat-material-electrico","11":"desktop-align-left","12":"tablet-align-left","13":"mobile-align-left","14":"ast-product-gallery-layout-horizontal-slider","15":"ast-product-gallery-with-no-image","16":"ast-product-tabs-layout-horizontal","18":"first","19":"instock","20":"taxable","21":"shipping-taxable","22":"purchasable","23":"product-type-simple"},"wcpa_form_fields":null,"brands":[{"id":332,"name":"Victron Energie","slug":"victron"}],"_links":{"self":[{"href":"https:\/\/fvcomponentes.com\/de\/wp-json\/wp\/v2\/product\/3006","targetHints":{"allow":["GET"]}}],"collection":[{"href":"https:\/\/fvcomponentes.com\/de\/wp-json\/wp\/v2\/product"}],"about":[{"href":"https:\/\/fvcomponentes.com\/de\/wp-json\/wp\/v2\/types\/product"}],"replies":[{"embeddable":true,"href":"https:\/\/fvcomponentes.com\/de\/wp-json\/wp\/v2\/comments?post=3006"}],"wp:featuredmedia":[{"embeddable":true,"href":"https:\/\/fvcomponentes.com\/de\/wp-json\/wp\/v2\/media\/3007"}],"wp:attachment":[{"href":"https:\/\/fvcomponentes.com\/de\/wp-json\/wp\/v2\/media?parent=3006"}],"wp:term":[{"taxonomy":"pwb-brand","embeddable":true,"href":"https:\/\/fvcomponentes.com\/de\/wp-json\/wp\/v2\/pwb-brand?post=3006"},{"taxonomy":"product_brand","embeddable":true,"href":"https:\/\/fvcomponentes.com\/de\/wp-json\/wp\/v2\/product_brand?post=3006"},{"taxonomy":"product_cat","embeddable":true,"href":"https:\/\/fvcomponentes.com\/de\/wp-json\/wp\/v2\/product_cat?post=3006"},{"taxonomy":"product_tag","embeddable":true,"href":"https:\/\/fvcomponentes.com\/de\/wp-json\/wp\/v2\/product_tag?post=3006"}],"curies":[{"name":"wp","href":"https:\/\/api.w.org\/{rel}","templated":true}]}}