{"id":3001,"date":"2020-03-21T09:57:00","date_gmt":"2020-03-21T08:57:00","guid":{"rendered":"https:\/\/fvcomponentes.com\/producto\/energy-meter-et112-carlo-gavacci-victron\/"},"modified":"2026-01-15T10:04:50","modified_gmt":"2026-01-15T09:04:50","slug":"energiezahler-et112-carlo-gavacci-victron","status":"publish","type":"product","link":"https:\/\/fvcomponentes.com\/de\/producto\/energy-meter-et112-carlo-gavacci-victron\/","title":{"rendered":"Victron ET112 Energiemessger\u00e4t Carlo Gavacci - REL300100000"},"content":{"rendered":"<div class=\"level2\">\n<h2>Victron ET112 Energiemessger\u00e4t Carlo Gavacci - REL300100000<\/h2>\n<p>Das Victron ET112 Carlo Gavacci Energiemessger\u00e4t kann in Kombination mit Victron Wechselrichtern f\u00fcr vier Dinge verwendet werden:<\/p>\n<ol>\n<li class=\"level1\">\n<div class=\"li\">Es misst die Energie aus dem Stromnetz und wird an das Stromnetz angeschlossen (Iberdrola, Endesa, etc...) f\u00fcr eine Konfiguration von <a class=\"wikilink1\" title=\"Assistenten: Probenassistent\" href=\"https:\/\/fvcomponentes.com\/wp-content\/uploads\/2025\/09\/ess_-_start_page.pdf\" target=\"_blank\" rel=\"noopener\">ESS-System<\/a>.<\/div>\n<\/li>\n<li class=\"level1\">\n<div class=\"li\">Misst die Leistung eines an das System angeschlossenen PV-Wechselrichters.<\/div>\n<\/li>\n<li class=\"level1\">\n<div class=\"li\">Misst die Leistung eines an das System angeschlossenen Wechselstromaggregats.<\/div>\n<\/li>\n<\/ol>\n<p>Um das ET112 Messger\u00e4t an das Victron Color Control GX Display anzuschlie\u00dfen, k\u00f6nnen Sie eine der folgenden Optionen w\u00e4hlen:<\/p>\n<ol>\n<li class=\"level1\">\n<div class=\"li\">Direktanschluss, entweder \u00fcber die RS485-USB-Schnittstelle mit einer Kabell\u00e4nge von 1,8 m oder \u00fcber das 5,0 m lange Kabel (empfohlene Option).<\/div>\n<\/li>\n<li class=\"level1\">\n<div class=\"li\">Drahtlose Verbindung \u00fcber Zigbee.<\/div>\n<\/li>\n<\/ol>\n<\/div>\n<h3 id=\"configuration_options\" class=\"sectionedit4\">Konfigurations- und Verdrahtungsm\u00f6glichkeiten;<\/h3>\n<div class=\"level3\">\n<p><img fetchpriority=\"high\" decoding=\"async\" class=\"media alignnone\" src=\"https:\/\/fvcomponentes.com\/wp-content\/uploads\/2022\/11\/energy-metersschema_-_et112.png\" alt=\"Verdrahtung Energiemessger\u00e4t ET112 Carlo Gavacci - Victron\" width=\"800\" height=\"329\" title=\"\"><\/p>\n<p>&nbsp;<\/p>\n<p><strong>Netzz\u00e4hler<\/strong>Verdrahtungsplan bei Verwendung als Netzz\u00e4hler.<\/p>\n<p><strong>Leistungsmesser PV\/Gruppenwechselrichter <\/strong><b>Generator<\/b>Schaltplan f\u00fcr die Messung der Leistung des PV-Wechselrichters oder des Stromaggregats.<\/p>\n<p>Diese Konfigurationsoptionen werden in Victrons eigenem \u00dcberwachungssystem eingestellt. <a class=\"wikilink1\" title=\"venus-os: Startseite\" href=\"https:\/\/fvcomponentes.com\/wp-content\/uploads\/2025\/09\/victron_gx_product_range.pdf\" target=\"_blank\" rel=\"noopener\">Venus - Farbsteuerung - GX-Ger\u00e4t<\/a> . Je nachdem, wie diese Einstellung konfiguriert ist, wirkt sie sich darauf aus, wie die vom Messger\u00e4t empfangenen Informationen auf dem Bildschirm FARBSTEUERUNG angezeigt werden.<\/p>\n<\/div>\n<h3 id=\"example_diagram\" class=\"sectionedit5\">Beispiel-Diagramm<\/h3>\n<div class=\"level3\">\n<p>In dieser Beispielkonfiguration ist ein einzelner Carlo Gavacci - Victron Energy Meter ET112 als <strong>Netzz\u00e4hler<\/strong> und wird die Netzeinspeisung\/-ausspeisung eines ESS-Systems mit einem AC-PV-Wechselrichter messen (<a href=\"https:\/\/fvcomponentes.com\/de\/marke\/fronius\/\" target=\"_blank\" rel=\"noopener\">Von Fronius zum Beispiel...<\/a>). Obwohl die genaue Leistung des PV-Wechselrichters nicht in seiner AC-Leistung angezeigt wird, ist diese Information dennoch sehr n\u00fctzlich, da sie es erm\u00f6glicht, dass die gesamte PV-Leistung zuerst zu den an denselben Stromkreis angeschlossenen Verbrauchern flie\u00dft.<\/p>\n<p>Damit wird Folgendes erreicht;<\/p>\n<ul>\n<li>Der direkte Solarertrag des PV-Wechselrichters ist als HIGHEST PRIORITY zu verwenden (z. B. <a href=\"https:\/\/fvcomponentes.com\/de\/marke\/fronius\/\" target=\"_blank\" rel=\"noopener\">Fronius<\/a>)<\/li>\n<li class=\"level1\">\n<div class=\"li\">Der \u00dcberschuss wird zum Laden der Batterien verwendet (das System wird versuchen, den von uns programmierten \u00dcberschuss zu haben, z. B. 0 W).<\/div>\n<\/li>\n<li>Sobald die Batterien aufgeladen sind, haben wir die M\u00f6glichkeit, den \u00dcberschuss zu entsorgen, wenn wir es so konfiguriert haben.<\/li>\n<\/ul>\n<p>Dies kann sehr n\u00fctzlich sein, um die \u00fcbersch\u00fcssige Solarenergie optimal zu nutzen, wenn das Victron ESS-System als Erweiterung eines bestehenden Systems installiert wird. <a href=\"https:\/\/icide.es\/placas-solares-murcia\/\" target=\"_blank\" rel=\"noopener\">Selbstverzehr<\/a> vorhanden.<\/p>\n<\/div>\n<p>&nbsp;<\/p>\n<p><img decoding=\"async\" class=\"media alignnone\" src=\"https:\/\/fvcomponentes.com\/wp-content\/uploads\/2022\/11\/energy-metersenergy_meters_-_et112_-_2019-01-21.png\" alt=\"Beispiel Diagramm ET112 Victron Carlo Gavacci\" width=\"800\" height=\"591\" title=\"\"><\/p>\n<h2>Technische Informationen f\u00fcr das Victron ET112 Carlo Gavacci Energiemessger\u00e4t - REL300100000<\/h2>\n<p><a href=\"https:\/\/fvcomponentes.com\/wp-content\/uploads\/2026\/01\/ET112-DS-ESP.pdf\" target=\"_blank\" rel=\"noopener\">ET112 Carlo Gavacci technisches Datenblatt<\/a><\/p>\n<p><a href=\"https:\/\/fvcomponentes.com\/wp-content\/uploads\/2026\/01\/113406-Energy_Meters-pdf-es.pdf\" target=\"_blank\" rel=\"noopener\">ET112 Handbuch Carlo Gavacci<\/a><\/p>\n<p><a href=\"https:\/\/fvcomponentes.com\/wp-content\/uploads\/2026\/01\/Datasheet-Energy-Meters-Selection-Guide-ES.pdf\" target=\"_blank\" rel=\"noopener\">Leitfaden zur Auswahl eines Energiez\u00e4hlers<\/a><\/p>","protected":false},"excerpt":{"rendered":"<ul>\n<li>Es kommuniziert mit dem ColorControl.<\/li>\n<li>Erm\u00f6glicht es Ihnen, den Energiebedarf und die Verbrauchsgrafiken auf dem Victron VRM Portal oder in der App anzuzeigen.<\/li>\n<\/ul>","protected":false},"featured_media":3004,"comment_status":"open","ping_status":"closed","template":"","meta":{"site-sidebar-layout":"default","site-content-layout":"default","ast-site-content-layout":"default","site-content-style":"default","site-sidebar-style":"default","ast-global-header-display":"","ast-banner-title-visibility":"","ast-main-header-display":"","ast-hfb-above-header-display":"","ast-hfb-below-header-display":"","ast-hfb-mobile-header-display":"","site-post-title":"","ast-breadcrumbs-content":"","ast-featured-img":"","footer-sml-layout":"","ast-disable-related-posts":"","theme-transparent-header-meta":"default","adv-header-id-meta":"","stick-header-meta":"","header-above-stick-meta":"","header-main-stick-meta":"","header-below-stick-meta":"","astra-migrate-meta-layouts":"set","ast-page-background-enabled":"default","ast-page-background-meta":{"desktop":{"background-color":"var(--ast-global-color-4)","background-image":"","background-repeat":"repeat","background-position":"center center","background-size":"auto","background-attachment":"scroll","background-type":"","background-media":"","overlay-type":"","overlay-color":"","overlay-opacity":"","overlay-gradient":""},"tablet":{"background-color":"","background-image":"","background-repeat":"repeat","background-position":"center center","background-size":"auto","background-attachment":"scroll","background-type":"","background-media":"","overlay-type":"","overlay-color":"","overlay-opacity":"","overlay-gradient":""},"mobile":{"background-color":"","background-image":"","background-repeat":"repeat","background-position":"center center","background-size":"auto","background-attachment":"scroll","background-type":"","background-media":"","overlay-type":"","overlay-color":"","overlay-opacity":"","overlay-gradient":""}},"ast-content-background-meta":{"desktop":{"background-color":"var(--ast-global-color-5)","background-image":"","background-repeat":"repeat","background-position":"center center","background-size":"auto","background-attachment":"scroll","background-type":"","background-media":"","overlay-type":"","overlay-color":"","overlay-opacity":"","overlay-gradient":""},"tablet":{"background-color":"var(--ast-global-color-5)","background-image":"","background-repeat":"repeat","background-position":"center center","background-size":"auto","background-attachment":"scroll","background-type":"","background-media":"","overlay-type":"","overlay-color":"","overlay-opacity":"","overlay-gradient":""},"mobile":{"background-color":"var(--ast-global-color-5)","background-image":"","background-repeat":"repeat","background-position":"center center","background-size":"auto","background-attachment":"scroll","background-type":"","background-media":"","overlay-type":"","overlay-color":"","overlay-opacity":"","overlay-gradient":""}}},"pwb-brand":[332],"product_brand":[],"product_cat":[349,333],"product_tag":[],"class_list":{"0":"post-3001","1":"product","2":"type-product","3":"status-publish","4":"has-post-thumbnail","6":"pwb-brand-victron","7":"product_cat-meters","8":"product_cat-inversores","9":"desktop-align-left","10":"tablet-align-left","11":"mobile-align-left","12":"ast-product-gallery-layout-horizontal-slider","13":"ast-product-gallery-with-no-image","14":"ast-product-tabs-layout-horizontal","16":"first","17":"instock","18":"taxable","19":"shipping-taxable","20":"purchasable","21":"product-type-simple"},"wcpa_form_fields":null,"brands":[{"id":332,"name":"Victron Energie","slug":"victron"}],"_links":{"self":[{"href":"https:\/\/fvcomponentes.com\/de\/wp-json\/wp\/v2\/product\/3001","targetHints":{"allow":["GET"]}}],"collection":[{"href":"https:\/\/fvcomponentes.com\/de\/wp-json\/wp\/v2\/product"}],"about":[{"href":"https:\/\/fvcomponentes.com\/de\/wp-json\/wp\/v2\/types\/product"}],"replies":[{"embeddable":true,"href":"https:\/\/fvcomponentes.com\/de\/wp-json\/wp\/v2\/comments?post=3001"}],"wp:featuredmedia":[{"embeddable":true,"href":"https:\/\/fvcomponentes.com\/de\/wp-json\/wp\/v2\/media\/3004"}],"wp:attachment":[{"href":"https:\/\/fvcomponentes.com\/de\/wp-json\/wp\/v2\/media?parent=3001"}],"wp:term":[{"taxonomy":"pwb-brand","embeddable":true,"href":"https:\/\/fvcomponentes.com\/de\/wp-json\/wp\/v2\/pwb-brand?post=3001"},{"taxonomy":"product_brand","embeddable":true,"href":"https:\/\/fvcomponentes.com\/de\/wp-json\/wp\/v2\/product_brand?post=3001"},{"taxonomy":"product_cat","embeddable":true,"href":"https:\/\/fvcomponentes.com\/de\/wp-json\/wp\/v2\/product_cat?post=3001"},{"taxonomy":"product_tag","embeddable":true,"href":"https:\/\/fvcomponentes.com\/de\/wp-json\/wp\/v2\/product_tag?post=3001"}],"curies":[{"name":"wp","href":"https:\/\/api.w.org\/{rel}","templated":true}]}}