{"id":3000,"date":"2020-03-19T15:32:52","date_gmt":"2020-03-19T14:32:52","guid":{"rendered":"https:\/\/fvcomponentes.com\/producto\/inversor-victron-multiplus-ii-3000va-48v-3532a\/"},"modified":"2026-04-04T12:50:44","modified_gmt":"2026-04-04T10:50:44","slug":"victron-multiplus-ii-3000va-48v-3532a-wechselrichter","status":"publish","type":"product","link":"https:\/\/fvcomponentes.com\/de\/producto\/inversor-victron-multiplus-ii-3000va-48v-3532a\/","title":{"rendered":"Wechselrichter-Ladeger\u00e4t Victron MultiPlus II 48\/3000VA 48V 35A-32A - PMP482305010"},"content":{"rendered":"<h2>Wechselrichter Victron MultiPlus II 48\/3000VA 48V 35-32A - PMP482305010<\/h2>\n<h3>Eigenschaften des Victron MultiPlus II 3000VA 48V 35-32A Wechselrichters<\/h3>\n<p>Der Victron MultiPlus II Wechselrichter 3000VA 48V 35+32A ist ein fortschrittliches Ger\u00e4t f\u00fcr unsere Photovoltaikanlage. Er erm\u00f6glicht es uns, ein hybrides System des Eigenverbrauchs mit Akkumulation und mit vollen Garantien des Betriebs zu haben.<\/p>\n<p>MultiPlus II ist ein Wechselrichter mit einem multifunktionalen Ladeger\u00e4t, das zahlreiche Funktionen bietet <strong>elektrische Zertifizierungen aus einer Vielzahl von L\u00e4ndern, die es f\u00fcr den Einsatz als netzgekoppeltes Energiespeichersystem (ESS) qualifizieren.<\/strong>.<\/p>\n<p>Das Modell MultiPlus II, fr\u00fcher bekannt als MultiGrid II, verf\u00fcgt au\u00dferdem \u00fcber einen Inselbildungsschutz und die Funktionen Victron PowerControl und PowerAssist.<\/p>\n<p>Das Victron MultiPlus II 3000VA 48V 35+32A Solarwechselrichter-Ladeger\u00e4t ist dank der fortschrittlichen Konstruktion seiner Leistungsstufe ein Garant f\u00fcr Zuverl\u00e4ssigkeit und Stabilit\u00e4t.<\/p>\n<p>Der Victron MultiPlus II Wechselrichter 3000VA 48V 35+32A bietet eine Ausgangsleistung von bis zu 3000VA aus dem Wechselrichter selbst, aber dank seiner PowerAssist-Funktion. Er kann mehr Ausgangsleistung liefern, indem er Energie vom AC-Eingang und auch von den Batterien hinzuf\u00fcgt, um den externen Netzeingang nicht zu \u00fcberlasten. Er arbeitet mit 48V-Batterien und verf\u00fcgt \u00fcber ein internes 70A-Batterieladeger\u00e4t.<\/p>\n<p>Dank seiner Funktion als USV ist es in der Lage, eine unterbrechungsfreie Stromversorgung zu bieten, da die Umschaltung sehr schnell erfolgt, so dass der kritische Verbrauch nicht beeintr\u00e4chtigt wird. Wie der Rest der MultiPlus-Familie ist sie dank ihrer F\u00e4higkeit, mit bis zu 6 Einheiten parallel zu arbeiten, \u00e4u\u00dferst erweiterungsf\u00e4hig.<\/p>\n<p>Es kann auch in einem Dreiphasennetz eingesetzt werden, indem f\u00fcr jede Phase ein Ger\u00e4t installiert wird, wobei auch ein Parallelbetrieb innerhalb der Phasen selbst m\u00f6glich ist.<\/p>\n<h3>Betrieb des Victron MultiPlus II Wechselrichters 3000VA 48V 35-32A<\/h3>\n<p>Der MultiPlus II-Wechselrichter kann mit jeder g\u00e4ngigen Energiespeichertopologie betrieben werden. Ein Stromsensor ist vorhanden, so dass der AC-Eingang entsprechend Ihren Bed\u00fcrfnissen begrenzt werden kann. Die \u00dcbertragungs- und Ladeleistung des MultiPlus II kann zu hoch f\u00fcr den verf\u00fcgbaren Strom sein.<\/p>\n<p>Die h\u00e4ufigste Anwendung dieses Wechselrichtertyps ist die folgende:<\/p>\n<p class=\"clear-block\"><img decoding=\"async\" class=\"left-align\" title=\"MultiPlus II als USV in Anwendungen mit kritischer Last\" src=\"https:\/\/fvcomponentes.com\/wp-content\/uploads\/2022\/11\/multiplus-II-caso1.png\" alt=\"MultiPlus II als USV in Anwendungen mit kritischer Last\" \/><\/p>\n<p class=\"clear-block\"><strong>MultiPlus II wird als USV in Anwendungen mit kritischer Last eingesetzt.<\/strong> In diesem Fall kann das Wechselrichter-Ladeger\u00e4t die \u00fcblichen Verbraucher \u00fcber das herk\u00f6mmliche Netz versorgen. Oder es kann \u00fcber ein Energiespeichersystem (Batterie) verf\u00fcgen, das kritische Verbraucher versorgt, wenn das Netz ausf\u00e4llt oder instabil ist.<\/p>\n<p class=\"clear-block\">Es ist zu pr\u00fcfen, ob eine Begrenzung des AC-Eingangs auf einen sicheren Wert mit Hilfe der PowerControl- und PowerAssist-Funktionen erfolgen soll.<\/p>\n<p class=\"clear-block\"><img decoding=\"async\" class=\"left-align\" title=\"MultiPlus II netzparallel und PV-gespeist\" src=\"https:\/\/fvcomponentes.com\/wp-content\/uploads\/2022\/11\/multiplus-II-caso2.png\" alt=\"MultiPlus II netzparallel und PV-gespeist\" \/><\/p>\n<p class=\"clear-block\"><strong>Anschluss an das Stromnetz und an die Photovoltaik \u00fcber MPPT-Regler.<\/strong>\u00a0In diesem Fall nutzt der PV-Wechselrichter die vom Ringkernstromsensor gelieferten Informationen und optimiert so den Eigenverbrauch, indem er die Energie in Wechselstrom umwandelt und direkt f\u00fcr den Verbrauch nutzt.<\/p>\n<p class=\"clear-block\">So k\u00f6nnen wir w\u00e4hlen, ob wir \u00fcbersch\u00fcssige Solarstromproduktion in das Stromnetz einspeisen oder nicht. Die Batterien werden durch die Sonnenkollektoren aufgeladen und der Verbrauch kann zwischen den Kritikern aufgeteilt werden:<\/p>\n<ul>\n<li class=\"clear-block\">Auch bei Stromausf\u00e4llen immer mit Strom versorgt<\/li>\n<li class=\"clear-block\">Die normalen (die mit der von den Paneelen erzeugten Energie betrieben werden k\u00f6nnen)<\/li>\n<\/ul>\n<h3>\u00dcberwachung des Wechselrichters Victron MultiPlus II 3000VA 48V 35-32A<\/h3>\n<p>Um eine maximale Kontrolle \u00fcber den Betrieb der Solaranlage zu haben, ist es sehr empfehlenswert, das Victron ColorControl Panel einzubinden, da wir von dort aus die Betriebsparameter konfigurieren, laden und die Leistung des gesamten Systems \u00fcberwachen k\u00f6nnen.<\/p>\n<p>Alle Komponenten werden auf dem \u00dcberwachungsbildschirm angezeigt, und es sind detaillierte Informationen \u00fcber Produktion, Verbrauch, Lagerung usw. verf\u00fcgbar.<\/p>\n<p><img decoding=\"async\" class=\"center-align\" title=\"VRM-Diagramm\" src=\"https:\/\/fvcomponentes.com\/wp-content\/uploads\/2022\/11\/grafico-vrm.png\" alt=\"VRM-Diagramm\" \/><\/p>\n<p>Dank der Einbindung des Victron ColorControl Panels haben wir Zugang zum VRM-Portal der Marke, \u00fcber das wir von jedem Endger\u00e4t mit Internetzugang auf die \u00dcberwachung und Konfiguration des Systems zugreifen k\u00f6nnen. Das VRM-Portal gibt uns sogar die M\u00f6glichkeit, uns Alarme zu senden, je nachdem, was wir im Betrieb des Systems programmieren.<\/p>\n<h3>Victron MultiPlus II 3000VA 48V 35-32A Wechselrichter Kompatibilit\u00e4t<\/h3>\n<p>Das MultiPlus II kann problemlos mit praktisch jeder auf dem Markt befindlichen 48-V-Batterie arbeiten. Dank seiner gro\u00dfen Flexibilit\u00e4t und Anpassungsf\u00e4higkeit kann es so konfiguriert werden, dass es Blei-S\u00e4ure-Batterien jeder Technologie l\u00e4dt, egal ob verschlossen oder offener OPzS-Typ.<\/p>\n<p>Victron aktualisiert seine Software regelm\u00e4\u00dfig, um die Kompatibilit\u00e4t mit der \u00fcberwiegenden Mehrheit der auf dem Markt befindlichen Lithiumbatteriemarken zu gew\u00e4hrleisten. Dies ist eine Garantie f\u00fcr die Zukunft.<\/p>\n<p>Wenn eine externe Laderegler-Topologie zum Laden von Batterien oder f\u00fcr den direkten Eigenverbrauch verwendet wird, ist es ratsam, ein MPPT-Modell der Marke Victron zu verwenden. Auf diese Weise zeigt das ColorControl-Panel die photovoltaische Produktion der Anlage detailliert an.<\/p>\n<p>Wenn ein Photovoltaik-Wechselrichter als Solargenerator verwendet wird, ist es ratsam, ein Produkt von <a href=\"https:\/\/www.fronius.com\/es-es\/spain\/energia-solar\" target=\"_blank\" rel=\"noopener\">Fronius<\/a>Das Produkt ist auch mit anderen bekannten Marken in der Branche, wie Kostal, kompatibel.<\/p>\n<p>Im ColorControl und im VRM-Portal k\u00f6nnen wir auch problemlos die Produktion des PV-Wechselrichters \u00fcberwachen. Die Kompatibilit\u00e4t mit anderen Herstellern wie z.B. Schneider ist ebenfalls gegeben; Sie k\u00f6nnen die Kompatibilit\u00e4tstabelle auf der Victron-Website einsehen, die regelm\u00e4\u00dfig aktualisiert wird.<\/p>\n<h2>So konfigurieren Sie Ihr Victron Multiplus II 48\/5000 + Pylontech US5000<\/h2>\n<p>Wenn Sie wissen wollen\u00a0<a href=\"https:\/\/fvcomponentes.com\/de\/einrichtung-des-victron-multiplus-ii-48-5000-pylontech-us5000\/\" target=\"_blank\" rel=\"noopener\">So konfigurieren Sie Ihr Victron Multiplus II 48\/5000 + Pylontech US5000<\/a> Klicken Sie jetzt und erfahren Sie alles dar\u00fcber!<\/p>\n<h2>Datenblatt Victron MultiPlus II Wechselrichter 48\/3000VA 48V 35-32A - PMP482305010<\/h2>\n<p><a title=\"Wechselrichter Victron MultiPlus II 48V 5000VA 70+50A Technisches Datenblatt\" href=\"https:\/\/fvcomponentes.com\/wp-content\/uploads\/2021\/03\/Datasheet-MultiPlus-II-inverter-charger-ES-1.pdf\" target=\"_blank\" rel=\"noopener noreferrer\">Victron MultiPlus II 48\/3000VA 48V 35-32A Wechselrichter-Ladeger\u00e4t Technisches Datenblatt ansehen - PMP482305010<\/a><\/p>\n<p>&nbsp;<\/p>","protected":false},"excerpt":{"rendered":"<p>Der Victron MultiPlus II 3000VA 48V 35-32A Wechselrichter ist die perfekte L\u00f6sung f\u00fcr hybride Eigenverbrauchssysteme, bei denen wir \u00fcber einen Batteriespeicher verf\u00fcgen und die volle Kontrolle \u00fcber die Energie haben wollen, die wir in unserem System verwalten.<\/p>","protected":false},"featured_media":2986,"comment_status":"open","ping_status":"closed","template":"","meta":{"site-sidebar-layout":"default","site-content-layout":"default","ast-site-content-layout":"default","site-content-style":"default","site-sidebar-style":"default","ast-global-header-display":"","ast-banner-title-visibility":"","ast-main-header-display":"","ast-hfb-above-header-display":"","ast-hfb-below-header-display":"","ast-hfb-mobile-header-display":"","site-post-title":"","ast-breadcrumbs-content":"","ast-featured-img":"","footer-sml-layout":"","ast-disable-related-posts":"","theme-transparent-header-meta":"default","adv-header-id-meta":"","stick-header-meta":"","header-above-stick-meta":"","header-main-stick-meta":"","header-below-stick-meta":"","astra-migrate-meta-layouts":"set","ast-page-background-enabled":"default","ast-page-background-meta":{"desktop":{"background-color":"var(--ast-global-color-4)","background-image":"","background-repeat":"repeat","background-position":"center center","background-size":"auto","background-attachment":"scroll","background-type":"","background-media":"","overlay-type":"","overlay-color":"","overlay-opacity":"","overlay-gradient":""},"tablet":{"background-color":"","background-image":"","background-repeat":"repeat","background-position":"center center","background-size":"auto","background-attachment":"scroll","background-type":"","background-media":"","overlay-type":"","overlay-color":"","overlay-opacity":"","overlay-gradient":""},"mobile":{"background-color":"","background-image":"","background-repeat":"repeat","background-position":"center center","background-size":"auto","background-attachment":"scroll","background-type":"","background-media":"","overlay-type":"","overlay-color":"","overlay-opacity":"","overlay-gradient":""}},"ast-content-background-meta":{"desktop":{"background-color":"var(--ast-global-color-5)","background-image":"","background-repeat":"repeat","background-position":"center center","background-size":"auto","background-attachment":"scroll","background-type":"","background-media":"","overlay-type":"","overlay-color":"","overlay-opacity":"","overlay-gradient":""},"tablet":{"background-color":"var(--ast-global-color-5)","background-image":"","background-repeat":"repeat","background-position":"center center","background-size":"auto","background-attachment":"scroll","background-type":"","background-media":"","overlay-type":"","overlay-color":"","overlay-opacity":"","overlay-gradient":""},"mobile":{"background-color":"var(--ast-global-color-5)","background-image":"","background-repeat":"repeat","background-position":"center center","background-size":"auto","background-attachment":"scroll","background-type":"","background-media":"","overlay-type":"","overlay-color":"","overlay-opacity":"","overlay-gradient":""}}},"pwb-brand":[332],"product_brand":[],"product_cat":[334,333],"product_tag":[],"class_list":{"0":"post-3000","1":"product","2":"type-product","3":"status-publish","4":"has-post-thumbnail","6":"pwb-brand-victron","7":"product_cat-inversores-cargadores-48v","8":"product_cat-inversores","9":"desktop-align-left","10":"tablet-align-left","11":"mobile-align-left","12":"ast-product-gallery-layout-horizontal-slider","13":"ast-product-gallery-with-no-image","14":"ast-product-tabs-layout-horizontal","16":"first","17":"instock","18":"taxable","19":"shipping-taxable","20":"purchasable","21":"product-type-simple"},"wcpa_form_fields":null,"brands":[{"id":332,"name":"Victron Energie","slug":"victron"}],"_links":{"self":[{"href":"https:\/\/fvcomponentes.com\/de\/wp-json\/wp\/v2\/product\/3000","targetHints":{"allow":["GET"]}}],"collection":[{"href":"https:\/\/fvcomponentes.com\/de\/wp-json\/wp\/v2\/product"}],"about":[{"href":"https:\/\/fvcomponentes.com\/de\/wp-json\/wp\/v2\/types\/product"}],"replies":[{"embeddable":true,"href":"https:\/\/fvcomponentes.com\/de\/wp-json\/wp\/v2\/comments?post=3000"}],"wp:featuredmedia":[{"embeddable":true,"href":"https:\/\/fvcomponentes.com\/de\/wp-json\/wp\/v2\/media\/2986"}],"wp:attachment":[{"href":"https:\/\/fvcomponentes.com\/de\/wp-json\/wp\/v2\/media?parent=3000"}],"wp:term":[{"taxonomy":"pwb-brand","embeddable":true,"href":"https:\/\/fvcomponentes.com\/de\/wp-json\/wp\/v2\/pwb-brand?post=3000"},{"taxonomy":"product_brand","embeddable":true,"href":"https:\/\/fvcomponentes.com\/de\/wp-json\/wp\/v2\/product_brand?post=3000"},{"taxonomy":"product_cat","embeddable":true,"href":"https:\/\/fvcomponentes.com\/de\/wp-json\/wp\/v2\/product_cat?post=3000"},{"taxonomy":"product_tag","embeddable":true,"href":"https:\/\/fvcomponentes.com\/de\/wp-json\/wp\/v2\/product_tag?post=3000"}],"curies":[{"name":"wp","href":"https:\/\/api.w.org\/{rel}","templated":true}]}}