{"id":2982,"date":"2024-03-05T12:43:01","date_gmt":"2024-03-05T11:43:01","guid":{"rendered":"https:\/\/fvcomponentes.com\/producto\/inversor-victron-multiplus-ii-5000va-48v-7050a\/"},"modified":"2026-04-04T12:51:18","modified_gmt":"2026-04-04T10:51:18","slug":"wechselrichter-victron-multiplus-ii-5000va-48v-70a50a","status":"publish","type":"product","link":"https:\/\/fvcomponentes.com\/de\/producto\/inversor-victron-multiplus-ii-5000va-48v-70a50a\/","title":{"rendered":"Wechselrichter-Ladeger\u00e4t 48V Victron MultiPlus II 48\/5000 70A-50A - PMP482505012"},"content":{"rendered":"<h2>Victron MultiPlus II 48\/5000 - Wechselrichter-Ladeger\u00e4t 48V 5000VA 70A\/50A - PMP482505012<\/h2>\n<p data-start=\"177\" data-end=\"669\">Die <strong data-start=\"180\" data-end=\"222\">Victron MultiPlus II 48\/5000 (70A\/50A)<\/strong> ist ein Wechselrichter-Ladeger\u00e4t der neuesten Generation, das f\u00fcr Inselanlagen und fortschrittliche Eigenverbrauchssysteme entwickelt wurde. Sein Hauptvorteil besteht darin, dass er einen reinen Sinus-Wechselrichter und ein Hochleistungs-Batterieladeger\u00e4t in einem einzigen Ger\u00e4t integriert. Dies macht ihn zu einer robusten, vielseitigen und langlebigen L\u00f6sung, die in der Lage ist, an Orten, die nicht an das Stromnetz angeschlossen sind oder an denen die Kosten f\u00fcr den Anschluss eines neuen Anschlusspunktes zu hoch sind, kontinuierlich Strom zu liefern.<\/p>\n<p data-start=\"671\" data-end=\"965\">In meiner Erfahrung als Installateur seit 2012 hat sich dieses Modell zu einem Referenzstandard f\u00fcr netzunabh\u00e4ngige Projekte entwickelt. Ich habe damit in l\u00e4ndlichen H\u00e4usern, Zweitwohnungen und abgelegenen Unternehmen gearbeitet und es hat sich im Vergleich zu anderen Wechselrichtern auf dem Markt stets als \u00e4u\u00dferst zuverl\u00e4ssig erwiesen. <span style=\"color: #000000;\">In Kombination mit Pytes-Lithium-Batterien <a href=\"https:\/\/fvcomponentes.com\/de\/produkt\/lithium-batterie-48v-lifepo4-pytes-e-box-48100r-5-12kwh\/\">Lithium-Batterie 48V LiFePO4 Pytes E-Box 48100R 5.12kWh<\/a> sind die perfekte Kombination. Dar\u00fcber hinaus vervollst\u00e4ndige ich die Installation in der Regel mit dem Cerbo GX-Steuerger\u00e4t. <a href=\"https:\/\/fvcomponentes.com\/de\/produkt\/cerbo-gx-und-touch-50-uberwachungssatz\/\">Cerbo GX und Touch 50 \u00dcberwachungssatz<\/a> um ein komplettes System f\u00fcr den Fall eines Stromausfalls bereitzuhalten oder um \u00fcberall Strom zu haben. Er ist auch die beste Option f\u00fcr das Hinzuf\u00fcgen von Solarbatterien zu jeder Eigenverbrauchsanlage, die nicht \u00fcber einen Hybrid-Wechselrichter verf\u00fcgt, und somit f\u00fcr die Hybridisierung von Eigenverbrauchsanlagen. Wenden Sie sich nach dem Kauf Ihres Wechselrichters an unsere technische Abteilung, um Unterst\u00fctzung zu erhalten.<\/span><\/p>\n<p>Denken Sie daran, dass es sich bei diesem Ger\u00e4t um einen Wechselrichter + Netzladeger\u00e4t oder Generator handelt. Die Solarmodule m\u00fcssen an einen MPPT-Regler angeschlossen werden, der an die Menge und Leistung der ben\u00f6tigten Module angepasst ist.\u00a0 <a href=\"https:\/\/fvcomponentes.com\/de\/produktkategorie\/solarladeregler\/mppt-regler\/\">https:\/\/fvcomponentes.com\/categoria-producto\/reguladores-de-carga-solares\/reguladores-mppt\/<\/a><\/p>\n<p>Wenn Sie sich nicht sicher sind, k\u00f6nnen Sie diesen Konfigurator https:\/\/fvcomponentes.com\/mppt-calculator-calculadora-mppt\/ konsultieren oder sich mit uns in Verbindung setzen, um sich pers\u00f6nlich beraten zu lassen, welchen MPPT-Regler Sie f\u00fcr Ihre Module w\u00e4hlen sollten.<\/p>\n<p>Ein weiterer Aspekt, den Sie ber\u00fccksichtigen m\u00fcssen und der sehr wichtig ist, ist die Kapazit\u00e4t der Batterie. Viele Leute assoziieren einen 5kW-Wechselrichter mit einer 5kW-Batterie, aber das ist ein Fehler. Lithiumbatterien sollten nicht mit mehr als 50% ihrer Kapazit\u00e4t entladen werden. Wenn Ihre Batterie also 5 kW hat, sollten Sie sie nicht auf mehr als 2,5 kW Leistung entladen.<\/p>\n<h2 data-start=\"967\" data-end=\"1030\">Victron MultiPlus II 48\/5000 Technische Daten<\/h2>\n<ul data-start=\"1031\" data-end=\"1493\">\n<li data-start=\"1031\" data-end=\"1074\">\n<p data-start=\"1033\" data-end=\"1074\">Leistungsabgabe: <strong data-start=\"1053\" data-end=\"1071\">5000VA \/ 4000W<\/strong>.<\/p>\n<\/li>\n<li data-start=\"1031\" data-end=\"1074\">\n<p data-start=\"1033\" data-end=\"1074\">Nennspannung: <strong data-start=\"1094\" data-end=\"1104\">48V DC<\/strong>.<\/p>\n<\/li>\n<li data-start=\"1108\" data-end=\"1147\">\n<p data-start=\"1110\" data-end=\"1147\">Maximaler Laststrom: <strong data-start=\"1137\" data-end=\"1144\">70A<\/strong>.<\/p>\n<\/li>\n<li data-start=\"1148\" data-end=\"1188\">\n<p data-start=\"1150\" data-end=\"1188\">Strom \u00fcbertragen: <strong data-start=\"1178\" data-end=\"1185\">50A<\/strong>.<\/p>\n<\/li>\n<li data-start=\"1189\" data-end=\"1265\">\n<p data-start=\"1191\" data-end=\"1265\">Wellenart: <strong data-start=\"1205\" data-end=\"1222\">reiner Sinus<\/strong>geeignet f\u00fcr alle elektronischen Ger\u00e4te.<\/p>\n<\/li>\n<li data-start=\"1266\" data-end=\"1306\">\n<p data-start=\"1268\" data-end=\"1306\">Abmessungen: <strong data-start=\"1281\" data-end=\"1303\">499 x 268 x 141 mm<\/strong>.<\/p>\n<\/li>\n<li data-start=\"1307\" data-end=\"1338\">\n<p data-start=\"1309\" data-end=\"1338\">Ungef\u00e4hres Gewicht: <strong data-start=\"1326\" data-end=\"1335\">30 kg<\/strong>.<\/p>\n<\/li>\n<li data-start=\"1339\" data-end=\"1373\">\n<p data-start=\"1341\" data-end=\"1373\">Maximale Effizienz: <strong data-start=\"1360\" data-end=\"1370\">95-96%<\/strong>.<\/p>\n<\/li>\n<li data-start=\"1374\" data-end=\"1429\">\n<p data-start=\"1376\" data-end=\"1429\">Arbeitstemperaturbereich: <strong data-start=\"1409\" data-end=\"1426\">-40\u00b0C bis +65\u00b0C<\/strong>.<\/p>\n<\/li>\n<li data-start=\"1430\" data-end=\"1493\">\n<p data-start=\"1432\" data-end=\"1493\">Kommunikation: <strong data-start=\"1446\" data-end=\"1490\">VE.Bus, VE.Direct, Anschluss an Cerbo GX<\/strong>.<\/p>\n<\/li>\n<\/ul>\n<p data-start=\"1495\" data-end=\"1643\">Diese technischen Daten machen ihn zu einer zuverl\u00e4ssigen Wahl sowohl f\u00fcr den privaten Gebrauch als auch f\u00fcr professionelle Installationen unter anspruchsvollen Bedingungen.<\/p>\n<h2 data-start=\"1645\" data-end=\"1695\">Die wichtigsten Vorteile des MultiPlus II 48\/5000<\/h2>\n<h3 data-start=\"1696\" data-end=\"1736\">Doppelfunktion: Wechselrichter und Ladeger\u00e4t<\/h3>\n<p data-start=\"1737\" data-end=\"1975\">Das Ger\u00e4t kann den Verbrauch direkt aus den Batterien und den Solarzellen \u00fcber ein MPPT einspeisen, aber auch die Batterien \u00fcber das Stromnetz oder \u00fcber einen Benzin- oder Dieselgenerator aufladen. Dies garantiert Autonomie auch nach mehreren bew\u00f6lkten Tagen \u00fcberall auf der Welt. Sowohl in den Bergen als auch auf dem Meer.<\/p>\n<h3 data-start=\"1977\" data-end=\"2004\">Bew\u00e4hrte Zuverl\u00e4ssigkeit<\/h3>\n<p data-start=\"2005\" data-end=\"2200\">Nach mehr als einem Jahrzehnt der Installation kann ich best\u00e4tigen, dass Victron eine der langlebigsten und robustesten Wechselrichtermarken auf dem Markt ist. Ich habe Ger\u00e4te gesehen, die seit \u00fcber 10 Jahren im Dauerbetrieb sind, und wir mussten nur die Ventilatoren austauschen.<\/p>\n<h3 data-start=\"2202\" data-end=\"2244\">Einsparungen im Vergleich zu Elektrizit\u00e4tsunternehmen<\/h3>\n<p data-start=\"2245\" data-end=\"2521\">In l\u00e4ndlichen Gebieten kann der Abschluss eines Stromvertrags mit Iberdrola, Endesa oder einem anderen Versorger bedeuten, dass man kilometerlange Leitungen verlegen und f\u00fcr Transformatoren bezahlen muss, die dann an das Unternehmen \u00fcbergeben werden. Mit dem MultiPlus II ist die Solaranlage viel wirtschaftlicher und erm\u00f6glicht eine echte Unabh\u00e4ngigkeit, sowohl einphasig als auch dreiphasig.<\/p>\n<h3 data-start=\"2523\" data-end=\"2556\">Flexibilit\u00e4t bei der Installation<\/h3>\n<p data-start=\"2557\" data-end=\"2811\">Es eignet sich f\u00fcr Haushalte, Unternehmen, landwirtschaftliche Betriebe, Zweitwohnungen und Industrieprojekte. Au\u00dferdem kann es dank der Kompatibilit\u00e4t mit verschiedenen Batterietypen und der M\u00f6glichkeit der Online-\u00dcberwachung mit dem System mitwachsen.<\/p>\n<h2 data-start=\"2813\" data-end=\"2854\">Kompatibilit\u00e4t mit Lithium-Batterien<\/h2>\n<ul data-start=\"2855\" data-end=\"3059\">\n<li data-start=\"2855\" data-end=\"2938\">\n<p data-start=\"2857\" data-end=\"2938\"><strong data-start=\"2857\" data-end=\"2870\">Pylontech<\/strong>Die Modelle US2000C und US5000 werden h\u00e4ufig in Wohnprojekten eingesetzt.<\/p>\n<\/li>\n<li data-start=\"2939\" data-end=\"3059\">\n<p data-start=\"2941\" data-end=\"3059\"><strong data-start=\"2941\" data-end=\"2950\">Pytes<\/strong>48100 (48V - 100Ah), die sich in Spanien immer gr\u00f6\u00dferer Beliebtheit erfreut, insbesondere bei professionellen Installationen.<\/p>\n<\/li>\n<\/ul>\n<p data-start=\"3061\" data-end=\"3213\">Die Vielseitigkeit des MultiPlus II 48\/5000 im Speicher gew\u00e4hrleistet, dass das System erweitert oder aufger\u00fcstet werden kann, ohne dass der Wechselrichter ausgetauscht werden muss.<\/p>\n<h2 data-start=\"3215\" data-end=\"3256\">Intelligente \u00dcberwachung und Kontrolle<\/h2>\n<h3 data-start=\"3257\" data-end=\"3282\">Cerbo GX Schaltanlage<\/h3>\n<p data-start=\"3283\" data-end=\"3346\">Es erm\u00f6glicht eine erweiterte \u00dcberwachung und Steuerung des Systems.<\/p>\n<h3 data-start=\"3348\" data-end=\"3389\">Anwendung Victron Fernverwaltung (VRM)<\/h3>\n<p data-start=\"3390\" data-end=\"3676\">Dank der Konnektivit\u00e4t mit Cerbo GX kann der Wechselrichter \u00fcber das Internet \u00fcberwacht werden, wobei Verbrauch, Ladezustand und Leistung in Echtzeit angezeigt werden. Als Installateur kann ich so Kunden aus der Ferne unterst\u00fctzen und St\u00f6rungen beheben, ohne dass ich daf\u00fcr reisen muss.<\/p>\n<h2 data-start=\"3678\" data-end=\"3702\">Tats\u00e4chliche Anwendungsf\u00e4lle<\/h2>\n<ul data-start=\"3703\" data-end=\"4064\">\n<li data-start=\"3703\" data-end=\"3786\">\n<p data-start=\"3705\" data-end=\"3786\"><strong data-start=\"3705\" data-end=\"3743\">L\u00e4ndliche Behausungen und Landh\u00e4user<\/strong>: v\u00f6llige Autonomie ohne Abh\u00e4ngigkeit vom Stromnetz.<\/p>\n<\/li>\n<li data-start=\"3787\" data-end=\"3884\">\n<p data-start=\"3789\" data-end=\"3884\"><strong data-start=\"3789\" data-end=\"3818\">Unternehmen in abgelegenen Gebieten<\/strong>Zuverl\u00e4ssigkeit f\u00fcr Projekte in der Landwirtschaft, Viehzucht oder Industrie.<\/p>\n<\/li>\n<li data-start=\"3885\" data-end=\"3972\">\n<p data-start=\"3887\" data-end=\"3972\"><strong data-start=\"3887\" data-end=\"3911\">Zweitwohnungen<\/strong>Energieunabh\u00e4ngigkeit mit Notstromaggregat.<\/p>\n<\/li>\n<li data-start=\"3973\" data-end=\"4064\">\n<p data-start=\"3975\" data-end=\"4064\"><strong data-start=\"3975\" data-end=\"3997\">Hybride Projekte<\/strong>Integration mit anderen Energiequellen in komplexen Systemen.<\/p>\n<\/li>\n<\/ul>\n<h2 data-start=\"4066\" data-end=\"4113\">Vergleich mit anderen MultiPlus II-Modellen<\/h2>\n<div class=\"_tableContainer_1rjym_1\">\n<div class=\"group w-fit _tableWrapper_1rjym_13 flex flex-col-reverse\" tabindex=\"-1\">\n<table class=\"w-fit min-w-(--thread-content-width)\" data-start=\"4114\" data-end=\"4632\">\n<thead data-start=\"4114\" data-end=\"4222\">\n<tr data-start=\"4114\" data-end=\"4222\">\n<th data-start=\"4114\" data-end=\"4123\" data-col-size=\"sm\">Modell<\/th>\n<th data-start=\"4123\" data-end=\"4139\" data-col-size=\"sm\">Leistung (VA)<\/th>\n<th data-start=\"4139\" data-end=\"4149\" data-col-size=\"sm\">Spannung<\/th>\n<th data-start=\"4149\" data-end=\"4174\" data-col-size=\"sm\">Strom des Ladeger\u00e4ts (A)<\/th>\n<th data-start=\"4174\" data-end=\"4194\" data-col-size=\"sm\">\u00dcbertragung (A)<\/th>\n<th data-start=\"4194\" data-end=\"4222\" data-col-size=\"md\">Empfohlene Anwendung<\/th>\n<\/tr>\n<\/thead>\n<tbody data-start=\"4333\" data-end=\"4632\">\n<tr data-start=\"4333\" data-end=\"4429\">\n<td data-start=\"4333\" data-end=\"4360\" data-col-size=\"sm\"><strong data-start=\"4335\" data-end=\"4359\">MultiPlus II 48\/4500<\/strong><\/td>\n<td data-start=\"4360\" data-end=\"4367\" data-col-size=\"sm\">4500<\/td>\n<td data-start=\"4367\" data-end=\"4373\" data-col-size=\"sm\">48V<\/td>\n<td data-start=\"4373\" data-end=\"4379\" data-col-size=\"sm\">60A<\/td>\n<td data-start=\"4379\" data-end=\"4385\" data-col-size=\"sm\">50A<\/td>\n<td data-start=\"4385\" data-end=\"4429\" data-col-size=\"md\">Kleine Wohnungen, m\u00e4\u00dfiger Verbrauch<\/td>\n<\/tr>\n<tr data-start=\"4430\" data-end=\"4532\">\n<td data-start=\"4430\" data-end=\"4457\" data-col-size=\"sm\"><strong data-start=\"4432\" data-end=\"4456\">MultiPlus II 48\/5000<\/strong><\/td>\n<td data-start=\"4457\" data-end=\"4464\" data-col-size=\"sm\">5000<\/td>\n<td data-start=\"4464\" data-end=\"4470\" data-col-size=\"sm\">48V<\/td>\n<td data-start=\"4470\" data-end=\"4476\" data-col-size=\"sm\">70A<\/td>\n<td data-start=\"4476\" data-end=\"4482\" data-col-size=\"sm\">50A<\/td>\n<td data-start=\"4482\" data-end=\"4532\" data-col-size=\"md\">Privathaushalte und mittlere Unternehmen, intensive Nutzung<\/td>\n<\/tr>\n<tr data-start=\"4533\" data-end=\"4632\">\n<td data-start=\"4533\" data-end=\"4560\" data-col-size=\"sm\"><strong data-start=\"4535\" data-end=\"4559\">MultiPlus II 48\/6500<\/strong><\/td>\n<td data-start=\"4560\" data-end=\"4567\" data-col-size=\"sm\">6500<\/td>\n<td data-start=\"4567\" data-end=\"4573\" data-col-size=\"sm\">48V<\/td>\n<td data-start=\"4573\" data-end=\"4580\" data-col-size=\"sm\">100A<\/td>\n<td data-start=\"4580\" data-end=\"4586\" data-col-size=\"sm\">50A<\/td>\n<td data-start=\"4586\" data-end=\"4632\" data-col-size=\"md\">Gro\u00dfunternehmen, Industrieprojekte<\/td>\n<\/tr>\n<\/tbody>\n<\/table>\n<\/div>\n<\/div>\n<p data-start=\"4634\" data-end=\"4752\">Von den dreien ist die <strong data-start=\"4650\" data-end=\"4661\">48\/5000<\/strong> ist das etablierteste Modell, das sich durch seine Langlebigkeit und Unterst\u00fctzung bew\u00e4hrt hat.<\/p>\n<h2 data-start=\"4754\" data-end=\"4779\">H\u00e4ufig gestellte Fragen<\/h2>\n<p data-start=\"4780\" data-end=\"4897\"><strong data-start=\"4780\" data-end=\"4821\">Wie lange ist die Lebensdauer dieses Modells?<\/strong><br data-start=\"4821\" data-end=\"4824\" \/>Bei ordnungsgem\u00e4\u00dfer Verwendung kann er 10-12 Jahre ununterbrochen in Betrieb sein. Es ist lediglich erforderlich, den Bereich des Wechselrichters sauber zu halten und alle paar Jahre eine Innenreinigung des Ger\u00e4ts vorzunehmen.<\/p>\n<p data-start=\"4899\" data-end=\"5100\"><strong data-start=\"4899\" data-end=\"4951\">Was ist der Unterschied zwischen den Modellen 4500 und 6500?<\/strong><br data-start=\"4951\" data-end=\"4954\" \/>Das Modell 4500 hat eine geringere Leistung, das Modell 6500 ist f\u00fcr einen h\u00f6heren Verbrauch ausgelegt, aber das Modell 5000 ist in Bezug auf die Robustheit und den Verlauf am ausgewogensten. Die Modelle 4500VA und 6500VA sind neue Modelle, die darauf abzielen, den Leistungsbereich einer einphasigen Anlage mit Victron zu erweitern, aber vor allem in dreiphasigen Anlagen, wo 3 dieser Modelle kombiniert werden m\u00fcssen.<\/p>\n<p data-start=\"5102\" data-end=\"5245\"><strong data-start=\"5102\" data-end=\"5152\">Ist es mit modernen Lithium-Batterien kompatibel?<\/strong><br data-start=\"5152\" data-end=\"5155\" \/>Ja, insbesondere mit Pylontech und Pytes sowie anderen Marken, die 48V-kompatibel sind und \u00fcber CAN-Bus-Kommunikation verf\u00fcgen, um mit dem Cerbo kommunizieren zu k\u00f6nnen.<\/p>\n<p data-start=\"5247\" data-end=\"5328\"><strong data-start=\"5247\" data-end=\"5285\">Kann es aus der Ferne \u00fcberwacht werden?<\/strong><br data-start=\"5285\" data-end=\"5288\" \/>Ja, mit einem Cerbo GX und der Victron VRM App mit Internetverbindung am Installationsort.<\/p>\n<p data-start=\"5330\" data-end=\"5452\"><strong data-start=\"5330\" data-end=\"5354\">Was ist die Garantie?<\/strong><br data-start=\"5354\" data-end=\"5357\" \/>Victron bietet eine offizielle 5-Jahres-Garantie und einen Support-Service durch autorisierte H\u00e4ndler.<\/p>\n<h2>So konfigurieren Sie Ihr Victron Multiplus II 48\/5000 + Pylontech US5000<\/h2>\n<p>Wenn Sie wissen wollen\u00a0<a href=\"https:\/\/fvcomponentes.com\/de\/einrichtung-des-victron-multiplus-ii-48-5000-pylontech-us5000\/\" target=\"_blank\" rel=\"noopener\">So konfigurieren Sie Ihr Victron Multiplus II 48\/5000 + Pylontech US5000<\/a> Klicken Sie jetzt und rufen Sie den Beitrag auf, den wir der Installation des Wechselrichters Multiplus 48\/5000 mit der Batterie Pylontech US5000 gewidmet haben.<\/p>\n<h2>Wechselrichter Victron MultiPlus II 48\/5000 70A+50A Handbuch und Datenblatt - PMP482505012<\/h2>\n<p>Falls Sie weitere Informationen ben\u00f6tigen, finden Sie hier das technische Datenblatt und das Benutzerhandbuch f\u00fcr das Victron MultiPlus II 48\/5000.<\/p>\n<p><a href=\"https:\/\/fvcomponentes.com\/wp-content\/uploads\/2020\/02\/Datasheet-MultiPlus-II-inverter-charger-ES.pdf\" target=\"_blank\" rel=\"noopener\">Technisches Datenblatt Wechselrichter-Ladeger\u00e4t Victron Multiplus 48\/5000<\/a><\/p>\n<p><a href=\"https:\/\/fvcomponentes.com\/wp-content\/uploads\/2024\/10\/Manual-Inversor-Victron-MultiPlus-II-485000-VA-48V-7050A-PMP482505010.pdf\" target=\"_blank\" rel=\"noopener\">Victron Multiplus II 48\/5000 Handbuch<\/a><\/p>","protected":false},"excerpt":{"rendered":"<ul>\n<li><strong>48V Wechselrichter-Ladeger\u00e4t<\/strong><\/li>\n<li><strong>Wechselrichter:<\/strong> 5000 W<\/li>\n<li><strong>Spitzenleistung:<\/strong> 9000 W<\/li>\n<li><strong>Integriertes Ladeger\u00e4t:<\/strong> 70A<\/li>\n<li><strong>AC-Ausg\u00e4nge<\/strong>: 2<\/li>\n<\/ul>","protected":false},"featured_media":7580,"comment_status":"open","ping_status":"closed","template":"","meta":{"site-sidebar-layout":"default","site-content-layout":"default","ast-site-content-layout":"default","site-content-style":"default","site-sidebar-style":"default","ast-global-header-display":"","ast-banner-title-visibility":"","ast-main-header-display":"","ast-hfb-above-header-display":"","ast-hfb-below-header-display":"","ast-hfb-mobile-header-display":"","site-post-title":"","ast-breadcrumbs-content":"","ast-featured-img":"","footer-sml-layout":"","ast-disable-related-posts":"","theme-transparent-header-meta":"default","adv-header-id-meta":"","stick-header-meta":"","header-above-stick-meta":"","header-main-stick-meta":"","header-below-stick-meta":"","astra-migrate-meta-layouts":"set","ast-page-background-enabled":"default","ast-page-background-meta":{"desktop":{"background-color":"var(--ast-global-color-4)","background-image":"","background-repeat":"repeat","background-position":"center center","background-size":"auto","background-attachment":"scroll","background-type":"","background-media":"","overlay-type":"","overlay-color":"","overlay-opacity":"","overlay-gradient":""},"tablet":{"background-color":"","background-image":"","background-repeat":"repeat","background-position":"center center","background-size":"auto","background-attachment":"scroll","background-type":"","background-media":"","overlay-type":"","overlay-color":"","overlay-opacity":"","overlay-gradient":""},"mobile":{"background-color":"","background-image":"","background-repeat":"repeat","background-position":"center center","background-size":"auto","background-attachment":"scroll","background-type":"","background-media":"","overlay-type":"","overlay-color":"","overlay-opacity":"","overlay-gradient":""}},"ast-content-background-meta":{"desktop":{"background-color":"var(--ast-global-color-5)","background-image":"","background-repeat":"repeat","background-position":"center center","background-size":"auto","background-attachment":"scroll","background-type":"","background-media":"","overlay-type":"","overlay-color":"","overlay-opacity":"","overlay-gradient":""},"tablet":{"background-color":"var(--ast-global-color-5)","background-image":"","background-repeat":"repeat","background-position":"center center","background-size":"auto","background-attachment":"scroll","background-type":"","background-media":"","overlay-type":"","overlay-color":"","overlay-opacity":"","overlay-gradient":""},"mobile":{"background-color":"var(--ast-global-color-5)","background-image":"","background-repeat":"repeat","background-position":"center center","background-size":"auto","background-attachment":"scroll","background-type":"","background-media":"","overlay-type":"","overlay-color":"","overlay-opacity":"","overlay-gradient":""}}},"pwb-brand":[332],"product_brand":[],"product_cat":[334,333],"product_tag":[],"class_list":{"0":"post-2982","1":"product","2":"type-product","3":"status-publish","4":"has-post-thumbnail","6":"pwb-brand-victron","7":"product_cat-inversores-cargadores-48v","8":"product_cat-inversores","9":"desktop-align-left","10":"tablet-align-left","11":"mobile-align-left","12":"ast-product-gallery-layout-horizontal-slider","13":"ast-product-tabs-layout-horizontal","15":"first","16":"instock","17":"featured","18":"taxable","19":"shipping-taxable","20":"purchasable","21":"product-type-simple"},"wcpa_form_fields":null,"brands":[{"id":332,"name":"Victron Energie","slug":"victron"}],"_links":{"self":[{"href":"https:\/\/fvcomponentes.com\/de\/wp-json\/wp\/v2\/product\/2982","targetHints":{"allow":["GET"]}}],"collection":[{"href":"https:\/\/fvcomponentes.com\/de\/wp-json\/wp\/v2\/product"}],"about":[{"href":"https:\/\/fvcomponentes.com\/de\/wp-json\/wp\/v2\/types\/product"}],"replies":[{"embeddable":true,"href":"https:\/\/fvcomponentes.com\/de\/wp-json\/wp\/v2\/comments?post=2982"}],"wp:featuredmedia":[{"embeddable":true,"href":"https:\/\/fvcomponentes.com\/de\/wp-json\/wp\/v2\/media\/7580"}],"wp:attachment":[{"href":"https:\/\/fvcomponentes.com\/de\/wp-json\/wp\/v2\/media?parent=2982"}],"wp:term":[{"taxonomy":"pwb-brand","embeddable":true,"href":"https:\/\/fvcomponentes.com\/de\/wp-json\/wp\/v2\/pwb-brand?post=2982"},{"taxonomy":"product_brand","embeddable":true,"href":"https:\/\/fvcomponentes.com\/de\/wp-json\/wp\/v2\/product_brand?post=2982"},{"taxonomy":"product_cat","embeddable":true,"href":"https:\/\/fvcomponentes.com\/de\/wp-json\/wp\/v2\/product_cat?post=2982"},{"taxonomy":"product_tag","embeddable":true,"href":"https:\/\/fvcomponentes.com\/de\/wp-json\/wp\/v2\/product_tag?post=2982"}],"curies":[{"name":"wp","href":"https:\/\/api.w.org\/{rel}","templated":true}]}}