{"id":29380,"date":"2025-08-20T10:14:34","date_gmt":"2025-08-20T08:14:34","guid":{"rendered":"https:\/\/fvcomponentes.com\/?post_type=product&#038;p=29380"},"modified":"2026-03-30T12:15:08","modified_gmt":"2026-03-30T10:15:08","slug":"elektrofahrzeug-ladegerat-fronius-wattpilot-flex-home-22-c6-4240187","status":"publish","type":"product","link":"https:\/\/fvcomponentes.com\/de\/producto\/cargador-vehiculo-electrico-fronius-wattpilot-flex-home-22-c6-4240187\/","title":{"rendered":"Fronius Wattpilot Flex Home 22 C6 Ladeger\u00e4t f\u00fcr Elektrofahrzeuge - 4.240.187"},"content":{"rendered":"<h2>Fronius Wattpilot Flex Home 22 C6 Ladeger\u00e4t f\u00fcr Elektrofahrzeuge - 4.240.187<\/h2>\n<p>Der Fronius Wattpilot Flex Home 22 C6 ist ein tragbares Ladeger\u00e4t f\u00fcr Elektrofahrzeuge f\u00fcr den Heimgebrauch, das Flexibilit\u00e4t, Effizienz und Benutzerfreundlichkeit vereint.<br \/>\nDieses Ladeger\u00e4t ist f\u00fcr den Betrieb mit Drehstrom ausgelegt und bietet eine maximale Ladeleistung von 22 kW mit einem anpassbaren Bereich von 1,38 kW bis 22 kW, je nach Verf\u00fcgbarkeit des Stroms.<br \/>\nEs arbeitet mit einer Nennspannung von 400 V und vertr\u00e4gt einen Maximalstrom von 32 A. Damit ist es ideal f\u00fcr schnelles und effizientes Laden in Haushalten mit einer geeigneten Elektroinstallation.<br \/>\nDer Wattpilot Flex Home 22 C6 ist ideal f\u00fcr alle, die eine L\u00f6sung suchen, die an verschiedenen Orten eingesetzt werden kann, ohne dass eine feste Installation erforderlich ist.<br \/>\nEs ist auch f\u00fcr die Integration in Photovoltaikanlagen konzipiert, so dass das Fahrzeug mit \u00fcbersch\u00fcssiger Sonnenenergie aufgeladen werden kann, was die Kosten senkt und den Eigenverbrauch von Energie erh\u00f6ht.<\/p>\n<h2>Eigenschaften des Fronius Wattpilot Flex Home 22 C6 Elektrofahrzeug-Ladeger\u00e4ts - 4.240.187<\/h2>\n<h3>Anschlussm\u00f6glichkeiten und Bedienung des Wattpilot Flex Home 22 C6<\/h3>\n<p>Das Fronius Wattpilot Flex Home 22 C6-Ladeger\u00e4t verf\u00fcgt \u00fcber eine integrierte Wi-Fi-Konnektivit\u00e4t, die es erm\u00f6glicht, das Ladeger\u00e4t \u00fcber die mobile App Solar.wattpilot fernzusteuern, Ladepl\u00e4ne einzustellen, den Echtzeit-Status zu \u00fcberpr\u00fcfen und je nach Fahrzeugnutzung verschiedene Modi zu w\u00e4hlen.<br \/>\nDar\u00fcber hinaus ist er mit dem Fronius Solar.web Portal kompatibel, was die Verbrauchs\u00fcberwachung und das Management des Energieverbrauchs im Haushalt erleichtert.<\/p>\n<p>Dank seiner intelligenten Konnektivit\u00e4t und der Kompatibilit\u00e4t mit Fronius Smart Meter kann dieses Ladeger\u00e4t die Ladeleistung dynamisch verwalten und an den Gesamtverbrauch des Haushalts anpassen, um eine \u00dcberladung zu vermeiden.<\/p>\n<p>Der Wattpilot Flex Home 22 C6 bietet verschiedene Betriebsmodi, je nach den Bed\u00fcrfnissen des Benutzers.<br \/>\nIm Eco-Modus k\u00f6nnen Sie \u00fcbersch\u00fcssige Solarenergie nutzen, um das Fahrzeug effizient aufzuladen. Im Modus \"N\u00e4chste Fahrt\" k\u00f6nnen Sie einstellen, wie viele Kilometer Sie f\u00fcr Ihre n\u00e4chste Fahrt ben\u00f6tigen, und die Ladung wird an dieses Ziel angepasst.<\/p>\n<h3>Aufbau des Wattpilot Flex Home 22 C6<\/h3>\n<p>Vom Design her ist das Fronius Wattpilot Flex Home 22 C6 Ladeger\u00e4t ein tragbares Ger\u00e4t, das keine feste Installation ben\u00f6tigt und an verschiedenen Orten eingesetzt werden kann.<br \/>\nEs ist mit einem Typ-2-Stecker ausgestattet, der bei den meisten europ\u00e4ischen Elektrofahrzeugen Standard ist, und verf\u00fcgt \u00fcber eine LED-Schnittstelle, die den Betriebsstatus anzeigt.<br \/>\nSein kompaktes und robustes Geh\u00e4use ist nach IP54 gesch\u00fctzt, so dass es sowohl im Innen- als auch im Au\u00dfenbereich eingesetzt werden kann, solange es vor extremen Wetterbedingungen gesch\u00fctzt ist.<\/p>\n<h3>Sicherheit des Wattpilot Flex Home 22 C6<\/h3>\n<p>Was die Sicherheit betrifft, so verf\u00fcgt das Ladeger\u00e4t \u00fcber einen \u00dcberlastungs-, Kurzschluss-, \u00dcberhitzungs- und Erdschlussschutz. Obwohl es als tragbares Ger\u00e4t verwendet werden kann, wird empfohlen, dass es von einem qualifizierten Fachmann an das Stromnetz angeschlossen wird, insbesondere wenn es an ein Dreiphasennetz angeschlossen wird.<br \/>\nSein elektrisches Schutzsystem gew\u00e4hrleistet jedoch jederzeit eine sichere Nutzung.<\/p>\n<p>Der Fronius Wattpilot Flex Home 22 C6 ist ideal f\u00fcr Haushalte mit Photovoltaikanlagen, da er den Eigenverbrauch von Solarenergie maximiert, indem er das Elektrofahrzeug mit der \u00fcbersch\u00fcssig erzeugten Energie l\u00e4dt.<\/p>\n<h2>Fronius Wattpilot Flex Home 22 C6 Ladeger\u00e4t Datenblatt - 4.240.187<\/h2>\n<p><a href=\"https:\/\/fvcomponentes.com\/wp-content\/uploads\/2025\/08\/Fronius_TDS_Wattpilot_Flex_ES.pdf\" target=\"_blank\" rel=\"noopener\">Datenblatt Fronius Wattpilot Flex Home 22 C6<\/a><\/p>","protected":false},"excerpt":{"rendered":"<div class=\"availability-status\">\n<p class=\"orange\"><span style=\"color: #ff0000\"><strong>Vor\u00fcbergehend nicht verf\u00fcgbar!<br \/>\n<span style=\"color: #ff9900\">Verf\u00fcgbar ab 30. M\u00e4rz<\/span><\/strong><\/span><\/p>\n<\/div>\n<p><strong>Einphasig und dreiphasig in einem einzigen Ger\u00e4t.<\/strong><br \/>\n<strong>Nennspannung<\/strong>: 230V - 400 V<br \/>\n<strong>Maximaler Strom<\/strong>: 32 A<br \/>\n<strong>Maximale Lastleistung<\/strong>: 22 kW<br \/>\n<strong>L\u00e4nge des Kabels:<\/strong> 6m<br \/>\n<strong>RFID-Karten<\/strong><br \/>\n<strong>Kommunikation:<\/strong> Wlan<br \/>\n<strong>Schutz:<\/strong> IP66<\/p>","protected":false},"featured_media":29405,"comment_status":"closed","ping_status":"closed","template":"","meta":{"site-sidebar-layout":"default","site-content-layout":"","ast-site-content-layout":"default","site-content-style":"default","site-sidebar-style":"default","ast-global-header-display":"","ast-banner-title-visibility":"","ast-main-header-display":"","ast-hfb-above-header-display":"","ast-hfb-below-header-display":"","ast-hfb-mobile-header-display":"","site-post-title":"","ast-breadcrumbs-content":"","ast-featured-img":"","footer-sml-layout":"","ast-disable-related-posts":"","theme-transparent-header-meta":"default","adv-header-id-meta":"","stick-header-meta":"","header-above-stick-meta":"","header-main-stick-meta":"","header-below-stick-meta":"","astra-migrate-meta-layouts":"set","ast-page-background-enabled":"default","ast-page-background-meta":{"desktop":{"background-color":"var(--ast-global-color-4)","background-image":"","background-repeat":"repeat","background-position":"center center","background-size":"auto","background-attachment":"scroll","background-type":"","background-media":"","overlay-type":"","overlay-color":"","overlay-opacity":"","overlay-gradient":""},"tablet":{"background-color":"","background-image":"","background-repeat":"repeat","background-position":"center center","background-size":"auto","background-attachment":"scroll","background-type":"","background-media":"","overlay-type":"","overlay-color":"","overlay-opacity":"","overlay-gradient":""},"mobile":{"background-color":"","background-image":"","background-repeat":"repeat","background-position":"center center","background-size":"auto","background-attachment":"scroll","background-type":"","background-media":"","overlay-type":"","overlay-color":"","overlay-opacity":"","overlay-gradient":""}},"ast-content-background-meta":{"desktop":{"background-color":"var(--ast-global-color-5)","background-image":"","background-repeat":"repeat","background-position":"center center","background-size":"auto","background-attachment":"scroll","background-type":"","background-media":"","overlay-type":"","overlay-color":"","overlay-opacity":"","overlay-gradient":""},"tablet":{"background-color":"var(--ast-global-color-5)","background-image":"","background-repeat":"repeat","background-position":"center center","background-size":"auto","background-attachment":"scroll","background-type":"","background-media":"","overlay-type":"","overlay-color":"","overlay-opacity":"","overlay-gradient":""},"mobile":{"background-color":"var(--ast-global-color-5)","background-image":"","background-repeat":"repeat","background-position":"center center","background-size":"auto","background-attachment":"scroll","background-type":"","background-media":"","overlay-type":"","overlay-color":"","overlay-opacity":"","overlay-gradient":""}}},"pwb-brand":[344],"product_brand":[],"product_cat":[385],"product_tag":[],"class_list":{"0":"post-29380","1":"product","2":"type-product","3":"status-publish","4":"has-post-thumbnail","6":"pwb-brand-fronius","7":"product_cat-cargadores-para-vehiculo-electrico","8":"desktop-align-left","9":"tablet-align-left","10":"mobile-align-left","11":"ast-product-gallery-layout-horizontal-slider","12":"ast-product-gallery-with-no-image","13":"ast-product-tabs-layout-horizontal","15":"first","16":"onbackorder","17":"taxable","18":"shipping-taxable","19":"purchasable","20":"product-type-simple"},"wcpa_form_fields":null,"brands":[{"id":344,"name":"Fronius-Wechselrichter","slug":"fronius"}],"_links":{"self":[{"href":"https:\/\/fvcomponentes.com\/de\/wp-json\/wp\/v2\/product\/29380","targetHints":{"allow":["GET"]}}],"collection":[{"href":"https:\/\/fvcomponentes.com\/de\/wp-json\/wp\/v2\/product"}],"about":[{"href":"https:\/\/fvcomponentes.com\/de\/wp-json\/wp\/v2\/types\/product"}],"replies":[{"embeddable":true,"href":"https:\/\/fvcomponentes.com\/de\/wp-json\/wp\/v2\/comments?post=29380"}],"wp:featuredmedia":[{"embeddable":true,"href":"https:\/\/fvcomponentes.com\/de\/wp-json\/wp\/v2\/media\/29405"}],"wp:attachment":[{"href":"https:\/\/fvcomponentes.com\/de\/wp-json\/wp\/v2\/media?parent=29380"}],"wp:term":[{"taxonomy":"pwb-brand","embeddable":true,"href":"https:\/\/fvcomponentes.com\/de\/wp-json\/wp\/v2\/pwb-brand?post=29380"},{"taxonomy":"product_brand","embeddable":true,"href":"https:\/\/fvcomponentes.com\/de\/wp-json\/wp\/v2\/product_brand?post=29380"},{"taxonomy":"product_cat","embeddable":true,"href":"https:\/\/fvcomponentes.com\/de\/wp-json\/wp\/v2\/product_cat?post=29380"},{"taxonomy":"product_tag","embeddable":true,"href":"https:\/\/fvcomponentes.com\/de\/wp-json\/wp\/v2\/product_tag?post=29380"}],"curies":[{"name":"wp","href":"https:\/\/api.w.org\/{rel}","templated":true}]}}