{"id":28875,"date":"2025-08-20T09:45:13","date_gmt":"2025-08-20T07:45:13","guid":{"rendered":"https:\/\/fvcomponentes.com\/?post_type=product&#038;p=28875"},"modified":"2026-04-08T21:37:05","modified_gmt":"2026-04-08T19:37:05","slug":"wechselrichter-lader-victron-multiplus-ii-48-6500va-48v-100a-50a-pmp482605012","status":"publish","type":"product","link":"https:\/\/fvcomponentes.com\/de\/producto\/inversor-cargador-victron-multiplus-ii-48-6500va-48v-100a-50a-pmp482605012\/","title":{"rendered":"Wechselrichter-Ladeger\u00e4t Victron MultiPlus-II 48\/6500VA 48V 100A-50A - PMP482605012"},"content":{"rendered":"<p>Das Victron MultiPlus-II 48\/6500VA 48V 100-50 Wechselrichter-Ladeger\u00e4t - PMP482605012 vereint drei Funktionen in einem Ger\u00e4t: reiner Sinus-Wechselrichter, intelligentes Batterieladeger\u00e4t und automatischer Transferschalter.<br \/>\nSein Design ist robust, kompakt und effizient. Er ist ideal f\u00fcr anspruchsvolle Anwendungen wie hybride Solarsysteme, Stromversorgungssysteme f\u00fcr Privathaushalte und Unternehmen, Wohnmobile, Boote und industrielle Umgebungen.<br \/>\n<span style=\"font-size: 16px\">Es ist so konzipiert, dass es eine kontinuierliche und zuverl\u00e4ssige Stromversorgung gew\u00e4hrleistet. Er l\u00e4sst sich leicht in neue oder bestehende Anlagen integrieren.<br \/>\n<\/span>Dar\u00fcber hinaus kann es parallel und dreiphasig konfiguriert werden, wodurch es f\u00fcr gro\u00dfe Projekte skalierbar ist.<br \/>\nDie Funktionen PowerControl und PowerAssist sorgen f\u00fcr eine optimale Nutzung der Energie. Sie verhindern \u00dcberlastungen des Netzes oder des Generators und verbessern die Systemeffizienz.<\/p>\n<h2>Hauptmerkmale des Wechselrichter-Ladeger\u00e4ts Victron MultiPlus-II 48\/6500VA 48V 100-50 - PMP482605012<\/h2>\n<h3>Au\u00dfergew\u00f6hnliche Kraft und Leistung<\/h3>\n<p>Dieses Modell liefert eine <strong>Dauerleistung von 6500 VA (6000 W)<\/strong> mit reinem Sinus-Ausgang, der die volle Kompatibilit\u00e4t auch mit empfindlichen elektronischen Ger\u00e4ten wie Computern, audiovisuellen Systemen oder hochwertigen Haushaltsger\u00e4ten gew\u00e4hrleistet.<br class=\"yoast-text-mark\" \/>Dar\u00fcber hinaus ist seine <strong>Spitzenleistung von<\/strong>\u00a0<strong>11000 W<\/strong> erm\u00f6glicht Ihnen die einfache Bew\u00e4ltigung von Anlaufspitzen, wie sie von Motoren, Pumpen, Kompressoren und anderen Ger\u00e4ten mit hohem Momentanbedarf erzeugt werden, ohne die Systemstabilit\u00e4t zu beeintr\u00e4chtigen.<\/p>\n<h3>Ultraschnelle Umschaltung nach USV-Art<\/h3>\n<p>Die automatische Umschaltfunktion wirkt auf <strong>weniger als 20 Millisekunden<\/strong>Das System stellt sicher, dass kritische Ger\u00e4te wie Server, Beleuchtungs- oder Kommunikationssysteme bei einem Netzausfall ohne Unterbrechung weiter funktionieren.<br \/>\nDies macht Multiplus-II zu einer perfekten L\u00f6sung f\u00fcr den USV-Betrieb, ohne dass zus\u00e4tzliche Ger\u00e4te ben\u00f6tigt werden.<\/p>\n<h3>PowerAssist- und PowerControl-Technologie<\/h3>\n<p>Mit PowerAssist kann der Wechselrichter bei Bedarfsspitzen vor\u00fcbergehend die Netz- oder Generatorleistung mit zus\u00e4tzlicher Batterieleistung aufstocken und so Spannungsabf\u00e4lle oder Stromausf\u00e4lle verhindern.<br class=\"yoast-text-mark\" \/>F\u00fcr seinen Teil, <strong>PowerControl<\/strong> steuert den Eingangsstrom so, dass die verf\u00fcgbare Kapazit\u00e4t des Generators oder des Netzes nicht \u00fcberschritten wird, indem es die Last des Ladeger\u00e4ts automatisch anpasst und dem intelligenten Verbrauch Vorrang einr\u00e4umt.<\/p>\n<h3>Intelligentes und anpassungsf\u00e4higes Ladeger\u00e4t<\/h3>\n<p>Das integrierte Batterieladeger\u00e4t bietet eine <strong>maximaler Laststrom von 100 A<\/strong>mit einem vierstufigen Ladealgorithmus (Bulk-, Absorptions-, Float- und Speicherladung), der die Lebensdauer von Blei-S\u00e4ure-, AGM-, GEL- oder Lithium-Batterien optimiert.<br class=\"yoast-text-mark\" \/>Sie umfasst au\u00dferdem <strong>Temperaturkompensation<\/strong> so dass das Ladeger\u00e4t die Ladespannung automatisch an die Umgebung anpasst und so die Batterien vor extremen Bedingungen sch\u00fctzt.<\/p>\n<h3>Skalierbarkeit und Flexibilit\u00e4t f\u00fcr alle Arten von Installationen<\/h3>\n<p>Diese Ausr\u00fcstung erm\u00f6glicht die <strong>Parallelschaltung von bis zu 6 Ger\u00e4ten<\/strong>Das System kann zur Erh\u00f6hung der verf\u00fcgbaren Gesamtleistung oder zur Verbesserung der Belastbarkeit des Systems eingesetzt werden.<br class=\"\" \/>Dar\u00fcber hinaus kann es so konfiguriert werden, dass es in <strong>Dreiphasen- oder Spaltphasensysteme,<\/strong> Dadurch eignet es sich besonders f\u00fcr gro\u00dfe gewerbliche, industrielle oder private Installationen, die Redundanz oder eine ausgewogene Lastverteilung erfordern.<\/p>\n<h3>Unabh\u00e4ngige AC-Ausg\u00e4nge<\/h3>\n<p>Enth\u00e4lt <strong>zwei separate AC-Ausg\u00e4nge<\/strong>Ein geschalteter Ausgang, der kritische Verbraucher bei Stromausf\u00e4llen oder Netzfehlern mit Batteriestrom versorgt, und ein Ausgang f\u00fcr unwichtige Verbraucher, der nur dann funktioniert, wenn eine externe Stromversorgung vorhanden ist.<br \/>\nSo k\u00f6nnen Priorit\u00e4ten bei der Energienutzung gesetzt und der Systemverbrauch optimiert werden.<\/p>\n<h3>Erweiterte Fern\u00fcberwachung und -steuerung<\/h3>\n<p>Das MultiPlus-II ist mit den Victron GX-Ger\u00e4ten (Cerbo GX, Color Control GX, Venus GX) und der VRM-Plattform kompatibel und erm\u00f6glicht es Ihnen, den Systemstatus in Echtzeit zu \u00fcberwachen, Warnmeldungen zu erhalten und die Parameter von jedem Ger\u00e4t mit Internetanschluss aus fernzusteuern.<br \/>\nEs kann auch lokal \u00fcber die VictronConnect-Anwendung und den VE.Bus-Anschluss konfiguriert werden.<\/p>\n<h3>Energieeffizienz und Energieeinsparungen<\/h3>\n<p>Dank seines hocheffizienten Designs erreicht er eine <strong>Wirkungsgrad von 96 %<\/strong>mit extrem niedrigem Stromverbrauch im Standby-Modus (AES-Modus und Search aktiviert).<br \/>\nDies maximiert die System- und Batterieautonomie und reduziert die Gesamtenergiekosten bei Solar- oder Backup-Anwendungen.<\/p>\n<h3>Robustheit und Sicherheit<\/h3>\n<p>Das Ger\u00e4t mit Metallgeh\u00e4use, aktiver Bel\u00fcftung und Schutzart IP22 ist f\u00fcr den Betrieb in einem breiten Temperaturbereich von -40\u00b0C bis +65\u00b0C ausgelegt.<br \/>\nEs verf\u00fcgt \u00fcber elektronische Schutzvorrichtungen gegen \u00dcberlast, Kurzschluss, \u00dcbertemperatur und abnormalen Betrieb, die eine lange Lebensdauer und sichere Leistung auch in anspruchsvollen Umgebungen gew\u00e4hrleisten.<\/p>\n<h2>Wechselrichter-Ladeger\u00e4t Victron MultiPlus-II 48\/6500VA 48V 100-50 Datenblatt Wechselrichter-Ladeger\u00e4t - PMP482605012<\/h2>\n<p><a href=\"https:\/\/fvcomponentes.com\/wp-content\/uploads\/2025\/08\/Datasheet-MultiPlus-II-inverter-charger-4k5-6k5-EN.pdf\" target=\"_blank\" rel=\"noopener\">Wechselrichter-Ladeger\u00e4t Victron MultiPlus-II 48\/6500VA 48V 100-50 Datenblatt Wechselrichter-Ladeger\u00e4t - PMP482605012<\/a><\/p>","protected":false},"excerpt":{"rendered":"<p><strong>Eingangsspannung (DC):<\/strong> 38-60 V<br \/>\n<strong>Ausgangsspannung (AC):<\/strong> 230 VAC \u00b1 2%<br \/>\n<strong>Ausgangsfrequenz:<\/strong> 50 Hz \u00b1 0,1%<br \/>\n<strong>Kontinuierliche Leistungsabgabe:<\/strong> 6 kW (siehe Datenblatt)<br \/>\n<strong>Art der Ausgangswellenform:<\/strong> Reine Sinuswelle<\/p>","protected":false},"featured_media":28876,"comment_status":"closed","ping_status":"closed","template":"","meta":{"site-sidebar-layout":"default","site-content-layout":"","ast-site-content-layout":"default","site-content-style":"default","site-sidebar-style":"default","ast-global-header-display":"","ast-banner-title-visibility":"","ast-main-header-display":"","ast-hfb-above-header-display":"","ast-hfb-below-header-display":"","ast-hfb-mobile-header-display":"","site-post-title":"","ast-breadcrumbs-content":"","ast-featured-img":"","footer-sml-layout":"","ast-disable-related-posts":"","theme-transparent-header-meta":"default","adv-header-id-meta":"","stick-header-meta":"","header-above-stick-meta":"","header-main-stick-meta":"","header-below-stick-meta":"","astra-migrate-meta-layouts":"set","ast-page-background-enabled":"default","ast-page-background-meta":{"desktop":{"background-color":"var(--ast-global-color-4)","background-image":"","background-repeat":"repeat","background-position":"center center","background-size":"auto","background-attachment":"scroll","background-type":"","background-media":"","overlay-type":"","overlay-color":"","overlay-opacity":"","overlay-gradient":""},"tablet":{"background-color":"","background-image":"","background-repeat":"repeat","background-position":"center center","background-size":"auto","background-attachment":"scroll","background-type":"","background-media":"","overlay-type":"","overlay-color":"","overlay-opacity":"","overlay-gradient":""},"mobile":{"background-color":"","background-image":"","background-repeat":"repeat","background-position":"center center","background-size":"auto","background-attachment":"scroll","background-type":"","background-media":"","overlay-type":"","overlay-color":"","overlay-opacity":"","overlay-gradient":""}},"ast-content-background-meta":{"desktop":{"background-color":"var(--ast-global-color-5)","background-image":"","background-repeat":"repeat","background-position":"center center","background-size":"auto","background-attachment":"scroll","background-type":"","background-media":"","overlay-type":"","overlay-color":"","overlay-opacity":"","overlay-gradient":""},"tablet":{"background-color":"var(--ast-global-color-5)","background-image":"","background-repeat":"repeat","background-position":"center center","background-size":"auto","background-attachment":"scroll","background-type":"","background-media":"","overlay-type":"","overlay-color":"","overlay-opacity":"","overlay-gradient":""},"mobile":{"background-color":"var(--ast-global-color-5)","background-image":"","background-repeat":"repeat","background-position":"center center","background-size":"auto","background-attachment":"scroll","background-type":"","background-media":"","overlay-type":"","overlay-color":"","overlay-opacity":"","overlay-gradient":""}}},"pwb-brand":[332],"product_brand":[],"product_cat":[333,334],"product_tag":[],"class_list":{"0":"post-28875","1":"product","2":"type-product","3":"status-publish","4":"has-post-thumbnail","6":"pwb-brand-victron","7":"product_cat-inversores","8":"product_cat-inversores-cargadores-48v","9":"desktop-align-left","10":"tablet-align-left","11":"mobile-align-left","12":"ast-product-gallery-layout-horizontal-slider","13":"ast-product-tabs-layout-horizontal","15":"first","16":"instock","17":"taxable","18":"shipping-taxable","19":"purchasable","20":"product-type-simple"},"wcpa_form_fields":null,"brands":[{"id":332,"name":"Victron Energie","slug":"victron"}],"_links":{"self":[{"href":"https:\/\/fvcomponentes.com\/de\/wp-json\/wp\/v2\/product\/28875","targetHints":{"allow":["GET"]}}],"collection":[{"href":"https:\/\/fvcomponentes.com\/de\/wp-json\/wp\/v2\/product"}],"about":[{"href":"https:\/\/fvcomponentes.com\/de\/wp-json\/wp\/v2\/types\/product"}],"replies":[{"embeddable":true,"href":"https:\/\/fvcomponentes.com\/de\/wp-json\/wp\/v2\/comments?post=28875"}],"wp:featuredmedia":[{"embeddable":true,"href":"https:\/\/fvcomponentes.com\/de\/wp-json\/wp\/v2\/media\/28876"}],"wp:attachment":[{"href":"https:\/\/fvcomponentes.com\/de\/wp-json\/wp\/v2\/media?parent=28875"}],"wp:term":[{"taxonomy":"pwb-brand","embeddable":true,"href":"https:\/\/fvcomponentes.com\/de\/wp-json\/wp\/v2\/pwb-brand?post=28875"},{"taxonomy":"product_brand","embeddable":true,"href":"https:\/\/fvcomponentes.com\/de\/wp-json\/wp\/v2\/product_brand?post=28875"},{"taxonomy":"product_cat","embeddable":true,"href":"https:\/\/fvcomponentes.com\/de\/wp-json\/wp\/v2\/product_cat?post=28875"},{"taxonomy":"product_tag","embeddable":true,"href":"https:\/\/fvcomponentes.com\/de\/wp-json\/wp\/v2\/product_tag?post=28875"}],"curies":[{"name":"wp","href":"https:\/\/api.w.org\/{rel}","templated":true}]}}